{"id":6247,"date":"2024-03-11T01:11:02","date_gmt":"2024-03-11T01:11:02","guid":{"rendered":"https:\/\/tecnomerch.com\/?post_type=product&#038;p=6247"},"modified":"2024-03-11T01:11:26","modified_gmt":"2024-03-11T01:11:26","slug":"hp-probook-430-g8-notebook-intel-core-i7-1165g7-hasta-4-7-ghz","status":"publish","type":"product","link":"https:\/\/tecnomerch.com\/index.php\/product\/hp-probook-430-g8-notebook-intel-core-i7-1165g7-hasta-4-7-ghz\/","title":{"rendered":"HP ProBook 430 G8 Notebook &#8211; Intel Core i7 &#8211; 1165G7 \/ hasta 4.7 GHz"},"content":{"rendered":"<div class=\"font-bold dotted-bottom no-margin\">General<\/div>\n<div class=\"col-xs-4 font-compact-12 font-bold no-margin no-padding text-muted-41 \">Cantidad empaquetada<\/div>\n<div class=\"col-xs-8 font-compact-12 \">1<\/div>\n<div class=\"separador-down clearfix \"><\/div>\n<div class=\"col-xs-4 font-compact-12 font-bold no-margin no-padding text-muted-41 \">Fabricante<\/div>\n<div class=\"col-xs-8 font-compact-12 \">HP Inc.<\/div>\n<div class=\"separador-down clearfix \"><\/div>\n<div class=\"col-xs-4 font-compact-12 font-bold no-margin no-padding text-muted-41 \">Gama de productos<\/div>\n<div class=\"col-xs-8 font-compact-12 \">HP ProBook<\/div>\n<div class=\"separador-down clearfix \"><\/div>\n<div class=\"col-xs-4 font-compact-12 font-bold no-margin no-padding text-muted-41 \">Kits nacionales<\/div>\n<div class=\"col-xs-8 font-compact-12 \">Am\u00e9rica Latina<\/div>\n<div class=\"separador-down clearfix \"><\/div>\n<div class=\"col-xs-4 font-compact-12 font-bold no-margin no-padding text-muted-41 \">Localizaci\u00f3n<\/div>\n<div class=\"col-xs-8 font-compact-12 \">Espa\u00f1ol<\/div>\n<div class=\"separador-down clearfix \"><\/div>\n<div class=\"col-xs-4 font-compact-12 font-bold no-margin no-padding text-muted-41 \">Marca<\/div>\n<div class=\"col-xs-8 font-compact-12 \">HP<\/div>\n<div class=\"separador-down clearfix \"><\/div>\n<div class=\"col-xs-4 font-compact-12 font-bold no-margin no-padding text-muted-41 \">Modelo<\/div>\n<div class=\"col-xs-8 font-compact-12 \">430 G8 Notebook<\/div>\n<div class=\"separador-down clearfix \"><\/div>\n<div class=\"font-bold dotted-bottom no-margin\">Almacenamiento \u00f3ptico<\/div>\n<div class=\"col-xs-4 font-compact-12 font-bold no-margin no-padding text-muted-41 \">Tipo<\/div>\n<div class=\"col-xs-8 font-compact-12 \">Ninguno\/a<\/div>\n<div class=\"separador-down clearfix \"><\/div>\n<div class=\"col-xs-4 font-compact-12 font-bold no-margin no-padding text-muted-41 \">Tipo de unidad<\/div>\n<div class=\"col-xs-8 font-compact-12 \">Sin unidad \u00f3ptica<\/div>\n<div class=\"separador-down clearfix \"><\/div>\n<div class=\"font-bold dotted-bottom no-margin\">Audio entrada<\/div>\n<div class=\"col-xs-4 font-compact-12 font-bold no-margin no-padding text-muted-41 \">Tipo<\/div>\n<div class=\"col-xs-8 font-compact-12 \">Micr\u00f3fono de matriz doble<\/div>\n<div class=\"separador-down clearfix \"><\/div>\n<div class=\"font-bold dotted-bottom no-margin\">Bater\u00eda<\/div>\n<div class=\"col-xs-4 font-compact-12 font-bold no-margin no-padding text-muted-41 \">Tecnolog\u00eda<\/div>\n<div class=\"col-xs-8 font-compact-12 \">Litio-pol\u00edmero<\/div>\n<div class=\"separador-down clearfix \"><\/div>\n<div class=\"font-bold dotted-bottom no-margin\">Conexi\u00f3n de redes<\/div>\n<div class=\"col-xs-4 font-compact-12 font-bold no-margin no-padding text-muted-41 \">Protocolo de interconexi\u00f3n de datos<\/div>\n<div class=\"col-xs-8 font-compact-12 \">IEEE 802.11n , IEEE 802.11ac , IEEE 802.11b , IEEE 802.11a , IEEE 802.11g , Bluetooth 5.0 , 802.11ax<\/div>\n<div class=\"separador-down clearfix \"><\/div>\n<div class=\"col-xs-4 font-compact-12 font-bold no-margin no-padding text-muted-41 \">Protocolo inal\u00e1mbrico<\/div>\n<div class=\"col-xs-8 font-compact-12 \">Bluetooth 5.0 , 802.11a\/b\/g\/n\/ac\/ax<\/div>\n<div class=\"separador-down clearfix \"><\/div>\n<div class=\"font-bold dotted-bottom no-margin\">Dimensiones y peso<\/div>\n<div class=\"col-xs-4 font-compact-12 font-bold no-margin no-padding text-muted-41 \">Altura<\/div>\n<div class=\"col-xs-8 font-compact-12 \">1.59 cm<\/div>\n<div class=\"separador-down clearfix \"><\/div>\n<div class=\"col-xs-4 font-compact-12 font-bold no-margin no-padding text-muted-41 \">Anchura<\/div>\n<div class=\"col-xs-8 font-compact-12 \">30.69 cm<\/div>\n<div class=\"separador-down clearfix \"><\/div>\n<div class=\"col-xs-4 font-compact-12 font-bold no-margin no-padding text-muted-41 \">Peso<\/div>\n<div class=\"col-xs-8 font-compact-12 \">1.28 kg<\/div>\n<div class=\"separador-down clearfix \"><\/div>\n<div class=\"col-xs-4 font-compact-12 font-bold no-margin no-padding text-muted-41 \">Profundidad<\/div>\n<div class=\"col-xs-8 font-compact-12 \">20.84 cm<\/div>\n<div class=\"separador-down clearfix \"><\/div>\n<div class=\"font-bold dotted-bottom no-margin\">Dimensiones y peso (embalaje)<\/div>\n<div class=\"col-xs-4 font-compact-12 font-bold no-margin no-padding text-muted-41 \">Altura de embalaje<\/div>\n<div class=\"col-xs-8 font-compact-12 \">30.5 cm<\/div>\n<div class=\"separador-down clearfix \"><\/div>\n<div class=\"col-xs-4 font-compact-12 font-bold no-margin no-padding text-muted-41 \">Anchura de embalaje<\/div>\n<div class=\"col-xs-8 font-compact-12 \">6.9 cm<\/div>\n<div class=\"separador-down clearfix \"><\/div>\n<div class=\"col-xs-4 font-compact-12 font-bold no-margin no-padding text-muted-41 \">Profundidad de embalaje<\/div>\n<div class=\"col-xs-8 font-compact-12 \">48.3 cm<\/div>\n<div class=\"separador-down clearfix \"><\/div>\n<div class=\"font-bold dotted-bottom no-margin\">Disco duro<\/div>\n<div class=\"col-xs-4 font-compact-12 font-bold no-margin no-padding text-muted-41 \">Capacidad<\/div>\n<div class=\"col-xs-8 font-compact-12 \">512 GB<\/div>\n<div class=\"separador-down clearfix \"><\/div>\n<div class=\"col-xs-4 font-compact-12 font-bold no-margin no-padding text-muted-41 \">Caracter\u00edsticas de disco duro<\/div>\n<div class=\"col-xs-8 font-compact-12 \">NVM Express (NVMe)<\/div>\n<div class=\"separador-down clearfix \"><\/div>\n<div class=\"col-xs-4 font-compact-12 font-bold no-margin no-padding text-muted-41 \">Formato SSD<\/div>\n<div class=\"col-xs-8 font-compact-12 \">M.2 2280<\/div>\n<div class=\"separador-down clearfix \"><\/div>\n<div class=\"col-xs-4 font-compact-12 font-bold no-margin no-padding text-muted-41 \">Tipo<\/div>\n<div class=\"col-xs-8 font-compact-12 \">SSD<\/div>\n<div class=\"separador-down clearfix \"><\/div>\n<div class=\"font-bold dotted-bottom no-margin\">Dispositivo de entrada<\/div>\n<div class=\"col-xs-4 font-compact-12 font-bold no-margin no-padding text-muted-41 \">Tipo<\/div>\n<div class=\"col-xs-8 font-compact-12 \">Teclado , ClickPad<\/div>\n<div class=\"separador-down clearfix \"><\/div>\n<div class=\"font-bold dotted-bottom no-margin\">Diverso<\/div>\n<div class=\"col-xs-4 font-compact-12 font-bold no-margin no-padding text-muted-41 \">Categor\u00eda de color<\/div>\n<div class=\"col-xs-8 font-compact-12 \">Plata<\/div>\n<div class=\"separador-down clearfix \"><\/div>\n<div class=\"col-xs-4 font-compact-12 font-bold no-margin no-padding text-muted-41 \">Color<\/div>\n<div class=\"col-xs-8 font-compact-12 \">Pl\u00e1stico pike silver (plateado)<\/div>\n<div class=\"separador-down clearfix \"><\/div>\n<div class=\"font-bold dotted-bottom no-margin\">Est\u00e1ndares medioambientales<\/div>\n<div class=\"col-xs-4 font-compact-12 font-bold no-margin no-padding text-muted-41 \">Certificaci\u00f3n ENERGY STAR<\/div>\n<div class=\"col-xs-8 font-compact-12 \">S\u00ed<\/div>\n<div class=\"separador-down clearfix \"><\/div>\n<div class=\"font-bold dotted-bottom no-margin\">Lector de tarjetas<\/div>\n<div class=\"col-xs-4 font-compact-12 font-bold no-margin no-padding text-muted-41 \">Memoria flash admitida<\/div>\n<div class=\"col-xs-8 font-compact-12 \">Tarjeta de memoria SD , Tarjeta de memoria SDHC , Tarjeta de memoria SDXC<\/div>\n<div class=\"separador-down clearfix \"><\/div>\n<div class=\"font-bold dotted-bottom no-margin\">Memoria cach\u00e9<\/div>\n<div class=\"col-xs-4 font-compact-12 font-bold no-margin no-padding text-muted-41 \">Tama\u00f1o instalado<\/div>\n<div class=\"col-xs-8 font-compact-12 \">12 MB<\/div>\n<div class=\"separador-down clearfix \"><\/div>\n<div class=\"font-bold dotted-bottom no-margin\">Memoria RAM<\/div>\n<div class=\"col-xs-4 font-compact-12 font-bold no-margin no-padding text-muted-41 \">Cantidad de ranuras<\/div>\n<div class=\"col-xs-8 font-compact-12 \">2<\/div>\n<div class=\"separador-down clearfix \"><\/div>\n<div class=\"col-xs-4 font-compact-12 font-bold no-margin no-padding text-muted-41 \">Factor de forma<\/div>\n<div class=\"col-xs-8 font-compact-12 \">SO-DIMM de 260 contactos<\/div>\n<div class=\"separador-down clearfix \"><\/div>\n<div class=\"col-xs-4 font-compact-12 font-bold no-margin no-padding text-muted-41 \">Ranuras vac\u00edas<\/div>\n<div class=\"col-xs-8 font-compact-12 \">1<\/div>\n<div class=\"separador-down clearfix \"><\/div>\n<div class=\"col-xs-4 font-compact-12 font-bold no-margin no-padding text-muted-41 \">Tama\u00f1o instalado<\/div>\n<div class=\"col-xs-8 font-compact-12 \">8 GB<\/div>\n<div class=\"separador-down clearfix \"><\/div>\n<div class=\"col-xs-4 font-compact-12 font-bold no-margin no-padding text-muted-41 \">Tama\u00f1o m\u00e1x. admitido<\/div>\n<div class=\"col-xs-8 font-compact-12 \">32 GB<\/div>\n<div class=\"separador-down clearfix \"><\/div>\n<div class=\"col-xs-4 font-compact-12 font-bold no-margin no-padding text-muted-41 \">Tecnolog\u00eda<\/div>\n<div class=\"col-xs-8 font-compact-12 \">DDR4 SDRAM<\/div>\n<div class=\"separador-down clearfix \"><\/div>\n<div class=\"col-xs-4 font-compact-12 font-bold no-margin no-padding text-muted-41 \">Velocidad de memoria<\/div>\n<div class=\"col-xs-8 font-compact-12 \">3200 MHz<\/div>\n<div class=\"separador-down clearfix \"><\/div>\n<div class=\"font-bold dotted-bottom no-margin\">OS proporcionado<\/div>\n<div class=\"col-xs-4 font-compact-12 font-bold no-margin no-padding text-muted-41 \">Edici\u00f3n<\/div>\n<div class=\"col-xs-8 font-compact-12 \">Windows 11 , Windows 10 Pro<\/div>\n<div class=\"separador-down clearfix \"><\/div>\n<div class=\"col-xs-4 font-compact-12 font-bold no-margin no-padding text-muted-41 \">Familia<\/div>\n<div class=\"col-xs-8 font-compact-12 \">Windows 11 , Windows 10<\/div>\n<div class=\"separador-down clearfix \"><\/div>\n<div class=\"col-xs-4 font-compact-12 font-bold no-margin no-padding text-muted-41 \">Tipo<\/div>\n<div class=\"col-xs-8 font-compact-12 \">Windows 10 Pro<\/div>\n<div class=\"separador-down clearfix \"><\/div>\n<div class=\"font-bold dotted-bottom no-margin\">Pantalla<\/div>\n<div class=\"col-xs-4 font-compact-12 font-bold no-margin no-padding text-muted-41 \">Pantalla panor\u00e1mica<\/div>\n<div class=\"col-xs-8 font-compact-12 \">S\u00ed<\/div>\n<div class=\"separador-down clearfix \"><\/div>\n<div class=\"col-xs-4 font-compact-12 font-bold no-margin no-padding text-muted-41 \">Resoluci\u00f3n nativa<\/div>\n<div class=\"col-xs-8 font-compact-12 \">1920 x 1080<\/div>\n<div class=\"separador-down clearfix \"><\/div>\n<div class=\"col-xs-4 font-compact-12 font-bold no-margin no-padding text-muted-41 \">Tama\u00f1o diagonal (m\u00e9trico)<\/div>\n<div class=\"col-xs-8 font-compact-12 \">33.8 cm<\/div>\n<div class=\"separador-down clearfix \"><\/div>\n<div class=\"col-xs-4 font-compact-12 font-bold no-margin no-padding text-muted-41 \">Tama\u00f1o en diagonal<\/div>\n<div class=\"col-xs-8 font-compact-12 \">13 pulgada<\/div>\n<div class=\"separador-down clearfix \"><\/div>\n<div class=\"col-xs-4 font-compact-12 font-bold no-margin no-padding text-muted-41 \">Tipo<\/div>\n<div class=\"col-xs-8 font-compact-12 \">LED<\/div>\n<div class=\"separador-down clearfix \"><\/div>\n<div class=\"col-xs-4 font-compact-12 font-bold no-margin no-padding text-muted-41 \">Velocidad de sincronizaci\u00f3n vertical a la resoluci\u00f3n m\u00e1xima<\/div>\n<div class=\"col-xs-8 font-compact-12 \">60 Hz<\/div>\n<div class=\"separador-down clearfix \"><\/div>\n<div class=\"font-bold dotted-bottom no-margin\">Procesador<\/div>\n<div class=\"col-xs-4 font-compact-12 font-bold no-margin no-padding text-muted-41 \">Fabricante<\/div>\n<div class=\"col-xs-8 font-compact-12 \">Intel<\/div>\n<div class=\"separador-down clearfix \"><\/div>\n<div class=\"col-xs-4 font-compact-12 font-bold no-margin no-padding text-muted-41 \">Generaci\u00f3n<\/div>\n<div class=\"col-xs-8 font-compact-12 \">11<\/div>\n<div class=\"separador-down clearfix \"><\/div>\n<div class=\"col-xs-4 font-compact-12 font-bold no-margin no-padding text-muted-41 \">N\u00famero de n\u00facleos<\/div>\n<div class=\"col-xs-8 font-compact-12 \">Quad-Core<\/div>\n<div class=\"separador-down clearfix \"><\/div>\n<div class=\"col-xs-4 font-compact-12 font-bold no-margin no-padding text-muted-41 \">Tipo<\/div>\n<div class=\"col-xs-8 font-compact-12 \">Core i7<\/div>\n<div class=\"separador-down clearfix \"><\/div>\n<div class=\"col-xs-4 font-compact-12 font-bold no-margin no-padding text-muted-41 \">Velocidad reloj<\/div>\n<div class=\"col-xs-8 font-compact-12 \">2.8 GHz<\/div>\n<div class=\"separador-down clearfix \"><\/div>\n<div class=\"font-bold dotted-bottom no-margin\">Processor<\/div>\n<div class=\"col-xs-4 font-compact-12 font-bold no-margin no-padding text-muted-41 \">Processor Number<\/div>\n<div class=\"col-xs-8 font-compact-12 \">1165G7<\/div>\n<div class=\"separador-down clearfix \"><\/div>\n<div class=\"font-bold dotted-bottom no-margin\">Resumen de las interfaces<\/div>\n<div class=\"col-xs-4 font-compact-12 font-bold no-margin no-padding text-muted-41 \">Cant. puertos USB-C<\/div>\n<div class=\"col-xs-8 font-compact-12 \">1<\/div>\n<div class=\"separador-down clearfix \"><\/div>\n<div class=\"col-xs-4 font-compact-12 font-bold no-margin no-padding text-muted-41 \">Caracter\u00edsticas del USB-C<\/div>\n<div class=\"col-xs-8 font-compact-12 \">USB Power Delivery<\/div>\n<div class=\"separador-down clearfix \"><\/div>\n<div class=\"col-xs-4 font-compact-12 font-bold no-margin no-padding text-muted-41 \">N\u00ba de puertos HDMI<\/div>\n<div class=\"col-xs-8 font-compact-12 \">1<\/div>\n<div class=\"separador-down clearfix \"><\/div>\n<div class=\"col-xs-4 font-compact-12 font-bold no-margin no-padding text-muted-41 \">N\u00ba de puertos USB 3.0<\/div>\n<div class=\"col-xs-8 font-compact-12 \">2<\/div>\n<div class=\"separador-down clearfix \"><\/div>\n<div class=\"font-bold dotted-bottom no-margin\">Salida de v\u00eddeo<\/div>\n<div class=\"col-xs-4 font-compact-12 font-bold no-margin no-padding text-muted-41 \">Procesador gr\u00e1fico<\/div>\n<div class=\"col-xs-8 font-compact-12 \">Iris Xe Graphics de Intel<\/div>\n<div class=\"separador-down clearfix \"><\/div>\n<div class=\"col-xs-4 font-compact-12 font-bold no-margin no-padding text-muted-41 \">Series de procesador gr\u00e1fico<\/div>\n<div class=\"col-xs-8 font-compact-12 \">Intel Iris Xe Graphics<\/div>\n<div class=\"separador-down clearfix \"><\/div>\n<div class=\"font-bold dotted-bottom no-margin\">Servicio y mantenimiento<\/div>\n<div class=\"col-xs-4 font-compact-12 font-bold no-margin no-padding text-muted-41 \">Tipo<\/div>\n<div class=\"col-xs-8 font-compact-12 \">1 a\u00f1o de garant\u00eda<\/div>\n<div class=\"separador-down clearfix \"><\/div>\n<div class=\"font-bold dotted-bottom no-margin\">Sistema<\/div>\n<div class=\"col-xs-4 font-compact-12 font-bold no-margin no-padding text-muted-41 \">Capacidad del disco duro<\/div>\n<div class=\"col-xs-8 font-compact-12 \">512 GB<\/div>\n<div class=\"separador-down clearfix \"><\/div>\n<div class=\"col-xs-4 font-compact-12 font-bold no-margin no-padding text-muted-41 \">Dispositivos de seguridad<\/div>\n<div class=\"col-xs-8 font-compact-12 \">Lector de huellas dactilares<\/div>\n<div class=\"separador-down clearfix \"><\/div>\n<div class=\"col-xs-4 font-compact-12 font-bold no-margin no-padding text-muted-41 \">Embedded Security<\/div>\n<div class=\"col-xs-8 font-compact-12 \">Trusted Platform Module (TPM 2.0) Security Chip<\/div>\n<div class=\"separador-down clearfix \"><\/div>\n<div class=\"col-xs-4 font-compact-12 font-bold no-margin no-padding text-muted-41 \">Plataforma<\/div>\n<div class=\"col-xs-8 font-compact-12 \">Windows<\/div>\n<div class=\"separador-down clearfix \"><\/div>\n<div class=\"col-xs-4 font-compact-12 font-bold no-margin no-padding text-muted-41 \">Tipo ordenador port\u00e1til<\/div>\n<div class=\"col-xs-8 font-compact-12 \">Ordenador port\u00e1til<\/div>\n<div class=\"separador-down clearfix \"><\/div>\n<div class=\"font-bold dotted-bottom no-margin\">Software<\/div>\n<div class=\"col-xs-4 font-compact-12 font-bold no-margin no-padding text-muted-41 \">Tipo<\/div>\n<div class=\"col-xs-8 font-compact-12 \">HP BIOSphere Gen5 , HP Privacy Settings , HP Sure Sense , HP Sure Admin , HP Sure Recover Gen3 , HP WorkWell , HP Client Security Manager Gen6 , HP Sure Run Gen3 , myHP , Touchpoint Customizer for Commercial , HSA Fusion for Commercial , HSA Telemetry for Commercial , HP Support Assistant , HP Power Manager , HP Hotkey Support , HP Image Assistant , HP Noise Cancellation , HP Notifications , HP Connection Optimizer<\/div>\n<div class=\"separador-down clearfix \"><\/div>\n<div class=\"font-bold dotted-bottom no-margin\">Teclado<\/div>\n<div class=\"col-xs-4 font-compact-12 font-bold no-margin no-padding text-muted-41 \">Localizaci\u00f3n del teclado<\/div>\n<div class=\"col-xs-8 font-compact-12 \">Latinoam\u00e9rica<\/div>\n","protected":false},"excerpt":{"rendered":"<div class=\"font-compact-12 font-bold brand\">HP<\/div>\n<div class=\"font-compact-12 items hidden-xs\">\n<ul>\n<li>Win 10 Pro (incluye Licencia de Win 11)<\/li>\n<li>Iris Xe Graphics de Intel<\/li>\n<li>8 GB RAM<\/li>\n<li>512 GB SSD NVMe<\/li>\n<li>13.3&#8243; IPS 1920 x 1080 (Full HD)<\/li>\n<li>Wi-Fi 6<\/li>\n<li>pl\u00e1stico pike silver (plateado)<\/li>\n<li>kbd: Latinoam\u00e9rica<\/li>\n<\/ul>\n<\/div>\n","protected":false},"featured_media":6248,"comment_status":"open","ping_status":"closed","template":"","meta":{"om_disable_all_campaigns":false,"_mi_skip_tracking":false,"site-sidebar-layout":"default","site-content-layout":"default","ast-global-header-display":"","ast-main-header-display":"","ast-hfb-above-header-display":"","ast-hfb-below-header-display":"","ast-hfb-mobile-header-display":"","site-post-title":"","ast-breadcrumbs-content":"","ast-featured-img":"","footer-sml-layout":"","theme-transparent-header-meta":"default","adv-header-id-meta":"","stick-header-meta":"","header-above-stick-meta":"","header-main-stick-meta":"","header-below-stick-meta":""},"product_cat":[100,118],"product_tag":[],"class_list":["post-6247","product","type-product","status-publish","has-post-thumbnail","hentry","product_cat-hp","product_cat-laptop","desktop-align-left","tablet-align-left","mobile-align-left"],"aioseo_notices":[],"_links":{"self":[{"href":"https:\/\/tecnomerch.com\/index.php\/wp-json\/wp\/v2\/product\/6247","targetHints":{"allow":["GET"]}}],"collection":[{"href":"https:\/\/tecnomerch.com\/index.php\/wp-json\/wp\/v2\/product"}],"about":[{"href":"https:\/\/tecnomerch.com\/index.php\/wp-json\/wp\/v2\/types\/product"}],"replies":[{"embeddable":true,"href":"https:\/\/tecnomerch.com\/index.php\/wp-json\/wp\/v2\/comments?post=6247"}],"version-history":[{"count":2,"href":"https:\/\/tecnomerch.com\/index.php\/wp-json\/wp\/v2\/product\/6247\/revisions"}],"predecessor-version":[{"id":6250,"href":"https:\/\/tecnomerch.com\/index.php\/wp-json\/wp\/v2\/product\/6247\/revisions\/6250"}],"wp:featuredmedia":[{"embeddable":true,"href":"https:\/\/tecnomerch.com\/index.php\/wp-json\/wp\/v2\/media\/6248"}],"wp:attachment":[{"href":"https:\/\/tecnomerch.com\/index.php\/wp-json\/wp\/v2\/media?parent=6247"}],"wp:term":[{"taxonomy":"product_cat","embeddable":true,"href":"https:\/\/tecnomerch.com\/index.php\/wp-json\/wp\/v2\/product_cat?post=6247"},{"taxonomy":"product_tag","embeddable":true,"href":"https:\/\/tecnomerch.com\/index.php\/wp-json\/wp\/v2\/product_tag?post=6247"}],"curies":[{"name":"wp","href":"https:\/\/api.w.org\/{rel}","templated":true}]}}