{"id":6234,"date":"2024-02-29T00:43:52","date_gmt":"2024-02-29T00:43:52","guid":{"rendered":"https:\/\/tecnomerch.com\/?post_type=product&#038;p=6234"},"modified":"2024-02-29T00:43:52","modified_gmt":"2024-02-29T00:43:52","slug":"laptop-hp-pavilion-15-eg0516la-i5-1135u-16gb-ram-512gb-azul-w11-home-teclado-espanol","status":"publish","type":"product","link":"https:\/\/tecnomerch.com\/index.php\/product\/laptop-hp-pavilion-15-eg0516la-i5-1135u-16gb-ram-512gb-azul-w11-home-teclado-espanol\/","title":{"rendered":"Laptop HP Pavilion 15-eg0516la i5-1135U 16GB RAM 512GB Azul W11 Home Teclado Espa\u00f1ol"},"content":{"rendered":"<section class=\"oe_img_bg oe_custom_bg\">\n<div class=\"container\">\n<div class=\"row s_nb_column_fixed\">\n<div class=\"col-lg-12 s_title\" data-snippet=\"s_title\">\n<h4 class=\"te_s_title_default\"><span class=\"text-delta\">Laptop HP Pavilion 15-eg0516la i5-1135U 16GB 512GB W11H Azul<\/span><\/h4>\n<\/div>\n<\/div>\n<\/div>\n<\/section>\n<div class=\"oe_structure\"><\/div>\n<section class=\"te_s_text_image oe_img_bg oe_custom_bg\">\n<div class=\"container\">\n<div class=\"row align-items-center\">\n<div class=\"col-lg-6 pt16 pb16\">\n<p class=\"te_content_text\"><span class=\"text-delta\"><b>Incre\u00edble desempe\u00f1o en una laptop m\u00e1s peque\u00f1a para que puedas hacer m\u00e1s y disfrutar del entretenimiento donde quiera que vayas.<\/b><\/span><\/p>\n<p class=\"te_content_text o_default_snippet_text\"><span class=\"text-delta\">Sistema operativo: Windows 11 Home Single Language<\/span><\/p>\n<div class=\"s_hr text-start pt8 pb8\" data-snippet=\"s_hr\">\n<hr class=\"s_hr_1px s_hr_solid border-600 w-100 mx-auto\" \/>\n<\/div>\n<p class=\"te_content_text o_default_snippet_text\"><span class=\"text-delta\">Marca del procesador: Intel\u00ae Core\u2122 i5 1135G7 11.\u00aa generaci\u00f3n 1 2<\/span><\/p>\n<div class=\"s_hr text-start pt8 pb8\" data-snippet=\"s_hr\">\n<hr class=\"s_hr_1px s_hr_solid border-600 w-100 mx-auto\" \/>\n<\/div>\n<p class=\"te_content_text\"><span class=\"text-delta\">Tama\u00f1o de la memoria: 16 GB DDR4<\/span><\/p>\n<div class=\"s_hr text-start pt8 pb8\" data-snippet=\"s_hr\">\n<hr class=\"s_hr_1px s_hr_solid border-600 w-100 mx-auto\" \/>\n<\/div>\n<p class=\"te_content_text\"><span class=\"text-delta\">Duraci\u00f3n de la bater\u00eda: Hasta 8 horas<\/span><span>\u00a0<\/span><\/p>\n<div class=\"s_hr text-start pt8 pb8\" data-snippet=\"s_hr\">\n<hr class=\"s_hr_1px s_hr_solid border-600 w-100 mx-auto\" \/>\n<\/div>\n<p class=\"te_content_text\">HP Pavilion Laptop 15-eg0516la, Windows 11 Home Single Language, 15.6&#8243;, Intel\u00ae Core\u2122 i5, 16GB RAM, 512GB Unidad de estado s\u00f3lido, FHD, Azul niebla<\/p>\n<\/div>\n<div class=\"te_image_size pb0 col-lg-5 offset-lg-1\">\n<div class=\"t_img_hover_1\"><img decoding=\"async\" class=\"img img-fluid mx-auto\" title=\"\" src=\"https:\/\/www.mytec.com.gt\/web\/image\/1841695\/HP-Pavilion-15-eg0516la-7Z4F9LA#ABM.png?access_token=33557cbe-2600-4fdb-9286-ab13a5ec40d1\" alt=\"Clarico-Text-Image-1\" data-bs-original-title=\"\" aria-describedby=\"tooltip436956\" \/><\/div>\n<\/div>\n<\/div>\n<\/div>\n<\/section>\n<section class=\"s_text_image bg-white oe_custom_bg\" data-snippet=\"s_text_image\">\n<div class=\"container\">\n<div class=\"row aos-init align-items-center\" data-aos=\"align-items-center\">\n<div class=\"col-lg-4\">\n<div class=\"t_img_hover_1\"><img decoding=\"async\" class=\"img img-fluid mx-auto\" title=\"\" src=\"https:\/\/www.mytec.com.gt\/web\/image\/1836748\/HP-Pavilion-15-eg0516la-7Z4F9LA#ABM.png?access_token=57c8f392-dd42-4b00-bd8d-575878786346\" alt=\"Clarico-Image-Text\" data-bs-original-title=\"\" aria-describedby=\"tooltip113354\" \/><\/div>\n<\/div>\n<div class=\"pt16 pb16 offset-lg-1 col-lg-7\">\n<h2 class=\"text-uppercase te_s_it_heading\"><b>GRATIFICACI\u00d3N INSTANT\u00c1NEA<\/b><\/h2>\n<p class=\"mb16\"><span>El desempe\u00f1o que est\u00e1 un paso adelante. Disfruta de una laptop que puede seguirte el ritmo gracias a un procesador Intel\u00ae Premium de 11.\u00aa generaci\u00f3n.<\/span><\/p>\n<\/div>\n<\/div>\n<\/div>\n<\/section>\n<section class=\"s_text_image bg-white oe_custom_bg\" data-snippet=\"s_text_image\">\n<div class=\"container\">\n<div class=\"row aos-init align-items-center\" data-aos=\"align-items-center\">\n<div class=\"pt16 pb16 offset-lg-1 col-lg-7\">\n<h2 class=\"text-uppercase te_s_it_heading\"><b>MENOS PARA LLEVAR. M\u00c1S PARA DISFRUTAR.<\/b><\/h2>\n<p class=\"mb16\"><span>Una laptop compacta que facilita el trabajo mientras viajas gracias a que cuenta con un panel t\u00e1ctil de precisi\u00f3n, al mismo tiempo que la larga duraci\u00f3n de la bater\u00eda y la tecnolog\u00eda HP Fast Charge 4 te permiten seguir en movimiento.<\/span><\/p>\n<\/div>\n<div class=\"col-lg-4\">\n<div class=\"t_img_hover_1\"><img decoding=\"async\" class=\"img img-fluid mx-auto\" title=\"\" src=\"https:\/\/www.mytec.com.gt\/web\/image\/1836766\/HP-Pavilion-15-eg0516la-7Z4F9LA#ABM-1.png?access_token=59355113-3d92-43d1-9b2f-827467a3687b\" alt=\"Clarico-Image-Text\" data-bs-original-title=\"\" aria-describedby=\"tooltip113354\" \/><\/div>\n<\/div>\n<\/div>\n<\/div>\n<\/section>\n<section class=\"s_text_block oe_img_bg oe_custom_bg\" data-snippet=\"s_text_block\">\n<div class=\"container\">\n<div class=\"row\">\n<div class=\"col-lg-12  pt32 pb32\">\n<h1><span class=\"text-delta\"><b>Funciona en cualquier lugar.\u00a0<\/b><\/span><span style=\"color: #000000;\"><b>Gr\u00e1ficos Intel\u00ae Iris\u00ae X\u1d49<\/b><\/span><\/h1>\n<\/div>\n<\/div>\n<\/div>\n<\/section>\n<section class=\"s_text_image oe_img_bg oe_custom_bg\" data-snippet=\"s_text_image\">\n<div class=\"container\">\n<div class=\"row align-items-center\" data-aos=\"align-items-center\">\n<div class=\"col-lg-6\">\n<div class=\"t_img_hover_1\"><img decoding=\"async\" class=\"img img-fluid mx-auto\" title=\"\" src=\"https:\/\/www.mytec.com.gt\/web\/image\/1836779\/HP-Pavilion-15-eg0516la-7Z4F9LA#ABM-2.png?access_token=a2b6aa97-78a6-4fa6-b3b5-299e9df2e880\" alt=\"Clarico-Image-Text\" data-bs-original-title=\"\" aria-describedby=\"tooltip296460\" \/><\/div>\n<\/div>\n<div class=\"col-lg-6 pt16 pb16\">\n<h2 class=\"text-uppercase te_s_it_heading\"><b><span class=\"text-delta\">\u00a0<\/span><\/b><\/h2>\n<h2 class=\"text-uppercase te_s_it_heading\"><b><span class=\"text-delta\">EXPERIENCIA EXCEPCIONAL EN TODO LUGAR<\/span><\/b><\/h2>\n<p class=\"mb16\"><span class=\"text-delta\">Procesador Intel\u00ae Core\u2122 de 11.\u00aa generaci\u00f3n te ofrece la combinaci\u00f3n perfecta de funciones para que seas invencible. Completa tus tareas con rapidez gracias al alto desempe\u00f1o, la capacidad de respuesta instant\u00e1nea y la conectividad que es la mejor de su clase.<\/span><\/p>\n<h2 class=\"text-uppercase te_s_it_heading\"><span style=\"color: #000000;\"><b>PANEL ANTIRREFLEJO<\/b><\/span><\/h2>\n<p class=\"mb16\"><span style=\"color: #000000;\">Disfruta del sol y de tu contenido favorito con este panel antirreflejo. Con esta pantalla no reflejante y de bajo brillo, recibe menos reflejo en exteriores.<\/span><\/p>\n<h2 class=\"text-uppercase te_s_it_heading\"><span style=\"color: #000000;\"><b>GR\u00c1FICOS INTEL\u00ae IRIS\u00ae X\u1d49<\/b><\/span><\/h2>\n<p class=\"mb16\"><span style=\"color: #000000;\">Impactante desempe\u00f1o para crear, jugar y entretenerse. Un nuevo nivel de desempe\u00f1o de gr\u00e1ficos e im\u00e1genes n\u00edtidas e impresionantes con la ventaja de una laptop liviana y delgada.<\/span><\/p>\n<\/div>\n<\/div>\n<\/div>\n<\/section>\n","protected":false},"excerpt":{"rendered":"<p class=\"text-muted my-2\">&#8211; Pantalla 15,6&#8243; FHD (1920 x 1080), antirreflejante, 250 nits.<br \/>\n&#8211; C\u00e1mara HD HP Wide Vision de 720p con micr\u00f3fonos.<br \/>\n&#8211; procesador Intel\u00ae Core\u2122 i5-1135U<br \/>\n&#8211; 16 GB DDR4 de memoria RAM<br \/>\n&#8211; Gr\u00e1ficos integrados Intel\u00ae iris xe<br \/>\n&#8211; 512 GB SSD M.2 NVMe\u2122<br \/>\n&#8211; Wi-Fi 6 MT7921 (2&#215;2)<br \/>\n&#8211; Bluetooth\u00ae 5.3<br \/>\n&#8211; 1x USB Type-C\u00ae 10 Gbp\/s<br \/>\n&#8211; 2x USB Tipo-A 5 Gbp\/s<br \/>\n&#8211; 1x HDMI 2.0<br \/>\n&#8211; 1x Conector inteligente CA<br \/>\n&#8211; 1x Conector de auriculares y micr\u00f3fono<br \/>\n&#8211; Hasta 8 horas de duraci\u00f3n de la bater\u00eda<br \/>\n&#8211; Windows 11 Home-64bits<br \/>\n&#8211; Teclado espa\u00f1ol<\/p>\n<ul>\n<li class=\"list-unstyled mb-2 text-muted\">Garant\u00eda :\u00a012\u00a0Meses<\/li>\n<\/ul>\n","protected":false},"featured_media":6235,"comment_status":"open","ping_status":"closed","template":"","meta":{"om_disable_all_campaigns":false,"_mi_skip_tracking":false,"site-sidebar-layout":"default","site-content-layout":"default","ast-global-header-display":"","ast-main-header-display":"","ast-hfb-above-header-display":"","ast-hfb-below-header-display":"","ast-hfb-mobile-header-display":"","site-post-title":"","ast-breadcrumbs-content":"","ast-featured-img":"","footer-sml-layout":"","theme-transparent-header-meta":"default","adv-header-id-meta":"","stick-header-meta":"","header-above-stick-meta":"","header-main-stick-meta":"","header-below-stick-meta":""},"product_cat":[100,118],"product_tag":[],"class_list":["post-6234","product","type-product","status-publish","has-post-thumbnail","hentry","product_cat-hp","product_cat-laptop","desktop-align-left","tablet-align-left","mobile-align-left"],"aioseo_notices":[],"_links":{"self":[{"href":"https:\/\/tecnomerch.com\/index.php\/wp-json\/wp\/v2\/product\/6234","targetHints":{"allow":["GET"]}}],"collection":[{"href":"https:\/\/tecnomerch.com\/index.php\/wp-json\/wp\/v2\/product"}],"about":[{"href":"https:\/\/tecnomerch.com\/index.php\/wp-json\/wp\/v2\/types\/product"}],"replies":[{"embeddable":true,"href":"https:\/\/tecnomerch.com\/index.php\/wp-json\/wp\/v2\/comments?post=6234"}],"version-history":[{"count":1,"href":"https:\/\/tecnomerch.com\/index.php\/wp-json\/wp\/v2\/product\/6234\/revisions"}],"predecessor-version":[{"id":6236,"href":"https:\/\/tecnomerch.com\/index.php\/wp-json\/wp\/v2\/product\/6234\/revisions\/6236"}],"wp:featuredmedia":[{"embeddable":true,"href":"https:\/\/tecnomerch.com\/index.php\/wp-json\/wp\/v2\/media\/6235"}],"wp:attachment":[{"href":"https:\/\/tecnomerch.com\/index.php\/wp-json\/wp\/v2\/media?parent=6234"}],"wp:term":[{"taxonomy":"product_cat","embeddable":true,"href":"https:\/\/tecnomerch.com\/index.php\/wp-json\/wp\/v2\/product_cat?post=6234"},{"taxonomy":"product_tag","embeddable":true,"href":"https:\/\/tecnomerch.com\/index.php\/wp-json\/wp\/v2\/product_tag?post=6234"}],"curies":[{"name":"wp","href":"https:\/\/api.w.org\/{rel}","templated":true}]}}