{"id":6226,"date":"2024-01-15T23:53:16","date_gmt":"2024-01-15T23:53:16","guid":{"rendered":"https:\/\/tecnomerch.com\/?post_type=product&#038;p=6226"},"modified":"2024-01-15T23:53:16","modified_gmt":"2024-01-15T23:53:16","slug":"anydesk","status":"publish","type":"product","link":"https:\/\/tecnomerch.com\/index.php\/product\/anydesk\/","title":{"rendered":"Anydesk"},"content":{"rendered":"<p>Experimenta la potencia de la versi\u00f3n 8 AnyDesk, donde el cifrado y la gesti\u00f3n din\u00e1mica de clientes a trav\u00e9s de my.anydesk II se unen para ofrecer una elecci\u00f3n inteligente en software de acceso remoto.<\/p>\n","protected":false},"excerpt":{"rendered":"<p>Licencia Anydesk por 12 meses<\/p>\n","protected":false},"featured_media":6227,"comment_status":"open","ping_status":"closed","template":"","meta":{"om_disable_all_campaigns":false,"_mi_skip_tracking":false,"site-sidebar-layout":"default","site-content-layout":"default","ast-global-header-display":"","ast-main-header-display":"","ast-hfb-above-header-display":"","ast-hfb-below-header-display":"","ast-hfb-mobile-header-display":"","site-post-title":"","ast-breadcrumbs-content":"","ast-featured-img":"","footer-sml-layout":"","theme-transparent-header-meta":"default","adv-header-id-meta":"","stick-header-meta":"","header-above-stick-meta":"","header-main-stick-meta":"","header-below-stick-meta":""},"product_cat":[15],"product_tag":[],"class_list":["post-6226","product","type-product","status-publish","has-post-thumbnail","hentry","product_cat-uncategorized","desktop-align-left","tablet-align-left","mobile-align-left"],"aioseo_notices":[],"_links":{"self":[{"href":"https:\/\/tecnomerch.com\/index.php\/wp-json\/wp\/v2\/product\/6226","targetHints":{"allow":["GET"]}}],"collection":[{"href":"https:\/\/tecnomerch.com\/index.php\/wp-json\/wp\/v2\/product"}],"about":[{"href":"https:\/\/tecnomerch.com\/index.php\/wp-json\/wp\/v2\/types\/product"}],"replies":[{"embeddable":true,"href":"https:\/\/tecnomerch.com\/index.php\/wp-json\/wp\/v2\/comments?post=6226"}],"version-history":[{"count":1,"href":"https:\/\/tecnomerch.com\/index.php\/wp-json\/wp\/v2\/product\/6226\/revisions"}],"predecessor-version":[{"id":6228,"href":"https:\/\/tecnomerch.com\/index.php\/wp-json\/wp\/v2\/product\/6226\/revisions\/6228"}],"wp:featuredmedia":[{"embeddable":true,"href":"https:\/\/tecnomerch.com\/index.php\/wp-json\/wp\/v2\/media\/6227"}],"wp:attachment":[{"href":"https:\/\/tecnomerch.com\/index.php\/wp-json\/wp\/v2\/media?parent=6226"}],"wp:term":[{"taxonomy":"product_cat","embeddable":true,"href":"https:\/\/tecnomerch.com\/index.php\/wp-json\/wp\/v2\/product_cat?post=6226"},{"taxonomy":"product_tag","embeddable":true,"href":"https:\/\/tecnomerch.com\/index.php\/wp-json\/wp\/v2\/product_tag?post=6226"}],"curies":[{"name":"wp","href":"https:\/\/api.w.org\/{rel}","templated":true}]}}