{"id":6192,"date":"2023-12-22T21:06:38","date_gmt":"2023-12-22T21:06:38","guid":{"rendered":"https:\/\/tecnomerch.com\/?post_type=product&#038;p=6192"},"modified":"2023-12-22T21:06:38","modified_gmt":"2023-12-22T21:06:38","slug":"hub-argom-5-en-1-puertos-arg-ub-0185-axess-usb-c-plateado","status":"publish","type":"product","link":"https:\/\/tecnomerch.com\/index.php\/product\/hub-argom-5-en-1-puertos-arg-ub-0185-axess-usb-c-plateado\/","title":{"rendered":"Hub Argom 5-en-1 Puertos ARG-UB-0185 AXESS USB-C Plateado"},"content":{"rendered":"<div class=\"col-lg-6\">\n<div class=\"t_img_hover_1\"><img decoding=\"async\" class=\"img img-fluid mx-auto\" title=\"\" src=\"https:\/\/www.mytec.com.gt\/web\/image\/1653688\/Dise%C3%B1o%20sin%20t%C3%ADtulo%20(4).png?access_token=c2d4b52f-ceb1-42ee-a097-f9496d2091b4\" alt=\"Clarico-Image-Text\" data-original-title=\"\" aria-describedby=\"tooltip8478\" \/><\/div>\n<\/div>\n<div class=\"col-lg-6 pt16 pb16\">\n<div class=\"s_hr text-left pb32 pt8\">\n<hr class=\"border-600 aos-init s_hr_solid w-25 mr-auto s_hr_4px border-alpha aos-animate\" data-aos=\"s_hr_4px\" \/>\n<\/div>\n<p class=\"mb16\">Ampl\u00ede las opciones de puerto de su computadora o tel\u00e9fono m\u00f3vil con nuestro concentrador tipo C 5 en 1. One Axess 5-in-1 le permite conectar un monitor externo (HDMI), una unidad de memoria USB u otros perif\u00e9ricos USB (USB3.0 o USB2.0). Este concentrador tambi\u00e9n est\u00e1 equipado con un puerto de carga de paso PD de hasta 60 W. \u00a1Simplemente inserte el concentrador en un puerto de dispositivo compatible con Tipo-C\/PD y disfrute!<\/p>\n<\/div>\n","protected":false},"excerpt":{"rendered":"<p>&#8211; Puerto de salida tipo C a HDMI 4K<br \/>\n&#8211; Puerto USB 3.0 \/ 2.0 y ranura PD<br \/>\n&#8211; Puerto HDMI admite resoluciones de hasta 4K (3840 x 2160p a 30 Hz)<br \/>\n&#8211; Puertos USB 3.0 y 2.0 funcionan con unidad flash, disco duro, mouse, teclado<br \/>\n&#8211; Ranura PD tipo C admite hasta 60 W de carga r\u00e1pida<br \/>\n&#8211; Compatible con MacBook, MacBook Pro, MacBook Air, Dell, Lenovo, Google, HP, Huawei<br \/>\n&#8211; Plug and Play<\/p>\n","protected":false},"featured_media":6193,"comment_status":"open","ping_status":"closed","template":"","meta":{"om_disable_all_campaigns":false,"_mi_skip_tracking":false,"site-sidebar-layout":"default","site-content-layout":"default","ast-global-header-display":"","ast-main-header-display":"","ast-hfb-above-header-display":"","ast-hfb-below-header-display":"","ast-hfb-mobile-header-display":"","site-post-title":"","ast-breadcrumbs-content":"","ast-featured-img":"","footer-sml-layout":"","theme-transparent-header-meta":"default","adv-header-id-meta":"","stick-header-meta":"","header-above-stick-meta":"","header-main-stick-meta":"","header-below-stick-meta":""},"product_cat":[161],"product_tag":[],"class_list":["post-6192","product","type-product","status-publish","has-post-thumbnail","hentry","product_cat-hubs-y-adaptadores-de-memoria","desktop-align-left","tablet-align-left","mobile-align-left"],"aioseo_notices":[],"_links":{"self":[{"href":"https:\/\/tecnomerch.com\/index.php\/wp-json\/wp\/v2\/product\/6192","targetHints":{"allow":["GET"]}}],"collection":[{"href":"https:\/\/tecnomerch.com\/index.php\/wp-json\/wp\/v2\/product"}],"about":[{"href":"https:\/\/tecnomerch.com\/index.php\/wp-json\/wp\/v2\/types\/product"}],"replies":[{"embeddable":true,"href":"https:\/\/tecnomerch.com\/index.php\/wp-json\/wp\/v2\/comments?post=6192"}],"version-history":[{"count":1,"href":"https:\/\/tecnomerch.com\/index.php\/wp-json\/wp\/v2\/product\/6192\/revisions"}],"predecessor-version":[{"id":6194,"href":"https:\/\/tecnomerch.com\/index.php\/wp-json\/wp\/v2\/product\/6192\/revisions\/6194"}],"wp:featuredmedia":[{"embeddable":true,"href":"https:\/\/tecnomerch.com\/index.php\/wp-json\/wp\/v2\/media\/6193"}],"wp:attachment":[{"href":"https:\/\/tecnomerch.com\/index.php\/wp-json\/wp\/v2\/media?parent=6192"}],"wp:term":[{"taxonomy":"product_cat","embeddable":true,"href":"https:\/\/tecnomerch.com\/index.php\/wp-json\/wp\/v2\/product_cat?post=6192"},{"taxonomy":"product_tag","embeddable":true,"href":"https:\/\/tecnomerch.com\/index.php\/wp-json\/wp\/v2\/product_tag?post=6192"}],"curies":[{"name":"wp","href":"https:\/\/api.w.org\/{rel}","templated":true}]}}