{"id":6182,"date":"2023-12-22T20:57:06","date_gmt":"2023-12-22T20:57:06","guid":{"rendered":"https:\/\/tecnomerch.com\/?post_type=product&#038;p=6182"},"modified":"2023-12-22T20:57:06","modified_gmt":"2023-12-22T20:57:06","slug":"hub-argom-axess-de-5-puertos-usb-c-a-usb-hdmi-y-microsd-plateado","status":"publish","type":"product","link":"https:\/\/tecnomerch.com\/index.php\/product\/hub-argom-axess-de-5-puertos-usb-c-a-usb-hdmi-y-microsd-plateado\/","title":{"rendered":"Hub Argom Axess de 5 Puertos USB-C a USB, HDMI y MicroSD Plateado"},"content":{"rendered":"<section class=\"s_text_image pt40\">\n<div class=\"container\">\n<div class=\"row align-items-center\">\n<div class=\"col-lg-6\">\n<div class=\"t_img_hover_1\"><img decoding=\"async\" class=\"img img-fluid mx-auto\" title=\"\" src=\"https:\/\/www.mytec.com.gt\/web\/image\/1027811\/2.1-min.jpg?access_token=c729b0bb-cdcd-43b2-83d0-0a11c27cc6e0\" alt=\"Clarico-Image-Text\" data-original-title=\"\" aria-describedby=\"tooltip943606\" \/><\/div>\n<\/div>\n<div class=\"col-lg-6 pt16 pb16\">\n<h2 class=\"te_s_it_heading text-uppercase\">ESPECIFICACIONES<\/h2>\n<div class=\"s_hr text-left pb32 pt8\">\n<hr class=\"border-600 aos-init s_hr_solid w-25 mr-auto s_hr_4px border-alpha aos-animate\" data-aos=\"s_hr_4px\" \/>\n<\/div>\n<ul>\n<li>\n<p class=\"mb16\"><span>Puerto de salida de tipo C a HDMI 4K, puerto USB 3.0, puerto USB 2.0, lector de tarjetas SD y lector de tarjetas Micro-SD TF.<\/span><\/p>\n<\/li>\n<\/ul>\n<ul>\n<li>\n<p class=\"mb16\"><span>El puerto HDMI admite resoluciones de hasta 4K (3840 x 2160p a 30Hz). Conecte su HDTV, monitor o proyector a cualquier dispositivo equipado con un puerto tipo C, incluidos los tel\u00e9fonos inteligentes.<\/span><\/p>\n<\/li>\n<\/ul>\n<ul>\n<li>\n<p class=\"mb16\"><span>Los puertos USB 3.0 y 2.0 funcionan con una unidad flash, disco duro, mouse, teclado y otros. Velocidades de transferencia de 5 Gbps con puerto USB 3.0 y 480 Mbps con puerto USB 2.0.<\/span><\/p>\n<\/li>\n<\/ul>\n<\/div>\n<\/div>\n<\/div>\n<\/section>\n<section class=\"s_text_image\">\n<div class=\"container\">\n<div class=\"row align-items-center\">\n<div class=\"col-lg-6 pt16 pb16\">\n<div class=\"s_hr text-left pb32 pt8\">\n<hr class=\"border-600 s_hr_solid w-25 mr-auto s_hr_4px border-alpha\" \/>\n<\/div>\n<ul>\n<li>\n<p class=\"mb16 o_default_snippet_text\"><span>Las tarjetas SD y Micro-SD TF se pueden leer simult\u00e1neamente y es f\u00e1cil transferir sus fotos u otros videos en segundos de la c\u00e1mara a la computadora.<\/span><\/p>\n<\/li>\n<\/ul>\n<ul>\n<li>\n<p class=\"mb16\"><span>Compatible con computadoras como MacBook \/ MacBook Pro, MacBook Air, Dell, Lenovo, Google, HP, Huawei y m\u00e1s.<\/span><\/p>\n<\/li>\n<\/ul>\n<ul>\n<li>\n<p class=\"mb16\"><span>Compatible con tel\u00e9fonos inteligentes como Samsung, Huawei, Google, Sony, LG y m\u00e1s.<\/span><\/p>\n<\/li>\n<\/ul>\n<ul>\n<li>\n<p class=\"mb16\"><span>Plug and play, no se requieren controladores.<\/span><\/p>\n<\/li>\n<\/ul>\n<\/div>\n<div class=\"col-lg-6 pt16 pb16\">\n<div class=\"t_img_hover_1\"><img decoding=\"async\" class=\"img img-fluid mx-auto\" src=\"https:\/\/www.mytec.com.gt\/web\/image\/1027823\/5.1-min.jpg?access_token=3842ab84-b5e2-4535-b338-4f1cbe850fd1\" alt=\"Clarico-Text-Image\" \/><\/div>\n<\/div>\n<\/div>\n<\/div>\n<\/section>\n","protected":false},"excerpt":{"rendered":"<p>&#8211; Entrada USB-C Macho<br \/>\n&#8211; 1 x HDMI 4K<br \/>\n&#8211; 1 x USB 3.0<br \/>\n&#8211; 1 x USB 2.0<br \/>\n&#8211; Lector de tarjetas SD<br \/>\n&#8211; Lector de tarjetas Micro-SD TF<br \/>\n&#8211; Velocidad de transferencia 5Gbps<\/p>\n","protected":false},"featured_media":6183,"comment_status":"open","ping_status":"closed","template":"","meta":{"om_disable_all_campaigns":false,"_mi_skip_tracking":false,"site-sidebar-layout":"default","site-content-layout":"default","ast-global-header-display":"","ast-main-header-display":"","ast-hfb-above-header-display":"","ast-hfb-below-header-display":"","ast-hfb-mobile-header-display":"","site-post-title":"","ast-breadcrumbs-content":"","ast-featured-img":"","footer-sml-layout":"","theme-transparent-header-meta":"default","adv-header-id-meta":"","stick-header-meta":"","header-above-stick-meta":"","header-main-stick-meta":"","header-below-stick-meta":""},"product_cat":[161],"product_tag":[],"class_list":["post-6182","product","type-product","status-publish","has-post-thumbnail","hentry","product_cat-hubs-y-adaptadores-de-memoria","desktop-align-left","tablet-align-left","mobile-align-left"],"aioseo_notices":[],"_links":{"self":[{"href":"https:\/\/tecnomerch.com\/index.php\/wp-json\/wp\/v2\/product\/6182","targetHints":{"allow":["GET"]}}],"collection":[{"href":"https:\/\/tecnomerch.com\/index.php\/wp-json\/wp\/v2\/product"}],"about":[{"href":"https:\/\/tecnomerch.com\/index.php\/wp-json\/wp\/v2\/types\/product"}],"replies":[{"embeddable":true,"href":"https:\/\/tecnomerch.com\/index.php\/wp-json\/wp\/v2\/comments?post=6182"}],"version-history":[{"count":1,"href":"https:\/\/tecnomerch.com\/index.php\/wp-json\/wp\/v2\/product\/6182\/revisions"}],"predecessor-version":[{"id":6184,"href":"https:\/\/tecnomerch.com\/index.php\/wp-json\/wp\/v2\/product\/6182\/revisions\/6184"}],"wp:featuredmedia":[{"embeddable":true,"href":"https:\/\/tecnomerch.com\/index.php\/wp-json\/wp\/v2\/media\/6183"}],"wp:attachment":[{"href":"https:\/\/tecnomerch.com\/index.php\/wp-json\/wp\/v2\/media?parent=6182"}],"wp:term":[{"taxonomy":"product_cat","embeddable":true,"href":"https:\/\/tecnomerch.com\/index.php\/wp-json\/wp\/v2\/product_cat?post=6182"},{"taxonomy":"product_tag","embeddable":true,"href":"https:\/\/tecnomerch.com\/index.php\/wp-json\/wp\/v2\/product_tag?post=6182"}],"curies":[{"name":"wp","href":"https:\/\/api.w.org\/{rel}","templated":true}]}}