{"id":6178,"date":"2023-12-22T20:56:05","date_gmt":"2023-12-22T20:56:05","guid":{"rendered":"https:\/\/tecnomerch.com\/?post_type=product&#038;p=6178"},"modified":"2023-12-22T20:56:05","modified_gmt":"2023-12-22T20:56:05","slug":"hub-argom-axess-de-3-puertos-usb-c-a-hdmi-usb-y-usb-c-plateado","status":"publish","type":"product","link":"https:\/\/tecnomerch.com\/index.php\/product\/hub-argom-axess-de-3-puertos-usb-c-a-hdmi-usb-y-usb-c-plateado\/","title":{"rendered":"Hub Argom Axess de 3 Puertos USB-C a HDMI, USB y USB-C Plateado"},"content":{"rendered":"<section class=\"s_text_image\">\n<div class=\"container\">\n<div class=\"row align-items-center\">\n<div class=\"col-lg-6 pt16 pb16\">\n<h2 class=\"text-uppercase te_s_it_heading\">AXESS<\/h2>\n<p class=\"mb16\">Expanda las opciones de puertos de su computadora o tel\u00e9fono m\u00f3vil con nuestro concentrador 3 en 1 Tipo-C. El One Axess 3-in-1 le permite conectar un monitor externo (HDMI), una unidad de memoria USB u otros perif\u00e9ricos USB (USB3.0) y, al mismo tiempo, cargar r\u00e1pidamente su tel\u00e9fono m\u00f3vil o computadora port\u00e1til (PD Type-C). \u00a1Simplemente inserte el concentrador en un puerto de dispositivo compatible con Type-C y disfrute!<\/p>\n<\/div>\n<\/div>\n<\/div>\n<\/section>\n<section class=\"s_text_image pt0\">\n<div class=\"container\">\n<div class=\"row align-items-center\">\n<div class=\"col-lg-6 pt16 pb16\">\n<ul>\n<li>\n<p class=\"mb16\">Puerto de salida tipo C a HDMI 4K, puerto de carga PD tipo C y puerto USB 3.0.<\/p>\n<\/li>\n<li>\n<p class=\"mb16\">El puerto HDMI admite resoluciones de hasta 4K (3840 x 2160p a 30Hz). Conecte su HDTV, monitor o proyector a cualquier dispositivo equipado con un puerto tipo C, incluidos los tel\u00e9fonos inteligentes.<\/p>\n<\/li>\n<li>\n<p class=\"mb16\">El puerto USB 3.0 admite una tasa de transferencia de datos de alta velocidad de hasta 5 Gbps. Funciona con unidad flash, disco duro, mouse, teclado y otros.<\/p>\n<\/li>\n<li>\n<p class=\"mb16\">El puerto de carga PD tipo C tiene un dise\u00f1o de 5V-20V 3A m\u00e1ximo.<\/p>\n<\/li>\n<li>\n<p class=\"mb16\">Compatible con computadoras como MacBook \/ MacBook Pro, MacBook Air, Dell, Lenovo, Google, HP, Huawei y m\u00e1s.<\/p>\n<\/li>\n<li>\n<p class=\"mb16\">Compatible con tel\u00e9fonos inteligentes como Samsung, Huawei, Google, Sony, LG y m\u00e1s.<\/p>\n<\/li>\n<li>\n<p class=\"mb16\">Plug and play, no se requieren controladores.<\/p>\n<\/li>\n<\/ul>\n<\/div>\n<\/div>\n<\/div>\n<\/section>\n","protected":false},"excerpt":{"rendered":"<p>&#8211; Entrada USB-C Hembra<br \/>\n&#8211; 1 x USB 3.0<br \/>\n&#8211; 1 x USB-C 86w<br \/>\n&#8211; 1 x Salida HDMI 4K<br \/>\n&#8211; Velocidad de transferencia 5Gbps<br \/>\n&#8211; Puerto USB-C de carga 5V-20V 3A Max<\/p>\n","protected":false},"featured_media":6179,"comment_status":"open","ping_status":"closed","template":"","meta":{"om_disable_all_campaigns":false,"_mi_skip_tracking":false,"site-sidebar-layout":"default","site-content-layout":"default","ast-global-header-display":"","ast-main-header-display":"","ast-hfb-above-header-display":"","ast-hfb-below-header-display":"","ast-hfb-mobile-header-display":"","site-post-title":"","ast-breadcrumbs-content":"","ast-featured-img":"","footer-sml-layout":"","theme-transparent-header-meta":"default","adv-header-id-meta":"","stick-header-meta":"","header-above-stick-meta":"","header-main-stick-meta":"","header-below-stick-meta":""},"product_cat":[161],"product_tag":[],"class_list":["post-6178","product","type-product","status-publish","has-post-thumbnail","hentry","product_cat-hubs-y-adaptadores-de-memoria","desktop-align-left","tablet-align-left","mobile-align-left"],"aioseo_notices":[],"_links":{"self":[{"href":"https:\/\/tecnomerch.com\/index.php\/wp-json\/wp\/v2\/product\/6178","targetHints":{"allow":["GET"]}}],"collection":[{"href":"https:\/\/tecnomerch.com\/index.php\/wp-json\/wp\/v2\/product"}],"about":[{"href":"https:\/\/tecnomerch.com\/index.php\/wp-json\/wp\/v2\/types\/product"}],"replies":[{"embeddable":true,"href":"https:\/\/tecnomerch.com\/index.php\/wp-json\/wp\/v2\/comments?post=6178"}],"version-history":[{"count":2,"href":"https:\/\/tecnomerch.com\/index.php\/wp-json\/wp\/v2\/product\/6178\/revisions"}],"predecessor-version":[{"id":6181,"href":"https:\/\/tecnomerch.com\/index.php\/wp-json\/wp\/v2\/product\/6178\/revisions\/6181"}],"wp:featuredmedia":[{"embeddable":true,"href":"https:\/\/tecnomerch.com\/index.php\/wp-json\/wp\/v2\/media\/6179"}],"wp:attachment":[{"href":"https:\/\/tecnomerch.com\/index.php\/wp-json\/wp\/v2\/media?parent=6178"}],"wp:term":[{"taxonomy":"product_cat","embeddable":true,"href":"https:\/\/tecnomerch.com\/index.php\/wp-json\/wp\/v2\/product_cat?post=6178"},{"taxonomy":"product_tag","embeddable":true,"href":"https:\/\/tecnomerch.com\/index.php\/wp-json\/wp\/v2\/product_tag?post=6178"}],"curies":[{"name":"wp","href":"https:\/\/api.w.org\/{rel}","templated":true}]}}