{"id":6174,"date":"2023-12-22T20:54:34","date_gmt":"2023-12-22T20:54:34","guid":{"rendered":"https:\/\/tecnomerch.com\/?post_type=product&#038;p=6174"},"modified":"2023-12-22T20:54:34","modified_gmt":"2023-12-22T20:54:34","slug":"hub-argom-4-puertos-usb-2-0-negro-arg-ub-0088","status":"publish","type":"product","link":"https:\/\/tecnomerch.com\/index.php\/product\/hub-argom-4-puertos-usb-2-0-negro-arg-ub-0088\/","title":{"rendered":"Hub Argom 4-Puertos USB 2.0 Negro ARG-UB-0088"},"content":{"rendered":"<section class=\"s_text_image\">\n<div class=\"container\">\n<div class=\"row align-items-center\">\n<div class=\"col-lg-6 pt16 pb16\">\n<h2 class=\"te_s_it_heading text-uppercase\">DESCRIPCI\u00d3N<\/h2>\n<div class=\"s_hr text-left pb32 pt8\">\n<hr class=\"border-600 s_hr_solid w-25 mr-auto s_hr_4px border-alpha\" \/>\n<\/div>\n<p class=\"mb16\"><span>Optimice sus posibilidades con ARG-UB-0088 que le ofrece cuatro (4) puertos USB 2.0 adicionales y una soluci\u00f3n plug-and-play simple, de alta velocidad y tama\u00f1o bolsillo.\u00a0<\/span><span>Tambi\u00e9n es un pr\u00e1ctico accesorio de computadora de escritorio y port\u00e1til para que pueda conectar dispositivos USB adicionales a la vez.<\/span><span>\u00a0<\/span><span>Este concentrador USB se puede utilizar para conectar c\u00e1maras, lectores de tarjetas, teclados, ratones, reproductores MP3 y otros dispositivos USB manipulados.<\/span><span>\u00a0<\/span><span>El ARG-UB-0088 tambi\u00e9n es autoalimentado, lo que significa que viene con una fuente de alimentaci\u00f3n independiente para admitir dispositivos USB que consumen mucha energ\u00eda, como discos duros externos y esc\u00e1neres alimentados por USB.<\/span><\/p>\n<\/div>\n<div class=\"col-lg-6 pt16 pb16\">\n<div class=\"t_img_hover_1\"><img decoding=\"async\" class=\"img img-fluid mx-auto\" title=\"\" src=\"https:\/\/www.mytec.com.gt\/web\/image\/567920\/01.jpg?access_token=5ba6d918-b6e3-499e-b4ad-68c3d3a405b0\" alt=\"Clarico-Text-Image\" data-original-title=\"\" aria-describedby=\"tooltip318780\" \/><\/div>\n<\/div>\n<\/div>\n<\/div>\n<\/section>\n<section class=\"s_text_image\">\n<div class=\"container\">\n<div class=\"row align-items-center\">\n<div class=\"col-lg-6\">\n<div class=\"t_img_hover_1\"><img decoding=\"async\" class=\"img img-fluid mx-auto\" src=\"https:\/\/www.mytec.com.gt\/web\/image\/567922\/02.jpg?access_token=733e60dc-244a-4d42-b030-5e7c01f53066\" alt=\"Clarico-Image-Text\" \/><\/div>\n<\/div>\n<div class=\"col-lg-6 pt16 pb16\">\n<h2 class=\"text-uppercase te_s_it_heading\">ESPECIFICACIONES<\/h2>\n<div class=\"s_hr text-left pb32 pt8\">\n<hr class=\"border-600 aos-init s_hr_solid w-25 mr-auto s_hr_4px border-alpha aos-animate\" data-aos=\"s_hr_4px\" \/>\n<\/div>\n<p class=\"mb16\"><span>&#8211; Utilice cuatro dispositivos USB al mismo tiempo con este concentrador.\u00a0<\/span><span>Esto incluye mouse, teclado, impresora, c\u00e1maras web y otros perif\u00e9ricos USB.<\/span><br \/>\n<span>&#8211; Admite tasas de transferencia de datos de alta y baja velocidad.<\/span><br \/>\n<span>&#8211; Soporta USB 2.0 y 1.1, hasta 480Mbps.<\/span><br \/>\n<span>&#8211; Compatible con Windows y Mac OS.<\/span><br \/>\n<span>&#8211; LED de estado de energ\u00eda incluido.<\/span><br \/>\n<span>&#8211; Tama\u00f1o: 68 * 40 * 11 mm con cable de 60 cm.<\/span><\/p>\n<\/div>\n<\/div>\n<\/div>\n<\/section>\n","protected":false},"excerpt":{"rendered":"<div class=\"o_not_editable\">\n<p class=\"te_prod_desc\">&#8211; Soporte de 4 puertos simult\u00e1neos<br \/>\n&#8211; Velocidad de transferencia de datos de alta y baja velocidad.<br \/>\n&#8211; Soporta USB 2.0 y 1.1.<br \/>\n&#8211; Fuente de alimentaci\u00f3n por puerto USB.<br \/>\n&#8211; Indicador LED para el estado de encendido.<br \/>\n&#8211; Cable de 70 cm.<\/p>\n<\/div>\n<div class=\"timer_data\">\n<div class=\"timer_input\"><\/div>\n<\/div>\n<div class=\"te_display_end_date\"><\/div>\n<form action=\"https:\/\/www.mytec.com.gt\/shop\/cart\/update\" method=\"POST\">&nbsp;<\/p>\n<\/form>\n","protected":false},"featured_media":6175,"comment_status":"open","ping_status":"closed","template":"","meta":{"om_disable_all_campaigns":false,"_mi_skip_tracking":false,"site-sidebar-layout":"default","site-content-layout":"default","ast-global-header-display":"","ast-main-header-display":"","ast-hfb-above-header-display":"","ast-hfb-below-header-display":"","ast-hfb-mobile-header-display":"","site-post-title":"","ast-breadcrumbs-content":"","ast-featured-img":"","footer-sml-layout":"","theme-transparent-header-meta":"default","adv-header-id-meta":"","stick-header-meta":"","header-above-stick-meta":"","header-main-stick-meta":"","header-below-stick-meta":""},"product_cat":[15],"product_tag":[],"class_list":["post-6174","product","type-product","status-publish","has-post-thumbnail","hentry","product_cat-uncategorized","desktop-align-left","tablet-align-left","mobile-align-left"],"aioseo_notices":[],"_links":{"self":[{"href":"https:\/\/tecnomerch.com\/index.php\/wp-json\/wp\/v2\/product\/6174","targetHints":{"allow":["GET"]}}],"collection":[{"href":"https:\/\/tecnomerch.com\/index.php\/wp-json\/wp\/v2\/product"}],"about":[{"href":"https:\/\/tecnomerch.com\/index.php\/wp-json\/wp\/v2\/types\/product"}],"replies":[{"embeddable":true,"href":"https:\/\/tecnomerch.com\/index.php\/wp-json\/wp\/v2\/comments?post=6174"}],"version-history":[{"count":2,"href":"https:\/\/tecnomerch.com\/index.php\/wp-json\/wp\/v2\/product\/6174\/revisions"}],"predecessor-version":[{"id":6177,"href":"https:\/\/tecnomerch.com\/index.php\/wp-json\/wp\/v2\/product\/6174\/revisions\/6177"}],"wp:featuredmedia":[{"embeddable":true,"href":"https:\/\/tecnomerch.com\/index.php\/wp-json\/wp\/v2\/media\/6175"}],"wp:attachment":[{"href":"https:\/\/tecnomerch.com\/index.php\/wp-json\/wp\/v2\/media?parent=6174"}],"wp:term":[{"taxonomy":"product_cat","embeddable":true,"href":"https:\/\/tecnomerch.com\/index.php\/wp-json\/wp\/v2\/product_cat?post=6174"},{"taxonomy":"product_tag","embeddable":true,"href":"https:\/\/tecnomerch.com\/index.php\/wp-json\/wp\/v2\/product_tag?post=6174"}],"curies":[{"name":"wp","href":"https:\/\/api.w.org\/{rel}","templated":true}]}}