{"id":6170,"date":"2023-12-22T20:53:21","date_gmt":"2023-12-22T20:53:21","guid":{"rendered":"https:\/\/tecnomerch.com\/?post_type=product&#038;p=6170"},"modified":"2023-12-22T20:53:22","modified_gmt":"2023-12-22T20:53:22","slug":"hub-klip-xtreme-kuh-400-4-puertos-usb-2-0-verde","status":"publish","type":"product","link":"https:\/\/tecnomerch.com\/index.php\/product\/hub-klip-xtreme-kuh-400-4-puertos-usb-2-0-verde\/","title":{"rendered":"Hub Klip Xtreme KUH-400 4 Puertos USB 2.0 Verde"},"content":{"rendered":"<section>\n<div class=\"container\">\n<div class=\"row s_nb_column_fixed\">\n<div class=\"col-lg-12 s_title\">\n<h4 class=\"te_s_title_default\">Hub Klip Xtreme De 4 Puertos USB 2.0 Verde<\/h4>\n<hr \/>\n<\/div>\n<\/div>\n<\/div>\n<\/section>\n<section class=\"s_text_image\">\n<div class=\"container\">\n<div class=\"row align-items-center\">\n<div class=\"col-lg-6\">\n<div class=\"t_img_hover_1\"><img decoding=\"async\" class=\"img img-fluid mx-auto\" src=\"https:\/\/www.mytec.com.gt\/web\/image\/701058\/KUH-400-imgico-1.jpg?access_token=adf17c1d-82ba-4788-830e-a3b1a3e70af6\" alt=\"Clarico-Image-Text\" \/><\/div>\n<\/div>\n<div class=\"col-lg-6 pt16 pb16\">\n<h2 class=\"te_s_it_heading text-uppercase\">4 PUERTOS USB<\/h2>\n<div class=\"s_hr text-left pb32 pt8\">\n<hr class=\"border-600 aos-init s_hr_solid w-25 mr-auto s_hr_4px border-alpha aos-animate\" data-aos=\"s_hr_4px\" \/>\n<\/div>\n<p class=\"mb16\"><img decoding=\"async\" class=\"img-fluid o_we_custom_image\" title=\"\" src=\"https:\/\/www.mytec.com.gt\/web\/image\/701052\/Icon-USB-Ports%20(1).png?access_token=52d81344-d509-4b03-9c80-65b5aed6cbd1\" data-original-title=\"\" aria-describedby=\"tooltip227714\" \/><\/p>\n<\/div>\n<\/div>\n<\/div>\n<\/section>\n<section class=\"s_text_image\">\n<div class=\"container\">\n<div class=\"row align-items-center\">\n<div class=\"col-lg-6 pt16 pb16\">\n<h2 class=\"text-uppercase te_s_it_heading\">2.0 VELOCIDAD<\/h2>\n<div class=\"s_hr text-left pb32 pt8\">\n<hr class=\"border-600 s_hr_solid w-25 mr-auto s_hr_4px border-alpha\" \/>\n<\/div>\n<p class=\"mb16\"><img decoding=\"async\" class=\"img-fluid o_we_custom_image\" src=\"https:\/\/www.mytec.com.gt\/web\/image\/701050\/Icon-USB-speed.png?access_token=ccaee2b1-3029-466c-80e7-dc32bfc8cb21\" \/><\/p>\n<\/div>\n<div class=\"col-lg-6 pt16 pb16\">\n<div class=\"t_img_hover_1\"><img decoding=\"async\" class=\"img img-fluid mx-auto\" src=\"https:\/\/www.mytec.com.gt\/web\/image\/701056\/KUH-400-imgico-2.jpg?access_token=821e6c94-657e-40d1-ad9b-1148f64d6e10\" alt=\"Clarico-Text-Image\" \/><\/div>\n<\/div>\n<\/div>\n<\/div>\n<\/section>\n<section class=\"s_text_image\">\n<div class=\"container\">\n<div class=\"row align-items-center\">\n<div class=\"col-lg-6\">\n<div class=\"t_img_hover_1\"><img decoding=\"async\" class=\"img img-fluid mx-auto\" src=\"https:\/\/www.mytec.com.gt\/web\/image\/701054\/KUH-400-imgico-3.jpg?access_token=17819d65-6aef-489a-befd-5b22c2a6d054\" alt=\"Clarico-Image-Text\" \/><\/div>\n<\/div>\n<div class=\"col-lg-6 pt16 pb16\">\n<h2 class=\"text-uppercase te_s_it_heading\">INDICADOR LED PARA ESTADO DE ENCENDIDO<\/h2>\n<div class=\"s_hr text-left pb32 pt8\">\n<hr class=\"border-600 aos-init s_hr_solid w-25 mr-auto s_hr_4px border-alpha\" data-aos=\"s_hr_4px\" \/>\n<\/div>\n<p class=\"mb16 o_default_snippet_text\"><img decoding=\"async\" class=\"img-fluid o_we_custom_image\" src=\"https:\/\/www.mytec.com.gt\/web\/image\/701048\/Icon-led-charging-indicator%20(3).png?access_token=b7de9fb3-609d-488b-9578-c0a91aa6adc5\" \/><\/p>\n<\/div>\n<\/div>\n<\/div>\n<\/section>\n<section class=\"s_text_block\">\n<div class=\"container\">\n<div class=\"row\">\n<div class=\"col-lg-12 pb32 pt0\">\n<p class=\"lead\">\n<p><b>Visi\u00f3n General<\/b><\/p>\n<hr \/>\n<p>&nbsp;<\/p>\n<p><b>Conc\u00e9ntrese en su trabajo y conecte y reproduzca lo que necesite en cualquier momento, de forma segura y sin complicaciones<\/b><\/p>\n<p>Aproveche al m\u00e1ximo los pocos puertos USB de su PC o computadora port\u00e1til y ampl\u00ede su conectividad con este HUB USB 2.0 universal. R\u00e1pido y totalmente compatible con USB 1.1, tambi\u00e9n proporciona velocidades de transferencia de datos de alta velocidad de hasta 480 Mbps. Su dise\u00f1o compacto y resistente es adecuado para usuarios m\u00f3viles en cualquier lugar y en cualquier momento.<\/p>\n<p><b>** Im\u00e1genes con fines ilustrativos.<\/b><\/p>\n<\/div>\n<\/div>\n<\/div>\n<\/section>\n","protected":false},"excerpt":{"rendered":"<p>&#8211; Hub USB 2.0 de 4 puertos con un dise\u00f1o compacto<br \/>\n&#8211; Cable USB integrado<br \/>\n&#8211; Ayuda a mantener organizados los cables USB<br \/>\n&#8211; Detecci\u00f3n autom\u00e1tica de velocidad: alta (480 Mbps), completa (12 Mbps) y baja (1,5 Mbps)<br \/>\n&#8211; Indicador LED (verde) para estado de encendido<br \/>\n&#8211; Plug&amp;Play<\/p>\n","protected":false},"featured_media":6171,"comment_status":"open","ping_status":"closed","template":"","meta":{"om_disable_all_campaigns":false,"_mi_skip_tracking":false,"site-sidebar-layout":"default","site-content-layout":"default","ast-global-header-display":"","ast-main-header-display":"","ast-hfb-above-header-display":"","ast-hfb-below-header-display":"","ast-hfb-mobile-header-display":"","site-post-title":"","ast-breadcrumbs-content":"","ast-featured-img":"","footer-sml-layout":"","theme-transparent-header-meta":"default","adv-header-id-meta":"","stick-header-meta":"","header-above-stick-meta":"","header-main-stick-meta":"","header-below-stick-meta":""},"product_cat":[161],"product_tag":[],"class_list":["post-6170","product","type-product","status-publish","has-post-thumbnail","hentry","product_cat-hubs-y-adaptadores-de-memoria","desktop-align-left","tablet-align-left","mobile-align-left"],"aioseo_notices":[],"_links":{"self":[{"href":"https:\/\/tecnomerch.com\/index.php\/wp-json\/wp\/v2\/product\/6170","targetHints":{"allow":["GET"]}}],"collection":[{"href":"https:\/\/tecnomerch.com\/index.php\/wp-json\/wp\/v2\/product"}],"about":[{"href":"https:\/\/tecnomerch.com\/index.php\/wp-json\/wp\/v2\/types\/product"}],"replies":[{"embeddable":true,"href":"https:\/\/tecnomerch.com\/index.php\/wp-json\/wp\/v2\/comments?post=6170"}],"version-history":[{"count":2,"href":"https:\/\/tecnomerch.com\/index.php\/wp-json\/wp\/v2\/product\/6170\/revisions"}],"predecessor-version":[{"id":6173,"href":"https:\/\/tecnomerch.com\/index.php\/wp-json\/wp\/v2\/product\/6170\/revisions\/6173"}],"wp:featuredmedia":[{"embeddable":true,"href":"https:\/\/tecnomerch.com\/index.php\/wp-json\/wp\/v2\/media\/6171"}],"wp:attachment":[{"href":"https:\/\/tecnomerch.com\/index.php\/wp-json\/wp\/v2\/media?parent=6170"}],"wp:term":[{"taxonomy":"product_cat","embeddable":true,"href":"https:\/\/tecnomerch.com\/index.php\/wp-json\/wp\/v2\/product_cat?post=6170"},{"taxonomy":"product_tag","embeddable":true,"href":"https:\/\/tecnomerch.com\/index.php\/wp-json\/wp\/v2\/product_tag?post=6170"}],"curies":[{"name":"wp","href":"https:\/\/api.w.org\/{rel}","templated":true}]}}