{"id":6166,"date":"2023-12-22T20:52:19","date_gmt":"2023-12-22T20:52:19","guid":{"rendered":"https:\/\/tecnomerch.com\/?post_type=product&#038;p=6166"},"modified":"2023-12-22T20:52:19","modified_gmt":"2023-12-22T20:52:19","slug":"hub-klip-xtreme-kuh-190b-4-puertos-usb-2-0-negro","status":"publish","type":"product","link":"https:\/\/tecnomerch.com\/index.php\/product\/hub-klip-xtreme-kuh-190b-4-puertos-usb-2-0-negro\/","title":{"rendered":"Hub Klip Xtreme KUH-190B 4 Puertos USB 2.0 Negro"},"content":{"rendered":"<div class=\"oe_structure\">\n<section>\n<div class=\"container\">\n<div class=\"row s_nb_column_fixed\">\n<div class=\"col-lg-12 s_title\">\n<h4 class=\"te_s_title_default\"><span>Hub USB Klip Xtreme 4 Puertos USB 2.0 Negro\u00a0<\/span><\/h4>\n<\/div>\n<\/div>\n<\/div>\n<\/section>\n<section class=\"py-3 py-sm-5 te_space_style pt0 pb24\"><\/section>\n<\/div>\n<section class=\"s_text_image\">\n<div class=\"container\">\n<div class=\"row align-items-center\">\n<div class=\"col-lg-6 pt16 pb16\">\n<h2 class=\"te_s_it_heading text-uppercase\">CONCENTRATE EN TU TRABAJO Y CONECTATE DONDE QUIERA QUE ESTES<\/h2>\n<div class=\"s_hr text-left pb32 pt8\">\n<hr class=\"border-600 s_hr_solid w-25 mr-auto s_hr_4px border-alpha\" \/>\n<\/div>\n<p class=\"mb16\"><span>El estilizado concentrador de 4 puertos\u00a0<\/span><span>KUH-190<\/span><span>\u00a0cuenta con una interfaz USB con velocidades de transferencia de hasta 480 Mb, y te permite enchufar a tu PC varios perif\u00e9ricos de alto rendimiento a la vez. Su tama\u00f1o compacto junto con la conectividad plug and play lo convierten en el accesorio perfecto para conectar dispositivos muy pr\u00e1cticos, tales como impresoras, c\u00e1maras digitales, reproductores MP3 y mucho m\u00e1s.<\/span><\/p>\n<\/div>\n<div class=\"col-lg-6 pt16 pb16\">\n<div class=\"t_img_hover_1\"><img decoding=\"async\" class=\"img img-fluid mx-auto\" title=\"\" src=\"https:\/\/www.mytec.com.gt\/web\/image\/916933\/image%20(5).png?access_token=75fb6c14-82e6-4c6c-9b58-aa46745fa4be\" alt=\"Clarico-Text-Image\" data-original-title=\"\" aria-describedby=\"tooltip888176\" \/><\/div>\n<\/div>\n<\/div>\n<\/div>\n<\/section>\n<section class=\"s_text_image bg-100 oe_custom_bg\">\n<div class=\"container\">\n<div class=\"row align-items-center aos-init\" data-aos=\"align-items-center\">\n<div class=\"col-lg-6\">\n<div class=\"t_img_hover_1\"><img decoding=\"async\" class=\"img img-fluid mx-auto\" src=\"https:\/\/www.mytec.com.gt\/web\/image\/917107\/1.JPG?access_token=488ba179-052d-4b61-b492-9b192ba8ddbb\" alt=\"Clarico-Image-Text\" \/><\/div>\n<\/div>\n<div class=\"col-lg-6 pt16 pb16\">\n<div class=\"iconete\" data-darkreader-inline-color=\"\" data-darkreader-inline-bgcolor=\"\"><\/div>\n<p class=\"text-l padding15\" data-darkreader-inline-color=\"\" data-darkreader-inline-bgcolor=\"\"><img decoding=\"async\" src=\"data:image\/png;base64,iVBORw0KGgoAAAANSUhEUgAAADYAAABQCAYAAAEl77YMAAAACXBIWXMAAAS7AAAEuwFuHw6uAAAE+UlEQVR4nO1b0XEUMQxVdu6fowJCBYQ5\/UMqIB0QKiBUQFIBoQJCBdABuX\/NQCpIUkGSCo7x4T20XkuWvd4lCfdmMrm115ZlSbYke3dWqxVIaHg5Iq7cX\/vcqXQgop1OJX+b99Ag4i9fcNgj7Qa0WCxW\/H\/7ez3asNtOS\/42f+6NlqNXyUnYZggRj3oD0wY0a9\/m09aWqaOdAcAJAJyHFa4ncYbWZIbPUKxrcYZiLCYbRigsieh1FYqzSO+fiegoNYom7DHWKIZ25k78\/33pRU5gI0k\/lF0AuEwQ+kpEa2sqnpyoBvCJkCxPUp1lYshdCwmU80iq0xT1EyL27EIcIuPnlalRbEUL3ymaftX4JMz8OvrC10uKfM75a1gDh\/cWSkXDc41esuenpkZEtN4b4M9M3cZe8svB0v\/eKZs9\/hATZKysgb8CvEhRaAU9nUZIWr6b3YgvOIjYE0PMNF4HRU+SjYgotNbn4Tvq\/hsDIs4B4AaUpU5CFjFEvAKAZ0HxfoSrKEzEODcSLFwmiQncSFC5LJFZp0GO3DaG7N3JL\/7xDgD2iOgqcyCuD9FgZl7PfwTlTtcvETFX4w6lvQe8vYSEwtGaNM2CJrVEh07YIGJuafdTdRLU7ecarRuYb7MMyneKt4dSzJR2P5yCpCCGNxFsOCOiY+cDjsDQRicmNepJZTYpMfM0IuIBAHwTqp9K3hGHiTNE3FMIQWr7aWEixv27ITDLLLYyeNhXGikW0f4Wi8V5SbtsbfQ796uIC5ZEFjGX5GAugro1xZCj+lGnZ6wVJKreOZur1c40X8QsvySxQE4STPJTZWZxTjlS8st1vzuRba7b8Hi3GO4R8wTBJkWUA0Q8Vl6\/mglK8BYR3+bKBAA+KnXLRtO2hH1lIyUza6hkwuPVRkfsWqkP\/f9hxIho1wd\/IZbeS66GtZ0R0Tzi6WbvxK2pSF7z41aQySDGZ5a4yxibbTKDnDPNBIZgk\/HtbJ45UaQRF0S0F+OsVdHPFYhce7d8jxdu3YItsarEOum96Cm0gpwoRnrxIlRxCdbA4kypfuE9tDrEnGuXqM86GJ0EVmKpMx1tmjeooSB3zq2w9JEzjbH0rpkQlKQAS+DTUT9905PaXlsMozOGiN8B4E1Q7NzUXUsirxSjMRZIScJo0huFMUFKEkaRXlXGjFKSUFV61RjLlJKEatIbzNhAKUkYLL1BjHmnQ\/NyToO7KCHEu1Iu75R7sssx6nIfBiAhCnJiZkzqVE0JLWznanZb63xpKvBcrWPku6Q6wdnxByI6HXOMKTVOYNmwTm4yOvrkrwkf1GBiDDR+\/ymdmW\/3lbmmwqZqCv2mRo1VserJQi04xj4M6Ovu3krMr24vhVS+BpdbmY8ZUw1Be2Tg9qi5X\/LPEnY3SQQMAOG+6fbU3h1OBn6l4ldng3az788eNcaq3V3TEF6KNrhnnbObR+tS\/X++ooLT2CVnAWriNvNKpikJ3CLGWMrZ1eKrXJR6PCF61xSlD4G0+2\/3Db2PlETGGIPHiQsP\/xJueT+Q9tFtBP3QsGXsoWHL2EPDWIcShz5ZqnnjLdRluxS1DyXmPqK2MBSiajhUWxVLmXL4mHsTQUM1xvyt5FKmWqifIOagpsRqZIqr2Vk1xrzxvxvQxbJmdrmqjRHRmb\/KkPwAN8C7ml+wOYztBLvButxFmENxjLtJOBslywUAvwHd2hk2CoTvCAAAAABJRU5ErkJggg==\" data-filename=\"Klip Xtreme - Usb speed.png\" \/><\/p>\n<p class=\"text-l padding15\" data-darkreader-inline-color=\"\" data-darkreader-inline-bgcolor=\"\">Velocidad 2.0<\/p>\n<\/div>\n<\/div>\n<\/div>\n<\/section>\n<section class=\"s_text_image bg-100 oe_custom_bg\">\n<div class=\"container\">\n<div class=\"row align-items-center aos-init\" data-aos=\"align-items-center\">\n<div class=\"col-lg-6 pt16 pb16\">\n<div class=\"iconete\" data-darkreader-inline-color=\"\" data-darkreader-inline-bgcolor=\"\"><\/div>\n<p class=\"text-l padding15\" data-darkreader-inline-color=\"\" data-darkreader-inline-bgcolor=\"\"><img decoding=\"async\" title=\"\" src=\"data:image\/png;base64,iVBORw0KGgoAAAANSUhEUgAAAFAAAABQCAYAAAH5FsI7AAAACXBIWXMAAAp8AAAKfAG86Dd8AAARJ0lEQVR4nN1cW2xcxRme9a61lu1WjhThUHgITUSlkmLTl6BsKInX3nVu4CSqWkgauw8QcEpx4kBfiu2kPJRcTWlcTB+wQ4CqkAuXJN5dm5ISI3hpYi5F0KThIYGkQk1Q7Cgr72arbzxz8u\/szLl57dJ+0tGePWfOnH\/+mflv889huVyu4Kivi9aq1\/L+1NdFF4nznF3BHPnlqK+Lzu7v689ZBWVNiYEB3LQO+TDuB3jpCeQaovX8JDU0yOg5YyxQ0hCtr0UhWVrcsH5lJSWpocGTeEJekTXJX4FACSlwi6xFfe1EnaLVsnW5fLCTJ0\/mPPGRttoWJfRmQ7QeLGrCeTKRyK+BvNYi7vyXX\/LfNffdb5EQAF2pocG3KcMl9r24j1XPmhXgvJa10W5DjThHl8YbYh\/ydty74h45AGj\/5v3HL5ODAQ\/gwrbfPmUVunz5sizMtINC6feA2uoW+dqOJ57gv\/GG2FntCF8Sb\/xCnt+zfMU141QwdCc\/RKON5U1z63OlAG+06CBOMhikjpn6umiVcexgWNBJoDKsoqKCHXr9NXr\/56mhwT5rIsgKnSrSgZZfsWz5Z28cfvN7dNCuXHv\/moLK8BA9YrFYwUvxi8oYnQWpocFDX3311bkL58\/n0aL+TyaTef87Ozrws7GgyZhGsXjcd5NRPjU0GCjodtmjcgqqMhDDnYIOVt2wqVKHDWYfmVxtVLDqnrMb2LXKf1cD27UMc4sSUzkh+TmWL132Hr0Xq2\/42li\/iXTIa8kb2TE4X7502ad2zVf5NltRDHnKYUm88bCc3+SZLlqH2uQzGI8N0fou2gh5cmTg6FJ53hiLj46OjuLeIVqBrlOsC3v797IX9u7Nu3nwtUOssrKSnw8PD7NIJBKg90tEBywinWH9qpUBK+9tYk333MvPuzo6+0XZWllHSJS7JCmjyt6EsbExTn1qaLCZMdb82OOPsVg8HrAohM5viNbP0D3\/3TlzLGlDIanf\/tQ2qzKmjMOLkCx4M0Xvc73WP7VSYM7cOWxp45LDVoVL4o1jF86f58K1etYsNjJy0ra5KlatXs17v2dPD0ZHX8nRxECF0NMzwLt1zc2eKhT8DrRuaA2khgZbrCYHg8F3QGVNTY3uAT5EdJ0lOrFK\/ufjMN4Qu5xIJSvlxfUPrmf\/PH3aljKVnw3R+jvQuZzCRCr5LaH6A+g1dAS0mwnP9vbmNReHsA4Lpc1jv3qc\/0IdqFQsiCzg19B8HZUcqhCVE18KB1g7KkS5KmER9bkyRVChsBK4tCHiLGcnvkKFNE+gsrLCmgHopHNnz15IDQ1eEjPqopHBbvSEMM2M+mbKdArGYygUOofJUqw6jTrKhohFwm63dBjBxb7+vvKGaH23egNzB895ptBNl6g2ghyhcjTmFD9C2OlVYlJ\/KE1Ut6aCq1ENfSodg\/q6aJM64hVX07Ks6DV1iqkENsbix+nU9ESgILKJGOhy6uVUAgFc27RxIz9wLrxEz0R7niQwIJ7t7e2EHpKAHlu7Zq2noQTFSXUdowavDahDgUF\/YseunWzk5EjBE+ua1\/kiTIX0cKAToF8pZs2qZqOjo6z32d5RoT+0LhRU10VVrusspslArT+ZSLDu3d2fHBk4+n163baLqZtmMpx0XafUYbyHusHJt956a\/hoYmChrgwnEFwLh8MD6XR6vrDI8gq1b9rEPhj5wPgSJ5iIVJ9F97Zvape2BXdupVV46c0jh+9kjD29fdt23iqKmhqdTHYHaQo4YWRkhDuD0KmMsVuk523s4uVLl71099133yftEaeu0gENVX1gCdgyW7ZupXXPAKPUcgUErli2\/NNHfvnIrWo3g\/2w+osBNVYhoSPUIhA+YC6X+7YTl+CWwJPwC5iTkKkupAK3WR0FNby4gWSiwDo5sH8\/+0PPH1yRaeKYmHzarrVgp2agK2WU4vjx41Iv9+lUnRtIvQt1KOEURLPTw12iwgJjkhII3YqG7H\/11QIdSy0ck95Fg30bCwbCF4GbMCKWxBv\/Lq8jWiC5TWOSMLtoDLVo5pYdgbH6hsuGe7k9v9+To6EPcq92Wgh00YC+YtZXbOKMzo\/fw7NPYodQKDRMHfliwDOBdkG9cDhcDqNDd4\/GmbzAM4HQNvDQNAR0w+yCRaQjDsaw13cxPwQC7ZvbK6GzlcuPwkKGuSaXkth1A5hb6r7gYyJwmUYXkiDrqDMkxQmVgWQJztOhjX2IVrelhga7TI0W1s48BPSCwWCNNMuA6upqeVrgOmjeNZsx9nZqaHC27r62i4Xy7oTJvyTeeNyOyMWLFy\/NZrM30es7d+0sWNXRENaEMhUVFWcYY+bJYyfT0C1QX7B04w2xUWgIVb\/myHKIHWQXSx3vNtrgarxRw0BHIJx01XFXgWt49tQ\/Tll3xDJCkx0NTl5dS9fWLc9HIpGCe7CwsY7mZLz+bN067lMb6nfvuNsQWTCW3ER1VYh1Zuvq6VOn2UPr12+xm4iMuJ0QpFJFXZIRXUFg374X9zXLyidj8kMWyji4jntU04gF9eschHZY\/9D6SqytnD9\/Ia9ihDwgRibrjzDCSXWNAqiprWGbN7Uz6Y8wtYuXNi75om1j242qR8eKHPowiR\/h1d1BezBPDh4ZOPqdZ373zGeIk6goZlxGxz3icuat1mgnSWMs\/mE0Gp0ntQMIRsTBBHUCMBcTSbM0785xl4AGqauri4BIP1EFJyJpUMpO1BSoOuhWiJYHHnwgQvWrDjRXQAe7qBf8aia4v\/b+NTmaUEMREq1oYYw9j1Dan199xVoldYJTA+yAoBIW+zA09r30Ii+ZTCQOgqPhcPj9dDrdiC5HMhSiSM+vXLWKt9gtcVMBSA9wNBQKzcd6C+RzCKuKjLEWmD1HDh9+LxgM3rD1yd8E1IVFHcQ6tC9S1ZAeiYQ9nRoabJPXLXswNTT4OcLEbKLLUWA3DZHp0NXRaTtJ1HSUPAJra6yYdzAYPJfNZufpZrHJ5OfBQ0kcCDVBDXZS2AXc0UMYf5hooVDor6YAkqsgupvYYNfWLVZ32wUumSbahRn9XO9zHw0kEz+wJdAU4WdFiAtS0HwKCSgDaDGZziRBExBry8vL\/20aU7r4nh9AlOkkBWYwIruqS0vNLaPfKo1OYcP5Jo52rUM+yNepocEq5sdg9UukOu7EOL1FSA8jbB13jMnba27Pu4b4Mgi2S2tQ8XDrwwVDBFooGAx+5PSsLYGoYOeuXXnXevb08F+8EIPdTgQhyoDGQKWBY6pcnDlzpnMr7TwqmXkKwFvThXXdQnh1PNyLCC0AlxbhY19uJyqDOwkikd6nW1mXkDmrqotKQUMfSKqQ686+\/WIZ0XfylXVcRUAdnKFE6mIzMiysZr45EqjJedQSKHMWkANJV9glV2i+gl3wyO59vqNbNKEidz3bmI8rkR\/IryPxEESKKILnELGv+CDGpepDZLPZfzG+etQO52uZvA7V1b27+0voc+J7u4Yx9cgOV65c+aFqfaTT6Tt79vSc0fkg8BZ1UVlX8NHFxm4S3d7i59mijUEH4ou6RpKbinzgYkL4S0y4Jd9IFHUdRwexPOI550F4wjzzVpxPy3u9YsoZKCTfCZGc56pBIu7PPXUcOBfX3DxbKwTaCT9S1yumg4EciIyiUVieclptDIfD78Fxad3Qyg+c45rdM6gTwc3y8vK\/iXdNC6aNgXDQYVnDa4Nba2KkWLW6YSdZ18M5rtEUdQnUIdYMLyIy\/NobrweIx2jOJCkWPGqxKjuzzU49q+s6chuI2FYjDXW+rUaXuCkTP1FG0iK35NAE0RxZL\/JBp+f2eRqBwrhqE3FQvrfAr6CWafOIgmP0iOXK3XBOdUE\/XMM9lBFlL+JZvh9Msx7hBkLR9Mn2iLVdT6PWs6WKNSsh0Jt37NrZPHJypFlGlESA79fwl90SAs8dx\/antkVGx0a582wC7iHBsLKi0jFwrkKIi6ZgMPgk1o0RcUAsh6wa9Tutx+ng2w7EKAiHwxEEvmmUCuFgxPlIKil2FTXbrXYWG2Q1rF+YQgyhG3QADVXLldp0Om3MnZ0yBrKJhaizM2fOvEmuHuiAMMz+\/Qf4HWhUCjTg3eFhzvR3h9\/19G6EgsCMBZFIQZhRpmbH47GChS8KMA87PAeSiZv9tJ9NloGYFsFg8Oxt826rUGNfJmB0YIQWK4gsgSmJEeZ2lCPn8+OPPh7LZrM3e5V7FJN25YQ8PIM1BJNcQigWBBebaSaAmehQuiuCgiw9OIZ1naAuPdQGAoFjdinKdlDl3HQzToWOkZPMFkC23yK60K4dgWBkSUnJO2VlZRUbfrEh4MdM8JOtMlVw2qRhgkwuKCkpGb127dpdaoYCc7GDpKqsrOz9q1ev3qrbuKGD2xyk6QZGo2oxODGurKzss6tXr863k5GuZKBQFu9gERfGrMlWKwbzIEsXLIwUrIxzTX182HbZ1AlOTJQbErAglM1m73KjXDwpEbGVqCedTt+nUxr4gINXc4QJpnk1jJ3WoE3QZQ3IusLh8MvpdLrVi1Z2zUBhybcEg8HNMgMUxLS2tort5iPSovcEXZKSW\/jd1ieT7vB8T0+P1enCk9qBDAi3TDQpEZgmbeFw+KfpdLq6vLw8t3DhwkCsMa71U5lP7UazGvwCUxu5Jl5g5xVhICQHEgzLm1euXAmEw+EL6XT6T4yxbp3Jg28FIRjQFgqFfpzJZMohJ6AsVq9e5Wlk2O0ENMHNDkE3cPNJFwq4dW4Nf0a8KSgXyPdQKHQlk8m8AqaGhGpuEZlFTZlM5qGDBw7MP3jgAFf\/YKTOXfp\/h3QzwThpjiHBDbvsMpmMFSyhaVqXRPZTH+UN0vdKS7sfGB8f5x9HQUr+qtWr+NSjIxR5YV5HIIT3ZLL5mEMWlgmq2MAImwiCHGAXLkzkEpeWlh4ZHx\/\/I76IZFeXL1cOkZhMJhNRtafXqcQmYeSySRjrVHRIDYyNTX4iMp60sLQFTWaHU1qwHcDIrVu3OMpdjJaOjk7fXo7JIZCM9GIDMpc5Wp68kWJvyi8m3MQk5SAoLS39ZHx8fIETI40MhD8s5MCNbt04iW8iE+08KB0Ud+4nOj+YGTJVeSDh2rVrlXjpnLlz+bRRN2rocPr0KcvKxzOQUf9tnxhmGWSsFA3wlubMmev4HL6NgWdOnzrF3TtTQKEgnGVYjL5k6gF2PQWjWedVwDDtfKJj2hlpigkS76XfLmXELS+KEVDFQkyn\/ASBCZMV\/m7hRhmRXFvHjV1OmGxIn+\/k8OqSwUiFzVWM0L4M5cM29WLsExcw76OdXuGbgWJ\/zEGTgpE+pYyYuNGAeAYyZ3R0rOBbeDDU8T0yyGSnzSJUicHkAoN1s4OYXSudDGYTfGUwCvlwEEwB86TbA8JhyQeDwTES1fjc7Re\/ZlVXE+bomW23CUUFdmshMJJMJmUUqQKeFDoS7iloh3J8Ye\/eg\/KLfF554ZmBIlJzAlMHvYwDVnwmk9nhtxdpbM8uvEXDV25jiCKC0iUO2YamUGj3ZnhTTIiBsbGxE+KT054WmTyldoiYIDalbhkbG8PL8OnDAFwgP8yDDIT7d+zYsZdRD+Jx7TYxRdxDGZTFM3hWbr\/zAtAqaOb0oy1oE9rm+TsVxU55NSTs5CUX6RKLaFndVyHJd7HzyusSjPwmF\/k5piO9jScfIQcFQhujBjunkKaOLV7UVRLnKzGd6f5gnIspvlItL7aJzUCdqBtl8S6mbOeeKkx5jrRoxF9wbrc8qDyDz08+CnnIrm8OzNsuaXjO8qLEpcVyH\/xUYVoYGAgEXs\/lcj\/youXwXWpsgMV5JpN5X3x2zu07ZYLAvf\/zDPQL+bVWNsHAmyaTvzKV+KZvc+Dy0499Ni1gjP0HsF901oGn\/dUAAAAASUVORK5CYII=\" data-filename=\"Klip Xtreme - led charging indicator.png\" data-original-title=\"\" aria-describedby=\"tooltip923633\" \/><\/p>\n<p class=\"text-l padding15\" data-darkreader-inline-color=\"\" data-darkreader-inline-bgcolor=\"\">Indicador LED de estado de encendido<\/p>\n<\/div>\n<div class=\"col-lg-6 pt16 pb16\">\n<div class=\"t_img_hover_1\"><img decoding=\"async\" class=\"img img-fluid mx-auto\" title=\"\" src=\"https:\/\/www.mytec.com.gt\/web\/image\/917109\/2.JPG?access_token=1a483b86-84f8-4feb-a56d-4238353d142f\" alt=\"Clarico-Text-Image\" data-original-title=\"\" aria-describedby=\"tooltip662307\" \/><\/div>\n<\/div>\n<\/div>\n<\/div>\n<\/section>\n<section class=\"s_text_image bg-100 oe_custom_bg\">\n<div class=\"container\">\n<div class=\"row align-items-center aos-init\" data-aos=\"align-items-center\">\n<div class=\"col-lg-6\">\n<div class=\"t_img_hover_1\"><img decoding=\"async\" class=\"img img-fluid mx-auto\" src=\"https:\/\/www.mytec.com.gt\/web\/image\/917111\/3.JPG?access_token=9ab1b2bf-1e42-4c9a-9989-9b755b105d7f\" alt=\"Clarico-Image-Text\" \/><\/div>\n<\/div>\n<div class=\"col-lg-6 pt16 pb16\">\n<div class=\"iconete\" data-darkreader-inline-color=\"\" data-darkreader-inline-bgcolor=\"\"><img decoding=\"async\" src=\"data:image\/png;base64,iVBORw0KGgoAAAANSUhEUgAAAKMAAABQCAYAAAECbfWhAAAACXBIWXMAAAsSAAALEgHS3X78AAAGcUlEQVR4nO2dX1LcOBDGmxTvJCfYyQkynCBQhY3flpxg4QTLDQI3gBMETrDsm8t+WHKCMCcATrDkBLMlr+TYsmzJVs9YHn+\/qhQZBmvknlZb\/\/rT3nq9JkUSR79e9OcwzfIncVVRqGdhNdIs39vXfzG0MFUx8XPvNDpZVwtM4uhoQO0eqwXvG\/7mnwEVrd2hqVD16arm66pZTK8bn6Dfvg\/qA975FmRCd6lrj7K+yp+vuk2\/Gv64F2mWL8oWlcSRcIvPHoUV3wl3a7ovv3VhxzTLr4aW1HB4VVjfVqRakIKjBdX82eiTwsDSyMfaa\/39ZulcLWdjraa0ofyEoS3mUv2H1Q+F2TifPdx8SbP8gTbxLOOmsORpdKLHGq+WzYFutH09GOoV3IaVbc11Iw8vblr7Aib0O5axuQinJmtUvwXb+11UnzKthW0bvfLi674dcnfbZBohSAvmL0T026i1klTdrlZJ+r+i50T0bZyq0d9plp\/pv6x2IMUj6PcxamaiYckkjt6I6CCUCirKnvNpdPKeiP4NolYG1Li2UcGxYmVbww0umBvC4XHnYzGJowURLTZbrfpQRhhJq+iR7dl9zjEOdWD6vaDd6qr5dMV8umk0FUtOoT95jYYzBBmbw64kET1XX4jRa6N1S3\/4TkSP+ntbwPjgCH34sEqzfKm+7sORK2NEVJD04UNAFr1Ps\/xcvWiMcRRJHInO8EuIPfaR+J5meetEtWmwGORwJzBq3kghD2gnQmNdFV44nIs0y+\/25byPzYgf0ix\/C\/luNkUSR3dE9EdH8WLO7K7RKdcJoZM+NkkciUm+vzqqcd1rSl8niaOrLU0bbJwuhxFrckkcdVZhEiOwKQBDMuHVtNtwiavVlb4qrjHZNMLxudYXeCQTvh75Iqc4hvDmcS2NeK0RdH8csYSDacybTgGrIU1zrXNDjm66eBGG\/GD5o+ckjp5mbMS1ZYgowt+dmrTYmRHKtqntA6ZfE7nB7moIEdsuIDG\/\/2PuRurC1JNpXWpQ+G6B3xFu0yy\/7LoVF0OKJi9i6J8zM96KiB5c9jJ3LXzh4VPnWM+4UJhiIx427fxMs\/y9\/m6tEy4fLjBgOwem4WFpRDyd3THtb1fAgD2Qq6wFhRHlzljQjwO50lp6YhA5AROkSFEw5Xm18THN8tl4bI88jkPrpK1IDRaZvEx1mxwOazcr6zzjnA0o+Wh5\/5PNiCvW6kwQlxBmW8x66HpziNxDqLQN6VzwXREcIm8RKoMX7LCIxQCMyACMyACMyACMyAD7DjLPXVxO0iIt13amXFSuZV83gicyACMyACMy4BsTufcguk61ma513UPEvtfINhU2uoZUCNimw9CcGYARGYARGbAZsbHaD5rYjDi3TUyDcNnLvQyz6ttB5pN34hITf8zVkHIjvC0h\/1b0E\/vo5PmoM0+JpauaQamQGLKMY+AUa\/KqOX+ZuzWGoNbkCyNKgePXqd3EyFyoj9fFgCDK4UZNHqb2dJZbaeGR3Vy36utUcRCdmCtGVZfOFIyRZYJDQbTMo649OdY8li6kkc+RMDR7XuW+rRufPay9nFGGyxvsUAYO3IuDUfqIg7lk+C2l18MBwVCcVuy6MiWXUroWQxnARUMRtEpbxukTIiHYIIUQqF68PqmDITTYFislM66oZkBfwRHBFvmk5zur1atNzIOtZJ9zllLLO4qIZEfM44gyK5fzYC8x13SmFNbB7uOgbe5KIewknPGGYU\/TIZxwvnAcjaFOAvbdYDIr5QhghiFKXvjuR76FIwKJbxrKwjdhaPDgBPKDYTJUm10EJdspJDaQqQGCAc4IggHOCIIBzgiCAc4IgmEjh9pxw3n6Vtthei2wKmf0SBp0klfq8bmTOL4DkREEA5wRBAOcEQQDnBEEg+9GCUjjgRJPVRccfwzCAc4IggHOCIIBzgiCwdcZd+bcK+CHTHP24p2nov5nuUkWzJgkjhYMac6Pwhkbmf09+ZrE0ZNUogAzQwajZ8+7Fgn9jypvmnMhXcgr3yE3ZneRefZXjBI4RXZpKW8CvVowEqXuTnUAs4DuL9gyNQEokwqZd0I2AA40hB\/aBL2hzQg2RatGo00YHU4JuOgUCiVXTW85beNyshEAVX6KAwjkyThWep92IB3zUv5DxAQ6YhHlSswb9rWM19EbCumgZ1K\/b4mjOHYeob0p5pHFAOSBRYGOiP4DldT03vuC6\/kAAAAASUVORK5CYII=\" data-filename=\"Klip Xtreme - Usb port.png\" \/><\/div>\n<p class=\"text-l padding15\" data-darkreader-inline-color=\"\" data-darkreader-inline-bgcolor=\"\">4 puertos USB 2.0<\/p>\n<\/div>\n<\/div>\n<\/div>\n<\/section>\n<section class=\"s_faq_collapse\">\n<div class=\"container te_section_accordion\">\n<div class=\"row s_nb_column_fixed\"><\/div>\n<div class=\"row s_col_no_bgcolor\">\n<div class=\"col-lg-12 pt16 pb16\">\n<div id=\"myCollapse\" class=\"accordion\" role=\"tablist\">\n<div class=\"card bg-white\"><a class=\"card-header\" title=\"\" role=\"tab\" href=\"https:\/\/www.mytec.com.gt\/shop\/product\/kuh-190b-hub-klip-xtreme-kuh-190b-4-puertos-usb-2-0-negro-6351?category=242#\" data-toggle=\"collapse\" aria-expanded=\"true\" data-parent=\"#myCollapse\" data-target=\"#myCollapseTab1622501440189\" data-original-title=\"\" aria-describedby=\"tooltip820122\"><span>ESPECIFICACIONES<\/span><\/a><\/p>\n<div id=\"myCollapseTab1622501440189\" class=\"collapse show\" role=\"tabpanel\">\n<div class=\"card-body\">\n<div><img decoding=\"async\" src=\"data:image\/png;base64,iVBORw0KGgoAAAANSUhEUgAAABkAAAAZCAYAAADE6YVjAAAAAXNSR0IArs4c6QAAAARnQU1BAACxjwv8YQUAAAAJcEhZcwAAB\/MAAAfzAYYa52YAAAMASURBVEhLlZZZiE1xHMevZTBjKWVskfXF8sCDpKSkmPDCiwfe8IIYNQ2yjZQ8iRdRikSRXfYoWV6U8oCsEQ8Usg2GsX0+Z86fc++cc+fMtz5z7zn3\/P\/\/81v+3\/90KJRXb5gFU6AH\/IKgTvAZrsJZ+ASp8sE09YJ6WARv4SsMgVHxZx9w0gfQFZbDCLgDP6BNjYfzsBQug4PkIXj\/EFyIr8Nv4fmL4PiymgYnYS00wTvYDIOgNGqvB8NW+ADfYDUcA9ObKt\/ABXbCbzgD1ZBHA+ES\/AHHHwdTWyRrYMhG4AJ7IKteWeoM+8DmWAfnoBv803pYBqbICNqzwAw4DP3AcY63KZxvDUSyTY+ARbYGeVOkbOuXYJpsdWX9PsIpMP2VUFgAK8AuscjtUS24wFOwlYNsBhthCczvyB87oTuo3fFnHvWEkI4G+N7yNdJ+qACzVOMihjwBnsEryKuV0BfugjVJysjewFiochG7YSQ8ib\/n0QBYBXaiHWmqkzKqx6A7NLmI6gL6UFKGOxlMS6mcuApugd2Upvdg0ZvDIq7sXklqNlyHvdHVfxn14pavUesbTZr0N4tf4SL2tqnS4JL74xE0wxwY5w2ka28EI78Ctn2a7DTnew6VLmKabsMw0B6C7sNR8Jlt4AIWch5YuzrIktEayT1odALPA61c6aRB9v8G0AWmwkzYAtbKzautZ2kh2AxuSs+aqBY6p96lmyajUdvBBV+AEXyB4ZCloWB2nPM0mNpIbiqjsFC6qWYX1B8awYVkF2TJcY43Ar2rKKVuSA8czwMn0k2TTbAJvO9gjTBNLnAAjNaXdj5TWyTPE0P0PPBB+1+zU+6Vg+BxnCZTZASOc7w1a3WeBOljHjieB9q1b67ZjYakASqvx4CdZw181ghcYBKUlW\/ggWNOtWvr9BP0tRvxvZvwGrxvZ5oBnzdFrSLI+pfIE00DnAimQTd1j+hFWoULu9HcB0YwHa7BDnADF6mt\/7uccC7UgF7lnnESC+pvdp374ASUmmSsQuEvb0u7ITJ0T6AAAAAASUVORK5CYII=\" data-filename=\"Klip Xtreme - Icon-Specifications-grupo (Custom).png\" \/><span>\u00a0<\/span><span class=\"title-specs\"><span>Especificaciones<\/span><\/span><\/div>\n<div>\n<ul data-darkreader-inline-border-top=\"\">\n<li><span>&#8211; Velocidad de transferencia de datos: 480Mbps (m\u00e1xima) \/ 12 Mbps (alta) \/ 1.5MB(baja)<\/span><\/li>\n<li><span>&#8211; Dimensiones: 77(LA) x36(AN) x11(AL)<\/span><\/li>\n<li><span>&#8211; Puertos: 1 puerto USB de flujo ascendente y 4 de flujo descendente<\/span><\/li>\n<li><span>&#8211; Tipo de suministro: Con alimentaci\u00f3n propia<\/span><\/li>\n<li><span>&#8211; LED indicador de conexi\u00f3n: Si<\/span><\/li>\n<li><span>&#8211; Corriente de alimentaci\u00f3n: 500 mA \/ puerto<\/span><\/li>\n<li><span>&#8211; Longitud del cable: 150cm 2.5mm<\/span><\/li>\n<li><span>&#8211; Requerimientos: WIN 98\/SE\/ME\/2000\/NT\/XP\/VISTA\/7\/Mac OS 9.0 o superior<\/span><\/li>\n<li><span>&#8211; Especificaciones del USB: Compatible con 2.0\/1.1\/1.0<\/span><\/li>\n<\/ul>\n<\/div>\n<\/div>\n<\/div>\n<\/div>\n<\/div>\n<\/div>\n<\/div>\n<\/div>\n<\/section>\n","protected":false},"excerpt":{"rendered":"<p>Hub USB Klip Xtreme 4 Puertos USB 2.0 Negro\u00a0 CONCENTRATE EN TU TRABAJO Y CONECTATE DONDE QUIERA QUE ESTES El estilizado concentrador de 4 puertos\u00a0KUH-190\u00a0cuenta con una interfaz USB con velocidades de transferencia de hasta 480 Mb, y te permite enchufar a tu PC varios perif\u00e9ricos de alto rendimiento a la vez. Su tama\u00f1o compacto &hellip;<\/p>\n<p class=\"read-more\"> <a class=\"\" href=\"https:\/\/tecnomerch.com\/index.php\/product\/hub-klip-xtreme-kuh-190b-4-puertos-usb-2-0-negro\/\"> <span class=\"screen-reader-text\">Hub Klip Xtreme KUH-190B 4 Puertos USB 2.0 Negro<\/span> Leer m\u00e1s &raquo;<\/a><\/p>\n","protected":false},"featured_media":6167,"comment_status":"open","ping_status":"closed","template":"","meta":{"om_disable_all_campaigns":false,"_mi_skip_tracking":false,"site-sidebar-layout":"default","site-content-layout":"default","ast-global-header-display":"","ast-main-header-display":"","ast-hfb-above-header-display":"","ast-hfb-below-header-display":"","ast-hfb-mobile-header-display":"","site-post-title":"","ast-breadcrumbs-content":"","ast-featured-img":"","footer-sml-layout":"","theme-transparent-header-meta":"default","adv-header-id-meta":"","stick-header-meta":"","header-above-stick-meta":"","header-main-stick-meta":"","header-below-stick-meta":""},"product_cat":[161],"product_tag":[],"class_list":["post-6166","product","type-product","status-publish","has-post-thumbnail","hentry","product_cat-hubs-y-adaptadores-de-memoria","desktop-align-left","tablet-align-left","mobile-align-left"],"aioseo_notices":[],"_links":{"self":[{"href":"https:\/\/tecnomerch.com\/index.php\/wp-json\/wp\/v2\/product\/6166","targetHints":{"allow":["GET"]}}],"collection":[{"href":"https:\/\/tecnomerch.com\/index.php\/wp-json\/wp\/v2\/product"}],"about":[{"href":"https:\/\/tecnomerch.com\/index.php\/wp-json\/wp\/v2\/types\/product"}],"replies":[{"embeddable":true,"href":"https:\/\/tecnomerch.com\/index.php\/wp-json\/wp\/v2\/comments?post=6166"}],"version-history":[{"count":2,"href":"https:\/\/tecnomerch.com\/index.php\/wp-json\/wp\/v2\/product\/6166\/revisions"}],"predecessor-version":[{"id":6169,"href":"https:\/\/tecnomerch.com\/index.php\/wp-json\/wp\/v2\/product\/6166\/revisions\/6169"}],"wp:featuredmedia":[{"embeddable":true,"href":"https:\/\/tecnomerch.com\/index.php\/wp-json\/wp\/v2\/media\/6167"}],"wp:attachment":[{"href":"https:\/\/tecnomerch.com\/index.php\/wp-json\/wp\/v2\/media?parent=6166"}],"wp:term":[{"taxonomy":"product_cat","embeddable":true,"href":"https:\/\/tecnomerch.com\/index.php\/wp-json\/wp\/v2\/product_cat?post=6166"},{"taxonomy":"product_tag","embeddable":true,"href":"https:\/\/tecnomerch.com\/index.php\/wp-json\/wp\/v2\/product_tag?post=6166"}],"curies":[{"name":"wp","href":"https:\/\/api.w.org\/{rel}","templated":true}]}}