{"id":6163,"date":"2023-12-22T20:50:20","date_gmt":"2023-12-22T20:50:20","guid":{"rendered":"https:\/\/tecnomerch.com\/?post_type=product&#038;p=6163"},"modified":"2025-08-11T10:07:29","modified_gmt":"2025-08-11T10:07:29","slug":"audifonos-tipo-headset-cougar-omnes-essential-con-microfono-inalambricos-negro","status":"publish","type":"product","link":"https:\/\/tecnomerch.com\/index.php\/product\/audifonos-tipo-headset-cougar-omnes-essential-con-microfono-inalambricos-negro\/","title":{"rendered":"Aud\u00edfonos tipo Headset Cougar Omnes Essential con Micr\u00f3fono Inal\u00e1mbricos Negro"},"content":{"rendered":"<section class=\"s_text_block pt16\">\n<div class=\"container\">\n<div class=\"row\">\n<div class=\"col-lg-12  pt32 pb32\">\n<p><b><span>Caracter\u00edsticas<\/span><\/b><\/p>\n<\/div>\n<div class=\"pt32 pb32 col-lg-6\">\n<ul>\n<li>\n<p class=\"lead\"><span>Conveniente conexi\u00f3n inal\u00e1mbrica 2.4G<\/span><\/p>\n<\/li>\n<li>\n<p class=\"lead\"><span>Adaptaci\u00f3n de uso m\u00faltiple y autom\u00e1tica<\/span><\/p>\n<\/li>\n<li>\n<p class=\"lead\"><span>Sonido de realce est\u00e9reo mejorado para Ultra-gaming<\/span><\/p>\n<\/li>\n<li>\n<p class=\"lead\"><span>Largas horas de funcionamiento<\/span><\/p>\n<\/li>\n<\/ul>\n<\/div>\n<div class=\"pt32 pb32 col-lg-6\">\n<ul>\n<li>\n<p class=\"lead\"><span>Micr\u00f3fono cardioide unidireccional de 9,7 mm<\/span><\/p>\n<\/li>\n<li>\n<p class=\"lead\"><span>Conexi\u00f3n de 3,5 mm para bater\u00eda baja o viaje diario<\/span><\/p>\n<\/li>\n<li>\n<p class=\"lead\"><span>Adaptaci\u00f3n de uso autom\u00e1tica y ergon\u00f3mica<\/span><\/p>\n<\/li>\n<\/ul>\n<\/div>\n<\/div>\n<\/div>\n<\/section>\n<section class=\"container te_max_width_4_column\">\n<div class=\"row\">\n<div class=\"col-lg-4\">\n<section class=\"te_ts_img_hvr mb16\"><a class=\"te_img_hover_overflow\" href=\"https:\/\/www.mytec.com.gt\/shop\/product\/3hw50g53b-0001-audifonos-tipo-headset-cougar-omnes-essential-con-microfono-inalambricos-negro-18483?category=241#\"><img decoding=\"async\" class=\"img img-responsive img-fluid mx-auto d-block te_img_hover_light\" title=\"\" src=\"https:\/\/www.mytec.com.gt\/web\/image\/1825958\/2.1.jpg?access_token=09993618-c280-477c-97ea-5f597d8dd7bb\" alt=\"Clarico-Offer style 1\" data-original-title=\"\" aria-describedby=\"tooltip570280\" \/><\/a><\/section>\n<section class=\"te_ts_img_hvr\"><a class=\"te_img_hover_overflow\" href=\"https:\/\/www.mytec.com.gt\/shop\/product\/3hw50g53b-0001-audifonos-tipo-headset-cougar-omnes-essential-con-microfono-inalambricos-negro-18483?category=241#\"><img decoding=\"async\" class=\"img img-responsive img-fluid mx-auto d-block te_img_hover_light\" title=\"\" src=\"https:\/\/www.mytec.com.gt\/web\/image\/1825960\/5.1.jpg?access_token=e3ade858-6db2-48de-a379-5349a2ce4e88\" alt=\"Clarico-Offer style 1\" data-original-title=\"\" aria-describedby=\"tooltip460431\" \/><\/a><\/section>\n<\/div>\n<div class=\"col-lg-4 p-0 pt72\">\n<div class=\"text-center px-5 py-3\">\n<h2 class=\"mb16\"><b><span>OMNES ESENCIAL<\/span><\/b><\/h2>\n<\/div>\n<section class=\"te_ts_img_hvr te_offer_middle_img\"><a class=\"te_img_hover_overflow\" href=\"https:\/\/www.mytec.com.gt\/shop\/product\/3hw50g53b-0001-audifonos-tipo-headset-cougar-omnes-essential-con-microfono-inalambricos-negro-18483?category=241#\"><img decoding=\"async\" class=\"img img-responsive img-fluid mx-auto d-block te_img_hover_light\" title=\"\" src=\"https:\/\/www.mytec.com.gt\/web\/image\/1825966\/1.1.jpg?access_token=5e1a7666-05ad-4dfd-8b54-753546bfd540\" alt=\"Clarico-Offer style 1\" data-original-title=\"\" aria-describedby=\"tooltip952876\" \/><\/a><\/section>\n<\/div>\n<div class=\"col-lg-4\">\n<section class=\"mb16 te_ts_img_hvr\"><a class=\"te_img_hover_overflow\" href=\"https:\/\/www.mytec.com.gt\/shop\/product\/3hw50g53b-0001-audifonos-tipo-headset-cougar-omnes-essential-con-microfono-inalambricos-negro-18483?category=241#\"><img decoding=\"async\" class=\"img img-responsive img-fluid mx-auto d-block te_img_hover_light\" title=\"\" src=\"https:\/\/www.mytec.com.gt\/web\/image\/1825962\/7.1.jpg?access_token=cf8d0c6b-5bb5-4a8a-b6f2-977cf5500671\" alt=\"Clarico-Offer style 1\" data-original-title=\"\" aria-describedby=\"tooltip640851\" \/><\/a><\/section>\n<section class=\"te_ts_img_hvr\"><a class=\"te_img_hover_overflow\" href=\"https:\/\/www.mytec.com.gt\/shop\/product\/3hw50g53b-0001-audifonos-tipo-headset-cougar-omnes-essential-con-microfono-inalambricos-negro-18483?category=241#\"><img decoding=\"async\" class=\"img img-responsive img-fluid mx-auto d-block te_img_hover_light\" title=\"\" src=\"https:\/\/www.mytec.com.gt\/web\/image\/1825964\/3.png?access_token=3341d7c1-31c0-46d1-b610-705fe6f12d38\" alt=\"Clarico-Offer style 1\" data-original-title=\"\" aria-describedby=\"tooltip883706\" \/><\/a><\/section>\n<\/div>\n<\/div>\n<\/section>\n","protected":false},"excerpt":{"rendered":"<p>&#8211; Sonido Est\u00e9reo<br \/>\n&#8211; Receptor USB 2,4 GHz<br \/>\n&#8211; Rango 8-10m<br \/>\n&#8211; Conductor 53 mm<br \/>\n&#8211; Potencia de entrada 40 mw<br \/>\n&#8211; Sensibilidad a 1kHz: 100\u00b13dB<br \/>\n&#8211; Impedancia a 1kHz: 32\u038f\u00b115%<br \/>\n&#8211; Respuesta frecuente 20Hz &#8211; 20kHz<br \/>\n&#8211; Micr\u00f3fono cardioide unidireccional de 9,7 mm<br \/>\n&#8211; Micr\u00f3fono Sensibilidad a 1kHz -47\u00b13dB<br \/>\n&#8211; Micr\u00f3fono Respuesta frecuente 100Hz &#8211; 10kHz<br \/>\n&#8211; Controlador en l\u00ednea 4 mm<br \/>\n&#8211; Micr\u00f3fono Omnidireccional<br \/>\n&#8211; Conexi\u00f3n de 3,5 mm para bater\u00eda baja o viaje diario<br \/>\n&#8211; Bater\u00eda hasta 20 Horas de reproducci\u00f3n<br \/>\n&#8211; Tiempo de carga 2,5 horas<br \/>\n&#8211; Adaptaci\u00f3n de uso m\u00faltiple y autom\u00e1tica<br \/>\n&#8211; Sonido de realce est\u00e9reo mejorado para Ultra-gaming<br \/>\n&#8211; Efectos de iluminaci\u00f3n RGB<\/p>\n","protected":false},"featured_media":6164,"comment_status":"open","ping_status":"closed","template":"","meta":{"om_disable_all_campaigns":false,"_mi_skip_tracking":false,"site-sidebar-layout":"default","site-content-layout":"default","ast-global-header-display":"","ast-main-header-display":"","ast-hfb-above-header-display":"","ast-hfb-below-header-display":"","ast-hfb-mobile-header-display":"","site-post-title":"","ast-breadcrumbs-content":"","ast-featured-img":"","footer-sml-layout":"","theme-transparent-header-meta":"default","adv-header-id-meta":"","stick-header-meta":"","header-above-stick-meta":"","header-main-stick-meta":"","header-below-stick-meta":""},"product_cat":[69],"product_tag":[],"class_list":["post-6163","product","type-product","status-publish","has-post-thumbnail","hentry","product_cat-audifonos-headsets","desktop-align-left","tablet-align-left","mobile-align-left"],"aioseo_notices":[],"_links":{"self":[{"href":"https:\/\/tecnomerch.com\/index.php\/wp-json\/wp\/v2\/product\/6163","targetHints":{"allow":["GET"]}}],"collection":[{"href":"https:\/\/tecnomerch.com\/index.php\/wp-json\/wp\/v2\/product"}],"about":[{"href":"https:\/\/tecnomerch.com\/index.php\/wp-json\/wp\/v2\/types\/product"}],"replies":[{"embeddable":true,"href":"https:\/\/tecnomerch.com\/index.php\/wp-json\/wp\/v2\/comments?post=6163"}],"version-history":[{"count":1,"href":"https:\/\/tecnomerch.com\/index.php\/wp-json\/wp\/v2\/product\/6163\/revisions"}],"predecessor-version":[{"id":6165,"href":"https:\/\/tecnomerch.com\/index.php\/wp-json\/wp\/v2\/product\/6163\/revisions\/6165"}],"wp:featuredmedia":[{"embeddable":true,"href":"https:\/\/tecnomerch.com\/index.php\/wp-json\/wp\/v2\/media\/6164"}],"wp:attachment":[{"href":"https:\/\/tecnomerch.com\/index.php\/wp-json\/wp\/v2\/media?parent=6163"}],"wp:term":[{"taxonomy":"product_cat","embeddable":true,"href":"https:\/\/tecnomerch.com\/index.php\/wp-json\/wp\/v2\/product_cat?post=6163"},{"taxonomy":"product_tag","embeddable":true,"href":"https:\/\/tecnomerch.com\/index.php\/wp-json\/wp\/v2\/product_tag?post=6163"}],"curies":[{"name":"wp","href":"https:\/\/api.w.org\/{rel}","templated":true}]}}