{"id":6123,"date":"2023-12-22T20:23:51","date_gmt":"2023-12-22T20:23:51","guid":{"rendered":"https:\/\/tecnomerch.com\/?post_type=product&#038;p=6123"},"modified":"2023-12-22T20:24:21","modified_gmt":"2023-12-22T20:24:21","slug":"audifonos-tipo-headset-corsair-hs60-haptic-stereo-usb-con-microfono-artic-camo","status":"publish","type":"product","link":"https:\/\/tecnomerch.com\/index.php\/product\/audifonos-tipo-headset-corsair-hs60-haptic-stereo-usb-con-microfono-artic-camo\/","title":{"rendered":"Aud\u00edfonos tipo Headset Corsair HS60 Haptic Stereo USB con Micr\u00f3fono Artic Camo"},"content":{"rendered":"<h1><b><strong>Auriculares est\u00e9reo para juegos con efectos h\u00e1pticos en los bajos HS60 HAPTIC<\/strong><\/b><b><strong><br \/>\n<\/strong><\/b><\/h1>\n<h3>Los auriculares para juegos CORSAIR HS60 HAPTIC ofrecen efectos h\u00e1pticos en los bajos que se pueden sentir, con c\u00f3modas almohadillas de espuma viscoel\u00e1stica y transductores de neodimio de 50 mm de ajuste personalizado para disfrutar de un audio de calidad.<\/h3>\n<h2><b>HS60 HAPTIC<\/b><\/h2>\n<h2><span style=\"font-weight: 400;\">AURICULARES PARA JUEGOS<\/span><\/h2>\n<h2><b>UN SONIDO QUE PUEDE SENTIR<\/b><\/h2>\n<h2><span style=\"font-weight: 400;\">TECNOLOG\u00cdA H\u00c1PTICA<\/span><\/h2>\n<h2><b>SIENTA LO QUE ANTES SE PERD\u00cdA: BAJOS H\u00c1PTICOS CON TACTION TECHNOLOGY<\/b><\/h2>\n<h3><span style=\"font-weight: 400;\">Disfrute del juego como nunca antes con efectos h\u00e1pticos en los bajos gracias a la Taction Technology. Sienta cada golpe, cada explosi\u00f3n, cada momento de tensi\u00f3n con un efecto de bajo t\u00e1ctil avanzado que le transporta al campo de batalla.<\/span><\/h3>\n<h2>TACTION TECHNOLOGY<\/h2>\n<h2><b>BAJOS PROFUNDOS DONDE M\u00c1S IMPORTA<\/b><\/h2>\n<h3>Con Taction Technology, los HS60 HAPTIC captan las frecuencias m\u00e1s bajas con mayor precisi\u00f3n que otros auriculares h\u00e1pticos. La potente reproducci\u00f3n de bajos brinda a los auriculares un efecto de aut\u00e9ntico subwoofer en los bajos m\u00e1s profundos y en la respuesta a las bajas frecuencias.<\/h3>\n<h2>CALIDAD DE SONIDO<\/h2>\n<h2><b>CALIDAD DE SONIDO<\/b><\/h2>\n<h3>Los transductores de neodimio de 50 mm ajustados a medida y de alta calidad ofrecen el alcance suficiente para o\u00edr todo lo necesario en el campo de batalla.<\/h3>\n<h3><\/h3>\n<h3><b><strong>50mm <\/strong><\/b><b><strong>TRANSDUCTORES DE NEODIMIO<\/strong><\/b><\/h3>\n<h3>Compatibles con el sonido envolvente Windows Sonic, para que disfrute de un audio en 360\u00b0 que lo trasladar\u00e1 directamente al juego.<\/h3>\n<h2>MICR\u00d3FONO<\/h2>\n<h2><b>MICR\u00d3FONO UNIDIRECCIONAL CON CANCELACI\u00d3N DEL RUIDO<\/b><\/h2>\n<h3><\/h3>\n<h3>El micr\u00f3fono unidireccional extra\u00edble reduce el ruido ambiental para mejorar la calidad de la voz. Certificado por Discord para una comunicaci\u00f3n n\u00edtida y un sonido extraordinario.<\/h3>\n<h3><\/h3>\n<h2>AJUSTE<\/h2>\n<h2><b>CONTROL DE EFECTO H\u00c1PTICO Y DEL VOLUMEN EN EL AURICULAR<\/b><\/h2>\n<h3>Ajuste el audio y la intensidad de los efecto h\u00e1pticos sobre la marcha y sin abandonar el juego.<\/h3>\n<h3><\/h3>\n<h2><b>CREADOS PARA OFRECER COMODIDAD<\/b><\/h2>\n<h3>Las almohadillas ajustables de lujosa espuma viscoel\u00e1stica proporcionan una comodidad excepcional durante horas de juego.<\/h3>\n<h2><b>FABRICADOS PARA COMPETIR<\/b><\/h2>\n<h3>La construcci\u00f3n de aluminio duradera y ligera consigue que los HS60 HAPTIC resistan muchos a\u00f1os.<\/h3>\n","protected":false},"excerpt":{"rendered":"<p>&#8211; Audio stereo<br \/>\n&#8211; Micr\u00f3fono unidireccional<br \/>\n&#8211; Cable de 180cm<br \/>\n&#8211; Controladores de auriculares 50mm<br \/>\n&#8211; Compatible con PC<br \/>\n&#8211; Color artic camo<\/p>\n","protected":false},"featured_media":6124,"comment_status":"open","ping_status":"closed","template":"","meta":{"om_disable_all_campaigns":false,"_mi_skip_tracking":false,"site-sidebar-layout":"default","site-content-layout":"default","ast-global-header-display":"","ast-main-header-display":"","ast-hfb-above-header-display":"","ast-hfb-below-header-display":"","ast-hfb-mobile-header-display":"","site-post-title":"","ast-breadcrumbs-content":"","ast-featured-img":"","footer-sml-layout":"","theme-transparent-header-meta":"default","adv-header-id-meta":"","stick-header-meta":"","header-above-stick-meta":"","header-main-stick-meta":"","header-below-stick-meta":""},"product_cat":[69],"product_tag":[],"class_list":["post-6123","product","type-product","status-publish","has-post-thumbnail","hentry","product_cat-audifonos-headsets","desktop-align-left","tablet-align-left","mobile-align-left"],"aioseo_notices":[],"_links":{"self":[{"href":"https:\/\/tecnomerch.com\/index.php\/wp-json\/wp\/v2\/product\/6123","targetHints":{"allow":["GET"]}}],"collection":[{"href":"https:\/\/tecnomerch.com\/index.php\/wp-json\/wp\/v2\/product"}],"about":[{"href":"https:\/\/tecnomerch.com\/index.php\/wp-json\/wp\/v2\/types\/product"}],"replies":[{"embeddable":true,"href":"https:\/\/tecnomerch.com\/index.php\/wp-json\/wp\/v2\/comments?post=6123"}],"version-history":[{"count":2,"href":"https:\/\/tecnomerch.com\/index.php\/wp-json\/wp\/v2\/product\/6123\/revisions"}],"predecessor-version":[{"id":6126,"href":"https:\/\/tecnomerch.com\/index.php\/wp-json\/wp\/v2\/product\/6123\/revisions\/6126"}],"wp:featuredmedia":[{"embeddable":true,"href":"https:\/\/tecnomerch.com\/index.php\/wp-json\/wp\/v2\/media\/6124"}],"wp:attachment":[{"href":"https:\/\/tecnomerch.com\/index.php\/wp-json\/wp\/v2\/media?parent=6123"}],"wp:term":[{"taxonomy":"product_cat","embeddable":true,"href":"https:\/\/tecnomerch.com\/index.php\/wp-json\/wp\/v2\/product_cat?post=6123"},{"taxonomy":"product_tag","embeddable":true,"href":"https:\/\/tecnomerch.com\/index.php\/wp-json\/wp\/v2\/product_tag?post=6123"}],"curies":[{"name":"wp","href":"https:\/\/api.w.org\/{rel}","templated":true}]}}