{"id":6114,"date":"2023-12-22T20:20:18","date_gmt":"2023-12-22T20:20:18","guid":{"rendered":"https:\/\/tecnomerch.com\/?post_type=product&#038;p=6114"},"modified":"2023-12-22T20:21:20","modified_gmt":"2023-12-22T20:21:20","slug":"base-para-audifonos-tipo-headset-cougar-bunker-s-2","status":"publish","type":"product","link":"https:\/\/tecnomerch.com\/index.php\/product\/base-para-audifonos-tipo-headset-cougar-bunker-s-2\/","title":{"rendered":"Base Para Audifonos tipo Headset Cougar Bunker S"},"content":{"rendered":"<div id=\"myCarousel1610493629196\" class=\"s_carousel carousel te_arrow_small aos-init slide s_carousel_default aos-animate\" data-interval=\"10000\" data-aos=\"s_carousel_default\">\n<div class=\"carousel-inner te_arrow_small te_ts_style_7_inner\">\n<div class=\"carousel-item oe_img_bg pt152 pb152 oe_custom_bg active\" data-name=\"Slide\">\n<div class=\"container\">\n<div class=\"row content\">\n<div class=\"carousel-content col-lg-5 col-md-8 te_t_slider_sm_content\">\n<div class=\"s_title pb8\" data-name=\"Title\">\n<h2 class=\"carousel_heading te_t_slider_7_title\"><b>B\u00daNKER S<\/b><\/h2>\n<\/div>\n<p class=\"carousel_content o_default_snippet_text\">El mejor soporte para auriculares de todos los tiempos<\/p>\n<p class=\"carousel_content\">\u00bfNo sabes d\u00f3nde poner tus auriculares para juegos cuando no los est\u00e1s usando? Bunker S est\u00e1 aqu\u00ed para ayudarlo a mantenerlo seguro y accesible mientras ahorra espacio al mismo tiempo. Lo que hace que esto sea posible es la tecnolog\u00eda de vac\u00edo de succi\u00f3n por vac\u00edo patentada y exclusiva, que puede unir Bunker S a cualquier superficie adecuada con una fuerza incre\u00edble.<\/p>\n<\/div>\n<\/div>\n<\/div>\n<\/div>\n<\/div>\n<\/div>\n<div id=\"myCarousel1610493613511\" class=\"s_carousel carousel slide s_carousel_default aos-init aos-animate\" data-interval=\"10000\" data-aos=\"s_carousel_default\">\n<ol class=\"carousel-indicators\">\n<li class=\"active\" data-target=\"#myCarousel1610493613511\" data-slide-to=\"0\"><\/li>\n<li data-target=\"#myCarousel1610493613511\" data-slide-to=\"1\"><\/li>\n<\/ol>\n<div class=\"carousel-inner te_arrow_small\">\n<div class=\"carousel-control-prev\" title=\"Previous\" role=\"img\" data-target=\"#myCarousel1610493613511\" data-slide=\"prev\" aria-label=\"Previous\"><span class=\"sr-only o_default_snippet_text\">Previous<\/span><\/div>\n<div class=\"carousel-control-next\" title=\"Next\" role=\"img\" data-target=\"#myCarousel1610493613511\" data-slide=\"next\" aria-label=\"Next\"><span class=\"sr-only o_default_snippet_text\">Next<\/span><\/div>\n<\/div>\n<\/div>\n<section class=\"s_text_block pt64 pb24\">\n<div class=\"container\">\n<h2 class=\"text-center\"><b>Succi\u00f3n Como Nunca Hab\u00edas Visto Antes<\/b><\/h2>\n<div class=\"row\">\n<div class=\"col-md-12 mb16 mt16 col-lg-8 offset-lg-2\">\n<p>La tecnolog\u00eda de succi\u00f3n de vac\u00edo patentada que Bunker S se adhiere con una fuerza incre\u00edble a cualquier superficie plana no porosa, proporcion\u00e1ndote una base s\u00f3lida para tus auriculares y protegi\u00e9ndolos de ca\u00eddas.<\/p>\n<\/div>\n<\/div>\n<\/div>\n<\/section>\n<div class=\"oe_structure\"><\/div>\n<section class=\"d-inline-block w-100\">\n<div class=\"w-100\">\n<div class=\"t_img_hover_1 w-100\"><img decoding=\"async\" class=\"img-fluid d-block mx-auto\" title=\"\" src=\"https:\/\/www.mytec.com.gt\/web\/image\/1012941\/1.jpg?access_token=d8f1bd3b-2c45-4485-83d9-260a7e84916f\" alt=\"Clarico-Full Image\" data-original-title=\"\" aria-describedby=\"tooltip608945\" \/><\/div>\n<\/div>\n<\/section>\n<section class=\"s_text_block pt40 pb24\">\n<div class=\"container\">\n<h2 class=\"text-center\"><b>Dos Modos a Tu Disposici\u00f3n<\/b><\/h2>\n<div class=\"row\">\n<div class=\"col-md-12 mb16 mt16 col-lg-8 offset-lg-2\">\n<p>Otra gran ventaja de esta tecnolog\u00eda de succi\u00f3n es que Bunker S se puede utilizar en dos modos diferentes: el modo est\u00e1ndar, en una superficie horizontal como tu escritorio, y el modo vertical, en el que se adhiere al lado de una superficie como puede ser la caja de tu PC. Esto te da un gran margen de maniobra para decidir c\u00f3mo administrar tu espacio y optimizar la distribuci\u00f3n de tu escritorio.<\/p>\n<\/div>\n<\/div>\n<\/div>\n<\/section>\n<div class=\"oe_structure\"><\/div>\n<section class=\"d-inline-block w-100\">\n<div class=\"w-100\">\n<div class=\"t_img_hover_1 w-100\" title=\"\" data-original-title=\"\" aria-describedby=\"tooltip415085\"><img decoding=\"async\" class=\"img-fluid d-block mx-auto\" title=\"\" src=\"https:\/\/www.mytec.com.gt\/web\/image\/1012946\/2.jpg?access_token=4fa35e1f-30d3-401a-a56c-ea81a811c167\" alt=\"Clarico-Full Image\" data-original-title=\"\" aria-describedby=\"tooltip589912\" \/><\/div>\n<\/div>\n<\/section>\n<section class=\"s_text_block pt40\">\n<div class=\"container\">\n<h2 class=\"text-center\"><span style=\"color: #000000;\"><b>Mant\u00e9n<\/b><\/span><b>\u00a0la Suciedad Lejos<\/b><\/h2>\n<div class=\"row\">\n<div class=\"col-md-12 mb16 mt16 col-lg-10 offset-lg-1\">\n<p>Ning\u00fan dispositivo es inmune a la acumulaci\u00f3n de polvo y otros tipos de suciedad. La base Bunker S se puede limpiar f\u00e1cilmente: simplemente l\u00e1vala con agua, espera hasta que se seque y \u00fasala de nuevo. Mientras que los pies de otros productos similares se van ensuciando con el tiempo, la ventosa de Bunker S puede mantenerse limpia durante a\u00f1os con muy poco mantenimiento.<\/p>\n<p><b>Precauci\u00f3n<\/b><\/p>\n<p>La gama de superficies no perfectamente lisas en las que se puede utilizar Bunker S no incluye tela, lana, algod\u00f3n o materiales similares, ni tampoco ninguna superficie porosa.<\/p>\n<p><b>Mantenimiento<\/b><\/p>\n<p>La ventosa tiene un cierto grado de pegajosidad. Si despu\u00e9s del uso prolongado notas que disminuye en la estabilidad del dispositivo, por favor enju\u00e1galo con agua para limpiarlo. Cuando se seque, se restaurar\u00e1n sus propiedades originales y volver\u00e1 a aferrarse a la superficie con fuerza.<\/p>\n<\/div>\n<\/div>\n<\/div>\n<\/section>\n","protected":false},"excerpt":{"rendered":"<div class=\"o_not_editable\">\n<p class=\"te_prod_desc\">&#8211; Dise\u00f1o elegante<br \/>\n&#8211; Amplio estante<br \/>\n&#8211; Alta estabilidad<br \/>\n&#8211; F\u00e1cil de transportar<br \/>\n&#8211; Sencillo de limpiar<br \/>\n&#8211; Tecnolog\u00eda de succi\u00f3n que evita ca\u00eddas<\/p>\n<\/div>\n<div class=\"timer_data\">\n<div class=\"timer_input\"><\/div>\n<\/div>\n<div class=\"te_display_end_date\"><\/div>\n<form action=\"https:\/\/www.mytec.com.gt\/shop\/cart\/update\" method=\"POST\">&nbsp;<\/p>\n<\/form>\n","protected":false},"featured_media":6116,"comment_status":"open","ping_status":"closed","template":"","meta":{"om_disable_all_campaigns":false,"_mi_skip_tracking":false,"site-sidebar-layout":"default","site-content-layout":"default","ast-global-header-display":"","ast-main-header-display":"","ast-hfb-above-header-display":"","ast-hfb-below-header-display":"","ast-hfb-mobile-header-display":"","site-post-title":"","ast-breadcrumbs-content":"","ast-featured-img":"","footer-sml-layout":"","theme-transparent-header-meta":"default","adv-header-id-meta":"","stick-header-meta":"","header-above-stick-meta":"","header-main-stick-meta":"","header-below-stick-meta":""},"product_cat":[69],"product_tag":[],"class_list":["post-6114","product","type-product","status-publish","has-post-thumbnail","hentry","product_cat-audifonos-headsets","desktop-align-left","tablet-align-left","mobile-align-left"],"aioseo_notices":[],"_links":{"self":[{"href":"https:\/\/tecnomerch.com\/index.php\/wp-json\/wp\/v2\/product\/6114","targetHints":{"allow":["GET"]}}],"collection":[{"href":"https:\/\/tecnomerch.com\/index.php\/wp-json\/wp\/v2\/product"}],"about":[{"href":"https:\/\/tecnomerch.com\/index.php\/wp-json\/wp\/v2\/types\/product"}],"replies":[{"embeddable":true,"href":"https:\/\/tecnomerch.com\/index.php\/wp-json\/wp\/v2\/comments?post=6114"}],"version-history":[{"count":2,"href":"https:\/\/tecnomerch.com\/index.php\/wp-json\/wp\/v2\/product\/6114\/revisions"}],"predecessor-version":[{"id":6117,"href":"https:\/\/tecnomerch.com\/index.php\/wp-json\/wp\/v2\/product\/6114\/revisions\/6117"}],"wp:featuredmedia":[{"embeddable":true,"href":"https:\/\/tecnomerch.com\/index.php\/wp-json\/wp\/v2\/media\/6116"}],"wp:attachment":[{"href":"https:\/\/tecnomerch.com\/index.php\/wp-json\/wp\/v2\/media?parent=6114"}],"wp:term":[{"taxonomy":"product_cat","embeddable":true,"href":"https:\/\/tecnomerch.com\/index.php\/wp-json\/wp\/v2\/product_cat?post=6114"},{"taxonomy":"product_tag","embeddable":true,"href":"https:\/\/tecnomerch.com\/index.php\/wp-json\/wp\/v2\/product_tag?post=6114"}],"curies":[{"name":"wp","href":"https:\/\/api.w.org\/{rel}","templated":true}]}}