{"id":6111,"date":"2023-12-22T20:18:33","date_gmt":"2023-12-22T20:18:33","guid":{"rendered":"https:\/\/tecnomerch.com\/?post_type=product&#038;p=6111"},"modified":"2023-12-22T20:18:34","modified_gmt":"2023-12-22T20:18:34","slug":"audifonos-argom-bluetooth-tipo-headset-ultimate-sound-comfort-pro-con-microfono-negro","status":"publish","type":"product","link":"https:\/\/tecnomerch.com\/index.php\/product\/audifonos-argom-bluetooth-tipo-headset-ultimate-sound-comfort-pro-con-microfono-negro\/","title":{"rendered":"Aud\u00edfonos Argom Bluetooth Tipo Headset Ultimate Sound Comfort Pro con Micr\u00f3fono Negro"},"content":{"rendered":"<section class=\"s_text_image\">\n<div class=\"container\">\n<div class=\"row align-items-center\">\n<div class=\"col-lg-6\">\n<div class=\"t_img_hover_1\"><img decoding=\"async\" class=\"img img-fluid mx-auto\" title=\"\" src=\"https:\/\/www.mytec.com.gt\/web\/image\/560638\/ARG-HS-2680BK-Gunmetal_2048x.jpg?access_token=016bfb74-4705-4d8e-a578-d6afff7bd2b1\" alt=\"Clarico-Image-Text\" data-original-title=\"\" aria-describedby=\"tooltip460093\" \/><\/div>\n<\/div>\n<div class=\"col-lg-6 pt16 pb16\">\n<h2 class=\"te_s_it_heading text-uppercase\">DESCRIPCI\u00d3N<\/h2>\n<div class=\"s_hr text-left pb32 pt8\">\n<hr class=\"border-600 aos-init s_hr_solid w-25 mr-auto s_hr_4px border-alpha aos-animate\" data-aos=\"s_hr_4px\" \/>\n<\/div>\n<p class=\"mb16\"><span>El Ultimate Sound Comfort Pro est\u00e1 dise\u00f1ado con una comodidad superior.\u00a0<\/span><span>Con su tecnolog\u00eda de reducci\u00f3n de ruido integrada, ahora puede disfrutar de su m\u00fasica favorita y sintonizarse con su propio mundo.<\/span><span>\u00a0<\/span><span>Viene equipado con una bater\u00eda de litio recargable integrada que proporciona hasta 20 horas de reproducci\u00f3n de m\u00fasica.<\/span><span>\u00a0<\/span><span>Dise\u00f1ado con orejeras giratorias y plegables para un almacenamiento r\u00e1pido y f\u00e1cil transporte.<\/span><span>\u00a0<\/span><span>Adem\u00e1s, con caracter\u00edsticas adicionales adicionales como un conector de audio de 3,5 mm para reproducci\u00f3n por cable;<\/span><span>\u00a0<\/span><span>controles multimedia integrados para la gesti\u00f3n de llamadas y m\u00fasica;<\/span><span>\u00a0<\/span><span>incre\u00edble sonido HD y graves;<\/span><span>\u00a0<\/span><span>esto lo convierte en el compa\u00f1ero perfecto para auriculares inal\u00e1mbricos BT.<\/span><\/p>\n<\/div>\n<\/div>\n<\/div>\n<\/section>\n<section class=\"s_big_picture\">\n<div class=\"container\">\n<div class=\"row\">\n<div class=\"col-md-12\"><\/div>\n<\/div>\n<\/div>\n<\/section>\n<section class=\"s_text_image\">\n<div class=\"container\">\n<div class=\"row align-items-center\">\n<div class=\"col-lg-6 pt16 pb16\">\n<h2 class=\"text-uppercase te_s_it_heading\">ESPECIFICACIONES<\/h2>\n<div class=\"s_hr text-left pb32 pt8\">\n<hr class=\"border-600 s_hr_solid w-25 mr-auto s_hr_4px border-alpha\" \/>\n<\/div>\n<p class=\"mb16\"><span>&#8211; Versi\u00f3n BT: 4.1<\/span><br \/>\n<span>&#8211; Frecuencia inal\u00e1mbrica: 2.4-2.48GHz<\/span><br \/>\n<span>&#8211; Voltaje de carga: 5V<\/span><br \/>\n<span>&#8211; Distancia de operaci\u00f3n: 10m<\/span><br \/>\n<span>&#8211; Controlador de 40 mm para un sonido y bajos superiores<\/span><br \/>\n<span>&#8211; Bater\u00eda recargable incorporada de 1000mAh que proporciona hasta 20 horas de tiempo de reproducci\u00f3n<\/span><br \/>\n<span>&#8211; Auriculares est\u00e9reo BT con reducci\u00f3n de ruido<\/span><br \/>\n<span>&#8211; Dise\u00f1o de comodidad superior para largas horas de uso<\/span><br \/>\n<span>&#8211; Orejeras giratorias y plegables para un almacenamiento r\u00e1pido y f\u00e1cil transporte<\/span><br \/>\n<span>&#8211; Conector de audio de 3,5 mm integrado para reproducci\u00f3n con cable<\/span><br \/>\n<span>&#8211; Controles integrados para reproducci\u00f3n de m\u00fasica y gesti\u00f3n de llamadas<\/span><br \/>\n<span>&#8211; Funci\u00f3n manos libres: reciba llamadas desde los auriculares con el micr\u00f3fono incorporado<\/span><\/p>\n<\/div>\n<div class=\"col-lg-6 pt16 pb16\">\n<div class=\"t_img_hover_1\"><img decoding=\"async\" class=\"img img-fluid mx-auto\" title=\"\" src=\"https:\/\/www.mytec.com.gt\/web\/image\/560640\/ARG-HS-2680BK-2_2048x.jpg?access_token=c9e513ed-e0b7-4e45-a477-ab26803f19d6\" alt=\"Clarico-Text-Image\" data-original-title=\"\" aria-describedby=\"tooltip965095\" \/><\/div>\n<\/div>\n<\/div>\n<\/div>\n<\/section>\n","protected":false},"excerpt":{"rendered":"<p>&#8211; Sonido Est\u00e9reo con reducci\u00f3n de ruido<br \/>\n&#8211; Conexi\u00f3n Bluetooth 4.1 y Jack 3.5mm<br \/>\n&#8211; Micr\u00f3fono incorporado<br \/>\n&#8211; Rango de alcance de 10m<br \/>\n&#8211; Bater\u00eda aud\u00edfonos de 1000mAh<\/p>\n","protected":false},"featured_media":6112,"comment_status":"open","ping_status":"closed","template":"","meta":{"om_disable_all_campaigns":false,"_mi_skip_tracking":false,"site-sidebar-layout":"default","site-content-layout":"default","ast-global-header-display":"","ast-main-header-display":"","ast-hfb-above-header-display":"","ast-hfb-below-header-display":"","ast-hfb-mobile-header-display":"","site-post-title":"","ast-breadcrumbs-content":"","ast-featured-img":"","footer-sml-layout":"","theme-transparent-header-meta":"default","adv-header-id-meta":"","stick-header-meta":"","header-above-stick-meta":"","header-main-stick-meta":"","header-below-stick-meta":""},"product_cat":[69],"product_tag":[],"class_list":["post-6111","product","type-product","status-publish","has-post-thumbnail","hentry","product_cat-audifonos-headsets","desktop-align-left","tablet-align-left","mobile-align-left"],"aioseo_notices":[],"_links":{"self":[{"href":"https:\/\/tecnomerch.com\/index.php\/wp-json\/wp\/v2\/product\/6111","targetHints":{"allow":["GET"]}}],"collection":[{"href":"https:\/\/tecnomerch.com\/index.php\/wp-json\/wp\/v2\/product"}],"about":[{"href":"https:\/\/tecnomerch.com\/index.php\/wp-json\/wp\/v2\/types\/product"}],"replies":[{"embeddable":true,"href":"https:\/\/tecnomerch.com\/index.php\/wp-json\/wp\/v2\/comments?post=6111"}],"version-history":[{"count":1,"href":"https:\/\/tecnomerch.com\/index.php\/wp-json\/wp\/v2\/product\/6111\/revisions"}],"predecessor-version":[{"id":6113,"href":"https:\/\/tecnomerch.com\/index.php\/wp-json\/wp\/v2\/product\/6111\/revisions\/6113"}],"wp:featuredmedia":[{"embeddable":true,"href":"https:\/\/tecnomerch.com\/index.php\/wp-json\/wp\/v2\/media\/6112"}],"wp:attachment":[{"href":"https:\/\/tecnomerch.com\/index.php\/wp-json\/wp\/v2\/media?parent=6111"}],"wp:term":[{"taxonomy":"product_cat","embeddable":true,"href":"https:\/\/tecnomerch.com\/index.php\/wp-json\/wp\/v2\/product_cat?post=6111"},{"taxonomy":"product_tag","embeddable":true,"href":"https:\/\/tecnomerch.com\/index.php\/wp-json\/wp\/v2\/product_tag?post=6111"}],"curies":[{"name":"wp","href":"https:\/\/api.w.org\/{rel}","templated":true}]}}