{"id":6088,"date":"2023-12-22T19:46:25","date_gmt":"2023-12-22T19:46:25","guid":{"rendered":"https:\/\/tecnomerch.com\/?post_type=product&#038;p=6088"},"modified":"2023-12-22T19:46:25","modified_gmt":"2023-12-22T19:46:25","slug":"disco-duro-externo-ssd-2tb-crucial-x6-2-5-usb-c-3-2","status":"publish","type":"product","link":"https:\/\/tecnomerch.com\/index.php\/product\/disco-duro-externo-ssd-2tb-crucial-x6-2-5-usb-c-3-2\/","title":{"rendered":"Disco Duro Externo SSD 2TB Crucial X6 2.5&#8243; USB-C 3.2"},"content":{"rendered":"<section class=\"s_text_image bg-epsilon oe_custom_bg pt56 pb72\">\n<div class=\"container\">\n<div class=\"row align-items-center aos-init aos-animate\" data-aos=\"align-items-center\">\n<div class=\"col-lg-3 offset-lg-2\"><img decoding=\"async\" title=\"\" src=\"https:\/\/www.mytec.com.gt\/web\/image\/1505647\/image.png?access_token=a13be6de-b613-4687-ae53-3a4ea2d7aab8\" alt=\"SSD port\u00e1til Crucial X6 500\u00a0GB- view 1\" data-original-title=\"\" aria-describedby=\"tooltip933788\" \/><\/div>\n<div class=\"pt16 pb16 offset-lg-1 col-lg-5\">\n<h1 class=\"product-title show-for-large\"><span>SSD port\u00e1til Crucial X6 2TB<\/span><\/h1>\n<div class=\"product-number show-for-large\">\n<h2 class=\"part-number base-part-number\"><span>CT2000X6SSD9<\/span><\/h2>\n<\/div>\n<\/div>\n<\/div>\n<\/div>\n<\/section>\n<section class=\"s_text_image pt56 oe_custom_bg pb0\">\n<div class=\"container\">\n<div class=\"row align-items-center aos-init aos-animate\" data-aos=\"align-items-center\">\n<div class=\"col-lg-5 offset-lg-1\"><img decoding=\"async\" title=\"\" src=\"https:\/\/www.mytec.com.gt\/web\/image\/1505686\/Untitled.png?access_token=ee506a2c-207d-469c-8ddf-3c2bfb670ebb\" alt=\"SSD port\u00e1til Crucial X6 500\u00a0GB- view 1\" data-original-title=\"\" aria-describedby=\"tooltip933788\" \/><\/div>\n<div class=\"pb32 pt56 col-lg-5\">\n<div class=\"contentheader basecomponent parbase\">\n<h2>SSD port\u00e1til Crucial X6<\/h2>\n<\/div>\n<div class=\"text parbase\">\n<p>\u00bfCu\u00e1ntas cosas le caben en la palma de la mano? Con la SSD port\u00e1til Crucial\u00ae X6, la respuesta es: \u00a1Much\u00edsimas! Tanto si est\u00e1 descargando v\u00eddeos para irse de viaje estando sin conexi\u00f3n como si est\u00e1 organizando las fotos familiares, colaborando con compa\u00f1eros de clase o partiendo hacia una gran aventura, la Crucial X6 es una soluci\u00f3n econ\u00f3mica y est\u00e1 siempre preparada para que se la lleve a cualquier parte.<\/p>\n<\/div>\n<\/div>\n<\/div>\n<\/div>\n<\/section>\n<section class=\"s_text_image oe_custom_bg pb0 pt48\">\n<div class=\"container\">\n<div class=\"row align-items-center aos-init\" data-aos=\"align-items-center\">\n<div class=\"col-lg-5 offset-lg-1\"><img decoding=\"async\" title=\"\" src=\"https:\/\/www.mytec.com.gt\/web\/image\/1505655\/img.jpg?access_token=367307c0-2742-4836-9c7c-fb73b6efe72c\" alt=\"SSD port\u00e1til Crucial X6 500\u00a0GB- view 1\" data-original-title=\"\" aria-describedby=\"tooltip933788\" \/><\/div>\n<div class=\"pb32 pt56 col-lg-5\">\n<div class=\"contentheader basecomponent parbase\">\n<h2 class=\"primary-color   \">La SSD que va donde los HDD no llegan.<\/h2>\n<div class=\"contentheader basecomponent parbase\"><\/div>\n<div class=\"text parbase\">\n<p>Con velocidades hasta 5,6 veces m\u00e1s r\u00e1pidas\u00a0que la mayor\u00eda de los HDD tradicionales, la SSD Crucial X6 le permite cargar y transferir archivos r\u00e1pidamente y seguir con sus actividades cotidianas. Desp\u00eddase para siempre de los discos duros lentos y fr\u00e1giles y de los largos tiempos de carga.<\/p>\n<\/div>\n<\/div>\n<\/div>\n<\/div>\n<\/div>\n<\/section>\n<section class=\"s_text_image oe_custom_bg pb0 pt48\">\n<div class=\"container\">\n<div class=\"row align-items-center aos-init\" data-aos=\"align-items-center\">\n<div class=\"pb32 pt56 col-lg-5 offset-lg-1\">\n<div class=\"contentheader basecomponent parbase\">\n<h2 class=\"primary-color   \">Unidad peque\u00f1a. Alta capacidad.<\/h2>\n<div class=\"contentheader basecomponent parbase\"><\/div>\n<div class=\"text parbase\">\n<p>Con 2\u00a0TB de capacidad, puede llevar consigo toda su vida digital. Grandes bibliotecas de fotos, archivos, videojuegos y colecciones de pel\u00edculas caben ahora en su bolsillo. Con menos de 40\u00a0g, la Crucial X6 pesa menos que las llaves del coche.<\/p>\n<\/div>\n<\/div>\n<\/div>\n<div class=\"col-lg-5\"><img decoding=\"async\" title=\"\" src=\"https:\/\/www.mytec.com.gt\/web\/image\/1505649\/img%20(1).jpg?access_token=fb583cf9-12cb-42df-bfcf-fe7759d6d3a1\" alt=\"SSD port\u00e1til Crucial X6 500\u00a0GB- view 1\" data-original-title=\"\" aria-describedby=\"tooltip933788\" \/><\/div>\n<\/div>\n<\/div>\n<\/section>\n<section class=\"s_text_block\">\n<div class=\"container\">\n<div class=\"row\"><\/div>\n<\/div>\n<\/section>\n<section class=\"s_text_image oe_custom_bg pb0 pt48\">\n<div class=\"container\">\n<div class=\"row align-items-center aos-init\" data-aos=\"align-items-center\">\n<div class=\"col-lg-5 offset-lg-1\"><img decoding=\"async\" title=\"\" src=\"https:\/\/www.mytec.com.gt\/web\/image\/1505651\/img%20(2).jpg?access_token=670019cf-6ac4-4db9-acc7-1d930b66a7ca\" alt=\"SSD port\u00e1til Crucial X6 500\u00a0GB- view 1\" data-original-title=\"\" aria-describedby=\"tooltip933788\" \/><\/div>\n<div class=\"pb32 pt56 col-lg-5\">\n<div class=\"contentheader basecomponent parbase\">\n<h2 class=\"primary-color   \">Preparada para todo.<\/h2>\n<div class=\"contentheader basecomponent parbase\"><\/div>\n<div class=\"text parbase\">\n<p>La SSD port\u00e1til X6 es un dispositivo de almacenamiento que funciona con la mayor\u00eda de los equipos: PC, Mac, PS4\u2122, Xbox One y dispositivos Android entre otros. Conexi\u00f3n USB-C sin necesidad de configuraci\u00f3n.<\/p>\n<\/div>\n<\/div>\n<\/div>\n<\/div>\n<\/div>\n<\/section>\n<section class=\"s_text_image oe_custom_bg pt56 pb56\">\n<div class=\"container\">\n<div class=\"row align-items-center aos-init\" data-aos=\"align-items-center\">\n<div class=\"pb32 pt56 col-lg-5 offset-lg-1\">\n<div class=\"contentheader basecomponent parbase\">\n<h2>La fiabilidad y la durabilidad identifican los productos Crucial.<\/h2>\n<div class=\"contentheader basecomponent parbase\"><\/div>\n<div class=\"text parbase\">\n<p>La Crucial X6 ha superado pruebas de ca\u00edda\u00a0desde una altura de 2\u00a0m (6,5\u00a0pies) y es resistente a golpes, vibraciones y temperaturas extremas, para que sus archivos m\u00e1s importantes est\u00e9n protegidos dondequiera que vaya.<\/p>\n<\/div>\n<\/div>\n<\/div>\n<div class=\"col-lg-5\"><img decoding=\"async\" title=\"\" src=\"https:\/\/www.mytec.com.gt\/web\/image\/1505653\/img%20(3).jpg?access_token=76fa35a7-cbe0-42cc-9a11-eeae17450546\" alt=\"SSD port\u00e1til Crucial X6 500\u00a0GB- view 1\" data-original-title=\"\" aria-describedby=\"tooltip933788\" \/><\/div>\n<\/div>\n<\/div>\n<\/section>\n","protected":false},"excerpt":{"rendered":"<div class=\"o_not_editable\">\n<p class=\"te_prod_desc\">&#8211; Disco duro externo port\u00e1til<br \/>\n&#8211; Capacidad de 2TB<br \/>\n&#8211; Serie X6<br \/>\n&#8211; Interfaz USB 3.2 Gen 2 (10Gb\/s)<br \/>\n&#8211; Velocidad de lectura secuencial 800 MB\/s<br \/>\n&#8211; Conexi\u00f3n USB-C<br \/>\n&#8211; Plug &amp; Play, listo para usar<br \/>\n&#8211; Compatible con PC, Mac, PS4\u2122, Xbox One y Android<\/p>\n<\/div>\n<div class=\"timer_data\">\n<div class=\"timer_input\"><\/div>\n<\/div>\n<div class=\"te_display_end_date\"><\/div>\n<form action=\"https:\/\/www.mytec.com.gt\/shop\/cart\/update\" method=\"POST\">&nbsp;<\/p>\n<\/form>\n","protected":false},"featured_media":6089,"comment_status":"open","ping_status":"closed","template":"","meta":{"om_disable_all_campaigns":false,"_mi_skip_tracking":false,"site-sidebar-layout":"default","site-content-layout":"default","ast-global-header-display":"","ast-main-header-display":"","ast-hfb-above-header-display":"","ast-hfb-below-header-display":"","ast-hfb-mobile-header-display":"","site-post-title":"","ast-breadcrumbs-content":"","ast-featured-img":"","footer-sml-layout":"","theme-transparent-header-meta":"default","adv-header-id-meta":"","stick-header-meta":"","header-above-stick-meta":"","header-main-stick-meta":"","header-below-stick-meta":""},"product_cat":[88],"product_tag":[],"class_list":["post-6088","product","type-product","status-publish","has-post-thumbnail","hentry","product_cat-disco-duro","desktop-align-left","tablet-align-left","mobile-align-left"],"aioseo_notices":[],"_links":{"self":[{"href":"https:\/\/tecnomerch.com\/index.php\/wp-json\/wp\/v2\/product\/6088","targetHints":{"allow":["GET"]}}],"collection":[{"href":"https:\/\/tecnomerch.com\/index.php\/wp-json\/wp\/v2\/product"}],"about":[{"href":"https:\/\/tecnomerch.com\/index.php\/wp-json\/wp\/v2\/types\/product"}],"replies":[{"embeddable":true,"href":"https:\/\/tecnomerch.com\/index.php\/wp-json\/wp\/v2\/comments?post=6088"}],"version-history":[{"count":1,"href":"https:\/\/tecnomerch.com\/index.php\/wp-json\/wp\/v2\/product\/6088\/revisions"}],"predecessor-version":[{"id":6090,"href":"https:\/\/tecnomerch.com\/index.php\/wp-json\/wp\/v2\/product\/6088\/revisions\/6090"}],"wp:featuredmedia":[{"embeddable":true,"href":"https:\/\/tecnomerch.com\/index.php\/wp-json\/wp\/v2\/media\/6089"}],"wp:attachment":[{"href":"https:\/\/tecnomerch.com\/index.php\/wp-json\/wp\/v2\/media?parent=6088"}],"wp:term":[{"taxonomy":"product_cat","embeddable":true,"href":"https:\/\/tecnomerch.com\/index.php\/wp-json\/wp\/v2\/product_cat?post=6088"},{"taxonomy":"product_tag","embeddable":true,"href":"https:\/\/tecnomerch.com\/index.php\/wp-json\/wp\/v2\/product_tag?post=6088"}],"curies":[{"name":"wp","href":"https:\/\/api.w.org\/{rel}","templated":true}]}}