{"id":6081,"date":"2023-12-22T19:44:26","date_gmt":"2023-12-22T19:44:26","guid":{"rendered":"https:\/\/tecnomerch.com\/?post_type=product&#038;p=6081"},"modified":"2023-12-22T19:44:26","modified_gmt":"2023-12-22T19:44:26","slug":"enclosure-m-2-argom-para-ssd-pcie-a-usb-c","status":"publish","type":"product","link":"https:\/\/tecnomerch.com\/index.php\/product\/enclosure-m-2-argom-para-ssd-pcie-a-usb-c\/","title":{"rendered":"Enclosure M.2. Argom para SSD PCIe a USB-C"},"content":{"rendered":"<section class=\"s_text_image\">\n<div class=\"container\">\n<div class=\"row align-items-center\">\n<div class=\"col-lg-6 pt16 pb16\">\n<h2 class=\"te_s_it_heading text-uppercase\"><b><span>DESCRIPCI\u00d3N<\/span><\/b><\/h2>\n<div class=\"s_hr text-left pb32 pt8\">\n<hr class=\"border-600 s_hr_solid w-25 mr-auto s_hr_4px border-alpha\" \/>\n<\/div>\n<p class=\"mb16\"><span>Coloque su disco duro interno M Key PCI-E SSD en esta caja de aluminio liviana con una interfaz tipo C y transf\u00f3rmela en una soluci\u00f3n HD externa ultrarr\u00e1pida port\u00e1til con velocidades de transferencia de datos de hasta 10 Gbps. Esta copia de seguridad port\u00e1til para llevar a donde quiera que vaya ofrece un almacenamiento altamente eficiente y econ\u00f3mico. Este gabinete Plug &amp; Play con su dise\u00f1o compacto ultradelgado proporciona una manera r\u00e1pida y f\u00e1cil de agregar m\u00e1s espacio de almacenamiento a su PC de escritorio o port\u00e1til.<\/span><\/p>\n<\/div>\n<div class=\"col-lg-6 pt16 pb16\">\n<div class=\"t_img_hover_1\"><img decoding=\"async\" class=\"img img-fluid mx-auto\" src=\"https:\/\/www.mytec.com.gt\/web\/image\/1338003\/3.1-min.jpg?access_token=e35d6a89-5904-46a4-bfb0-4f7f153c35c1\" alt=\"Clarico-Text-Image\" \/><\/div>\n<\/div>\n<\/div>\n<\/div>\n<\/section>\n<section class=\"s_text_image\">\n<div class=\"container\">\n<div class=\"row align-items-center\">\n<div class=\"col-lg-6\">\n<div class=\"t_img_hover_1\"><img decoding=\"async\" class=\"img img-fluid mx-auto\" title=\"\" src=\"https:\/\/www.mytec.com.gt\/web\/image\/1338007\/5.1-min.jpg?access_token=131a5d33-74b1-4ed8-a7f5-31d7454540fb\" alt=\"Clarico-Image-Text\" data-original-title=\"\" aria-describedby=\"tooltip228041\" \/><\/div>\n<\/div>\n<div class=\"col-lg-6 pt16 pb16\">\n<h2 class=\"text-uppercase te_s_it_heading\"><b><span>ESPECIFICACIONES<\/span><\/b><\/h2>\n<div class=\"s_hr text-left pb32 pt8\">\n<hr class=\"border-600 aos-init s_hr_solid w-25 mr-auto s_hr_4px border-alpha aos-animate\" data-aos=\"s_hr_4px\" \/>\n<\/div>\n<ul>\n<li>\n<p class=\"mb16\"><span>Convierte su llave M.2 PCI-E NVME NGFF M en una unidad externa para conectarla a su computadora a trav\u00e9s de un puerto Tipo-C o USB3.0<\/span><\/p>\n<\/li>\n<li>\n<p class=\"mb16\"><span>Material de la caja: Aluminio + ABS<\/span><\/p>\n<\/li>\n<li>\n<p class=\"mb16\"><span>Cumple con M.2 PCI-E NVME especificaciones<\/span><\/p>\n<\/li>\n<li>\n<p class=\"mb16\"><span>Cumple con las especificaciones de tipo C<\/span><\/p>\n<\/li>\n<li>\n<p class=\"mb16\"><span>Admite transferencias de datos de hasta 10 Gbps<\/span><\/p>\n<\/li>\n<li>\n<p class=\"mb16\"><span>Admite unidades basadas en PCI-E NVME<\/span><\/p>\n<\/li>\n<li>\n<p class=\"mb16\"><span>Admite M Key NGFF M.2<\/span><\/p>\n<\/li>\n<li>\n<p class=\"mb16\"><span>Admite SSD PCI-E de tama\u00f1o 2230, 2242, 2260 y 2280<\/span><\/p>\n<\/li>\n<li>\n<p class=\"mb16\"><span>F\u00e1cil instalaci\u00f3n y no requiere alimentaci\u00f3n ni controladores adicionales<\/span><\/p>\n<\/li>\n<li>\n<p class=\"mb16\"><span>Admite la funci\u00f3n BOOT del sistema<\/span><\/p>\n<\/li>\n<li>\n<p class=\"mb16\"><span>Admite Plug &amp; Play y Hot-Swapping<\/span><\/p>\n<\/li>\n<li>\n<p class=\"mb16\"><span>Compatible con la mayor\u00eda de los sistemas operativos<\/span><\/p>\n<\/li>\n<li>\n<p class=\"mb16\"><span>Incluye: (1) cable USB a tipo C y (1) cable tipo C a tipo C<\/span><\/p>\n<\/li>\n<\/ul>\n<\/div>\n<\/div>\n<\/div>\n<\/section>\n","protected":false},"excerpt":{"rendered":"<div class=\"o_not_editable\">\n<p class=\"te_prod_desc\">&#8211; Conexi\u00f3n a PC USB-C \/ USB 3.0<br \/>\n&#8211; Compatibilidad SSD PCI-E de 2230, 2242, 2260 y 2280<br \/>\n&#8211; Velocidad m\u00e1xima de hasta 10 Gbps<br \/>\n&#8211; Admite unidades basadas en PCI-E NVME<br \/>\n&#8211; Soporte Hot-Swapping y Plug &amp; Play<br \/>\n&#8211; Admite la funci\u00f3n BOOT del sistema<br \/>\n&#8211; Compatible con Windows y Mac OS<br \/>\n&#8211; F\u00e1cil instalaci\u00f3n y no requiere controlador<\/p>\n<\/div>\n<div class=\"timer_data\">\n<div class=\"timer_input\"><\/div>\n<\/div>\n<div class=\"te_display_end_date\"><\/div>\n<form action=\"https:\/\/www.mytec.com.gt\/shop\/cart\/update\" method=\"POST\">&nbsp;<\/p>\n<\/form>\n","protected":false},"featured_media":6082,"comment_status":"open","ping_status":"closed","template":"","meta":{"om_disable_all_campaigns":false,"_mi_skip_tracking":false,"site-sidebar-layout":"default","site-content-layout":"default","ast-global-header-display":"","ast-main-header-display":"","ast-hfb-above-header-display":"","ast-hfb-below-header-display":"","ast-hfb-mobile-header-display":"","site-post-title":"","ast-breadcrumbs-content":"","ast-featured-img":"","footer-sml-layout":"","theme-transparent-header-meta":"default","adv-header-id-meta":"","stick-header-meta":"","header-above-stick-meta":"","header-main-stick-meta":"","header-below-stick-meta":""},"product_cat":[88],"product_tag":[],"class_list":["post-6081","product","type-product","status-publish","has-post-thumbnail","hentry","product_cat-disco-duro","desktop-align-left","tablet-align-left","mobile-align-left"],"aioseo_notices":[],"_links":{"self":[{"href":"https:\/\/tecnomerch.com\/index.php\/wp-json\/wp\/v2\/product\/6081","targetHints":{"allow":["GET"]}}],"collection":[{"href":"https:\/\/tecnomerch.com\/index.php\/wp-json\/wp\/v2\/product"}],"about":[{"href":"https:\/\/tecnomerch.com\/index.php\/wp-json\/wp\/v2\/types\/product"}],"replies":[{"embeddable":true,"href":"https:\/\/tecnomerch.com\/index.php\/wp-json\/wp\/v2\/comments?post=6081"}],"version-history":[{"count":1,"href":"https:\/\/tecnomerch.com\/index.php\/wp-json\/wp\/v2\/product\/6081\/revisions"}],"predecessor-version":[{"id":6083,"href":"https:\/\/tecnomerch.com\/index.php\/wp-json\/wp\/v2\/product\/6081\/revisions\/6083"}],"wp:featuredmedia":[{"embeddable":true,"href":"https:\/\/tecnomerch.com\/index.php\/wp-json\/wp\/v2\/media\/6082"}],"wp:attachment":[{"href":"https:\/\/tecnomerch.com\/index.php\/wp-json\/wp\/v2\/media?parent=6081"}],"wp:term":[{"taxonomy":"product_cat","embeddable":true,"href":"https:\/\/tecnomerch.com\/index.php\/wp-json\/wp\/v2\/product_cat?post=6081"},{"taxonomy":"product_tag","embeddable":true,"href":"https:\/\/tecnomerch.com\/index.php\/wp-json\/wp\/v2\/product_tag?post=6081"}],"curies":[{"name":"wp","href":"https:\/\/api.w.org\/{rel}","templated":true}]}}