{"id":6072,"date":"2023-12-22T19:41:12","date_gmt":"2023-12-22T19:41:12","guid":{"rendered":"https:\/\/tecnomerch.com\/?post_type=product&#038;p=6072"},"modified":"2023-12-22T19:41:13","modified_gmt":"2023-12-22T19:41:13","slug":"disco-duro-externo-4tb-seagate-expansion-2-5-usb-3-0","status":"publish","type":"product","link":"https:\/\/tecnomerch.com\/index.php\/product\/disco-duro-externo-4tb-seagate-expansion-2-5-usb-3-0\/","title":{"rendered":"Disco Duro Externo 4TB Seagate Expansion 2.5&#8243; USB 3.0"},"content":{"rendered":"<section class=\"s_text_image pt32\">\n<div class=\"container\">\n<div class=\"row align-items-center\">\n<div class=\"col-lg-6 pt16 pb16\">\n<p class=\"mb16 o_default_snippet_text\"><span><b>Almacenamiento de conexi\u00f3n instant\u00e1nea<\/b><\/span><\/p>\n<p class=\"mb16\"><span>Agregue almacenamiento extra en segundos con las unidades Seagate Expansion.<\/span><\/p>\n<p class=\"mb16\"><span>Hay una unidad Expansion para usted gracias a las opciones de sobremesa de alta capacidad, las unidades de disco duro port\u00e1tiles que caben en su bolsillo.<\/span><\/p>\n<ul>\n<li>\n<p class=\"mb16 o_default_snippet_text\"><span>Almacenamiento de archivos mediante la t\u00e9cnica de arrastrar y soltar listo para usarse<\/span><\/p>\n<\/li>\n<\/ul>\n<ul>\n<li>\n<p class=\"mb16\"><span>R\u00e1pida transferencia de datos con conectividad USB 3.0<\/span><\/p>\n<\/li>\n<\/ul>\n<ul>\n<li>\n<p class=\"mb16\"><span>Compatible con Windows\u00ae y Mac\u00ae<\/span><\/p>\n<\/li>\n<\/ul>\n<\/div>\n<div class=\"col-lg-6 pt16 pb16\">\n<div class=\"t_img_hover_1\"><img decoding=\"async\" class=\"img img-fluid mx-auto\" title=\"\" src=\"https:\/\/www.mytec.com.gt\/web\/image\/1126582\/7.1-min.jpg?access_token=3eaf97da-dcb0-4a8c-ba78-05e286dbc612\" alt=\"Clarico-Text-Image\" data-original-title=\"\" aria-describedby=\"tooltip403051\" \/><\/div>\n<\/div>\n<\/div>\n<\/div>\n<\/section>\n<section class=\"s_text_image pt32\">\n<div class=\"container\">\n<div class=\"row align-items-center\">\n<div class=\"col-lg-6\">\n<div class=\"t_img_hover_1\"><img decoding=\"async\" class=\"img img-fluid mx-auto\" title=\"\" src=\"https:\/\/www.mytec.com.gt\/web\/image\/1126588\/8.jpg?access_token=2a0053ae-0ff5-4c01-89e3-326fe0c7232e\" alt=\"Clarico-Image-Text\" data-original-title=\"\" aria-describedby=\"tooltip28920\" \/><\/div>\n<\/div>\n<div class=\"col-lg-6 pt16 pb16\">\n<p class=\"mb16\"><b><span>La soluci\u00f3n de almacenamiento que es f\u00e1cil de usar<\/span><\/b><\/p>\n<p class=\"mb16\"><span>Comience a guardar f\u00e1cilmente sus archivos digitales en solo segundos. Lo \u00fanico que tiene que hacer es conectarla y luego, \u00a1arrastrar y soltar!<\/span><\/p>\n<\/div>\n<\/div>\n<\/div>\n<\/section>\n<section class=\"s_text_image pt40\">\n<div class=\"container\">\n<div class=\"row align-items-center\">\n<div class=\"col-lg-6 pt16 pb16\">\n<p class=\"mb16 o_default_snippet_text\"><span>Rescue Data Recovery Services para la recuperaci\u00f3n de datos<\/span><\/p>\n<p class=\"mb16 o_default_snippet_text\"><span>\u00a1Puede contar con nosotros!<\/span><\/p>\n<p class=\"mb16\"><span>Si algo inesperado llegara a ocurrir, como da\u00f1os causados por el agua o desastres naturales, los servicios Rescue le ayudar\u00e1n a protegerse contra la p\u00e9rdida de datos, as\u00ed que puede estar tranquilo<\/span><\/p>\n<\/div>\n<div class=\"col-lg-6 pt16 pb16\">\n<div class=\"t_img_hover_1\"><img decoding=\"async\" class=\"img img-fluid mx-auto\" title=\"\" src=\"https:\/\/www.mytec.com.gt\/web\/image\/1126595?access_token=116e0e35-83e7-42dc-91e5-59037a9e8482\" alt=\"Clarico-Text-Image\" data-original-title=\"\" aria-describedby=\"tooltip291593\" data-aspect-ratio=\"0\/0\" data-x=\"55.62296665736607\" data-y=\"78.94858169555664\" data-width=\"640.342720249721\" data-height=\"637.8685748508998\" data-rotate=\"0\" data-scale-x=\"1\" data-scale-y=\"1\" \/><\/div>\n<\/div>\n<\/div>\n<\/div>\n<\/section>\n","protected":false},"excerpt":{"rendered":"<p>&#8211; Capacidad 4TB (4000GB)<br \/>\n&#8211; Interfaz USB 3.0 Type-A<br \/>\n&#8211; Incluye cable USB 3.0<br \/>\n&#8211; Color del producto Negro<br \/>\n&#8211; Sistema operativo Windows\u00ae y macOS<br \/>\n&#8211; Servicios de recuperaci\u00f3n de datos<\/p>\n","protected":false},"featured_media":6073,"comment_status":"open","ping_status":"closed","template":"","meta":{"om_disable_all_campaigns":false,"_mi_skip_tracking":false,"site-sidebar-layout":"default","site-content-layout":"default","ast-global-header-display":"","ast-main-header-display":"","ast-hfb-above-header-display":"","ast-hfb-below-header-display":"","ast-hfb-mobile-header-display":"","site-post-title":"","ast-breadcrumbs-content":"","ast-featured-img":"","footer-sml-layout":"","theme-transparent-header-meta":"default","adv-header-id-meta":"","stick-header-meta":"","header-above-stick-meta":"","header-main-stick-meta":"","header-below-stick-meta":""},"product_cat":[88],"product_tag":[],"class_list":["post-6072","product","type-product","status-publish","has-post-thumbnail","hentry","product_cat-disco-duro","desktop-align-left","tablet-align-left","mobile-align-left"],"aioseo_notices":[],"_links":{"self":[{"href":"https:\/\/tecnomerch.com\/index.php\/wp-json\/wp\/v2\/product\/6072","targetHints":{"allow":["GET"]}}],"collection":[{"href":"https:\/\/tecnomerch.com\/index.php\/wp-json\/wp\/v2\/product"}],"about":[{"href":"https:\/\/tecnomerch.com\/index.php\/wp-json\/wp\/v2\/types\/product"}],"replies":[{"embeddable":true,"href":"https:\/\/tecnomerch.com\/index.php\/wp-json\/wp\/v2\/comments?post=6072"}],"version-history":[{"count":1,"href":"https:\/\/tecnomerch.com\/index.php\/wp-json\/wp\/v2\/product\/6072\/revisions"}],"predecessor-version":[{"id":6074,"href":"https:\/\/tecnomerch.com\/index.php\/wp-json\/wp\/v2\/product\/6072\/revisions\/6074"}],"wp:featuredmedia":[{"embeddable":true,"href":"https:\/\/tecnomerch.com\/index.php\/wp-json\/wp\/v2\/media\/6073"}],"wp:attachment":[{"href":"https:\/\/tecnomerch.com\/index.php\/wp-json\/wp\/v2\/media?parent=6072"}],"wp:term":[{"taxonomy":"product_cat","embeddable":true,"href":"https:\/\/tecnomerch.com\/index.php\/wp-json\/wp\/v2\/product_cat?post=6072"},{"taxonomy":"product_tag","embeddable":true,"href":"https:\/\/tecnomerch.com\/index.php\/wp-json\/wp\/v2\/product_tag?post=6072"}],"curies":[{"name":"wp","href":"https:\/\/api.w.org\/{rel}","templated":true}]}}