{"id":6065,"date":"2023-12-22T19:38:58","date_gmt":"2023-12-22T19:38:58","guid":{"rendered":"https:\/\/tecnomerch.com\/?post_type=product&#038;p=6065"},"modified":"2023-12-22T19:38:58","modified_gmt":"2023-12-22T19:38:58","slug":"enclosure-m-2-argom-para-ssd-sata-a-usb-3-0-negro","status":"publish","type":"product","link":"https:\/\/tecnomerch.com\/index.php\/product\/enclosure-m-2-argom-para-ssd-sata-a-usb-3-0-negro\/","title":{"rendered":"Enclosure M.2. Argom para SSD SATA a USB 3.0 Negro"},"content":{"rendered":"<div id=\"product_full_description\" class=\"oe_structure container te_product_tab tab1C\">\n<section class=\"s_text_image\">\n<div class=\"container\">\n<div class=\"row align-items-center\">\n<div class=\"col-lg-6\">\n<div class=\"t_img_hover_1\"><img decoding=\"async\" class=\"img img-fluid mx-auto\" title=\"\" src=\"https:\/\/www.mytec.com.gt\/web\/image\/474372\/cdn_shopify_com-ARG-AC-1036-Product.jpg?access_token=0337fe98-472c-4006-8d1f-d73123d56388\" alt=\"Clarico-Image-Text\" data-original-title=\"\" aria-describedby=\"tooltip903511\" \/><\/div>\n<\/div>\n<div class=\"col-lg-6 pt16 pb16\">\n<h2 class=\"te_s_it_heading text-uppercase\">DESCRIPCI\u00d3N<\/h2>\n<div class=\"s_hr text-left pb32 pt8\">\n<hr class=\"border-600 aos-init s_hr_solid w-25 mr-auto s_hr_4px border-alpha aos-animate\" data-aos=\"s_hr_4px\" \/>\n<\/div>\n<p class=\"mb16\"><span>Coloque su disco duro SSD SATA con clave B interna en esta caja de aluminio liviana con una interfaz USB 3.0 y transf\u00f3rmela en una soluci\u00f3n HD externa port\u00e1til con velocidades de transferencia de datos de hasta 6 Gbps.\u00a0<\/span><span>Esta copia de seguridad port\u00e1til para llevarla a cualquier lugar ofrece un almacenamiento muy eficiente y econ\u00f3mico.<\/span><span>\u00a0<\/span><span>Este gabinete Plug &amp; Play con su dise\u00f1o compacto ultra delgado proporciona una manera r\u00e1pida y f\u00e1cil de agregar m\u00e1s espacio de almacenamiento a su PC de escritorio o port\u00e1til.<\/span><\/p>\n<p class=\"mb16\"><b>ESPECIFICACIONES:\u00a0<\/b><\/p>\n<p class=\"mb16\"><span>&#8211; Conexi\u00f3n a PC: USB 3.0<\/span><br \/>\n<span>&#8211; HD Compatibilidad: B Key NGFF SSD, compatible con SSD NGFF de tama\u00f1o 2230, 2242, 2260 y 2280 Velocidad<\/span><br \/>\n<span>&#8211; m\u00e1xima de velocidad de datos: USB hasta 6Gbps<\/span><br \/>\n<span>&#8211; Soporte: Hot-Swapping \/ Plug &amp; Play<\/span><br \/>\n<span>&#8211; Compatible con Windows y Mac OS<\/span><br \/>\n<span>&#8211; Easy instalaci\u00f3n y no requiere controlador<\/span><br \/>\n<span>&#8211; Dimensiones: 92 x 40 x 10 mm<\/span><br \/>\n<span>&#8211; Peso: 60 g<\/span><\/p>\n<\/div>\n<\/div>\n<\/div>\n<\/section>\n<\/div>\n<div class=\"recommended_product_slider_main container mb32\">\n<div class=\"alternative_product_main\">\n<div id=\"myCarousel_alt_prod\" class=\"carousel slide theme_carousel_common\" data-interval=\"5000\"><\/div>\n<\/div>\n<\/div>\n","protected":false},"excerpt":{"rendered":"<p>&#8211; Conexi\u00f3n a PC USB 3.0<br \/>\n&#8211; Compatibilidad HD 2230, 2242, 2260 y 2280mm<br \/>\n&#8211; Velocidad m\u00e1xima USB hasta 6 Gbps<br \/>\n&#8211; Soporte Hot-Swapping Plug &amp; Play<br \/>\n&#8211; Compatible con Windows y Mac OS<br \/>\n&#8211; F\u00e1cil instalaci\u00f3n y no requiere controlador<\/p>\n","protected":false},"featured_media":6066,"comment_status":"open","ping_status":"closed","template":"","meta":{"om_disable_all_campaigns":false,"_mi_skip_tracking":false,"site-sidebar-layout":"default","site-content-layout":"default","ast-global-header-display":"","ast-main-header-display":"","ast-hfb-above-header-display":"","ast-hfb-below-header-display":"","ast-hfb-mobile-header-display":"","site-post-title":"","ast-breadcrumbs-content":"","ast-featured-img":"","footer-sml-layout":"","theme-transparent-header-meta":"default","adv-header-id-meta":"","stick-header-meta":"","header-above-stick-meta":"","header-main-stick-meta":"","header-below-stick-meta":""},"product_cat":[88],"product_tag":[],"class_list":["post-6065","product","type-product","status-publish","has-post-thumbnail","hentry","product_cat-disco-duro","desktop-align-left","tablet-align-left","mobile-align-left"],"aioseo_notices":[],"_links":{"self":[{"href":"https:\/\/tecnomerch.com\/index.php\/wp-json\/wp\/v2\/product\/6065","targetHints":{"allow":["GET"]}}],"collection":[{"href":"https:\/\/tecnomerch.com\/index.php\/wp-json\/wp\/v2\/product"}],"about":[{"href":"https:\/\/tecnomerch.com\/index.php\/wp-json\/wp\/v2\/types\/product"}],"replies":[{"embeddable":true,"href":"https:\/\/tecnomerch.com\/index.php\/wp-json\/wp\/v2\/comments?post=6065"}],"version-history":[{"count":1,"href":"https:\/\/tecnomerch.com\/index.php\/wp-json\/wp\/v2\/product\/6065\/revisions"}],"predecessor-version":[{"id":6067,"href":"https:\/\/tecnomerch.com\/index.php\/wp-json\/wp\/v2\/product\/6065\/revisions\/6067"}],"wp:featuredmedia":[{"embeddable":true,"href":"https:\/\/tecnomerch.com\/index.php\/wp-json\/wp\/v2\/media\/6066"}],"wp:attachment":[{"href":"https:\/\/tecnomerch.com\/index.php\/wp-json\/wp\/v2\/media?parent=6065"}],"wp:term":[{"taxonomy":"product_cat","embeddable":true,"href":"https:\/\/tecnomerch.com\/index.php\/wp-json\/wp\/v2\/product_cat?post=6065"},{"taxonomy":"product_tag","embeddable":true,"href":"https:\/\/tecnomerch.com\/index.php\/wp-json\/wp\/v2\/product_tag?post=6065"}],"curies":[{"name":"wp","href":"https:\/\/api.w.org\/{rel}","templated":true}]}}