{"id":6062,"date":"2023-12-22T19:37:50","date_gmt":"2023-12-22T19:37:50","guid":{"rendered":"https:\/\/tecnomerch.com\/?post_type=product&#038;p=6062"},"modified":"2023-12-22T19:37:51","modified_gmt":"2023-12-22T19:37:51","slug":"enclosure-2-5-argom-sata-a-usb-3-0-toolfree-negro","status":"publish","type":"product","link":"https:\/\/tecnomerch.com\/index.php\/product\/enclosure-2-5-argom-sata-a-usb-3-0-toolfree-negro\/","title":{"rendered":"Enclosure 2.5&#8243; Argom SATA a USB 3.0 Toolfree Negro"},"content":{"rendered":"<section>\n<div class=\"container\">\n<div class=\"row s_nb_column_fixed\">\n<div class=\"col-lg-12 s_title\">\n<h4 class=\"te_s_title_default\">Enclosure 2.5&#8243; Argom SATA USB 3.0 ToolFree<\/h4>\n<hr \/>\n<\/div>\n<\/div>\n<\/div>\n<\/section>\n<section class=\"s_big_picture\">\n<div class=\"container\">\n<div class=\"row\">\n<div class=\"col-md-12\"><\/div>\n<\/div>\n<\/div>\n<\/section>\n<section class=\"s_text_image\">\n<div class=\"container\">\n<div class=\"row align-items-center\">\n<div class=\"col-lg-6\">\n<div class=\"t_img_hover_1\"><img decoding=\"async\" class=\"img img-fluid mx-auto\" src=\"https:\/\/www.mytec.com.gt\/web\/image\/419159\/ARG-AC-1032Compu.jpg?access_token=b3d1e7dd-30e6-453c-81b8-daeb200c3a0f\" alt=\"Clarico-Image-Text\" \/><\/div>\n<\/div>\n<div class=\"col-lg-6 pt16 pb16\">\n<h2 class=\"text-uppercase te_s_it_heading\">ENCLOSURE 2.5&#8243; ARGOM SATA USB 3.0<\/h2>\n<div class=\"s_hr text-left pb32 pt8\">\n<hr class=\"border-600 aos-init s_hr_solid w-25 mr-auto s_hr_4px border-alpha aos-animate\" data-aos=\"s_hr_4px\" \/>\n<\/div>\n<p class=\"mb16\">Coloque su disco duro SATA interno de 2,5 \u00aben este estuche liviano con una interfaz USB 3.0 y convi\u00e9rtelo en una soluci\u00f3n de Disco Duro Externao port\u00e1til con tasas de transferencia de datos de hasta 5 Gbps.<\/p>\n<p class=\"mb16\">Este dispositivo port\u00e1til que puede llevarlo a donde quiera que vaya ofrece un almacenamiento altamente eficiente y econ\u00f3mico. Este enclosure Plug &amp; Play con su dise\u00f1o ultra delgado y compacto proporciona una manera r\u00e1pida y f\u00e1cil de agregar m\u00e1s espacio de almacenamiento a su computadora de escritorio o computadora port\u00e1til. Compatible con Windows\u00ae 98 \/ SE \/ ME \/ 2000 \/ XP \/ Vista \/ Win7 \/ win8 \/ Win10 \/ Mac OS 8.6 o m\u00e1s.<\/p>\n<\/div>\n<\/div>\n<\/div>\n<\/section>\n","protected":false},"excerpt":{"rendered":"<div class=\"o_not_editable\">\n<p class=\"te_prod_desc\">&#8211; Factor de Forma: 2.5&#8243; SATA USB 3.0<br \/>\n&#8211; Interfaz USB 3.0<br \/>\n&#8211; Transferencia de datos de hasta 5 Gbps.<br \/>\n&#8211; Plug &amp; Play<br \/>\n&#8211; Compatible con Windows Win7 \/ win8 \/ Win10 \/ Mac OS 8.6 o m\u00e1s.<\/p>\n<\/div>\n<div class=\"timer_data\">\n<div class=\"timer_input\"><\/div>\n<\/div>\n<div class=\"te_display_end_date\"><\/div>\n<form action=\"https:\/\/www.mytec.com.gt\/shop\/cart\/update\" method=\"POST\">&nbsp;<\/p>\n<\/form>\n","protected":false},"featured_media":6063,"comment_status":"open","ping_status":"closed","template":"","meta":{"om_disable_all_campaigns":false,"_mi_skip_tracking":false,"site-sidebar-layout":"default","site-content-layout":"default","ast-global-header-display":"","ast-main-header-display":"","ast-hfb-above-header-display":"","ast-hfb-below-header-display":"","ast-hfb-mobile-header-display":"","site-post-title":"","ast-breadcrumbs-content":"","ast-featured-img":"","footer-sml-layout":"","theme-transparent-header-meta":"default","adv-header-id-meta":"","stick-header-meta":"","header-above-stick-meta":"","header-main-stick-meta":"","header-below-stick-meta":""},"product_cat":[88],"product_tag":[],"class_list":["post-6062","product","type-product","status-publish","has-post-thumbnail","hentry","product_cat-disco-duro","desktop-align-left","tablet-align-left","mobile-align-left"],"aioseo_notices":[],"_links":{"self":[{"href":"https:\/\/tecnomerch.com\/index.php\/wp-json\/wp\/v2\/product\/6062","targetHints":{"allow":["GET"]}}],"collection":[{"href":"https:\/\/tecnomerch.com\/index.php\/wp-json\/wp\/v2\/product"}],"about":[{"href":"https:\/\/tecnomerch.com\/index.php\/wp-json\/wp\/v2\/types\/product"}],"replies":[{"embeddable":true,"href":"https:\/\/tecnomerch.com\/index.php\/wp-json\/wp\/v2\/comments?post=6062"}],"version-history":[{"count":1,"href":"https:\/\/tecnomerch.com\/index.php\/wp-json\/wp\/v2\/product\/6062\/revisions"}],"predecessor-version":[{"id":6064,"href":"https:\/\/tecnomerch.com\/index.php\/wp-json\/wp\/v2\/product\/6062\/revisions\/6064"}],"wp:featuredmedia":[{"embeddable":true,"href":"https:\/\/tecnomerch.com\/index.php\/wp-json\/wp\/v2\/media\/6063"}],"wp:attachment":[{"href":"https:\/\/tecnomerch.com\/index.php\/wp-json\/wp\/v2\/media?parent=6062"}],"wp:term":[{"taxonomy":"product_cat","embeddable":true,"href":"https:\/\/tecnomerch.com\/index.php\/wp-json\/wp\/v2\/product_cat?post=6062"},{"taxonomy":"product_tag","embeddable":true,"href":"https:\/\/tecnomerch.com\/index.php\/wp-json\/wp\/v2\/product_tag?post=6062"}],"curies":[{"name":"wp","href":"https:\/\/api.w.org\/{rel}","templated":true}]}}