{"id":6059,"date":"2023-12-22T19:34:50","date_gmt":"2023-12-22T19:34:50","guid":{"rendered":"https:\/\/tecnomerch.com\/?post_type=product&#038;p=6059"},"modified":"2023-12-22T19:36:29","modified_gmt":"2023-12-22T19:36:29","slug":"enclosure-2-5-argom-sata-a-usb-2-0-negro","status":"publish","type":"product","link":"https:\/\/tecnomerch.com\/index.php\/product\/enclosure-2-5-argom-sata-a-usb-2-0-negro\/","title":{"rendered":"Enclosure 2.5&#8243; Argom SATA a USB 2.0 Negro"},"content":{"rendered":"<section class=\"s_text_image\">\n<div class=\"container\">\n<div class=\"row align-items-center\">\n<div class=\"col-lg-6\">\n<div class=\"t_img_hover_1\"><img decoding=\"async\" class=\"img img-fluid mx-auto\" title=\"\" src=\"https:\/\/www.mytec.com.gt\/web\/image\/923301\/image.png?access_token=61df4e59-0a7b-43a8-a8df-7c92515ca95d\" alt=\"Clarico-Image-Text\" data-original-title=\"\" aria-describedby=\"tooltip215360\" \/><\/div>\n<\/div>\n<div class=\"col-lg-6 pt16 pb16\">\n<h2 class=\"te_s_it_heading text-uppercase\">DESCRIPCI\u00d3N<\/h2>\n<div class=\"s_hr text-left pb32 pt8\">\n<hr class=\"border-600 aos-init s_hr_solid w-25 mr-auto s_hr_4px border-alpha aos-animate\" data-aos=\"s_hr_4px\" \/>\n<\/div>\n<p class=\"mb16\"><span>Coloque su disco duro SATA interno de 2.5 \u00aben esta caja de aluminio liviana con una interfaz USB 2.0 y transf\u00f3rmela en una soluci\u00f3n HD externa port\u00e1til con tasas de transferencia de datos de hasta 480 Mbps. Esta copia de seguridad port\u00e1til para llevar a cualquier lugar ofrece una almacenamiento econ\u00f3mico. Este gabinete Plug &amp; Play con su dise\u00f1o ultra delgado y compacto proporciona una manera r\u00e1pida y f\u00e1cil de agregar m\u00e1s espacio de almacenamiento a su PC de escritorio o port\u00e1til.<\/span><\/p>\n<\/div>\n<\/div>\n<\/div>\n<\/section>\n<section class=\"s_text_image\">\n<div class=\"container\">\n<div class=\"row align-items-center\">\n<div class=\"col-lg-6 pt16 pb16\">\n<h2 class=\"te_s_it_heading text-uppercase\">ESPECIFICACIONES<\/h2>\n<div class=\"pb32 pt8 s_hr text-left\">\n<hr class=\"border-600 border-alpha mr-auto s_hr_4px s_hr_solid w-25\" \/>\n<\/div>\n<p class=\"mb16\"><span>Conexi\u00f3n de PC: USB 2.0<\/span><br \/>\n<span>HD Compatibilidad: SATA 2.5 \u00abhasta 1TB<\/span><br \/>\n<span>Velocidad de datos m\u00e1xima Velocidad: USB hasta 480 Mbps<\/span><br \/>\n<span>Soporte: Hot-Swapping \/ Plug &amp; Play<\/span><br \/>\n<span>Compatible con Windows y Mac OS.<\/span><\/p>\n<\/div>\n<div class=\"col-lg-6 pt16 pb16\">\n<div class=\"t_img_hover_1\"><img decoding=\"async\" class=\"img img-fluid mx-auto\" title=\"\" src=\"https:\/\/www.mytec.com.gt\/web\/image\/923303\/image%20(1).png?access_token=28c284a4-f935-4a64-b71c-3d725fd04fde\" alt=\"Clarico-Text-Image\" data-original-title=\"\" aria-describedby=\"tooltip146000\" \/><\/div>\n<\/div>\n<\/div>\n<\/div>\n<\/section>\n","protected":false},"excerpt":{"rendered":"<p>&#8211; Conexi\u00f3n a USB 2.0<br \/>\n&#8211; Compatible con SSD \/ HDD 2.5&#8243;<br \/>\n&#8211; Velocidad Transferencia hasta 480Mb\/s<br \/>\n&#8211; Plug &amp; Play<br \/>\n&#8211; Compatible con Windows y Mac OS.<\/p>\n","protected":false},"featured_media":6060,"comment_status":"open","ping_status":"closed","template":"","meta":{"om_disable_all_campaigns":false,"_mi_skip_tracking":false,"site-sidebar-layout":"default","site-content-layout":"default","ast-global-header-display":"","ast-main-header-display":"","ast-hfb-above-header-display":"","ast-hfb-below-header-display":"","ast-hfb-mobile-header-display":"","site-post-title":"","ast-breadcrumbs-content":"","ast-featured-img":"","footer-sml-layout":"","theme-transparent-header-meta":"default","adv-header-id-meta":"","stick-header-meta":"","header-above-stick-meta":"","header-main-stick-meta":"","header-below-stick-meta":""},"product_cat":[88],"product_tag":[],"class_list":["post-6059","product","type-product","status-publish","has-post-thumbnail","hentry","product_cat-disco-duro","desktop-align-left","tablet-align-left","mobile-align-left"],"aioseo_notices":[],"_links":{"self":[{"href":"https:\/\/tecnomerch.com\/index.php\/wp-json\/wp\/v2\/product\/6059","targetHints":{"allow":["GET"]}}],"collection":[{"href":"https:\/\/tecnomerch.com\/index.php\/wp-json\/wp\/v2\/product"}],"about":[{"href":"https:\/\/tecnomerch.com\/index.php\/wp-json\/wp\/v2\/types\/product"}],"replies":[{"embeddable":true,"href":"https:\/\/tecnomerch.com\/index.php\/wp-json\/wp\/v2\/comments?post=6059"}],"version-history":[{"count":1,"href":"https:\/\/tecnomerch.com\/index.php\/wp-json\/wp\/v2\/product\/6059\/revisions"}],"predecessor-version":[{"id":6061,"href":"https:\/\/tecnomerch.com\/index.php\/wp-json\/wp\/v2\/product\/6059\/revisions\/6061"}],"wp:featuredmedia":[{"embeddable":true,"href":"https:\/\/tecnomerch.com\/index.php\/wp-json\/wp\/v2\/media\/6060"}],"wp:attachment":[{"href":"https:\/\/tecnomerch.com\/index.php\/wp-json\/wp\/v2\/media?parent=6059"}],"wp:term":[{"taxonomy":"product_cat","embeddable":true,"href":"https:\/\/tecnomerch.com\/index.php\/wp-json\/wp\/v2\/product_cat?post=6059"},{"taxonomy":"product_tag","embeddable":true,"href":"https:\/\/tecnomerch.com\/index.php\/wp-json\/wp\/v2\/product_tag?post=6059"}],"curies":[{"name":"wp","href":"https:\/\/api.w.org\/{rel}","templated":true}]}}