{"id":6049,"date":"2023-12-22T19:29:06","date_gmt":"2023-12-22T19:29:06","guid":{"rendered":"https:\/\/tecnomerch.com\/?post_type=product&#038;p=6049"},"modified":"2023-12-22T19:30:51","modified_gmt":"2023-12-22T19:30:51","slug":"camara-web-argom-cam20-720p-usb-arg-wc-9120bk","status":"publish","type":"product","link":"https:\/\/tecnomerch.com\/index.php\/product\/camara-web-argom-cam20-720p-usb-arg-wc-9120bk\/","title":{"rendered":"C\u00e1mara Web Argom CAM20 720p USB ARG-WC-9120BK"},"content":{"rendered":"<section>\n<div class=\"container\">\n<div class=\"row s_nb_column_fixed\">\n<div class=\"col-lg-12 s_title pt24\">\n<h4 class=\"te_s_title_default\"><span>C\u00e1mara Web Argom CAM20 720p USB ARG-WC-9120BK<\/span><\/h4>\n<hr \/>\n<\/div>\n<\/div>\n<\/div>\n<\/section>\n<section class=\"s_text_image pb48 pt40\">\n<div class=\"container\">\n<div class=\"row align-items-center\">\n<div class=\"col-lg-6\">\n<div class=\"t_img_hover_1\"><img decoding=\"async\" class=\"img img-fluid mx-auto\" title=\"\" src=\"https:\/\/www.mytec.com.gt\/web\/image\/499131\/ARG-WC-9120BK-Conference_2048x.jpg?access_token=48a13aef-9bb7-4971-badd-6ac91385935a\" alt=\"Clarico-Image-Text\" data-original-title=\"\" aria-describedby=\"tooltip498977\" \/><\/div>\n<\/div>\n<div class=\"col-lg-6 pt16 pb16\">\n<h2 class=\"text-uppercase te_s_it_heading\"><span><b>DESCRIPCI\u00d3N<\/b><\/span><\/h2>\n<div class=\"s_hr text-left pb32 pt8\">\n<hr class=\"border-600 aos-init s_hr_solid w-25 mr-auto s_hr_4px border-alpha aos-animate\" data-aos=\"s_hr_4px\" \/>\n<\/div>\n<p class=\"mb16\"><span>El CAM20 es su compa\u00f1ero perfecto de videoconferencia. Compatible con todos los programas y aplicaciones de videoconferencia. Cuenta con una resoluci\u00f3n HD 720P y un micr\u00f3fono incorporado para garantizar llamadas de conferencia productivas o chats de video en su hogar u oficina. Se monta f\u00e1cilmente en computadoras port\u00e1tiles y monitores con un clip universal. \u00a1Un verdadero producto plug and play para su estilo de vida remoto!<\/span><\/p>\n<\/div>\n<\/div>\n<\/div>\n<\/section>\n<section class=\"s_big_picture\">\n<div class=\"container\">\n<div class=\"row\">\n<div class=\"col-md-12\"><\/div>\n<\/div>\n<\/div>\n<\/section>\n<section class=\"s_text_image\">\n<div class=\"container\">\n<div class=\"row align-items-center\">\n<div class=\"col-lg-6 pt16 pb16\">\n<h2 class=\"te_s_it_heading text-uppercase\"><span>ESPECIFICACIONES<\/span><\/h2>\n<div class=\"s_hr text-left pb32 pt8\">\n<hr class=\"border-600 s_hr_solid w-25 mr-auto s_hr_4px border-alpha\" \/>\n<\/div>\n<ul>\n<li>\n<p class=\"mb16\">Hasta 720p de resoluci\u00f3n HD<\/p>\n<\/li>\n<\/ul>\n<ul>\n<li>\n<p class=\"mb16\">Micr\u00f3fono incorporado Velocidad de velocidad de<\/p>\n<\/li>\n<\/ul>\n<ul>\n<li>\n<p class=\"mb16\">Frames por segundo: 30 fps<\/p>\n<\/li>\n<\/ul>\n<ul>\n<li>\n<p class=\"mb16\">Formato de salida: YUY2 o MJPG<\/p>\n<\/li>\n<\/ul>\n<ul>\n<li>\n<p class=\"mb16\">Longitud del cable: 5 pies<\/p>\n<\/li>\n<\/ul>\n<ul>\n<li>\n<p class=\"mb16\">Tipo de interfaz: USB2.0<\/p>\n<\/li>\n<\/ul>\n<ul>\n<li>\n<p class=\"mb16\">Rango de imagen: 70 cm-90 cm<\/p>\n<\/li>\n<\/ul>\n<ul>\n<li>\n<p class=\"mb16\">Control de centelleo: 50 HZ o 60 HZ<\/p>\n<\/li>\n<\/ul>\n<\/div>\n<div class=\"col-lg-6 pb16 pt16\">\n<h2 class=\"text-uppercase te_s_it_heading\"><\/h2>\n<div class=\"s_hr text-left pb32 pt8\">\n<hr class=\"border-600 s_hr_solid w-25 mr-auto s_hr_4px border-alpha\" \/>\n<\/div>\n<ul>\n<li>\n<p class=\"mb16\">Formato de imagen: BMP \/ JPEG \/ PNG<\/p>\n<\/li>\n<\/ul>\n<ul>\n<li>\n<p class=\"mb16\">Formato de v\u00eddeo: AVI \/ WMV<\/p>\n<\/li>\n<\/ul>\n<ul>\n<li>\n<p class=\"mb16\">temperatura de funcionamiento: 14-104 \u00b0 F<\/p>\n<\/li>\n<\/ul>\n<ul>\n<li>\n<p class=\"mb16\">Tipo de sensor: CMOS de 1\/6\u201d<\/p>\n<\/li>\n<\/ul>\n<ul>\n<li>\n<p class=\"mb16\">Tipo de lente: 3P<\/p>\n<\/li>\n<\/ul>\n<ul>\n<li>\n<p class=\"mb16\">Compatible con Windows y Mac OS<\/p>\n<\/li>\n<\/ul>\n<ul>\n<li>\n<p class=\"mb16\">Funciona con Skype, zoom, GoToMeeting, y otros software de videoconferencia<\/p>\n<\/li>\n<\/ul>\n<ul>\n<li>\n<p class=\"mb16\">\u00danica pinza universal todas las computadoras port\u00e1tiles y monitores<\/p>\n<\/li>\n<\/ul>\n<\/div>\n<\/div>\n<\/div>\n<\/section>\n","protected":false},"excerpt":{"rendered":"<p>&#8211; 720p Resoluci\u00f3n<br \/>\n&#8211; Micr\u00f3fono Incorporado<br \/>\n&#8211; 30fps de Velocidad<br \/>\n&#8211; Formato de salida: YUY2 o MJPG<br \/>\n&#8211; Cable de 1.5m<br \/>\n&#8211; Interfaz USB 2.0<br \/>\n&#8211; Rango Imagen 70-90cm<br \/>\n&#8211; Formato de v\u00eddeo BMP\/JPEG\/PNG\/AVI\/WMV<br \/>\n&#8211; Sensor CMOS 1\/6&#8243;<br \/>\n&#8211; Compatible con Windows y Mac OS<br \/>\n-Funciona con Skype, Zoom, GoToMeeting<\/p>\n","protected":false},"featured_media":6050,"comment_status":"open","ping_status":"closed","template":"","meta":{"om_disable_all_campaigns":false,"_mi_skip_tracking":false,"site-sidebar-layout":"default","site-content-layout":"default","ast-global-header-display":"","ast-main-header-display":"","ast-hfb-above-header-display":"","ast-hfb-below-header-display":"","ast-hfb-mobile-header-display":"","site-post-title":"","ast-breadcrumbs-content":"","ast-featured-img":"","footer-sml-layout":"","theme-transparent-header-meta":"default","adv-header-id-meta":"","stick-header-meta":"","header-above-stick-meta":"","header-main-stick-meta":"","header-below-stick-meta":""},"product_cat":[120,159],"product_tag":[],"class_list":["post-6049","product","type-product","status-publish","has-post-thumbnail","hentry","product_cat-accesorios-para-computadoras","product_cat-camaras-web","desktop-align-left","tablet-align-left","mobile-align-left"],"aioseo_notices":[],"_links":{"self":[{"href":"https:\/\/tecnomerch.com\/index.php\/wp-json\/wp\/v2\/product\/6049","targetHints":{"allow":["GET"]}}],"collection":[{"href":"https:\/\/tecnomerch.com\/index.php\/wp-json\/wp\/v2\/product"}],"about":[{"href":"https:\/\/tecnomerch.com\/index.php\/wp-json\/wp\/v2\/types\/product"}],"replies":[{"embeddable":true,"href":"https:\/\/tecnomerch.com\/index.php\/wp-json\/wp\/v2\/comments?post=6049"}],"version-history":[{"count":1,"href":"https:\/\/tecnomerch.com\/index.php\/wp-json\/wp\/v2\/product\/6049\/revisions"}],"predecessor-version":[{"id":6051,"href":"https:\/\/tecnomerch.com\/index.php\/wp-json\/wp\/v2\/product\/6049\/revisions\/6051"}],"wp:featuredmedia":[{"embeddable":true,"href":"https:\/\/tecnomerch.com\/index.php\/wp-json\/wp\/v2\/media\/6050"}],"wp:attachment":[{"href":"https:\/\/tecnomerch.com\/index.php\/wp-json\/wp\/v2\/media?parent=6049"}],"wp:term":[{"taxonomy":"product_cat","embeddable":true,"href":"https:\/\/tecnomerch.com\/index.php\/wp-json\/wp\/v2\/product_cat?post=6049"},{"taxonomy":"product_tag","embeddable":true,"href":"https:\/\/tecnomerch.com\/index.php\/wp-json\/wp\/v2\/product_tag?post=6049"}],"curies":[{"name":"wp","href":"https:\/\/api.w.org\/{rel}","templated":true}]}}