{"id":6005,"date":"2023-12-15T15:51:40","date_gmt":"2023-12-15T15:51:40","guid":{"rendered":"https:\/\/tecnomerch.com\/?post_type=product&#038;p=6005"},"modified":"2023-12-15T15:51:40","modified_gmt":"2023-12-15T15:51:40","slug":"cable-usb-c-a-usb-c-argom-arg-cb-0049bk-1-8-metros-trenzado-negro","status":"publish","type":"product","link":"https:\/\/tecnomerch.com\/index.php\/product\/cable-usb-c-a-usb-c-argom-arg-cb-0049bk-1-8-metros-trenzado-negro\/","title":{"rendered":"Cable USB-C a USB-C Argom ARG-CB-0049BK 1.8 Metros Trenzado Negro"},"content":{"rendered":"<h2 class=\"text-uppercase te_s_it_heading\"><b>CONT\u00c1CTENOS PARA DISPONIBILIDAD DE PRODUCTOS<\/b><\/h2>\n<div class=\"s_hr text-left pb32 pt8\">\n<hr class=\"border-600 aos-init border-alpha s_hr_4px s_hr_solid mr-auto w-75 aos-animate\" data-aos=\"w-75\" \/>\n<\/div>\n<blockquote data-o-mail-quote-node=\"1\" data-o-mail-quote=\"1\"><p><b><span>Descripci\u00f3n<\/span><\/b><b><br \/>\n<\/b><br \/>\n<span>La nueva serie de cables Dura Speed \u200b\u200best\u00e1 dise\u00f1ada para dispositivos Tipo-C de alta potencia. El cable est\u00e1 construido con materiales de primera calidad y trenzado en nailon. Adem\u00e1s, est\u00e1 dise\u00f1ado para ser\u00a0 flexible y tener una experiencia sin enredos. Est\u00e1 fabricado con uniones reforzadas para evitar roturas y roturas. Es seis veces m\u00e1s fuerte que los cables tradicionales. El cable de 100 W puede cargar sus dispositivos al instante y r\u00e1pidamente. Compatible con dispositivos habilitados para tipo C, como tabletas, tel\u00e9fonos inteligentes y computadoras port\u00e1tiles con potencia de 45 W o 65 W.\u00a0<\/span><\/p><\/blockquote>\n","protected":false},"excerpt":{"rendered":"<p>&#8211; Velocidad de transferencia 480 Mbps<br \/>\n&#8211; Calibre: 30 + 30 + 23 + 23 AWG<br \/>\n&#8211; Corriente m\u00e1xima: 5 A\/100 W<br \/>\n&#8211; Material: carcasa de ABS de primera calidad + nailon trenzado<br \/>\n&#8211; Di\u00e1metro exterior: 4 mm<br \/>\n&#8211; Compatible con Type-C 45 W o port\u00e1tiles con clasificaci\u00f3n de 65 W<br \/>\n&#8211; Longitud 6 pies\/1,8 m<\/p>\n","protected":false},"featured_media":6006,"comment_status":"open","ping_status":"closed","template":"","meta":{"om_disable_all_campaigns":false,"_mi_skip_tracking":false,"site-sidebar-layout":"default","site-content-layout":"default","ast-global-header-display":"","ast-main-header-display":"","ast-hfb-above-header-display":"","ast-hfb-below-header-display":"","ast-hfb-mobile-header-display":"","site-post-title":"","ast-breadcrumbs-content":"","ast-featured-img":"","footer-sml-layout":"","theme-transparent-header-meta":"default","adv-header-id-meta":"","stick-header-meta":"","header-above-stick-meta":"","header-main-stick-meta":"","header-below-stick-meta":""},"product_cat":[119],"product_tag":[],"class_list":["post-6005","product","type-product","status-publish","has-post-thumbnail","hentry","product_cat-cables","desktop-align-left","tablet-align-left","mobile-align-left"],"aioseo_notices":[],"_links":{"self":[{"href":"https:\/\/tecnomerch.com\/index.php\/wp-json\/wp\/v2\/product\/6005","targetHints":{"allow":["GET"]}}],"collection":[{"href":"https:\/\/tecnomerch.com\/index.php\/wp-json\/wp\/v2\/product"}],"about":[{"href":"https:\/\/tecnomerch.com\/index.php\/wp-json\/wp\/v2\/types\/product"}],"replies":[{"embeddable":true,"href":"https:\/\/tecnomerch.com\/index.php\/wp-json\/wp\/v2\/comments?post=6005"}],"version-history":[{"count":1,"href":"https:\/\/tecnomerch.com\/index.php\/wp-json\/wp\/v2\/product\/6005\/revisions"}],"predecessor-version":[{"id":6007,"href":"https:\/\/tecnomerch.com\/index.php\/wp-json\/wp\/v2\/product\/6005\/revisions\/6007"}],"wp:featuredmedia":[{"embeddable":true,"href":"https:\/\/tecnomerch.com\/index.php\/wp-json\/wp\/v2\/media\/6006"}],"wp:attachment":[{"href":"https:\/\/tecnomerch.com\/index.php\/wp-json\/wp\/v2\/media?parent=6005"}],"wp:term":[{"taxonomy":"product_cat","embeddable":true,"href":"https:\/\/tecnomerch.com\/index.php\/wp-json\/wp\/v2\/product_cat?post=6005"},{"taxonomy":"product_tag","embeddable":true,"href":"https:\/\/tecnomerch.com\/index.php\/wp-json\/wp\/v2\/product_tag?post=6005"}],"curies":[{"name":"wp","href":"https:\/\/api.w.org\/{rel}","templated":true}]}}