{"id":5998,"date":"2023-12-15T15:48:52","date_gmt":"2023-12-15T15:48:52","guid":{"rendered":"https:\/\/tecnomerch.com\/?post_type=product&#038;p=5998"},"modified":"2023-12-15T15:48:52","modified_gmt":"2023-12-15T15:48:52","slug":"cargador-inalambrico-belkin-fast-charge-con-carga-oficial-magsafe-7-5w-negro","status":"publish","type":"product","link":"https:\/\/tecnomerch.com\/index.php\/product\/cargador-inalambrico-belkin-fast-charge-con-carga-oficial-magsafe-7-5w-negro\/","title":{"rendered":"Cargador Inal\u00e1mbrico Belkin Fast Charge con Carga Oficial MagSafe 7.5W Negro"},"content":{"rendered":"<div class=\"pb32 col-lg-6 pt40\">\n<p class=\"lead\"><span class=\"text-delta\"><b>Colocaci\u00f3n magn\u00e9tica con una sola mano<\/b><\/span><\/p>\n<div>\n<div><span class=\"text-delta\"><br \/>\nEl uso de la funci\u00f3n MagSafe de su iPhone 12 le permite encajarlo magn\u00e9ticamente en una alineaci\u00f3n perfecta con una mano, permite una eficiencia de carga inal\u00e1mbrica r\u00e1pida de hasta 7.5 W y evita que su tel\u00e9fono se desconecte de la alimentaci\u00f3n si se golpea.<\/span><\/div>\n<div><\/div>\n<\/div>\n<\/div>\n<div class=\"pb32 col-lg-6 pt40\">\n<p class=\"lead\"><span><b>Retrato u Paisaje<\/b><\/span><\/p>\n<p class=\"lead\"><span style=\"color: #000000;\"><b>Sigue usando tu iPhone 12 mientras se carga en m\u00faltiples \u00e1ngulos de visi\u00f3n. Lea recetas en la cocina o transmita videos mientras se prepara por la ma\u00f1ana.<\/b><\/span><\/p>\n<p class=\"lead\">\n<p>&nbsp;<\/p>\n<\/div>\n","protected":false},"excerpt":{"rendered":"<p>&#8211; Carga inal\u00e1mbrica r\u00e1pida 7.5W<br \/>\n&#8211; Usa tu tel\u00e9fono mientras se carga<br \/>\n&#8211; F\u00e1cil colocaci\u00f3n con una sola mano<br \/>\n&#8211; Alineaci\u00f3n magn\u00e9tica perfecta<br \/>\n&#8211; Compatible con fundas oficiales MagSafe<br \/>\n&#8211; Cargue un dispositivo iPhone 14\/13\/12<br \/>\n&#8211; La luz LED indicadora<\/p>\n","protected":false},"featured_media":5999,"comment_status":"open","ping_status":"closed","template":"","meta":{"om_disable_all_campaigns":false,"_mi_skip_tracking":false,"site-sidebar-layout":"default","site-content-layout":"default","ast-global-header-display":"","ast-main-header-display":"","ast-hfb-above-header-display":"","ast-hfb-below-header-display":"","ast-hfb-mobile-header-display":"","site-post-title":"","ast-breadcrumbs-content":"","ast-featured-img":"","footer-sml-layout":"","theme-transparent-header-meta":"default","adv-header-id-meta":"","stick-header-meta":"","header-above-stick-meta":"","header-main-stick-meta":"","header-below-stick-meta":""},"product_cat":[114],"product_tag":[],"class_list":["post-5998","product","type-product","status-publish","has-post-thumbnail","hentry","product_cat-adaptadores","desktop-align-left","tablet-align-left","mobile-align-left"],"aioseo_notices":[],"_links":{"self":[{"href":"https:\/\/tecnomerch.com\/index.php\/wp-json\/wp\/v2\/product\/5998","targetHints":{"allow":["GET"]}}],"collection":[{"href":"https:\/\/tecnomerch.com\/index.php\/wp-json\/wp\/v2\/product"}],"about":[{"href":"https:\/\/tecnomerch.com\/index.php\/wp-json\/wp\/v2\/types\/product"}],"replies":[{"embeddable":true,"href":"https:\/\/tecnomerch.com\/index.php\/wp-json\/wp\/v2\/comments?post=5998"}],"version-history":[{"count":1,"href":"https:\/\/tecnomerch.com\/index.php\/wp-json\/wp\/v2\/product\/5998\/revisions"}],"predecessor-version":[{"id":6000,"href":"https:\/\/tecnomerch.com\/index.php\/wp-json\/wp\/v2\/product\/5998\/revisions\/6000"}],"wp:featuredmedia":[{"embeddable":true,"href":"https:\/\/tecnomerch.com\/index.php\/wp-json\/wp\/v2\/media\/5999"}],"wp:attachment":[{"href":"https:\/\/tecnomerch.com\/index.php\/wp-json\/wp\/v2\/media?parent=5998"}],"wp:term":[{"taxonomy":"product_cat","embeddable":true,"href":"https:\/\/tecnomerch.com\/index.php\/wp-json\/wp\/v2\/product_cat?post=5998"},{"taxonomy":"product_tag","embeddable":true,"href":"https:\/\/tecnomerch.com\/index.php\/wp-json\/wp\/v2\/product_tag?post=5998"}],"curies":[{"name":"wp","href":"https:\/\/api.w.org\/{rel}","templated":true}]}}