{"id":5994,"date":"2023-12-15T15:47:53","date_gmt":"2023-12-15T15:47:53","guid":{"rendered":"https:\/\/tecnomerch.com\/?post_type=product&#038;p=5994"},"modified":"2023-12-15T15:47:53","modified_gmt":"2023-12-15T15:47:53","slug":"cargador-inalambrico-belkin-2-en-1-con-carga-oficial-magsafe-15w-blanco","status":"publish","type":"product","link":"https:\/\/tecnomerch.com\/index.php\/product\/cargador-inalambrico-belkin-2-en-1-con-carga-oficial-magsafe-15w-blanco\/","title":{"rendered":"Cargador Inal\u00e1mbrico Belkin 2 en 1 con Carga Oficial MagSafe 15W Blanco"},"content":{"rendered":"<section class=\"s_text_block oe_img_bg oe_custom_bg pb56 pt48\">\n<div class=\"container\">\n<div class=\"row\">\n<div class=\"col-lg-5 offset-lg-1 pb72 pt40\">\n<p class=\"lead\"><span><b>F\u00e1cil alineaci\u00f3n magn\u00e9tica.<\/b><\/span><\/p>\n<p class=\"lead\"><span>La tecnolog\u00eda MagSafe ofrece una alineaci\u00f3n perfecta y una carga inal\u00e1mbrica m\u00e1s r\u00e1pida. Una poderosa conexi\u00f3n magn\u00e9tica mantiene tu iPhone seguro en su lugar, incluso cuando los mensajes de texto de tu grupo lo mantienen zumbando sin parar.<\/span><\/p>\n<p class=\"lead\"><span><b>15 W de carga inal\u00e1mbrica m\u00e1s r\u00e1pida.<\/b><\/span><\/p>\n<p class=\"lead\"><span>Obtenga de forma segura la carga m\u00e1s r\u00e1pida posible para su nuevo dispositivo de la serie iPhone 14\/13\/12. Con hasta 15 W, puede obtener un aumento de potencia mientras se prepara por la ma\u00f1ana o entre reuniones.<\/span><\/p>\n<\/div>\n<\/div>\n<\/div>\n<\/section>\n<section class=\"s_text_block oe_img_bg oe_custom_bg pt8 pb8\">\n<div class=\"container\">\n<div class=\"row\">\n<div class=\"col-lg-5 pb72 pt72\">\n<p class=\"lead\"><b>Carga Apple 2 en 1.<\/b><\/p>\n<p class=\"lead\"><b>Es m\u00e1s f\u00e1cil que nunca mantener cargados tus elementos esenciales de Apple. Debajo del soporte de carga inal\u00e1mbrico magn\u00e9tico de 15 W para su dispositivo de la serie iPhone 14\/13\/12 hay una plataforma de carga inal\u00e1mbrica optimizada para sus AirPods.<\/b><\/p>\n<p class=\"lead\"><b>Funciona con estuches compatibles con MagSafe.<\/b><\/p>\n<p class=\"lead\">Mantenga la carga simple y su iPhone seguro. Nuestro soporte de cargador inal\u00e1mbrico 2 en 1 con MagSafe funciona con estuches MagSafe oficiales: simplemente coloque su iPhone, estuche y todo, contra la superficie magn\u00e9tica y listo.<\/p>\n<\/div>\n<div class=\"pt32 pb32 col-lg-7\">\n<p class=\"lead\">\n<\/div>\n<\/div>\n<\/div>\n<\/section>\n","protected":false},"excerpt":{"rendered":"<div class=\"o_not_editable\">\n<p class=\"te_prod_desc\">&#8211; Carga inal\u00e1mbrica r\u00e1pida 15W<br \/>\n&#8211; Carga Apple 2 en 1<br \/>\n&#8211; Dise\u00f1o de inspiraci\u00f3n arquitect\u00f3nica<br \/>\n&#8211; Carga en cualquier orientaci\u00f3n<br \/>\n&#8211; F\u00e1cil alineaci\u00f3n magn\u00e9tica<br \/>\n&#8211; Compatible con fundas oficiales MagSafe<br \/>\n&#8211; Cargue un dispositivo iPhone 14\/13\/12 y AirPods al mismo tiempo<br \/>\n&#8211; La luz LED indicadora<\/p>\n<\/div>\n<div class=\"timer_data\">\n<div class=\"timer_input\"><\/div>\n<\/div>\n<div class=\"te_display_end_date\"><\/div>\n<form action=\"https:\/\/www.mytec.com.gt\/shop\/cart\/update\" method=\"POST\">&nbsp;<\/p>\n<\/form>\n","protected":false},"featured_media":5995,"comment_status":"open","ping_status":"closed","template":"","meta":{"om_disable_all_campaigns":false,"_mi_skip_tracking":false,"site-sidebar-layout":"default","site-content-layout":"default","ast-global-header-display":"","ast-main-header-display":"","ast-hfb-above-header-display":"","ast-hfb-below-header-display":"","ast-hfb-mobile-header-display":"","site-post-title":"","ast-breadcrumbs-content":"","ast-featured-img":"","footer-sml-layout":"","theme-transparent-header-meta":"default","adv-header-id-meta":"","stick-header-meta":"","header-above-stick-meta":"","header-main-stick-meta":"","header-below-stick-meta":""},"product_cat":[15],"product_tag":[],"class_list":["post-5994","product","type-product","status-publish","has-post-thumbnail","hentry","product_cat-uncategorized","desktop-align-left","tablet-align-left","mobile-align-left"],"aioseo_notices":[],"_links":{"self":[{"href":"https:\/\/tecnomerch.com\/index.php\/wp-json\/wp\/v2\/product\/5994","targetHints":{"allow":["GET"]}}],"collection":[{"href":"https:\/\/tecnomerch.com\/index.php\/wp-json\/wp\/v2\/product"}],"about":[{"href":"https:\/\/tecnomerch.com\/index.php\/wp-json\/wp\/v2\/types\/product"}],"replies":[{"embeddable":true,"href":"https:\/\/tecnomerch.com\/index.php\/wp-json\/wp\/v2\/comments?post=5994"}],"version-history":[{"count":2,"href":"https:\/\/tecnomerch.com\/index.php\/wp-json\/wp\/v2\/product\/5994\/revisions"}],"predecessor-version":[{"id":5997,"href":"https:\/\/tecnomerch.com\/index.php\/wp-json\/wp\/v2\/product\/5994\/revisions\/5997"}],"wp:featuredmedia":[{"embeddable":true,"href":"https:\/\/tecnomerch.com\/index.php\/wp-json\/wp\/v2\/media\/5995"}],"wp:attachment":[{"href":"https:\/\/tecnomerch.com\/index.php\/wp-json\/wp\/v2\/media?parent=5994"}],"wp:term":[{"taxonomy":"product_cat","embeddable":true,"href":"https:\/\/tecnomerch.com\/index.php\/wp-json\/wp\/v2\/product_cat?post=5994"},{"taxonomy":"product_tag","embeddable":true,"href":"https:\/\/tecnomerch.com\/index.php\/wp-json\/wp\/v2\/product_tag?post=5994"}],"curies":[{"name":"wp","href":"https:\/\/api.w.org\/{rel}","templated":true}]}}