{"id":5983,"date":"2023-12-15T15:45:05","date_gmt":"2023-12-15T15:45:05","guid":{"rendered":"https:\/\/tecnomerch.com\/?post_type=product&#038;p=5983"},"modified":"2023-12-15T15:45:05","modified_gmt":"2023-12-15T15:45:05","slug":"cargador-para-carro-belkin-boostcharge-usb-usb-c-37w-negro","status":"publish","type":"product","link":"https:\/\/tecnomerch.com\/index.php\/product\/cargador-para-carro-belkin-boostcharge-usb-usb-c-37w-negro\/","title":{"rendered":"Cargador para Carro Belkin BoostCharge USB\/USB-C 37W\u200b\u200b Negro"},"content":{"rendered":"<section class=\"s_text_block\">\n<div class=\"container\">\n<div class=\"row\">\n<div class=\"pb32 col-lg-6 pt160\">\n<p class=\"lead\"><span><b>Carga dos dispositivos mientras vas al trabajo<\/b><\/span><\/p>\n<div class=\"s_hr text-left pb16 pt16\">\n<hr class=\"border-alpha s_hr_3px s_hr_solid w-50 mr-auto\" \/>\n<\/div>\n<p class=\"lead\"><span style=\"color: #000000;\"><b>Carga en el coche dispositivos iPhone y otros de Samsung con nuestro compacto y potente cargador doble BOOST\u2191CHARGE\u2122. Su puerto USB-C posee certificaci\u00f3n USB-C PD 3.0 y puede llenar por carga r\u00e1pida la bater\u00eda de un iPhone 12, de 0 al 50 % en 25 minutos\u2020, o la de un Galaxy S21 Ultra 5G, de 0 al 50 % en 26 minutos\u2020\u2020. Este cargador para coche ha sido fabricado con tecnolog\u00eda PPS y proporciona una potencia el\u00e9ctrica din\u00e1mica seg\u00fan las especificaciones del dispositivo conectado, hasta 25 W para smartphones de Samsung y 20 W para iPhone*. Es una soluci\u00f3n potente y segura para una gran variedad de dispositivos. Tambi\u00e9n cuenta con un puerto USB-A de 12 W que permite cargar un segundo dispositivo de forma simult\u00e1nea.<\/b><\/span><\/p>\n<div><\/div>\n<\/div>\n<\/div>\n<\/div>\n<\/section>\n<div id=\"myCarousel1685654030588\" class=\"s_carousel carousel te_arrow_small slide s_carousel_default aos-init aos-animate\" data-interval=\"10000\" data-aos=\"s_carousel_default\">\n<ol class=\"carousel-indicators\">\n<li class=\"active\" data-target=\"#myCarousel1685654030588\" data-slide-to=\"0\"><\/li>\n<li class=\"\" data-target=\"#myCarousel1685654030588\" data-slide-to=\"1\"><\/li>\n<\/ol>\n<div class=\"carousel-inner te_arrow_small te_ts_style_7_inner\">\n<div class=\"carousel-item oe_img_bg pt152 pb152 oe_custom_bg active\" data-name=\"Slide\">\n<div class=\"container\">\n<div class=\"row content\">\n<div class=\"carousel-content col-lg-5 col-md-8 te_t_slider_sm_content pb144 pt32\">\n<div class=\"s_title pb8\" data-name=\"Title\">\n<h2 class=\"carousel_heading te_t_slider_7_title\"><\/h2>\n<\/div>\n<\/div>\n<\/div>\n<\/div>\n<\/div>\n<div class=\"carousel-control-prev\" title=\"Anterior\" role=\"img\" data-target=\"#myCarousel1685654030588\" data-slide=\"prev\" aria-label=\"Anterior\"><span class=\"sr-only o_default_snippet_text\">Previous<\/span><\/div>\n<div class=\"carousel-control-next\" title=\"Next\" role=\"img\" data-target=\"#myCarousel1685654030588\" data-slide=\"next\" aria-label=\"Next\"><span class=\"sr-only o_default_snippet_text\">Next<\/span><\/div>\n<\/div>\n<\/div>\n<section class=\"s_text_block pt32\">\n<div class=\"container\">\n<div class=\"row\">\n<div class=\"pt32 pb32 col-lg-6\">\n<p class=\"lead\"><span><b>Una carga de dispositivos segura y r\u00e1pida en tu coche<\/b><\/span><\/p>\n<p class=\"lead\"><span>Nuestro cargador doble para coche ha sido optimizado para iPhone y dispositivos de Samsung entre otros, proporcion\u00e1ndote una soluci\u00f3n de carga en el coche para una gran variedad de dispositivos. Cuenta con certificaci\u00f3n USB-C PD 3.0 con tecnolog\u00eda PPS, proporcionando una carga \u00f3ptima de hasta 20 W para iPhone 12, 18 W para los modelos de iPhone entre el 8 y 11 y hasta 25 W para Samsung Galaxy S21 Ultra 5G*.<\/span><\/p>\n<\/div>\n<div class=\"pt32 pb32 col-lg-6\">\n<p class=\"lead\"><span><b>Carga doble en el coche<\/b><\/span><\/p>\n<p class=\"lead\"><span>Mientras vas al trabajo llena por carga r\u00e1pida la bater\u00eda de un iPhone, un smartphone de Samsung u otro compatible al mismo tiempo que cargas otro dispositivo por el segundo puerto. Nuestro cargador doble para coche est\u00e1 provisto de dos potentes puertos de carga: uno USB-C de 25 W y otro USB-A de 12 W.<\/span><\/p>\n<\/div>\n<div class=\"pt32 pb32 col-lg-6\">\n<p class=\"lead\"><span><b>La potencia del PPS<\/b><\/span><\/p>\n<p class=\"lead\"><span>La tecnolog\u00eda PPS (Programmable Power Supply) ajusta la salida de corriente de forma din\u00e1mica acorde a las especificaciones del dispositivo conectado al cargador para suministrar la carga m\u00e1s \u00f3ptima.<\/span><\/p>\n<\/div>\n<div class=\"pt32 pb32 col-lg-6\">\n<p class=\"lead\"><span><b>Certificaci\u00f3n USB-C PD 3.0<\/b><\/span><\/p>\n<p class=\"lead\"><span>Su puerto USB-C puede llenar por carga r\u00e1pida la bater\u00eda de un iPhone 12\u2020, de 0 al 50 % en 25 minutos, o la de un Galaxy S21 Ultra 5G\u2020\u2020, de 0 al 50 % en 26 minutos.<\/span><\/p>\n<\/div>\n<\/div>\n<\/div>\n<\/section>\n<section class=\"s_text_block\">\n<div class=\"container\">\n<div class=\"row\">\n<div class=\"pt32 pb32 offset-lg-1 col-lg-10\">\n<p class=\"lead\"><span class=\"text-delta\"><b>Se integra en el salpicadero de cualquier veh\u00edculo<\/b><\/span><\/p>\n<p class=\"lead\"><span>Nuestro cargador doble con PPS ofrece una carga incre\u00edblemente potente a pesar de tener un dise\u00f1o compacto y muy port\u00e1til que le permite integrarse a la perfecci\u00f3n en el salpicadero de la gran mayor\u00eda de veh\u00edculos.<\/span><\/p>\n<\/div>\n<\/div>\n<\/div>\n<\/section>\n","protected":false},"excerpt":{"rendered":"<p>&#8211; 1 x Puerto USB-C (25W)<br \/>\n&#8211; 1 x Puerto USB (12W)<br \/>\n&#8211; Tecnolog\u00eda PPS<br \/>\n&#8211; Dise\u00f1o compacto e ideal para la mayor\u00eda de veh\u00edculos.<br \/>\n&#8211; 37 W de salida total<br \/>\n&#8211; Plug &amp; Play<\/p>\n","protected":false},"featured_media":5984,"comment_status":"open","ping_status":"closed","template":"","meta":{"om_disable_all_campaigns":false,"_mi_skip_tracking":false,"site-sidebar-layout":"default","site-content-layout":"default","ast-global-header-display":"","ast-main-header-display":"","ast-hfb-above-header-display":"","ast-hfb-below-header-display":"","ast-hfb-mobile-header-display":"","site-post-title":"","ast-breadcrumbs-content":"","ast-featured-img":"","footer-sml-layout":"","theme-transparent-header-meta":"default","adv-header-id-meta":"","stick-header-meta":"","header-above-stick-meta":"","header-main-stick-meta":"","header-below-stick-meta":""},"product_cat":[114],"product_tag":[],"class_list":["post-5983","product","type-product","status-publish","has-post-thumbnail","hentry","product_cat-adaptadores","desktop-align-left","tablet-align-left","mobile-align-left"],"aioseo_notices":[],"_links":{"self":[{"href":"https:\/\/tecnomerch.com\/index.php\/wp-json\/wp\/v2\/product\/5983","targetHints":{"allow":["GET"]}}],"collection":[{"href":"https:\/\/tecnomerch.com\/index.php\/wp-json\/wp\/v2\/product"}],"about":[{"href":"https:\/\/tecnomerch.com\/index.php\/wp-json\/wp\/v2\/types\/product"}],"replies":[{"embeddable":true,"href":"https:\/\/tecnomerch.com\/index.php\/wp-json\/wp\/v2\/comments?post=5983"}],"version-history":[{"count":1,"href":"https:\/\/tecnomerch.com\/index.php\/wp-json\/wp\/v2\/product\/5983\/revisions"}],"predecessor-version":[{"id":5985,"href":"https:\/\/tecnomerch.com\/index.php\/wp-json\/wp\/v2\/product\/5983\/revisions\/5985"}],"wp:featuredmedia":[{"embeddable":true,"href":"https:\/\/tecnomerch.com\/index.php\/wp-json\/wp\/v2\/media\/5984"}],"wp:attachment":[{"href":"https:\/\/tecnomerch.com\/index.php\/wp-json\/wp\/v2\/media?parent=5983"}],"wp:term":[{"taxonomy":"product_cat","embeddable":true,"href":"https:\/\/tecnomerch.com\/index.php\/wp-json\/wp\/v2\/product_cat?post=5983"},{"taxonomy":"product_tag","embeddable":true,"href":"https:\/\/tecnomerch.com\/index.php\/wp-json\/wp\/v2\/product_tag?post=5983"}],"curies":[{"name":"wp","href":"https:\/\/api.w.org\/{rel}","templated":true}]}}