{"id":5948,"date":"2023-12-15T15:31:38","date_gmt":"2023-12-15T15:31:38","guid":{"rendered":"https:\/\/tecnomerch.com\/?post_type=product&#038;p=5948"},"modified":"2023-12-15T15:31:38","modified_gmt":"2023-12-15T15:31:38","slug":"adaptador-usb-a-3-5mm-argom-arg-cb-0067-usb-2-0","status":"publish","type":"product","link":"https:\/\/tecnomerch.com\/index.php\/product\/adaptador-usb-a-3-5mm-argom-arg-cb-0067-usb-2-0\/","title":{"rendered":"Adaptador USB a 3.5mm Argom ARG-CB-0067 USB 2.0"},"content":{"rendered":"<section class=\"s_text_image\">\n<div class=\"container\">\n<div class=\"row align-items-center\">\n<div class=\"col-lg-6 pt16 pb16\">\n<p class=\"mb16\"><b><span>Descripci\u00f3n<\/span><\/b><\/p>\n<div class=\"s_hr text-left pb32 pt8\">\n<hr class=\"border-600 s_hr_solid w-25 mr-auto s_hr_4px border-alpha\" \/>\n<\/div>\n<p class=\"mb16\"><span>La soluci\u00f3n ideal para las interfaces de audio y micr\u00f3fono que faltan en sus computadoras y consolas de juegos. Se pueden usar dispositivos habilitados para USB sin ning\u00fan controlador para una verdadera soluci\u00f3n plug &amp; play. Simplemente conecte el adaptador al puerto USB y disfrute de sus aud\u00edfonos, aud\u00edfonos o aud\u00edfonos favoritos equipados con un enchufe de 3.5 mm.<\/span><\/p>\n<\/div>\n<\/div>\n<\/div>\n<\/section>\n<section class=\"s_text_image\">\n<div class=\"container\">\n<div class=\"row align-items-center\">\n<div class=\"col-lg-6 pt16 pb16\">\n<p class=\"mb16\"><b><span>Especificaciones<\/span><\/b><\/p>\n<div class=\"s_hr text-left pb32 pt8\">\n<hr class=\"border-600 s_hr_solid w-25 mr-auto s_hr_4px border-alpha\" \/>\n<\/div>\n<ul>\n<li>\n<p class=\"mb16\">USB macho a conector de salida est\u00e9reo y conector de entrada de micr\u00f3fono mono.<\/p>\n<\/li>\n<\/ul>\n<ul>\n<li>\n<p class=\"mb16\">Sin controlador para Windows XP\/Server 2003\/Vista\/7\/8\/8.1\/10\/Linux\/Mac OSX.<\/p>\n<\/li>\n<\/ul>\n<ul>\n<li>\n<p class=\"mb16\">No requiere alimentaci\u00f3n externa.<\/p>\n<\/li>\n<\/ul>\n<ul>\n<li>\n<p class=\"mb16\">Inversa compatible con la especificaci\u00f3n de clase de dispositivo de audio USB 1.0<\/p>\n<\/li>\n<\/ul>\n<\/div>\n<div class=\"col-lg-6 pb16 pt0\">\n<p class=\"mb16\"><img decoding=\"async\" title=\"\" src=\"https:\/\/www.mytec.com.gt\/web\/image\/1666107\/5.1.jpg?access_token=2ed3a72a-1964-45b8-9a64-06f1ea590682\" data-filename=\"2.1.jpg\" data-original-title=\"\" aria-describedby=\"tooltip327727\" \/><\/p>\n<\/div>\n<\/div>\n<\/div>\n<\/section>\n","protected":false},"excerpt":{"rendered":"<p>&#8211; USB macho a conector de salida est\u00e9reo y entrada de micr\u00f3fono<br \/>\n&#8211; Compatible con la especificaci\u00f3n de clase de audio USB 1.0<br \/>\n&#8211; No requiere alimentaci\u00f3n externa<br \/>\n&#8211; Enchufe de 3.5 mm<br \/>\n&#8211; Plug &amp; play<br \/>\n&#8211; No necesita controlador<\/p>\n","protected":false},"featured_media":5949,"comment_status":"open","ping_status":"closed","template":"","meta":{"om_disable_all_campaigns":false,"_mi_skip_tracking":false,"site-sidebar-layout":"default","site-content-layout":"default","ast-global-header-display":"","ast-main-header-display":"","ast-hfb-above-header-display":"","ast-hfb-below-header-display":"","ast-hfb-mobile-header-display":"","site-post-title":"","ast-breadcrumbs-content":"","ast-featured-img":"","footer-sml-layout":"","theme-transparent-header-meta":"default","adv-header-id-meta":"","stick-header-meta":"","header-above-stick-meta":"","header-main-stick-meta":"","header-below-stick-meta":""},"product_cat":[114],"product_tag":[],"class_list":["post-5948","product","type-product","status-publish","has-post-thumbnail","hentry","product_cat-adaptadores","desktop-align-left","tablet-align-left","mobile-align-left"],"aioseo_notices":[],"_links":{"self":[{"href":"https:\/\/tecnomerch.com\/index.php\/wp-json\/wp\/v2\/product\/5948","targetHints":{"allow":["GET"]}}],"collection":[{"href":"https:\/\/tecnomerch.com\/index.php\/wp-json\/wp\/v2\/product"}],"about":[{"href":"https:\/\/tecnomerch.com\/index.php\/wp-json\/wp\/v2\/types\/product"}],"replies":[{"embeddable":true,"href":"https:\/\/tecnomerch.com\/index.php\/wp-json\/wp\/v2\/comments?post=5948"}],"version-history":[{"count":1,"href":"https:\/\/tecnomerch.com\/index.php\/wp-json\/wp\/v2\/product\/5948\/revisions"}],"predecessor-version":[{"id":5950,"href":"https:\/\/tecnomerch.com\/index.php\/wp-json\/wp\/v2\/product\/5948\/revisions\/5950"}],"wp:featuredmedia":[{"embeddable":true,"href":"https:\/\/tecnomerch.com\/index.php\/wp-json\/wp\/v2\/media\/5949"}],"wp:attachment":[{"href":"https:\/\/tecnomerch.com\/index.php\/wp-json\/wp\/v2\/media?parent=5948"}],"wp:term":[{"taxonomy":"product_cat","embeddable":true,"href":"https:\/\/tecnomerch.com\/index.php\/wp-json\/wp\/v2\/product_cat?post=5948"},{"taxonomy":"product_tag","embeddable":true,"href":"https:\/\/tecnomerch.com\/index.php\/wp-json\/wp\/v2\/product_tag?post=5948"}],"curies":[{"name":"wp","href":"https:\/\/api.w.org\/{rel}","templated":true}]}}