{"id":5945,"date":"2023-12-15T15:30:34","date_gmt":"2023-12-15T15:30:34","guid":{"rendered":"https:\/\/tecnomerch.com\/?post_type=product&#038;p=5945"},"modified":"2023-12-15T15:30:35","modified_gmt":"2023-12-15T15:30:35","slug":"cable-usb-c-a-usb-c-argom-arg-cb-0048bk-carga-rapida-3-metros-trenzado-negro","status":"publish","type":"product","link":"https:\/\/tecnomerch.com\/index.php\/product\/cable-usb-c-a-usb-c-argom-arg-cb-0048bk-carga-rapida-3-metros-trenzado-negro\/","title":{"rendered":"Cable USB-C a USB-C Argom ARG-CB-0048BK Carga R\u00e1pida 3 Metros Trenzado Negro"},"content":{"rendered":"<section class=\"s_text_image\">\n<div class=\"container\">\n<div class=\"row align-items-center\">\n<div class=\"col-lg-6 pt16 pb16\">\n<p class=\"mb16\"><b><span>Descripci\u00f3n<\/span><\/b><\/p>\n<div class=\"s_hr text-left pb32 pt8\">\n<hr class=\"border-600 s_hr_solid w-25 mr-auto s_hr_4px border-alpha\" \/>\n<\/div>\n<p class=\"mb16\"><span>La nueva serie de cables Dura Speed \u200b\u200best\u00e1 dise\u00f1ada para dispositivos tipo C de alta potencia. El cable est\u00e1 construido con materiales de primera calidad y trenzado en nailon. Adem\u00e1s, est\u00e1 dise\u00f1ado para ser\u00a0 flexible y tener una experiencia sin enredos. Est\u00e1 fabricado con juntas reforzadas para evitar roturas y roturas. Es seis veces m\u00e1s fuerte que sus cables tradicionales. El cable de 65 W puede cargar tus dispositivos instant\u00e1neamente y r\u00e1pido. Compatible con dispositivos habilitados para Tipo C, como tabletas, tel\u00e9fonos inteligentes y computadoras port\u00e1tiles de 45 W o 65 W.\u00a0<\/span><\/p>\n<\/div>\n<\/div>\n<\/div>\n<\/section>\n<section class=\"s_text_image\">\n<div class=\"container\">\n<div class=\"row align-items-center\">\n<div class=\"col-lg-6 pt16 pb16\">\n<p class=\"mb16\"><b><span>Especificaciones<\/span><\/b><\/p>\n<div class=\"s_hr text-left pb32 pt8\">\n<hr class=\"border-600 s_hr_solid w-25 mr-auto s_hr_4px border-alpha\" \/>\n<\/div>\n<ul>\n<li>\n<p class=\"mb16\">10 pies\/3 m<\/p>\n<\/li>\n<\/ul>\n<ul>\n<li>\n<p class=\"mb16\">Calibre: 20 + 30AWG<\/p>\n<\/li>\n<\/ul>\n<ul>\n<li>\n<p class=\"mb16\">Corriente m\u00e1xima: 3A\/65W<\/p>\n<\/li>\n<\/ul>\n<ul>\n<li>\n<p class=\"mb16\">Material: carcasa de ABS de primera calidad + nailon trenzado<\/p>\n<\/li>\n<\/ul>\n<ul>\n<li>\n<p class=\"mb16\">Tasa de Transferencia: Hasta 480Mbps<\/p>\n<\/li>\n<\/ul>\n<ul>\n<li>\n<p class=\"mb16\">Di\u00e1metro exterior: 3,5 mm<\/p>\n<\/li>\n<\/ul>\n<ul>\n<li>\n<p class=\"mb16\">Compatible con port\u00e1tiles de tipo C de 45 W o 65 W<\/p>\n<\/li>\n<\/ul>\n<\/div>\n<div class=\"col-lg-6 pt16 pb16\">\n<p class=\"mb16\"><img decoding=\"async\" title=\"\" src=\"https:\/\/www.mytec.com.gt\/web\/image\/1665218\/4.1.jpg?access_token=981c75a4-788c-4fdb-964e-7185f49a0c8f\" data-filename=\"2.1.jpg\" data-original-title=\"\" aria-describedby=\"tooltip689973\" \/><\/p>\n<\/div>\n<\/div>\n<\/div>\n<\/section>\n","protected":false},"excerpt":{"rendered":"<p>&#8211; USB-C macho a USB-C macho<br \/>\n&#8211; Tasa de transferencia: hasta 480 Mbps<br \/>\n&#8211; Corriente m\u00e1xima 3A\/65W<br \/>\n&#8211; Calibre 20 + 30AWG<br \/>\n&#8211; Di\u00e1metro exterior: 3,5 mm<br \/>\n&#8211; Material: carcasa de ABS de primera calidad + nailon trenzado<br \/>\n&#8211; Longitud 10 pies \/ 3 M<br \/>\n&#8211; Compatible con port\u00e1tiles de tipo C de 45 W o 65 W<\/p>\n","protected":false},"featured_media":5946,"comment_status":"open","ping_status":"closed","template":"","meta":{"om_disable_all_campaigns":false,"_mi_skip_tracking":false,"site-sidebar-layout":"default","site-content-layout":"default","ast-global-header-display":"","ast-main-header-display":"","ast-hfb-above-header-display":"","ast-hfb-below-header-display":"","ast-hfb-mobile-header-display":"","site-post-title":"","ast-breadcrumbs-content":"","ast-featured-img":"","footer-sml-layout":"","theme-transparent-header-meta":"default","adv-header-id-meta":"","stick-header-meta":"","header-above-stick-meta":"","header-main-stick-meta":"","header-below-stick-meta":""},"product_cat":[119],"product_tag":[],"class_list":["post-5945","product","type-product","status-publish","has-post-thumbnail","hentry","product_cat-cables","desktop-align-left","tablet-align-left","mobile-align-left"],"aioseo_notices":[],"_links":{"self":[{"href":"https:\/\/tecnomerch.com\/index.php\/wp-json\/wp\/v2\/product\/5945","targetHints":{"allow":["GET"]}}],"collection":[{"href":"https:\/\/tecnomerch.com\/index.php\/wp-json\/wp\/v2\/product"}],"about":[{"href":"https:\/\/tecnomerch.com\/index.php\/wp-json\/wp\/v2\/types\/product"}],"replies":[{"embeddable":true,"href":"https:\/\/tecnomerch.com\/index.php\/wp-json\/wp\/v2\/comments?post=5945"}],"version-history":[{"count":1,"href":"https:\/\/tecnomerch.com\/index.php\/wp-json\/wp\/v2\/product\/5945\/revisions"}],"predecessor-version":[{"id":5947,"href":"https:\/\/tecnomerch.com\/index.php\/wp-json\/wp\/v2\/product\/5945\/revisions\/5947"}],"wp:featuredmedia":[{"embeddable":true,"href":"https:\/\/tecnomerch.com\/index.php\/wp-json\/wp\/v2\/media\/5946"}],"wp:attachment":[{"href":"https:\/\/tecnomerch.com\/index.php\/wp-json\/wp\/v2\/media?parent=5945"}],"wp:term":[{"taxonomy":"product_cat","embeddable":true,"href":"https:\/\/tecnomerch.com\/index.php\/wp-json\/wp\/v2\/product_cat?post=5945"},{"taxonomy":"product_tag","embeddable":true,"href":"https:\/\/tecnomerch.com\/index.php\/wp-json\/wp\/v2\/product_tag?post=5945"}],"curies":[{"name":"wp","href":"https:\/\/api.w.org\/{rel}","templated":true}]}}