{"id":5942,"date":"2023-12-15T15:29:27","date_gmt":"2023-12-15T15:29:27","guid":{"rendered":"https:\/\/tecnomerch.com\/?post_type=product&#038;p=5942"},"modified":"2023-12-15T15:29:27","modified_gmt":"2023-12-15T15:29:27","slug":"cable-usb-c-a-lightning-argom-arg-cb-0024bk-1-8-metros-trenzado-negro","status":"publish","type":"product","link":"https:\/\/tecnomerch.com\/index.php\/product\/cable-usb-c-a-lightning-argom-arg-cb-0024bk-1-8-metros-trenzado-negro\/","title":{"rendered":"Cable USB-C a Lightning Argom ARG-CB-0024BK 1.8 Metros Trenzado Negro"},"content":{"rendered":"<section class=\"s_text_image\">\n<div class=\"container\">\n<div class=\"row align-items-center\">\n<div class=\"col-lg-6 pt16 pb16\">\n<p class=\"mb16\"><b><span>Descripci\u00f3n<\/span><\/b><\/p>\n<div class=\"s_hr text-left pb32 pt8\">\n<hr class=\"border-600 s_hr_solid w-25 mr-auto s_hr_4px border-alpha\" \/>\n<\/div>\n<p class=\"mb16\"><span>Presentamos nuestros nuevos cables premium de carga r\u00e1pida de nailon trenzado de 2 tonos de 18 W\/3 A con extremos de conector de metal. Esta nueva l\u00ednea presenta una experiencia flexible y sin enredos. Adem\u00e1s, est\u00e1 fabricado con juntas reforzadas para evitar roturas y roturas. Es seis veces m\u00e1s resistente que los cables tradicionales y admite carga y sincronizaci\u00f3n de alta velocidad.<\/span><\/p>\n<\/div>\n<\/div>\n<\/div>\n<\/section>\n<section class=\"s_text_image\">\n<div class=\"container\">\n<div class=\"row align-items-center\">\n<div class=\"col-lg-6 pt16 pb16\">\n<p class=\"mb16\"><b><span>Especificaciones<\/span><\/b><\/p>\n<div class=\"s_hr text-left pb32 pt8\">\n<hr class=\"border-600 s_hr_solid w-25 mr-auto s_hr_4px border-alpha\" \/>\n<\/div>\n<ul>\n<li>\n<p class=\"mb16\">6 pies\/1,8 m<\/p>\n<\/li>\n<\/ul>\n<ul>\n<li>\n<p class=\"mb16\">Calibre: 22 AWG<\/p>\n<\/li>\n<\/ul>\n<ul>\n<li>\n<p class=\"mb16\">Corriente m\u00e1xima: 3A<\/p>\n<\/li>\n<\/ul>\n<ul>\n<li>\n<p class=\"mb16\">Material: carcasa met\u00e1lica + nailon trenzado<\/p>\n<\/li>\n<\/ul>\n<ul>\n<li>\n<p class=\"mb16\">Tasa de transferencia: Hasta 480 Mbps<\/p>\n<\/li>\n<\/ul>\n<\/div>\n<div class=\"col-lg-6 pt16 pb16\">\n<p class=\"mb16\"><img decoding=\"async\" title=\"\" src=\"https:\/\/www.mytec.com.gt\/web\/image\/1664736\/4.1.jpg?access_token=89916479-d914-4b9f-93f1-1a6285913d40\" data-filename=\"2.1.jpg\" data-original-title=\"\" aria-describedby=\"tooltip761230\" \/><\/p>\n<\/div>\n<\/div>\n<\/div>\n<\/section>\n","protected":false},"excerpt":{"rendered":"<p>&#8211; Type-C macho a Lightning macho<br \/>\n&#8211; Tasa de transferencia: hasta 480 Mbps<br \/>\n&#8211; Corriente m\u00e1xima 3 A<br \/>\n&#8211; Calibre 22AWG<br \/>\n&#8211; Material: carcasa de metal + nailon trenzado<br \/>\n&#8211; Longitud 6 pies\/1,8 m<\/p>\n","protected":false},"featured_media":5943,"comment_status":"open","ping_status":"closed","template":"","meta":{"om_disable_all_campaigns":false,"_mi_skip_tracking":false,"site-sidebar-layout":"default","site-content-layout":"default","ast-global-header-display":"","ast-main-header-display":"","ast-hfb-above-header-display":"","ast-hfb-below-header-display":"","ast-hfb-mobile-header-display":"","site-post-title":"","ast-breadcrumbs-content":"","ast-featured-img":"","footer-sml-layout":"","theme-transparent-header-meta":"default","adv-header-id-meta":"","stick-header-meta":"","header-above-stick-meta":"","header-main-stick-meta":"","header-below-stick-meta":""},"product_cat":[119],"product_tag":[],"class_list":["post-5942","product","type-product","status-publish","has-post-thumbnail","hentry","product_cat-cables","desktop-align-left","tablet-align-left","mobile-align-left"],"aioseo_notices":[],"_links":{"self":[{"href":"https:\/\/tecnomerch.com\/index.php\/wp-json\/wp\/v2\/product\/5942","targetHints":{"allow":["GET"]}}],"collection":[{"href":"https:\/\/tecnomerch.com\/index.php\/wp-json\/wp\/v2\/product"}],"about":[{"href":"https:\/\/tecnomerch.com\/index.php\/wp-json\/wp\/v2\/types\/product"}],"replies":[{"embeddable":true,"href":"https:\/\/tecnomerch.com\/index.php\/wp-json\/wp\/v2\/comments?post=5942"}],"version-history":[{"count":1,"href":"https:\/\/tecnomerch.com\/index.php\/wp-json\/wp\/v2\/product\/5942\/revisions"}],"predecessor-version":[{"id":5944,"href":"https:\/\/tecnomerch.com\/index.php\/wp-json\/wp\/v2\/product\/5942\/revisions\/5944"}],"wp:featuredmedia":[{"embeddable":true,"href":"https:\/\/tecnomerch.com\/index.php\/wp-json\/wp\/v2\/media\/5943"}],"wp:attachment":[{"href":"https:\/\/tecnomerch.com\/index.php\/wp-json\/wp\/v2\/media?parent=5942"}],"wp:term":[{"taxonomy":"product_cat","embeddable":true,"href":"https:\/\/tecnomerch.com\/index.php\/wp-json\/wp\/v2\/product_cat?post=5942"},{"taxonomy":"product_tag","embeddable":true,"href":"https:\/\/tecnomerch.com\/index.php\/wp-json\/wp\/v2\/product_tag?post=5942"}],"curies":[{"name":"wp","href":"https:\/\/api.w.org\/{rel}","templated":true}]}}