{"id":5911,"date":"2023-12-15T15:06:16","date_gmt":"2023-12-15T15:06:16","guid":{"rendered":"https:\/\/tecnomerch.com\/?post_type=product&#038;p=5911"},"modified":"2026-01-23T04:56:47","modified_gmt":"2026-01-23T04:56:47","slug":"adaptador-3-5mm-argom-arg-cb-0029-audio-y-microfono-macho-hembra-negro","status":"publish","type":"product","link":"https:\/\/tecnomerch.com\/index.php\/product\/adaptador-3-5mm-argom-arg-cb-0029-audio-y-microfono-macho-hembra-negro\/","title":{"rendered":"Adaptador 3.5mm Argom ARG-CB-0029 Audio y Micr\u00f3fono Macho-Hembra Negro"},"content":{"rendered":"<section class=\"s_text_image\">\n<div class=\"container\">\n<div class=\"row align-items-center\">\n<div class=\"col-lg-6 pt16 pb16\">\n<h2 class=\"text-uppercase te_s_it_heading\"><span><b>ADAPTADOR JACK\u00a0<\/b><\/span><\/h2>\n<div class=\"s_hr text-left pb32 pt8\">\n<hr class=\"border-600 aos-init s_hr_solid w-25 mr-auto s_hr_4px border-alpha aos-animate\" data-aos=\"s_hr_4px\" \/>\n<\/div>\n<p class=\"mb16\"><span>Convierta f\u00e1cilmente los auriculares que tienen enchufes separados de audio y micr\u00f3fono de 3,5 mm a un solo TRRS de 3,5 mm.\u00a0\u00datil cuando se utilizan computadoras port\u00e1tiles, Ultrabooks, tel\u00e9fonos inteligentes y consolas de juegos recientemente introducidas que vienen equipadas con un solo puerto de 3.5 mm para audio y micr\u00f3fono.<\/span><\/p>\n<\/div>\n<\/div>\n<\/div>\n<\/section>\n<section class=\"s_text_image\">\n<div class=\"container\">\n<div class=\"row align-items-center\">\n<div class=\"col-lg-6 pt16 pb16\">\n<h2 class=\"text-uppercase te_s_it_heading\"><span><b>ESPECIFICACIONES<\/b><\/span><\/h2>\n<div class=\"s_hr text-left pb32 pt8\">\n<hr class=\"border-600 s_hr_solid w-25 mr-auto s_hr_4px border-alpha\" \/>\n<\/div>\n<div><span>&#8211; Adaptador de cable de 15 cm \/ 6 pulg.<\/span><\/div>\n<div><span>&#8211; Macho TRRS \u00fanico de 3,5 mm en un extremo y hembra TRS doble de 3,5 mm\u00a0 \u00a0 \u00a0en el otro.<\/span><\/div>\n<div><span>&#8211; Plug &amp; Play sin la necesidad de instalar un controlador de software.<\/span><\/div>\n<\/div>\n<\/div>\n<\/div>\n<\/section>\n","protected":false},"excerpt":{"rendered":"<p>&#8211; Tama\u00f1o 6 pulgadas \/ 15 cm<br \/>\n&#8211; Un solo Jack de 3,5 mm macho<br \/>\n&#8211; 2 Jacks de Audio y Micr\u00f3fono<\/p>\n","protected":false},"featured_media":5912,"comment_status":"open","ping_status":"closed","template":"","meta":{"om_disable_all_campaigns":false,"_mi_skip_tracking":false,"site-sidebar-layout":"default","site-content-layout":"default","ast-global-header-display":"","ast-main-header-display":"","ast-hfb-above-header-display":"","ast-hfb-below-header-display":"","ast-hfb-mobile-header-display":"","site-post-title":"","ast-breadcrumbs-content":"","ast-featured-img":"","footer-sml-layout":"","theme-transparent-header-meta":"default","adv-header-id-meta":"","stick-header-meta":"","header-above-stick-meta":"","header-main-stick-meta":"","header-below-stick-meta":""},"product_cat":[114,119],"product_tag":[],"class_list":["post-5911","product","type-product","status-publish","has-post-thumbnail","hentry","product_cat-adaptadores","product_cat-cables","desktop-align-left","tablet-align-left","mobile-align-left"],"aioseo_notices":[],"_links":{"self":[{"href":"https:\/\/tecnomerch.com\/index.php\/wp-json\/wp\/v2\/product\/5911","targetHints":{"allow":["GET"]}}],"collection":[{"href":"https:\/\/tecnomerch.com\/index.php\/wp-json\/wp\/v2\/product"}],"about":[{"href":"https:\/\/tecnomerch.com\/index.php\/wp-json\/wp\/v2\/types\/product"}],"replies":[{"embeddable":true,"href":"https:\/\/tecnomerch.com\/index.php\/wp-json\/wp\/v2\/comments?post=5911"}],"version-history":[{"count":1,"href":"https:\/\/tecnomerch.com\/index.php\/wp-json\/wp\/v2\/product\/5911\/revisions"}],"predecessor-version":[{"id":5913,"href":"https:\/\/tecnomerch.com\/index.php\/wp-json\/wp\/v2\/product\/5911\/revisions\/5913"}],"wp:featuredmedia":[{"embeddable":true,"href":"https:\/\/tecnomerch.com\/index.php\/wp-json\/wp\/v2\/media\/5912"}],"wp:attachment":[{"href":"https:\/\/tecnomerch.com\/index.php\/wp-json\/wp\/v2\/media?parent=5911"}],"wp:term":[{"taxonomy":"product_cat","embeddable":true,"href":"https:\/\/tecnomerch.com\/index.php\/wp-json\/wp\/v2\/product_cat?post=5911"},{"taxonomy":"product_tag","embeddable":true,"href":"https:\/\/tecnomerch.com\/index.php\/wp-json\/wp\/v2\/product_tag?post=5911"}],"curies":[{"name":"wp","href":"https:\/\/api.w.org\/{rel}","templated":true}]}}