{"id":5908,"date":"2023-12-15T15:05:14","date_gmt":"2023-12-15T15:05:14","guid":{"rendered":"https:\/\/tecnomerch.com\/?post_type=product&#038;p=5908"},"modified":"2023-12-15T15:05:14","modified_gmt":"2023-12-15T15:05:14","slug":"cable-de-audio-3-5mm-argom-arg-cb-0032-3-metros-negro","status":"publish","type":"product","link":"https:\/\/tecnomerch.com\/index.php\/product\/cable-de-audio-3-5mm-argom-arg-cb-0032-3-metros-negro\/","title":{"rendered":"Cable de Audio 3.5mm Argom ARG-CB-0032 3 Metros Negro"},"content":{"rendered":"<section>\n<div class=\"container\">\n<div class=\"row s_nb_column_fixed\">\n<div class=\"col-lg-12 s_title\">\n<h4 class=\"te_s_title_default\"><span>Cable De Audio Argom 3.5mm\u00a0 \u00a03mts<\/span><\/h4>\n<\/div>\n<\/div>\n<\/div>\n<\/section>\n<section class=\"s_text_image\">\n<div class=\"container\">\n<div class=\"row align-items-center\">\n<div class=\"col-lg-6 pt16 pb16\">\n<h2 class=\"te_s_it_heading text-uppercase\">\u00a1TEN UNA EXPERIENCIA DE SONIDO \u00daNICO!<\/h2>\n<div class=\"pb32 pt8 s_hr text-left\">\n<hr class=\"border-600 border-alpha mr-auto s_hr_4px s_hr_solid w-25\" \/>\n<\/div>\n<p class=\"mb16\"><span>Este cable de excelente calidad fue dise\u00f1ado para brindar una experiencia de sonido incomparable.<\/span><\/p>\n<\/div>\n<div class=\"col-lg-6 pt16 pb16\">\n<div class=\"t_img_hover_1\"><img decoding=\"async\" class=\"img img-fluid mx-auto\" title=\"\" src=\"https:\/\/www.mytec.com.gt\/web\/image\/878658\/image%20(3).jpg?access_token=16eabc06-6fe2-40bc-81d8-0b3fbc720915\" alt=\"Clarico-Text-Image\" data-original-title=\"\" aria-describedby=\"tooltip958916\" \/><\/div>\n<\/div>\n<\/div>\n<\/div>\n<\/section>\n<section class=\"s_text_image\">\n<div class=\"container\">\n<div class=\"row align-items-center\">\n<div class=\"col-lg-6\">\n<div class=\"t_img_hover_1\"><img decoding=\"async\" class=\"img img-fluid mx-auto\" title=\"\" src=\"https:\/\/www.mytec.com.gt\/web\/image\/878656\/image%20(2).jpg?access_token=c6da0f98-12f3-4540-a495-186bca13ae9f\" alt=\"Clarico-Image-Text\" data-original-title=\"\" aria-describedby=\"tooltip322040\" \/><\/div>\n<\/div>\n<div class=\"col-lg-6 pt16 pb16\">\n<div class=\"s_hr text-left pb32 pt8\">\n<hr class=\"border-600 aos-init s_hr_solid w-25 mr-auto s_hr_4px border-alpha\" data-aos=\"s_hr_4px\" \/>\n<\/div>\n<p class=\"mb16\"><span>Cable de 10 pies con enchufes est\u00e9reo macho de 3,5 mm en ambos extremos.<\/span><br \/>\n<span>Compatible con la mayor\u00eda de los dispositivos de audio, incluidas consolas de videojuegos, tel\u00e9fonos m\u00f3viles, tabletas, ordenadores port\u00e1tiles, enchufe auxiliar de sonido para coche, iPod, reproductores multimedia MP3 \/ MP4, sistemas de altavoces, etc.<\/span><\/p>\n<\/div>\n<\/div>\n<\/div>\n<\/section>\n<section class=\"s_text_image\">\n<div class=\"container\">\n<div class=\"row align-items-center\">\n<div class=\"col-lg-6 pt16 pb16\">\n<h2 class=\"text-uppercase te_s_it_heading\">COMPATIBILIDAD<\/h2>\n<div class=\"s_hr text-left pb32 pt8\">\n<hr class=\"border-600 s_hr_solid w-25 mr-auto s_hr_4px border-alpha\" \/>\n<\/div>\n<p><span>&#8211; Consolas de videojuegos.<\/span><\/p>\n<p><span>&#8211; Tel\u00e9fonos celulares.<\/span><\/p>\n<p><span>&#8211; Tabletas<\/span><\/p>\n<p><span>&#8211; Computadoras port\u00e1tiles<\/span><\/p>\n<p><span>&#8211; Aud\u00edfonos auxiliares<\/span><\/p>\n<p><span>&#8211; iPod<\/span><\/p>\n<p><span>&#8211; Reproductores multimedia MP3\/MP4<\/span><\/p>\n<p><span>&#8211; Sistemas de altavoces<\/span><\/p>\n<\/div>\n<div class=\"col-lg-6 pt16 pb16\">\n<div class=\"t_img_hover_1\"><img decoding=\"async\" class=\"img img-fluid mx-auto\" src=\"https:\/\/www.mytec.com.gt\/web\/image\/878651\/ARG-CB-0032.jpg?access_token=f15946fb-bab2-4445-a3a8-2e648d605c6e\" alt=\"Clarico-Text-Image\" \/><\/div>\n<\/div>\n<\/div>\n<\/div>\n<\/section>\n<section class=\"s_text_image\">\n<div class=\"container\">\n<div class=\"row align-items-center\">\n<div class=\"col-lg-6\">\n<div class=\"t_img_hover_1\"><img decoding=\"async\" class=\"img img-fluid mx-auto\" src=\"https:\/\/www.mytec.com.gt\/web\/image\/571567\/ARG-CB-0035_new_cd65dbaf-deae-484e-8911-2771855d6139_2048x.jpeg?access_token=1114068d-4db4-4883-b5ee-7966322ad68d\" alt=\"Clarico-Image-Text\" \/><\/div>\n<\/div>\n<div class=\"col-lg-6 pt16 pb16\">\n<h2 class=\"te_s_it_heading text-uppercase\">DESCRIPCI\u00d3N<\/h2>\n<div class=\"s_hr text-left pb32 pt8\">\n<hr class=\"border-600 aos-init s_hr_solid w-25 mr-auto s_hr_4px border-alpha\" data-aos=\"s_hr_4px\" \/>\n<\/div>\n<p class=\"mb16 o_default_snippet_text\">Este cable de excelente calidad fue dise\u00f1ado para brindar una experiencia de sonido incomparable.<\/p>\n<p class=\"mb16\"><b>Especificaciones<\/b><\/p>\n<p class=\"mb16 o_default_snippet_text\">Cable de 10 pies con enchufes est\u00e9reo macho de 3.5 mm en ambos extremos.<\/p>\n<p class=\"mb16\">Compatible con la mayor\u00eda de los dispositivos de audio, incluidas consolas de videojuegos, tel\u00e9fonos celulares, tabletas, computadoras port\u00e1tiles, conector de sonido auxiliar para autom\u00f3vil, iPod, reproductores multimedia MP3 \/ MP4, sistemas de altavoces, etc.<\/p>\n<\/div>\n<\/div>\n<\/div>\n<\/section>\n","protected":false},"excerpt":{"rendered":"<p>&#8211; Longitud de 10 fts \/ 3mts<br \/>\n&#8211; 3.5 mm a 3.5 mm<br \/>\n&#8211; Compatible con la mayor\u00eda de dispositivos de audio.<\/p>\n","protected":false},"featured_media":5909,"comment_status":"open","ping_status":"closed","template":"","meta":{"om_disable_all_campaigns":false,"_mi_skip_tracking":false,"site-sidebar-layout":"default","site-content-layout":"default","ast-global-header-display":"","ast-main-header-display":"","ast-hfb-above-header-display":"","ast-hfb-below-header-display":"","ast-hfb-mobile-header-display":"","site-post-title":"","ast-breadcrumbs-content":"","ast-featured-img":"","footer-sml-layout":"","theme-transparent-header-meta":"default","adv-header-id-meta":"","stick-header-meta":"","header-above-stick-meta":"","header-main-stick-meta":"","header-below-stick-meta":""},"product_cat":[114,119],"product_tag":[],"class_list":["post-5908","product","type-product","status-publish","has-post-thumbnail","hentry","product_cat-adaptadores","product_cat-cables","desktop-align-left","tablet-align-left","mobile-align-left"],"aioseo_notices":[],"_links":{"self":[{"href":"https:\/\/tecnomerch.com\/index.php\/wp-json\/wp\/v2\/product\/5908","targetHints":{"allow":["GET"]}}],"collection":[{"href":"https:\/\/tecnomerch.com\/index.php\/wp-json\/wp\/v2\/product"}],"about":[{"href":"https:\/\/tecnomerch.com\/index.php\/wp-json\/wp\/v2\/types\/product"}],"replies":[{"embeddable":true,"href":"https:\/\/tecnomerch.com\/index.php\/wp-json\/wp\/v2\/comments?post=5908"}],"version-history":[{"count":1,"href":"https:\/\/tecnomerch.com\/index.php\/wp-json\/wp\/v2\/product\/5908\/revisions"}],"predecessor-version":[{"id":5910,"href":"https:\/\/tecnomerch.com\/index.php\/wp-json\/wp\/v2\/product\/5908\/revisions\/5910"}],"wp:featuredmedia":[{"embeddable":true,"href":"https:\/\/tecnomerch.com\/index.php\/wp-json\/wp\/v2\/media\/5909"}],"wp:attachment":[{"href":"https:\/\/tecnomerch.com\/index.php\/wp-json\/wp\/v2\/media?parent=5908"}],"wp:term":[{"taxonomy":"product_cat","embeddable":true,"href":"https:\/\/tecnomerch.com\/index.php\/wp-json\/wp\/v2\/product_cat?post=5908"},{"taxonomy":"product_tag","embeddable":true,"href":"https:\/\/tecnomerch.com\/index.php\/wp-json\/wp\/v2\/product_tag?post=5908"}],"curies":[{"name":"wp","href":"https:\/\/api.w.org\/{rel}","templated":true}]}}