{"id":5905,"date":"2023-12-15T15:04:01","date_gmt":"2023-12-15T15:04:01","guid":{"rendered":"https:\/\/tecnomerch.com\/?post_type=product&#038;p=5905"},"modified":"2023-12-15T15:04:02","modified_gmt":"2023-12-15T15:04:02","slug":"cable-de-poder-molex-a-sata-agiler-15-centimetros","status":"publish","type":"product","link":"https:\/\/tecnomerch.com\/index.php\/product\/cable-de-poder-molex-a-sata-agiler-15-centimetros\/","title":{"rendered":"Cable de Poder Molex a SATA Agiler 15 Cent\u00edmetros"},"content":{"rendered":"<h2 class=\"text-uppercase te_s_it_heading\"><span class=\"text-delta\">UNIENDO CAMINOS DE ENERG\u00cdA<\/span><\/h2>\n<div class=\"s_hr text-left pb32 pt8\">\n<hr class=\"border-600 aos-init s_hr_solid w-25 mr-auto s_hr_4px border-alpha aos-animate\" data-aos=\"s_hr_4px\" \/>\n<\/div>\n<p class=\"mb16\"><span class=\"text-delta\">\u00daselo con unidades IDE y otros dispositivos LP4 para conectarse a un conector de alimentaci\u00f3n SATA. Este cable conecta un disco duro SATA con la salida est\u00e1ndar de 15 pines a un conector est\u00e1ndar de 4 pines Molex (LP4) que se conecta a una fuente de alimentaci\u00f3n.<\/span><\/p>\n","protected":false},"excerpt":{"rendered":"<p>&#8211; Di\u00e1metro exterior: 2mm<br \/>\n&#8211; Alambre 18AWG<br \/>\n&#8211; Conductor: cobre<br \/>\n&#8211; Contacto: niquelado<br \/>\n&#8211; Cubierta: PVC<br \/>\n&#8211; Largo: 15cm<\/p>\n","protected":false},"featured_media":5906,"comment_status":"open","ping_status":"closed","template":"","meta":{"om_disable_all_campaigns":false,"_mi_skip_tracking":false,"site-sidebar-layout":"default","site-content-layout":"default","ast-global-header-display":"","ast-main-header-display":"","ast-hfb-above-header-display":"","ast-hfb-below-header-display":"","ast-hfb-mobile-header-display":"","site-post-title":"","ast-breadcrumbs-content":"","ast-featured-img":"","footer-sml-layout":"","theme-transparent-header-meta":"default","adv-header-id-meta":"","stick-header-meta":"","header-above-stick-meta":"","header-main-stick-meta":"","header-below-stick-meta":""},"product_cat":[119],"product_tag":[],"class_list":["post-5905","product","type-product","status-publish","has-post-thumbnail","hentry","product_cat-cables","desktop-align-left","tablet-align-left","mobile-align-left"],"aioseo_notices":[],"_links":{"self":[{"href":"https:\/\/tecnomerch.com\/index.php\/wp-json\/wp\/v2\/product\/5905","targetHints":{"allow":["GET"]}}],"collection":[{"href":"https:\/\/tecnomerch.com\/index.php\/wp-json\/wp\/v2\/product"}],"about":[{"href":"https:\/\/tecnomerch.com\/index.php\/wp-json\/wp\/v2\/types\/product"}],"replies":[{"embeddable":true,"href":"https:\/\/tecnomerch.com\/index.php\/wp-json\/wp\/v2\/comments?post=5905"}],"version-history":[{"count":1,"href":"https:\/\/tecnomerch.com\/index.php\/wp-json\/wp\/v2\/product\/5905\/revisions"}],"predecessor-version":[{"id":5907,"href":"https:\/\/tecnomerch.com\/index.php\/wp-json\/wp\/v2\/product\/5905\/revisions\/5907"}],"wp:featuredmedia":[{"embeddable":true,"href":"https:\/\/tecnomerch.com\/index.php\/wp-json\/wp\/v2\/media\/5906"}],"wp:attachment":[{"href":"https:\/\/tecnomerch.com\/index.php\/wp-json\/wp\/v2\/media?parent=5905"}],"wp:term":[{"taxonomy":"product_cat","embeddable":true,"href":"https:\/\/tecnomerch.com\/index.php\/wp-json\/wp\/v2\/product_cat?post=5905"},{"taxonomy":"product_tag","embeddable":true,"href":"https:\/\/tecnomerch.com\/index.php\/wp-json\/wp\/v2\/product_tag?post=5905"}],"curies":[{"name":"wp","href":"https:\/\/api.w.org\/{rel}","templated":true}]}}