{"id":5891,"date":"2023-12-15T14:57:03","date_gmt":"2023-12-15T14:57:03","guid":{"rendered":"https:\/\/tecnomerch.com\/?post_type=product&#038;p=5891"},"modified":"2023-12-15T14:57:03","modified_gmt":"2023-12-15T14:57:03","slug":"cable-de-audio-3-5mm-argom-arg-cb-0035-1-metro-negro","status":"publish","type":"product","link":"https:\/\/tecnomerch.com\/index.php\/product\/cable-de-audio-3-5mm-argom-arg-cb-0035-1-metro-negro\/","title":{"rendered":"Cable de Audio 3.5mm Argom ARG-CB-0035 1 Metro Negro"},"content":{"rendered":"<section>\n<div class=\"container\">\n<div class=\"row s_nb_column_fixed\">\n<div class=\"col-lg-12 s_title\">\n<h4 class=\"te_s_title_default\"><span>Cable De Audio 3.5mm Argom 1MTS<\/span><\/h4>\n<\/div>\n<\/div>\n<\/div>\n<\/section>\n<section class=\"s_text_image\">\n<div class=\"container\">\n<div class=\"row align-items-center\">\n<div class=\"col-lg-6 pt16 pb16\">\n<h2 class=\"text-uppercase te_s_it_heading\">\u00a1EXPERIENCIA DE SONIDO \u00daNICO!<\/h2>\n<div class=\"s_hr text-left pb32 pt8\">\n<hr class=\"border-600 s_hr_solid w-25 mr-auto s_hr_4px border-alpha\" \/>\n<\/div>\n<p class=\"mb16\"><span>Este cable de excelente calidad fue dise\u00f1ado para brindar una experiencia de sonido incomparable.<\/span><\/p>\n<\/div>\n<div class=\"col-lg-6 pt16 pb16\">\n<div class=\"t_img_hover_1\"><img decoding=\"async\" class=\"img img-fluid mx-auto\" title=\"\" src=\"https:\/\/www.mytec.com.gt\/web\/image\/878382\/ARG-CB-0035-2.jpg?access_token=df52dd6c-feb3-4240-87f1-fd79bbf102e2\" alt=\"Clarico-Text-Image\" data-original-title=\"\" aria-describedby=\"tooltip393291\" \/><\/div>\n<\/div>\n<\/div>\n<\/div>\n<\/section>\n<section class=\"s_text_image\">\n<div class=\"container\">\n<div class=\"row align-items-center\">\n<div class=\"col-lg-6\">\n<div class=\"t_img_hover_1\"><img decoding=\"async\" class=\"img img-fluid mx-auto\" title=\"\" src=\"https:\/\/www.mytec.com.gt\/web\/image\/878387\/ARG-CB-0035.jpg?access_token=eb3e183f-6349-4a67-a5d2-f28aebe04bad\" alt=\"Clarico-Image-Text\" data-original-title=\"\" aria-describedby=\"tooltip449374\" \/><\/div>\n<\/div>\n<div class=\"col-lg-6 pt16 pb16\">\n<div class=\"pb32 pt8 s_hr text-left\">\n<hr class=\"aos-init border-600 border-alpha mr-auto s_hr_4px s_hr_solid w-25 aos-animate\" data-aos=\"s_hr_4px\" \/>\n<\/div>\n<p class=\"mb16\"><span>3 pies.\u00a0cable con enchufes est\u00e9reo macho de 3,5 mm en ambos extremos.<\/span><br \/>\n<span>Compatible con la mayor\u00eda de los dispositivos de audio, incluidas consolas de videojuegos, tel\u00e9fonos m\u00f3viles, tabletas, ordenadores port\u00e1tiles, enchufe auxiliar de sonido para coche, iPod, reproductores multimedia MP3 \/ MP4, sistemas de altavoces, etc.<\/span><\/p>\n<\/div>\n<\/div>\n<\/div>\n<\/section>\n","protected":false},"excerpt":{"rendered":"<div class=\"o_not_editable\">\n<p class=\"te_prod_desc\">&#8211; 3 pies cable de 3,5 mm en ambos<br \/>\n&#8211; Compatible con la mayor\u00eda de los dispositivos de audio<\/p>\n<\/div>\n<div class=\"timer_data\">\n<div class=\"timer_input\"><\/div>\n<\/div>\n<div class=\"te_display_end_date\"><\/div>\n<form action=\"https:\/\/www.mytec.com.gt\/shop\/cart\/update\" method=\"POST\">&nbsp;<\/p>\n<\/form>\n","protected":false},"featured_media":5892,"comment_status":"open","ping_status":"closed","template":"","meta":{"om_disable_all_campaigns":false,"_mi_skip_tracking":false,"site-sidebar-layout":"default","site-content-layout":"default","ast-global-header-display":"","ast-main-header-display":"","ast-hfb-above-header-display":"","ast-hfb-below-header-display":"","ast-hfb-mobile-header-display":"","site-post-title":"","ast-breadcrumbs-content":"","ast-featured-img":"","footer-sml-layout":"","theme-transparent-header-meta":"default","adv-header-id-meta":"","stick-header-meta":"","header-above-stick-meta":"","header-main-stick-meta":"","header-below-stick-meta":""},"product_cat":[119],"product_tag":[],"class_list":["post-5891","product","type-product","status-publish","has-post-thumbnail","hentry","product_cat-cables","desktop-align-left","tablet-align-left","mobile-align-left"],"aioseo_notices":[],"_links":{"self":[{"href":"https:\/\/tecnomerch.com\/index.php\/wp-json\/wp\/v2\/product\/5891","targetHints":{"allow":["GET"]}}],"collection":[{"href":"https:\/\/tecnomerch.com\/index.php\/wp-json\/wp\/v2\/product"}],"about":[{"href":"https:\/\/tecnomerch.com\/index.php\/wp-json\/wp\/v2\/types\/product"}],"replies":[{"embeddable":true,"href":"https:\/\/tecnomerch.com\/index.php\/wp-json\/wp\/v2\/comments?post=5891"}],"version-history":[{"count":1,"href":"https:\/\/tecnomerch.com\/index.php\/wp-json\/wp\/v2\/product\/5891\/revisions"}],"predecessor-version":[{"id":5893,"href":"https:\/\/tecnomerch.com\/index.php\/wp-json\/wp\/v2\/product\/5891\/revisions\/5893"}],"wp:featuredmedia":[{"embeddable":true,"href":"https:\/\/tecnomerch.com\/index.php\/wp-json\/wp\/v2\/media\/5892"}],"wp:attachment":[{"href":"https:\/\/tecnomerch.com\/index.php\/wp-json\/wp\/v2\/media?parent=5891"}],"wp:term":[{"taxonomy":"product_cat","embeddable":true,"href":"https:\/\/tecnomerch.com\/index.php\/wp-json\/wp\/v2\/product_cat?post=5891"},{"taxonomy":"product_tag","embeddable":true,"href":"https:\/\/tecnomerch.com\/index.php\/wp-json\/wp\/v2\/product_tag?post=5891"}],"curies":[{"name":"wp","href":"https:\/\/api.w.org\/{rel}","templated":true}]}}