{"id":5885,"date":"2023-12-15T14:55:00","date_gmt":"2023-12-15T14:55:00","guid":{"rendered":"https:\/\/tecnomerch.com\/?post_type=product&#038;p=5885"},"modified":"2023-12-15T14:55:00","modified_gmt":"2023-12-15T14:55:00","slug":"cable-hdmi-argom-arg-cb-1920-3-metros-macho-macho-trenzado-negro","status":"publish","type":"product","link":"https:\/\/tecnomerch.com\/index.php\/product\/cable-hdmi-argom-arg-cb-1920-3-metros-macho-macho-trenzado-negro\/","title":{"rendered":"Cable HDMI Argom ARG-CB-1920 3 Metros Macho-Macho Trenzado Negro"},"content":{"rendered":"<section class=\"s_text_image\">\n<div class=\"container\">\n<div class=\"row align-items-center\">\n<div class=\"col-lg-6 pt16 pb16\">\n<h2 class=\"text-uppercase te_s_it_heading\"><span style=\"color: #000000;\"><b>ARG-CB-1920<\/b><\/span><\/h2>\n<div class=\"s_hr text-left pb32 pt8\">\n<hr class=\"border-600 s_hr_solid w-25 mr-auto s_hr_4px border-alpha\" \/>\n<\/div>\n<p class=\"mb16\">Nuestra nueva l\u00ednea de cable de video HDMI ofrece nuevas caracter\u00edsticas premium. El ARG-CB-1920 cuenta con un dise\u00f1o de cable trenzado y conectores enchapados en oro que brindan una calidad superior y garantizan una imagen n\u00edtida y un sonido claro a trav\u00e9s de su TV, Blu-Ray, PC o consolas de juegos. \u00a1Simplifique la vida con un solo cable premium de alta calidad!<\/p>\n<\/div>\n<div class=\"col-lg-6 pt16 pb16\">\n<div class=\"t_img_hover_1\"><img decoding=\"async\" class=\"img img-fluid mx-auto\" src=\"https:\/\/www.mytec.com.gt\/web\/image\/793059\/1.png?access_token=aab520f4-40b8-445e-bf2f-05410b68f55c\" alt=\"Clarico-Text-Image\" \/><\/div>\n<\/div>\n<\/div>\n<\/div>\n<\/section>\n<section class=\"s_text_image\">\n<div class=\"container\">\n<div class=\"row align-items-center\">\n<div class=\"col-lg-6\">\n<div class=\"t_img_hover_1\"><img decoding=\"async\" class=\"img img-fluid mx-auto\" title=\"\" src=\"https:\/\/www.mytec.com.gt\/web\/image\/793061\/ARG-CB-1920_2048x.jpg?access_token=3eb029de-d3b2-441c-bc04-27ae88d0a5f3\" alt=\"Clarico-Image-Text\" data-original-title=\"\" aria-describedby=\"tooltip848178\" \/><\/div>\n<\/div>\n<div class=\"col-lg-6 pt16 pb16\">\n<ul>\n<li>\n<p class=\"mb16\"><span style=\"color: #000000;\">Dise\u00f1o de cable trenzado<\/span><\/p>\n<\/li>\n<li>\n<p class=\"mb16\"><span style=\"color: #000000;\">3 metros<\/span><\/p>\n<\/li>\n<li>\n<p class=\"mb16\"><span style=\"color: #000000;\">HDMI V1.4<\/span><\/p>\n<\/li>\n<li>\n<p class=\"mb16\"><span style=\"color: #000000;\">HDMI de alta velocidad con Ethernet<\/span><\/p>\n<\/li>\n<li>\n<p class=\"mb16\"><span style=\"color: #000000;\">99% de cobre sin ox\u00edgeno<\/span><\/p>\n<\/li>\n<li>\n<p class=\"mb16\"><span style=\"color: #000000;\">Triple capa de protecci\u00f3n<\/span><\/p>\n<\/li>\n<li>\n<p class=\"mb16\"><span style=\"color: #000000;\">Conectores chapados en oro<\/span><\/p>\n<\/li>\n<li>\n<p class=\"mb16\"><span style=\"color: #000000;\">Soporte de resoluci\u00f3n 4K<\/span><\/p>\n<\/li>\n<li>\n<p class=\"mb16\"><span style=\"color: #000000;\">Soporte 3D<\/span><\/p>\n<\/li>\n<\/ul>\n<\/div>\n<\/div>\n<\/div>\n<\/section>\n","protected":false},"excerpt":{"rendered":"<p>&#8211; Dise\u00f1o de cable trenzado<br \/>\n&#8211; 3 metros de longitud<br \/>\n&#8211; HDMI V1.4<br \/>\n&#8211; Alta velocidad con Ethernet<br \/>\n&#8211; 99% de cobre sin ox\u00edgeno<br \/>\n&#8211; Triple capa de protecci\u00f3n<br \/>\n&#8211; Conectores chapados en oro<br \/>\n&#8211; Soporte de resoluci\u00f3n 4K \/ 3D<\/p>\n","protected":false},"featured_media":5886,"comment_status":"open","ping_status":"closed","template":"","meta":{"om_disable_all_campaigns":false,"_mi_skip_tracking":false,"site-sidebar-layout":"default","site-content-layout":"default","ast-global-header-display":"","ast-main-header-display":"","ast-hfb-above-header-display":"","ast-hfb-below-header-display":"","ast-hfb-mobile-header-display":"","site-post-title":"","ast-breadcrumbs-content":"","ast-featured-img":"","footer-sml-layout":"","theme-transparent-header-meta":"default","adv-header-id-meta":"","stick-header-meta":"","header-above-stick-meta":"","header-main-stick-meta":"","header-below-stick-meta":""},"product_cat":[119],"product_tag":[],"class_list":["post-5885","product","type-product","status-publish","has-post-thumbnail","hentry","product_cat-cables","desktop-align-left","tablet-align-left","mobile-align-left"],"aioseo_notices":[],"_links":{"self":[{"href":"https:\/\/tecnomerch.com\/index.php\/wp-json\/wp\/v2\/product\/5885","targetHints":{"allow":["GET"]}}],"collection":[{"href":"https:\/\/tecnomerch.com\/index.php\/wp-json\/wp\/v2\/product"}],"about":[{"href":"https:\/\/tecnomerch.com\/index.php\/wp-json\/wp\/v2\/types\/product"}],"replies":[{"embeddable":true,"href":"https:\/\/tecnomerch.com\/index.php\/wp-json\/wp\/v2\/comments?post=5885"}],"version-history":[{"count":1,"href":"https:\/\/tecnomerch.com\/index.php\/wp-json\/wp\/v2\/product\/5885\/revisions"}],"predecessor-version":[{"id":5887,"href":"https:\/\/tecnomerch.com\/index.php\/wp-json\/wp\/v2\/product\/5885\/revisions\/5887"}],"wp:featuredmedia":[{"embeddable":true,"href":"https:\/\/tecnomerch.com\/index.php\/wp-json\/wp\/v2\/media\/5886"}],"wp:attachment":[{"href":"https:\/\/tecnomerch.com\/index.php\/wp-json\/wp\/v2\/media?parent=5885"}],"wp:term":[{"taxonomy":"product_cat","embeddable":true,"href":"https:\/\/tecnomerch.com\/index.php\/wp-json\/wp\/v2\/product_cat?post=5885"},{"taxonomy":"product_tag","embeddable":true,"href":"https:\/\/tecnomerch.com\/index.php\/wp-json\/wp\/v2\/product_tag?post=5885"}],"curies":[{"name":"wp","href":"https:\/\/api.w.org\/{rel}","templated":true}]}}