{"id":5882,"date":"2023-12-15T14:53:53","date_gmt":"2023-12-15T14:53:53","guid":{"rendered":"https:\/\/tecnomerch.com\/?post_type=product&#038;p=5882"},"modified":"2023-12-15T14:53:53","modified_gmt":"2023-12-15T14:53:53","slug":"cable-hdmi-argom-arg-cb-1910-1-8-metros-macho-macho-giratorio-negro","status":"publish","type":"product","link":"https:\/\/tecnomerch.com\/index.php\/product\/cable-hdmi-argom-arg-cb-1910-1-8-metros-macho-macho-giratorio-negro\/","title":{"rendered":"Cable HDMI Argom ARG-CB-1910 1.8 Metros Macho-Macho Giratorio Negro"},"content":{"rendered":"<h2>DESCRIPCI\u00d3N<\/h2>\n<p>Nuestra nueva l\u00ednea de cable de video HDMI ofrece nuevas caracter\u00edsticas premium. El ARG-CB-1910 cuenta con conectores ajustables de 180 grados para una apariencia ordenada y organizada, especialmente en aquellas configuraciones de pared trasera m\u00e1s estrechas. Los conectores chapados en oro brindan una calidad superior y garantizan una imagen n\u00edtida y un sonido claro a trav\u00e9s de su televisor, Blu-Ray, PC o consolas de juegos. Simplifique todas sus conexiones desordenadas con un solo cable premium de alta calidad.<\/p>\n<h2>ESPECIFICACIONES<\/h2>\n<ul>\n<li>Conectores ajustables 180 grados<\/li>\n<li>1,8 metros<\/li>\n<li>HDMI V1.4<\/li>\n<li>HDMI de alta velocidad con Ethernet<\/li>\n<li>99% cobre libre de ox\u00edgeno<\/li>\n<li>Triple capa de protecci\u00f3n<\/li>\n<li>Conectores chapados en oro<\/li>\n<li>Soporte de resoluci\u00f3n 4K<\/li>\n<li>Soporte 3D<\/li>\n<\/ul>\n","protected":false},"excerpt":{"rendered":"<p>&#8211; Soporte de resoluci\u00f3n 4K<br \/>\n&#8211; Soporte 3D<br \/>\n&#8211; Versi\u00f3n HDMI 1.4<br \/>\n&#8211; Alta velocidad con Ethernet<br \/>\n&#8211; Conectores ajustables 180\u00b0<br \/>\n&#8211; 99% de cobre sin ox\u00edgeno<br \/>\n&#8211; Triple capa de protecci\u00f3n<br \/>\n&#8211; Conectores chapados en oro<br \/>\n&#8211; Longitud 1,8 metros<\/p>\n","protected":false},"featured_media":5883,"comment_status":"open","ping_status":"closed","template":"","meta":{"om_disable_all_campaigns":false,"_mi_skip_tracking":false,"site-sidebar-layout":"default","site-content-layout":"default","ast-global-header-display":"","ast-main-header-display":"","ast-hfb-above-header-display":"","ast-hfb-below-header-display":"","ast-hfb-mobile-header-display":"","site-post-title":"","ast-breadcrumbs-content":"","ast-featured-img":"","footer-sml-layout":"","theme-transparent-header-meta":"default","adv-header-id-meta":"","stick-header-meta":"","header-above-stick-meta":"","header-main-stick-meta":"","header-below-stick-meta":""},"product_cat":[119],"product_tag":[],"class_list":["post-5882","product","type-product","status-publish","has-post-thumbnail","hentry","product_cat-cables","desktop-align-left","tablet-align-left","mobile-align-left"],"aioseo_notices":[],"_links":{"self":[{"href":"https:\/\/tecnomerch.com\/index.php\/wp-json\/wp\/v2\/product\/5882","targetHints":{"allow":["GET"]}}],"collection":[{"href":"https:\/\/tecnomerch.com\/index.php\/wp-json\/wp\/v2\/product"}],"about":[{"href":"https:\/\/tecnomerch.com\/index.php\/wp-json\/wp\/v2\/types\/product"}],"replies":[{"embeddable":true,"href":"https:\/\/tecnomerch.com\/index.php\/wp-json\/wp\/v2\/comments?post=5882"}],"version-history":[{"count":1,"href":"https:\/\/tecnomerch.com\/index.php\/wp-json\/wp\/v2\/product\/5882\/revisions"}],"predecessor-version":[{"id":5884,"href":"https:\/\/tecnomerch.com\/index.php\/wp-json\/wp\/v2\/product\/5882\/revisions\/5884"}],"wp:featuredmedia":[{"embeddable":true,"href":"https:\/\/tecnomerch.com\/index.php\/wp-json\/wp\/v2\/media\/5883"}],"wp:attachment":[{"href":"https:\/\/tecnomerch.com\/index.php\/wp-json\/wp\/v2\/media?parent=5882"}],"wp:term":[{"taxonomy":"product_cat","embeddable":true,"href":"https:\/\/tecnomerch.com\/index.php\/wp-json\/wp\/v2\/product_cat?post=5882"},{"taxonomy":"product_tag","embeddable":true,"href":"https:\/\/tecnomerch.com\/index.php\/wp-json\/wp\/v2\/product_tag?post=5882"}],"curies":[{"name":"wp","href":"https:\/\/api.w.org\/{rel}","templated":true}]}}