{"id":5849,"date":"2023-12-15T14:01:41","date_gmt":"2023-12-15T14:01:41","guid":{"rendered":"https:\/\/tecnomerch.com\/?post_type=product&#038;p=5849"},"modified":"2023-12-15T14:01:42","modified_gmt":"2023-12-15T14:01:42","slug":"adaptador-de-red-usb-a-rj45-agiler-agi-1190-10-100-1000","status":"publish","type":"product","link":"https:\/\/tecnomerch.com\/index.php\/product\/adaptador-de-red-usb-a-rj45-agiler-agi-1190-10-100-1000\/","title":{"rendered":"Adaptador de Red USB a RJ45 Agiler AGI-1190 10\/100\/1000"},"content":{"rendered":"<h2 class=\"te_s_it_heading text-uppercase\"><b>ADAPTADOR USB 3.0 A RJ45<\/b><\/h2>\n<p class=\"mb16\"><span>El adaptador USB 3.0 a Gigabit Ethernet a\u00f1ade conectividad de red a un ordenador con un puerto USB 3.0; admite una velocidad de transferencia de datos SuperSpeed USB 3.0 de hasta 5 Gbps para un rendimiento de red 1000 Base-T con compatibilidad con redes 10\/100 Mbps; con\u00e9ctelo con un cable Ethernet Cat6 (se vende por separado) para obtener el mejor rendimiento. +<\/span><\/p>\n<p class=\"mb16\"><span>Alternativa inal\u00e1mbrica para conectarse a Internet en zonas WI-FI muertas, transmitir archivos de v\u00eddeo de gran tama\u00f1o o descargar una actualizaci\u00f3n de software a trav\u00e9s de una LAN dom\u00e9stica o de oficina con cable; el adaptador USB 3.0 a Ethernet proporciona transferencias de datos m\u00e1s r\u00e1pidas y mejor seguridad que la mayor\u00eda de las conexiones inal\u00e1mbricas; soluci\u00f3n ideal para sustituir una tarjeta de red averiada o actualizar el ancho de banda de un ordenador antiguo. Instalaci\u00f3n sin controladores con soporte de controladores nativos en Chrome, Mac y Windows OS; el dongle adaptador de red admite importantes funciones de rendimiento, como Wake on Lan (WoL), Ethernet full d\u00faplex (FDX) y half d\u00faplex (HDX), detecci\u00f3n de cruce, enrutamiento de contrapresi\u00f3n, correcci\u00f3n autom\u00e1tica (Auto MDIX). <\/span><\/p>\n<p class=\"mb16\"><span>El ligero adaptador de USB a Ethernet pesa menos de 1 onza para facilitar su transporte en el malet\u00edn de su port\u00e1til; a\u00f1ada un puerto RJ45 est\u00e1ndar a su ultrabook o Macbook con un puerto USB 3.0 para transferir archivos, transmitir v\u00eddeo y jugar. Compatible con Windows 10\/8\/8.1\/7\/Vista y Mac 10.6\/10.7\/10.8\/10.9\/10.10\/10.11\/ 10.12; no es compatible con Windows RT ni Android.<\/span><\/p>\n","protected":false},"excerpt":{"rendered":"<p>&#8211; Adaptador USB 3.0 a RJ45<br \/>\n&#8211; Transferencia de datos SuperSpeed de hasta 5Gbps<br \/>\n&#8211; Compatibilidad con redes 10\/100\/1000<br \/>\n&#8211; Compatible con Windows y Mac<\/p>\n","protected":false},"featured_media":5850,"comment_status":"open","ping_status":"closed","template":"","meta":{"om_disable_all_campaigns":false,"_mi_skip_tracking":false,"site-sidebar-layout":"default","site-content-layout":"default","ast-global-header-display":"","ast-main-header-display":"","ast-hfb-above-header-display":"","ast-hfb-below-header-display":"","ast-hfb-mobile-header-display":"","site-post-title":"","ast-breadcrumbs-content":"","ast-featured-img":"","footer-sml-layout":"","theme-transparent-header-meta":"default","adv-header-id-meta":"","stick-header-meta":"","header-above-stick-meta":"","header-main-stick-meta":"","header-below-stick-meta":""},"product_cat":[114,119],"product_tag":[],"class_list":["post-5849","product","type-product","status-publish","has-post-thumbnail","hentry","product_cat-adaptadores","product_cat-cables","desktop-align-left","tablet-align-left","mobile-align-left"],"aioseo_notices":[],"_links":{"self":[{"href":"https:\/\/tecnomerch.com\/index.php\/wp-json\/wp\/v2\/product\/5849","targetHints":{"allow":["GET"]}}],"collection":[{"href":"https:\/\/tecnomerch.com\/index.php\/wp-json\/wp\/v2\/product"}],"about":[{"href":"https:\/\/tecnomerch.com\/index.php\/wp-json\/wp\/v2\/types\/product"}],"replies":[{"embeddable":true,"href":"https:\/\/tecnomerch.com\/index.php\/wp-json\/wp\/v2\/comments?post=5849"}],"version-history":[{"count":1,"href":"https:\/\/tecnomerch.com\/index.php\/wp-json\/wp\/v2\/product\/5849\/revisions"}],"predecessor-version":[{"id":5851,"href":"https:\/\/tecnomerch.com\/index.php\/wp-json\/wp\/v2\/product\/5849\/revisions\/5851"}],"wp:featuredmedia":[{"embeddable":true,"href":"https:\/\/tecnomerch.com\/index.php\/wp-json\/wp\/v2\/media\/5850"}],"wp:attachment":[{"href":"https:\/\/tecnomerch.com\/index.php\/wp-json\/wp\/v2\/media?parent=5849"}],"wp:term":[{"taxonomy":"product_cat","embeddable":true,"href":"https:\/\/tecnomerch.com\/index.php\/wp-json\/wp\/v2\/product_cat?post=5849"},{"taxonomy":"product_tag","embeddable":true,"href":"https:\/\/tecnomerch.com\/index.php\/wp-json\/wp\/v2\/product_tag?post=5849"}],"curies":[{"name":"wp","href":"https:\/\/api.w.org\/{rel}","templated":true}]}}