{"id":5821,"date":"2023-12-04T01:09:23","date_gmt":"2023-12-04T01:09:23","guid":{"rendered":"https:\/\/tecnomerch.com\/?post_type=product&#038;p=5821"},"modified":"2023-12-04T01:09:23","modified_gmt":"2023-12-04T01:09:23","slug":"bracket-argom-arg-br-8222-14-10-tipo-base-dual-stand-vidrio-templado","status":"publish","type":"product","link":"https:\/\/tecnomerch.com\/index.php\/product\/bracket-argom-arg-br-8222-14-10-tipo-base-dual-stand-vidrio-templado\/","title":{"rendered":"Bracket Argom ARG-BR-8222 14-10&#8243; Tipo Base Dual Stand Vidrio Templado"},"content":{"rendered":"<section class=\"s_title\">\n<div class=\"container\">\n<div class=\"row\">\n<div class=\"col-md-12\">\n<h1 class=\"text-center\">Bracket Argom Tipo Base Dual Stand \/ Vidrio Templado<\/h1>\n<\/div>\n<\/div>\n<\/div>\n<\/section>\n<section class=\"s_image_text\">\n<div class=\"container\">\n<div class=\"row\">\n<div class=\"col-md-6 mt32 mb32\"><\/div>\n<div class=\"col-md-6 mt64 mb32\">\n<p>Almacene peque\u00f1os componentes de audio y video debajo de su TV montada en la pared sin necesidad de muebles. Utilice la gesti\u00f3n de cables integrada para ocultar todos los cables y cables para una instalaci\u00f3n ordenada.<\/p>\n<p><b>Especificaciones<\/b><\/p>\n<ul>\n<li>Dise\u00f1ado para reproductores de DVD, grabadoras de HD, cajas de cable, Blue Ray, consolas de juegos y otros equipos de AV.<\/li>\n<li>2 estantes hechos de vidrio templado de 5 mm con altura ajustable.<\/li>\n<li>Gesti\u00f3n integrada de cables para ocultar todos los cables.<\/li>\n<li>Ahorra espacio y organiza ordenadamente su equipo AV.<\/li>\n<li>Instalaci\u00f3n f\u00e1cil y segura.<\/li>\n<\/ul>\n<\/div>\n<\/div>\n<\/div>\n<\/section>\n","protected":false},"excerpt":{"rendered":"<div class=\"o_not_editable\">\n<p class=\"te_prod_desc\">&#8211; Dise\u00f1ado para equipos de AV<br \/>\n&#8211; 2 estantes de vidrio templado<br \/>\n&#8211; Gesti\u00f3n integrada de cables<br \/>\n&#8211; Instalaci\u00f3n f\u00e1cil y segura.<br \/>\n&#8211; Admite un m\u00e1ximo de 8Kg (17.6 lbs).<br \/>\n&#8211; 14 \u00abde ancho x 10\u00bb de profundidad.<\/p>\n<\/div>\n<div class=\"timer_data\">\n<div class=\"timer_input\"><\/div>\n<\/div>\n<div class=\"te_display_end_date\"><\/div>\n<form action=\"https:\/\/www.mytec.com.gt\/shop\/cart\/update\" method=\"POST\">&nbsp;<\/p>\n<\/form>\n","protected":false},"featured_media":5822,"comment_status":"open","ping_status":"closed","template":"","meta":{"om_disable_all_campaigns":false,"_mi_skip_tracking":false,"site-sidebar-layout":"default","site-content-layout":"default","ast-global-header-display":"","ast-main-header-display":"","ast-hfb-above-header-display":"","ast-hfb-below-header-display":"","ast-hfb-mobile-header-display":"","site-post-title":"","ast-breadcrumbs-content":"","ast-featured-img":"","footer-sml-layout":"","theme-transparent-header-meta":"default","adv-header-id-meta":"","stick-header-meta":"","header-above-stick-meta":"","header-main-stick-meta":"","header-below-stick-meta":""},"product_cat":[158],"product_tag":[],"class_list":["post-5821","product","type-product","status-publish","has-post-thumbnail","hentry","product_cat-brackets-para-monitor","desktop-align-left","tablet-align-left","mobile-align-left"],"aioseo_notices":[],"_links":{"self":[{"href":"https:\/\/tecnomerch.com\/index.php\/wp-json\/wp\/v2\/product\/5821","targetHints":{"allow":["GET"]}}],"collection":[{"href":"https:\/\/tecnomerch.com\/index.php\/wp-json\/wp\/v2\/product"}],"about":[{"href":"https:\/\/tecnomerch.com\/index.php\/wp-json\/wp\/v2\/types\/product"}],"replies":[{"embeddable":true,"href":"https:\/\/tecnomerch.com\/index.php\/wp-json\/wp\/v2\/comments?post=5821"}],"version-history":[{"count":2,"href":"https:\/\/tecnomerch.com\/index.php\/wp-json\/wp\/v2\/product\/5821\/revisions"}],"predecessor-version":[{"id":5824,"href":"https:\/\/tecnomerch.com\/index.php\/wp-json\/wp\/v2\/product\/5821\/revisions\/5824"}],"wp:featuredmedia":[{"embeddable":true,"href":"https:\/\/tecnomerch.com\/index.php\/wp-json\/wp\/v2\/media\/5822"}],"wp:attachment":[{"href":"https:\/\/tecnomerch.com\/index.php\/wp-json\/wp\/v2\/media?parent=5821"}],"wp:term":[{"taxonomy":"product_cat","embeddable":true,"href":"https:\/\/tecnomerch.com\/index.php\/wp-json\/wp\/v2\/product_cat?post=5821"},{"taxonomy":"product_tag","embeddable":true,"href":"https:\/\/tecnomerch.com\/index.php\/wp-json\/wp\/v2\/product_tag?post=5821"}],"curies":[{"name":"wp","href":"https:\/\/api.w.org\/{rel}","templated":true}]}}