{"id":5801,"date":"2023-12-04T01:03:55","date_gmt":"2023-12-04T01:03:55","guid":{"rendered":"https:\/\/tecnomerch.com\/?post_type=product&#038;p=5801"},"modified":"2023-12-04T01:03:56","modified_gmt":"2023-12-04T01:03:56","slug":"bracket-argom-arg-br-0501-13-29-articulado","status":"publish","type":"product","link":"https:\/\/tecnomerch.com\/index.php\/product\/bracket-argom-arg-br-0501-13-29-articulado\/","title":{"rendered":"Bracket Argom ARG-BR-0501 13-29&#8243; Articulado"},"content":{"rendered":"<div class=\"s_hr text-left pb32 pt8\">\n<hr class=\"border-600 aos-init s_hr_solid w-25 mr-auto s_hr_4px border-alpha aos-animate\" data-aos=\"s_hr_4px\" \/>\n<\/div>\n<p class=\"mb16 o_default_snippet_text\">Soporte de pared para TV inclinable y giratorio f\u00e1cil de usar. Simplemente girando la pantalla de lado a lado o inclin\u00e1ndola hacia arriba y hacia abajo, este soporte permite el \u00e1ngulo perfecto de TV o monitor con un m\u00ednimo esfuerzo.<\/p>\n<p class=\"mb16\"><b>Especificaciones<\/b><\/p>\n<ul>\n<li>\n<p class=\"mb16\">Trabaja con LCD \/ LED TV.<\/p>\n<\/li>\n<li>\n<p class=\"mb16 o_default_snippet_text\">Soporte de pared para TV de movimiento completo.<\/p>\n<\/li>\n<li>\n<p class=\"mb16 o_default_snippet_text\">VESA 50&#215;50, 75&#215;75, 100&#215;100 compatible.<\/p>\n<\/li>\n<li>\n<p class=\"mb16 o_default_snippet_text\">-20 \u00b0 ~ + 20 \u00b0 de inclinaci\u00f3n ajustable continua.<\/p>\n<\/li>\n<li>\n<p class=\"mb16 o_default_snippet_text\">Girar 30 \u00b0 hacia la izquierda o hacia la derecha.<\/p>\n<\/li>\n<li>\n<p class=\"mb16 o_default_snippet_text\">TV a pared: 90 mm. Capacidad m\u00e1xima de carga: 26Kgs (66Lbs).<\/p>\n<\/li>\n<li>\n<p class=\"mb16\">Capacidad m\u00e1xima de carga: 26Kgs (66Lbs).<\/p>\n<\/li>\n<\/ul>\n","protected":false},"excerpt":{"rendered":"<p>&#8211; Soporte pantalla de 13 a 29&#8243;<br \/>\n&#8211; Inclinaci\u00f3n 30\u00b0 izquierda\/derecha<br \/>\n&#8211; Vesa 100&#215;100 \/ 75&#215;75\/50&#215;50<br \/>\n&#8211; Carga M\u00e1xima 26KG (66lbs)<\/p>\n","protected":false},"featured_media":5802,"comment_status":"open","ping_status":"closed","template":"","meta":{"om_disable_all_campaigns":false,"_mi_skip_tracking":false,"site-sidebar-layout":"default","site-content-layout":"default","ast-global-header-display":"","ast-main-header-display":"","ast-hfb-above-header-display":"","ast-hfb-below-header-display":"","ast-hfb-mobile-header-display":"","site-post-title":"","ast-breadcrumbs-content":"","ast-featured-img":"","footer-sml-layout":"","theme-transparent-header-meta":"default","adv-header-id-meta":"","stick-header-meta":"","header-above-stick-meta":"","header-main-stick-meta":"","header-below-stick-meta":""},"product_cat":[158],"product_tag":[],"class_list":["post-5801","product","type-product","status-publish","has-post-thumbnail","hentry","product_cat-brackets-para-monitor","desktop-align-left","tablet-align-left","mobile-align-left"],"aioseo_notices":[],"_links":{"self":[{"href":"https:\/\/tecnomerch.com\/index.php\/wp-json\/wp\/v2\/product\/5801","targetHints":{"allow":["GET"]}}],"collection":[{"href":"https:\/\/tecnomerch.com\/index.php\/wp-json\/wp\/v2\/product"}],"about":[{"href":"https:\/\/tecnomerch.com\/index.php\/wp-json\/wp\/v2\/types\/product"}],"replies":[{"embeddable":true,"href":"https:\/\/tecnomerch.com\/index.php\/wp-json\/wp\/v2\/comments?post=5801"}],"version-history":[{"count":1,"href":"https:\/\/tecnomerch.com\/index.php\/wp-json\/wp\/v2\/product\/5801\/revisions"}],"predecessor-version":[{"id":5803,"href":"https:\/\/tecnomerch.com\/index.php\/wp-json\/wp\/v2\/product\/5801\/revisions\/5803"}],"wp:featuredmedia":[{"embeddable":true,"href":"https:\/\/tecnomerch.com\/index.php\/wp-json\/wp\/v2\/media\/5802"}],"wp:attachment":[{"href":"https:\/\/tecnomerch.com\/index.php\/wp-json\/wp\/v2\/media?parent=5801"}],"wp:term":[{"taxonomy":"product_cat","embeddable":true,"href":"https:\/\/tecnomerch.com\/index.php\/wp-json\/wp\/v2\/product_cat?post=5801"},{"taxonomy":"product_tag","embeddable":true,"href":"https:\/\/tecnomerch.com\/index.php\/wp-json\/wp\/v2\/product_tag?post=5801"}],"curies":[{"name":"wp","href":"https:\/\/api.w.org\/{rel}","templated":true}]}}