{"id":5794,"date":"2023-12-04T01:01:32","date_gmt":"2023-12-04T01:01:32","guid":{"rendered":"https:\/\/tecnomerch.com\/?post_type=product&#038;p=5794"},"modified":"2023-12-04T01:01:32","modified_gmt":"2023-12-04T01:01:32","slug":"bracket-argom-arg-br-1602-13-32-articulado-doble-monitor","status":"publish","type":"product","link":"https:\/\/tecnomerch.com\/index.php\/product\/bracket-argom-arg-br-1602-13-32-articulado-doble-monitor\/","title":{"rendered":"Bracket Argom ARG-BR-1602 13-32&#8243; Articulado Doble Monitor"},"content":{"rendered":"<section class=\"s_text_image\">\n<div class=\"container\">\n<div class=\"row align-items-center\">\n<div class=\"col-lg-6 pt16 pb16\">\n<h2 class=\"text-uppercase te_s_it_heading\">DESCRIPCI\u00d3N<\/h2>\n<div class=\"s_hr text-left pb32 pt8\">\n<hr class=\"border-600 aos-init s_hr_solid w-25 mr-auto s_hr_4px border-alpha aos-animate\" data-aos=\"s_hr_4px\" \/>\n<\/div>\n<p class=\"mb16 o_default_snippet_text\">El soporte de movimiento completo, f\u00e1cil de instalar, le permite disfrutar de una gran imagen sin importar desde d\u00f3nde mire. Incline, gire y extienda el brazo para una vista m\u00e1xima de su televisor sin necesidad de herramientas. Oculta los cables antiest\u00e9ticos. El brazo de movimiento completo hace que este soporte de pared para TV sea el compa\u00f1ero ideal para habitaciones con m\u00faltiples \u00e1reas de visualizaci\u00f3n.<\/p>\n<div><\/div>\n<\/div>\n<\/div>\n<\/div>\n<\/section>\n<section class=\"s_text_image\">\n<div class=\"container\">\n<div class=\"row align-items-center\">\n<div class=\"col-lg-6 pt16 pb16\">\n<h2 class=\"text-uppercase te_s_it_heading\">ESPECIFICACIONES<\/h2>\n<div class=\"s_hr text-left pb32 pt8\">\n<hr class=\"border-600 s_hr_solid w-25 mr-auto s_hr_4px border-alpha\" \/>\n<\/div>\n<ul>\n<li>\n<p class=\"mb16\">Material: Acero y pl\u00e1stico<\/p>\n<\/li>\n<\/ul>\n<ul>\n<li>\n<p class=\"mb16\">Instalaci\u00f3n: Abrazadera<\/p>\n<\/li>\n<\/ul>\n<ul>\n<li>\n<p class=\"mb16\">Tama\u00f1o de pantalla: 13 \u00ab-32\u00bb<\/p>\n<\/li>\n<\/ul>\n<ul>\n<li>\n<p class=\"mb16\">Carga nominal por monitor: 8 kg<\/p>\n<\/li>\n<\/ul>\n<ul>\n<li>\n<p class=\"mb16\">Compatible con VESA: 75&#215;75 y 100&#215;100<\/p>\n<\/li>\n<\/ul>\n<ul>\n<li>\n<p class=\"mb16\">Rango de inclinaci\u00f3n: + 45 \u00b0 ~ -45 \u00b0<\/p>\n<\/li>\n<\/ul>\n<ul>\n<li>\n<p class=\"mb16\">Rango de giro: + 90 \u00b0 ~ -90 \u00b0<\/p>\n<\/li>\n<\/ul>\n<ul>\n<li>\n<p class=\"mb16\">Pantalla Rotaci\u00f3n: + 180 \u00b0 ~ -180 \u00b0<\/p>\n<\/li>\n<\/ul>\n<ul>\n<li>\n<p class=\"mb16\">Espesor del escritorio: 10-85 mm<\/p>\n<\/li>\n<\/ul>\n<\/div>\n<\/div>\n<\/div>\n<\/section>\n","protected":false},"excerpt":{"rendered":"<p>&#8211; Soporta pantallas de 13 a 32&#8243;<br \/>\n&#8211; Vesa 100&#215;100 \/ 75&#215;75<br \/>\n&#8211; Carga M\u00e1xima 8KG<br \/>\n&#8211; Inclinaci\u00f3n de +45 \u00b0 ~ -45 \u00b0<br \/>\n&#8211; Rango Giratorio + 90 \u00b0 ~ -90 \u00b0<br \/>\n&#8211; Rotaci\u00f3n Pantalla + 180 \u00b0 ~ -180<br \/>\n&#8211; Grosor escritorio 10-85 mm<\/p>\n","protected":false},"featured_media":5795,"comment_status":"open","ping_status":"closed","template":"","meta":{"om_disable_all_campaigns":false,"_mi_skip_tracking":false,"site-sidebar-layout":"default","site-content-layout":"default","ast-global-header-display":"","ast-main-header-display":"","ast-hfb-above-header-display":"","ast-hfb-below-header-display":"","ast-hfb-mobile-header-display":"","site-post-title":"","ast-breadcrumbs-content":"","ast-featured-img":"","footer-sml-layout":"","theme-transparent-header-meta":"default","adv-header-id-meta":"","stick-header-meta":"","header-above-stick-meta":"","header-main-stick-meta":"","header-below-stick-meta":""},"product_cat":[158],"product_tag":[],"class_list":["post-5794","product","type-product","status-publish","has-post-thumbnail","hentry","product_cat-brackets-para-monitor","desktop-align-left","tablet-align-left","mobile-align-left"],"aioseo_notices":[],"_links":{"self":[{"href":"https:\/\/tecnomerch.com\/index.php\/wp-json\/wp\/v2\/product\/5794","targetHints":{"allow":["GET"]}}],"collection":[{"href":"https:\/\/tecnomerch.com\/index.php\/wp-json\/wp\/v2\/product"}],"about":[{"href":"https:\/\/tecnomerch.com\/index.php\/wp-json\/wp\/v2\/types\/product"}],"replies":[{"embeddable":true,"href":"https:\/\/tecnomerch.com\/index.php\/wp-json\/wp\/v2\/comments?post=5794"}],"version-history":[{"count":2,"href":"https:\/\/tecnomerch.com\/index.php\/wp-json\/wp\/v2\/product\/5794\/revisions"}],"predecessor-version":[{"id":5797,"href":"https:\/\/tecnomerch.com\/index.php\/wp-json\/wp\/v2\/product\/5794\/revisions\/5797"}],"wp:featuredmedia":[{"embeddable":true,"href":"https:\/\/tecnomerch.com\/index.php\/wp-json\/wp\/v2\/media\/5795"}],"wp:attachment":[{"href":"https:\/\/tecnomerch.com\/index.php\/wp-json\/wp\/v2\/media?parent=5794"}],"wp:term":[{"taxonomy":"product_cat","embeddable":true,"href":"https:\/\/tecnomerch.com\/index.php\/wp-json\/wp\/v2\/product_cat?post=5794"},{"taxonomy":"product_tag","embeddable":true,"href":"https:\/\/tecnomerch.com\/index.php\/wp-json\/wp\/v2\/product_tag?post=5794"}],"curies":[{"name":"wp","href":"https:\/\/api.w.org\/{rel}","templated":true}]}}