{"id":5785,"date":"2023-12-04T00:57:00","date_gmt":"2023-12-04T00:57:00","guid":{"rendered":"https:\/\/tecnomerch.com\/?post_type=product&#038;p=5785"},"modified":"2023-12-04T00:57:00","modified_gmt":"2023-12-04T00:57:00","slug":"audifonos-tipo-headset-argom-ultimate-sound-bass-negro","status":"publish","type":"product","link":"https:\/\/tecnomerch.com\/index.php\/product\/audifonos-tipo-headset-argom-ultimate-sound-bass-negro\/","title":{"rendered":"Audifonos Tipo Headset Argom Ultimate Sound Bass Negro"},"content":{"rendered":"<p class=\"lead\"><span class=\"text-delta\"><b>Acompa\u00f1a tu d\u00eda<\/b><\/span><\/p>\n<div class=\"s_hr text-left pt16 pb24\">\n<hr class=\"border-alpha s_hr_4px s_hr_solid mr-auto w-75\" \/>\n<\/div>\n<p class=\"lead\"><span class=\"text-delta\">Disfruta de hasta 8 horas continuas de ejecuci\u00f3n, lo que significa que estos auriculares est\u00e1n listos para acompa\u00f1arte durante tus jornadas m\u00e1s largas con su bater\u00eda recargable de 400 mAh.<\/p>\n<p><\/span><\/p>\n<p class=\"lead\"><span class=\"text-delta\">Con opciones de conectividad vers\u00e1tiles, estos aud\u00edfonos ofrecen la libertad del BT Wireless o la cl\u00e1sica conexi\u00f3n por Mini jack 3.5mm, adapt\u00e1ndose a tus necesidades y dispositivos.<\/span><\/p>\n","protected":false},"excerpt":{"rendered":"<p>&#8211; Auriculares plegables y ajustables.<br \/>\n&#8211; Unidad controladora de membrana: 40 mm de di\u00e1metro.<br \/>\n&#8211; Respuesta de frecuencia: 2,4-2,48 GHz.<br \/>\n&#8211; Tiempo de ejecuci\u00f3n: hasta 8 horas.<br \/>\n&#8211; Bater\u00eda recargable: 400 mAh.<br \/>\n&#8211; Cable desmontable: 1,2 m (4 pies\/pies).<br \/>\n&#8211; Conector: BT Wireless o Mini jack 3.5mm.<\/p>\n","protected":false},"featured_media":5786,"comment_status":"open","ping_status":"closed","template":"","meta":{"om_disable_all_campaigns":false,"_mi_skip_tracking":false,"site-sidebar-layout":"default","site-content-layout":"default","ast-global-header-display":"","ast-main-header-display":"","ast-hfb-above-header-display":"","ast-hfb-below-header-display":"","ast-hfb-mobile-header-display":"","site-post-title":"","ast-breadcrumbs-content":"","ast-featured-img":"","footer-sml-layout":"","theme-transparent-header-meta":"default","adv-header-id-meta":"","stick-header-meta":"","header-above-stick-meta":"","header-main-stick-meta":"","header-below-stick-meta":""},"product_cat":[69],"product_tag":[],"class_list":["post-5785","product","type-product","status-publish","has-post-thumbnail","hentry","product_cat-audifonos-headsets","desktop-align-left","tablet-align-left","mobile-align-left"],"aioseo_notices":[],"_links":{"self":[{"href":"https:\/\/tecnomerch.com\/index.php\/wp-json\/wp\/v2\/product\/5785","targetHints":{"allow":["GET"]}}],"collection":[{"href":"https:\/\/tecnomerch.com\/index.php\/wp-json\/wp\/v2\/product"}],"about":[{"href":"https:\/\/tecnomerch.com\/index.php\/wp-json\/wp\/v2\/types\/product"}],"replies":[{"embeddable":true,"href":"https:\/\/tecnomerch.com\/index.php\/wp-json\/wp\/v2\/comments?post=5785"}],"version-history":[{"count":1,"href":"https:\/\/tecnomerch.com\/index.php\/wp-json\/wp\/v2\/product\/5785\/revisions"}],"predecessor-version":[{"id":5787,"href":"https:\/\/tecnomerch.com\/index.php\/wp-json\/wp\/v2\/product\/5785\/revisions\/5787"}],"wp:featuredmedia":[{"embeddable":true,"href":"https:\/\/tecnomerch.com\/index.php\/wp-json\/wp\/v2\/media\/5786"}],"wp:attachment":[{"href":"https:\/\/tecnomerch.com\/index.php\/wp-json\/wp\/v2\/media?parent=5785"}],"wp:term":[{"taxonomy":"product_cat","embeddable":true,"href":"https:\/\/tecnomerch.com\/index.php\/wp-json\/wp\/v2\/product_cat?post=5785"},{"taxonomy":"product_tag","embeddable":true,"href":"https:\/\/tecnomerch.com\/index.php\/wp-json\/wp\/v2\/product_tag?post=5785"}],"curies":[{"name":"wp","href":"https:\/\/api.w.org\/{rel}","templated":true}]}}