{"id":5781,"date":"2023-12-04T00:56:00","date_gmt":"2023-12-04T00:56:00","guid":{"rendered":"https:\/\/tecnomerch.com\/?post_type=product&#038;p=5781"},"modified":"2023-12-04T00:56:00","modified_gmt":"2023-12-04T00:56:00","slug":"audifonos-argom-bluetooth-in-ear-skeipods-e55-con-microfono-negro","status":"publish","type":"product","link":"https:\/\/tecnomerch.com\/index.php\/product\/audifonos-argom-bluetooth-in-ear-skeipods-e55-con-microfono-negro\/","title":{"rendered":"Audifonos Argom Bluetooth In-ear SkeiPods E55 con Micr\u00f3fono Negro"},"content":{"rendered":"<p class=\"card-text o_default_snippet_text\">\u2022 Auriculares TWS BT con sonido est\u00e9reo de alta definici\u00f3n<\/p>\n<p class=\"card-text o_default_snippet_text\">\u2022 Resistente al agua IPx4<\/p>\n<p class=\"card-text o_default_snippet_text\">\u2022 Versi\u00f3n BT: 5.3<\/p>\n<p class=\"card-text o_default_snippet_text\">\u2022 Frecuencia inal\u00e1mbrica: 2,4-2,48 GHz<\/p>\n<p class=\"card-text o_default_snippet_text\">\u2022 Voltaje de carga: CC 5 V\/1 A<\/p>\n<p class=\"card-text o_default_snippet_text\">\u2022 Distancia de funcionamiento: &gt;10 m<\/p>\n<p class=\"card-text o_default_snippet_text\">\u2022 Bater\u00eda de los auriculares: 3,7 V\/30 mAh<\/p>\n<p class=\"card-text o_default_snippet_text\">\u2022 Bater\u00eda del estuche de carga: 3,7 V\/315 mAh<\/p>\n<p class=\"card-text o_default_snippet_text\">\u2022 Ciclos del estuche de carga: hasta 3<\/p>\n<p class=\"card-text o_default_snippet_text\">\u2022 Estuche de carga puerto: tipo C<\/p>\n<p class=\"card-text o_default_snippet_text\">\u2022 Tama\u00f1o de los auriculares: 18,2 x 18,8 x 31,2 mm<\/p>\n<p class=\"card-text o_default_snippet_text\">\u2022 Tama\u00f1o del estuche de carga: 24 x 46 x 58 mm<\/p>\n<p class=\"card-text o_default_snippet_text\">\u2022 Dise\u00f1o c\u00f3modo y compacto<\/p>\n<p class=\"card-text o_default_snippet_text\">\u2022 3 horas de reproducci\u00f3n + 15 horas adicionales con el estuche de carga<\/p>\n<p class=\"card-text o_default_snippet_text\">\u2022 Control t\u00e1ctil integrado para reproducci\u00f3n de m\u00fasica y llamadas administraci\u00f3n<\/p>\n<p class=\"card-text o_default_snippet_text\">\u2022 Emparejamiento autom\u00e1tico para una configuraci\u00f3n f\u00e1cil y sin problemas<\/p>\n<p class=\"card-text\">\u2022 Funci\u00f3n de manos libres: reciba llamadas desde el auricular usando el micr\u00f3fono incorporado<\/p>\n","protected":false},"excerpt":{"rendered":"<div class=\"o_not_editable\">\n<p class=\"te_prod_desc\">&#8211; Auriculares TWS BT<br \/>\n&#8211; Resistente al agua IPx4<br \/>\n&#8211; Versi\u00f3n BT 5.3<br \/>\n&#8211; Distancia de funcionamiento: &gt;10 m<br \/>\n&#8211; Ciclos del estuche de carga: hasta 3<br \/>\n&#8211; Estuche de carga puerto: tipo C<br \/>\n&#8211; 3 horas de reproducci\u00f3n + 15 horas adicionales con el estuche de carga<br \/>\n&#8211; Control t\u00e1ctil integrado para reproducci\u00f3n de m\u00fasica y llamadas<br \/>\n&#8211; Funci\u00f3n de manos libres<\/p>\n<\/div>\n<div class=\"timer_data\">\n<div class=\"timer_input\"><\/div>\n<\/div>\n<div class=\"te_display_end_date\"><\/div>\n<form action=\"https:\/\/www.mytec.com.gt\/shop\/cart\/update\" method=\"POST\">&nbsp;<\/p>\n<\/form>\n","protected":false},"featured_media":5782,"comment_status":"open","ping_status":"closed","template":"","meta":{"om_disable_all_campaigns":false,"_mi_skip_tracking":false,"site-sidebar-layout":"default","site-content-layout":"default","ast-global-header-display":"","ast-main-header-display":"","ast-hfb-above-header-display":"","ast-hfb-below-header-display":"","ast-hfb-mobile-header-display":"","site-post-title":"","ast-breadcrumbs-content":"","ast-featured-img":"","footer-sml-layout":"","theme-transparent-header-meta":"default","adv-header-id-meta":"","stick-header-meta":"","header-above-stick-meta":"","header-main-stick-meta":"","header-below-stick-meta":""},"product_cat":[69],"product_tag":[],"class_list":["post-5781","product","type-product","status-publish","has-post-thumbnail","hentry","product_cat-audifonos-headsets","desktop-align-left","tablet-align-left","mobile-align-left"],"aioseo_notices":[],"_links":{"self":[{"href":"https:\/\/tecnomerch.com\/index.php\/wp-json\/wp\/v2\/product\/5781","targetHints":{"allow":["GET"]}}],"collection":[{"href":"https:\/\/tecnomerch.com\/index.php\/wp-json\/wp\/v2\/product"}],"about":[{"href":"https:\/\/tecnomerch.com\/index.php\/wp-json\/wp\/v2\/types\/product"}],"replies":[{"embeddable":true,"href":"https:\/\/tecnomerch.com\/index.php\/wp-json\/wp\/v2\/comments?post=5781"}],"version-history":[{"count":2,"href":"https:\/\/tecnomerch.com\/index.php\/wp-json\/wp\/v2\/product\/5781\/revisions"}],"predecessor-version":[{"id":5784,"href":"https:\/\/tecnomerch.com\/index.php\/wp-json\/wp\/v2\/product\/5781\/revisions\/5784"}],"wp:featuredmedia":[{"embeddable":true,"href":"https:\/\/tecnomerch.com\/index.php\/wp-json\/wp\/v2\/media\/5782"}],"wp:attachment":[{"href":"https:\/\/tecnomerch.com\/index.php\/wp-json\/wp\/v2\/media?parent=5781"}],"wp:term":[{"taxonomy":"product_cat","embeddable":true,"href":"https:\/\/tecnomerch.com\/index.php\/wp-json\/wp\/v2\/product_cat?post=5781"},{"taxonomy":"product_tag","embeddable":true,"href":"https:\/\/tecnomerch.com\/index.php\/wp-json\/wp\/v2\/product_tag?post=5781"}],"curies":[{"name":"wp","href":"https:\/\/api.w.org\/{rel}","templated":true}]}}