{"id":5777,"date":"2023-12-04T00:54:58","date_gmt":"2023-12-04T00:54:58","guid":{"rendered":"https:\/\/tecnomerch.com\/?post_type=product&#038;p=5777"},"modified":"2025-11-02T23:06:03","modified_gmt":"2025-11-02T23:06:03","slug":"audifonos-bluetooth-jbl-vibe-beam-in-ear-con-microfono-begam","status":"publish","type":"product","link":"https:\/\/tecnomerch.com\/index.php\/product\/audifonos-bluetooth-jbl-vibe-beam-in-ear-con-microfono-begam\/","title":{"rendered":"Aud\u00edfonos Bluetooth JBL Vibe Beam in-ear con Micr\u00f3fono Begam"},"content":{"rendered":"<div class=\"pt32 pb32 col-lg-3\">\n<p class=\"lead\"><img decoding=\"async\" class=\"d-block mx-auto\" title=\"\" src=\"data:image\/png;base64,iVBORw0KGgoAAAANSUhEUgAAADcAAAA3CAMAAACfBSJ0AAACT1BMVEUAAADvSiXvSiXvSiXvSiXvSiXvSiXvSiXvSiXvSiXvSiXvSiXvSiXvSiXvSiXvSiXvSiXvSiXvSiXvSiXvSiXvSiXvSiXvSiXvSiXvSiXvSiXvSiXvSiXvSiXvSiXvSiXvSybvTCbvTCfvRyLuRB\/uQx\/vRiLvSSTvSibvRR\/vRR7vSiPyYTX0e1T0fVXyZjrwUCbuRB7vRB7vSCTzbEf5rY\/97ef\/\/\/\/+9fH5uZ\/zbUbvSSLvTSf2kGrzcEzwUSf4p4j\/\/\/3+7N\/7zb\/5wbb6wrf7zL7959n5spfwVC3uPxjxYD\/5s5rvRhvvSyfxWC\/7yLP+9Oz2lnnyYzvvRBjtNw\/tOBDvQhfxXzX2knP+6N3808DxUyrxXDv5s5nvSB7vSifvSiD6u6H82cryZz7uQBnuRCDvTCnvTyrvTiruRiLuPxbxYDn81MH6wKjxYT7vRh\/vSSXvTSjuQRn1imv94tXxXTHuQh3vTSnxWTL4rI75tJvvRiHzcUz1imfvSCLwVS782sn0e1buQx3vTCjvTinuPhnzc07\/9\/H++PT5tZv949r\/9+\/yZTruRSHuQxzzdlL7xKzuQRj6wa7uQRr96+n\/9ezzb0fvSCH1gV3wUy3vSCP3nnz2kHTuQh71hWD\/+fT96ebzbUTuQBv1hWP\/+vH2jmrvRyD5tJjzdFPuQBryaD3+8+796uf\/9e3zbUXwTyvuPRf3lnn2lXL\/\/vjzcU7uQRzvRyPyYzf+8u3uPhj2k3X2k3D\/+fX5r5LxYD3uPhfxYkHwUi74o4HybUhrTMPgAAAAH3RSTlMAAAEFGz9upNLz\/gIJUIzaDXPE\/P0DWPoiq1fkeft8HGV8qgAAAvxJREFUSMetlvdf00AUwHPpDt0NpUsuppQWcOE6t+IeiHsroIiAE0QtTlRw74V77733Hn+Yl5QmbUlSvI+vP\/Tzufe+eevGo6gUAYDWAQD0BqPJbIEM\/lnMJqNBj9d0NACUomAlyAHAarM7YLo47DarqFNCE5TT5caGHg\/LdDIM6\/HgP7fLmSAVsFwAvGYI2Tw2w5+4YvaKFqBLjLnA58ff9zCwq4irfp8IgjSMpkEgCFklKBkwDAYEsxQQh06DEIQ9oJZgbQjQOTInesvH5YDagvX5okc5SowxLMwmOA0MdkYqliQEGSYrBgWjULKqAhbA3+oGJloFBFDgcoAvmDU3OcegDxOJ1vmzVDK9qn6xiRj2djPIZKhewSENnGbYnZpItYFmJ6ApHXBlYlxPntMEXUBHAas7rSgcB8MFkcIoJ6JKvAe6rTg\/W+qu5GJFxSW9evfp26+0CPIw2j+s4I+FNszZYZ60xA8oHjhoMMIyZOiw4YXciJGjSru6zIN2QOkdcjW5wtFjytDYceMnTJyE0OQpU6eh8ukVChV16CmDnB0XnjETzZo9Z+68+QsWLlqMlixdhiqrqsWcMzI0UEaJ42LLV6CalbWr6uob6lavWbsOrd+AygWuqLEpgzNSJinMjc2b0OYt8RZezLQhvrUGbUPbq6q5HTt3tQoeeTlQEyU1nQvv3oP2trUnlfv2Hzh4CB2uquZrjxw9dpyHsXhUbj1lSdpVnDiJTpVE5VRaTp9BInf2XMf5CM9duHjpclJnoSSzWOMVdLW5Xc6Cv3b9hhAn33yz41ak\/vadu\/fapK9Scs\/vP0APH6VwXPjxkwT39NnzyIuXr9DreDJFRvaHuTdv3\/Ep3PsPH1O4T5\/LvsT\/oz+l\/L6q50daT83+IfX+ae6Xb+r7RXN\/flffn6TnQev8\/fiJKtXOn9Z5b\/r1+0+BynnXvl+K1e8XwvuM9P4kva9J3wfS94j0\/SN\/bwnfd9J5gnh+IZ6XiOcz0nmQeP4kn3eJ5+t\/nOf\/AlujnSGfE3GlAAAAAElFTkSuQmCC\" data-filename=\"Ambient-Aware.png\" data-original-title=\"\" aria-describedby=\"tooltip668875\" \/><\/p>\n<div>\u00a0Estate atento a tu<br \/>\nentorno<\/p>\n<div>Ve acualquier parte y escucha todo con la tecnolog\u00eda Smart Ambient. Cuando necesites hacer una pausa para un chat r\u00e1pido, TalkThru te permite escucharte al instante a ti mismo y a quienes te rodean sin quitarte los auriculares. O usa Ambient Aware para mantener la m\u00fasica en reproducci\u00f3n mientras te mantienes al tanto de lo que te rodea.<\/div>\n<\/div>\n<\/div>\n<div class=\"pt32 pb32 col-lg-3\">\n<p class=\"lead\"><img decoding=\"async\" class=\"d-block mx-auto\" src=\"data:image\/png;base64,iVBORw0KGgoAAAANSUhEUgAAADcAAAA3CAYAAACo29JGAAAMF0lEQVRo3rWae5AU1RWHv3u7p2dmd3YHVhYBIz54BBARrCigGI0PohGoqJhSY5IyUSOKxqQUNY8y8RFjCk00pUaJmqdiLAuTGI0kVAUxMYZILKOIiIogKK4i+5idnZ7uvvnj9t3p6Z3deex6qrp2p2\/36fM759xzzz3nCkaAOhZNi\/4U4WVIxf6K2LPR58wztD+xZdhyiUZeioGJ81KDvBb\/lqqHRyNg6wYXAyaJaRxoA8YDU4AZwERgf6A58s080AFsB7aG1zvhvahsAggaBVgXuBgwG\/DC\/5PAPOBEYD5wBNAKpGpgWwBywGbgWeAZYAPQE\/mObxRYD8Cq4Cq4oEBbzAcywCLgS8DRwJgKLBQR7VfgE6dO4L\/AQ8Aa4AMGcddqQO2a1aBJhoL6wGLgSrS1okDiAARgDcEz\/k4WOCG8LgR+AqyOfb8mGtJyEatFrdUG3Bx+2KY050Q1fjVSJX6rgW8B74aKCqjBTQcVpkLgCIDZwP3AkeF9PxwbCVCVQAaUrL4tVOh6YoFsMIADhBpkjingNGAVcED40ZGyVC0gVQioCFwA\/C4mG5VAyiGYGldUwFLgtxFgH5e1hpIjABKhHJfExivSUOAMw9OAe9Fzza\/yzsdJZs4D3AV8nVgwinudHGTQMJqNdkUDbKioV0U0CZYF0mIYRjfBRAIrgc9TCj4DqP9mLDKqENBf0cHDMKyfhP6E6suD74GQiHRagwxqjupxMvJsBZYAr1Fh\/skYMCIgbh4RYIU+VD5H4tBpOPNPJnHEXAgCVK67H3gDZKbMVOAGtEUHWDC+iJuUajE67EI1HxIi1FdsLRYS5fZhT55JZtn3SEybjfJ9hG0TfPg+uV+upLDucXCSIQ9VG9\/IE+HfpehMZjXl87IMnAyBZdCZh8npBp9nQoDv679RK0iJKhSwpx9J9sZfIJ0UfU8\/ivfmFmT7eJLHnUrLituRY8aRX303JNMDeQc+CBOUKwIUobw2cAWwFtgbsWoZOMNhETqlMmvL4OQVEakmVOCHIGX\/fdmSpeXS6xGWxb6rz8Hd+Aw4DrgF8o\/eS+t1d9D81RUUN2+i+NK\/EOnmcEVTIBQikUS5LqhAB6PKZDxtPnAGOsEo6Tgy3xQ6u\/9S5HdllxQC3ALOnAVkb3uE5LyTUPkcKtcFbh\/KdbEPnY49ZSa5VbdSfPE55P4TkKPGYI2fSNC5l55VP0L1dJI8cQkECtwCqqcTVchjjRlP6w3303TOMi2GGtQ1jccBLEfvQgJAdCya1j9gQMxDZ\/fRewOBFV3khINoWXE7IpPF3\/kmIt1M8wUrcI47FTwX68BJ2oivvgAJR6vK91BuAdHcgr\/rLbytL2NPnAyeq+fm5TditY\/H37eXoOsjms7\/BskTFqPcwlDBxyQas9HJ9gDUhk5Eb1uGtJoq9JE+\/TxES5aeO76Nu2kD6c9\/habzL8caNxGCAJFKazC+H2pelZSjFHguyi8iLFt7YkuW9BkXkLniJtS+Dnru\/C7e9q2kTj8XmR0NnldLdL0oapjojG0LfbcKCZTn4Ry5AG\/7axQ3PYt14CSSx51O8aXn6XvqEXBSYUAQQydHQqJ8H9k6isI\/15L\/469x5p5IYuosgo7duM+vwzrgUGRbe7hGVgU3D71lCoiEI9ClgSOqg9NvqCAoRUnbQaSaCD7qIOjeh5C1LIuqdEkL+noJ3tuphzJZvWxYlrZy7Wt9G6X9ZZkUU9ClgapCCcvG3bQB+5BpOEd\/hmD323hvbsaZexLOrLnV5ki5nqSFyvdgHTyV1Onnobr24W15EXvCwSSPPRX\/7a0Ee\/eAbQ8VWEytJQUcVQncdEo1j8ElUwqRTNP3p9+hujtpvuBqREuW3tX3UNy0QeePDBndBlIQIFJN+Du20f2z7xF07iV99sXI8RPJP\/EQQdc+sOxqUdMMHmh+25GbB0UeGhIciQT+nnfo\/MHFJKbOQiQcvDdeoeuGZdrFEsma80YV+IhkmmDPLrpuvBTlecjmVor\/+zf+zjdw\/7kWkUxWAxalsUAayEcX8f2NHqmW\/SuFSKUpvryR4kvPIxIOMtOKSGdQuS6U50YeHkxP0b2uAiGRo8cQ5HPgFij842lQAcJJ1eri5qFR6OmVN2uEoFRXrI2UQjgpRKoZVXSxZx5Fy3V3YE86DIpF7UagLVhJ6yrQ7igtlFdEtI6m5erbSJ1yll4LkylEqmmo7GQwyoTXMDeeRuggQLZkSUyfgxz3CZTvEXR+qF20uSXUqVFsuM41tyBbsii3gOrtQY5qw54+B2vsBA3c8K\/dHQ054VVWLmhw\/6HAsvDf2Q6BQrZPAN\/H3\/46AKmTz9S+UciHC3hA0LkXZ84x2NPnUHx5I8otIEe3I5IpvG0vD2crBOCGV5nl8o1yE5aNt3MbfsdunCPmI9vH4731Kn1\/fpj0oi+SPne5djHfBwTJYxfSctVK\/Pd20vf0o8imFpwjFwDgvT5scDmgF0q7AgXsMbLWZzgFlo3KdVFY9zhNX74SZ\/YxFNb\/idzqu5Dt48hcdC3pzy6l+OomrP0PJDF7PsEH79F9+zX4b7+ONXUWqcXn4z73N\/z3dyMSybpXE0pvdAHdxnIGzI7wb\/3zUOpUKr\/29\/jv7iCz\/AdYhx5G8PZWum\/9Jj13XU+w7wOcT30akR1NfvXddK44D\/e5dcj28WQuuhbhpMj\/4Veovt7G1soSdaD7DJboWDTNbO6+APwave0Zeq2rCNBC9XTizD+F7E0P4L+7g+7brqb4wrM6+mVaEU4SfI8g16N3AlNn0fy1a0guOJXc\/bfS++h9OvSrhmorphxyG3AVkLBWTB1jEucEcA7QFD5ct3sKJ4m\/fSv+W1tIHv85UguXYh1wCKBQPV0IFSAsG3vSDJrO\/CqZy75PYsrh5H77U\/JrHkAI2eh8MxtrF7gPeAmQomPRNANuLPAYsKAhyxkSAtXXiz1pBumzLiQ572REphXV04n\/\/m7kqP2QbWNRbgFvy4vk1zxI4fl1OtmWViOh34AT6Lgxk7AzJMKduAF4C3DtsMCFACm6ICX2pBnYk2diT5tNauFS3I3rKW78O96ut\/BeeYEgn9PuOnitpB5wfwUWhlYM4tWvZ4Bl6D1R4wCV0vklCu\/1V3D\/sx7n8LmkFi6l76nV9D35ECK7H8JJ6k1t0N+0GS6tioDtj4yG8wZ04y96r34SMkwdJSLdhMy2IdLhVE44iNY2ZKY1jIo0kmKVqRL9tR3Ak9EBGemMCHQIfSjyuzGAhTwq143KdRP0dBF0dxL05kpj3fsIujtRPfoZ1ZtrdK5BqU65Er2AC0C1P7GlrLRnwKxBF2SPppH+gAqwJx+GaB2l3U1IVCGPfdAUAOxJM3COPgHRlCkb97dvRRXdeqOlj05ENqODYZlRBJSV000d8BzgYSMutcw9IbSwts2oW36DPeVwlMknw3FhJ1C+V9rrKQUJh+DDPXTdfBnetlf13q22vWD0XMsl6E6UZSwZt5zRhECXppcA59YMTqn+CnTvw3cjR4\/RQAw4pbTQUpbdE5aF6usl6HivVDOp0UfQMeMv6OQDYtWWobo849ABZjL1NEOUAq+IigkpIpwHiq8QtlNPYDEK34luY20idhig\/Ykt5RaJ9ecC4Hj02pGgnvlnomU9VHs7yyjaRbvjg0TmWbR1XKaqyIApNaxH96Ch1PirQa96l13XVTswo7aVIbBBSVZhJNHN9WWR3w13DIdJZo4J4B7g+giGiqcaZBVmZnr8HLgUvU8yAEckpagRlLGYC\/wQ3bLyqKLsWs6hRI8mLQF+DHwyvGf6Yx8XRc+57ERby7hiP7Caz6HUANC0as+m1LCUjOwpB0VpgQYd7r+Djoo1AasKLgbQPG98\/wto9zDNE1Uv7xiYSu9uBu5Er2P5mJJH\/GCbWV8C9EK\/Ft3RXI7uj0UpOi\/FILzMWNzqO9DR8DFgd3iv7mBWs3YrWDDaXE+hG38XodtIbdR21tKQC3yE3kGvQmf3YaZdfpANaj9zORInZaFco1l0G+kodFNiLLrEnUEXS91Q8C50MWcX8CJ6Xn0Qk21YJ2WHG+nMh6OF3U70zmJNeC+Nrt1HwfWil5WeGL\/+NYuBx4vrphE5nDaIyxpBvSFetSLP9R\/1hZE5nf5\/7pipZuu\/QYYAAAAASUVORK5CYII=\" data-filename=\"icon_JBL_Works_with_Voice_Control.png\" \/><\/p>\n<div>\u00a0Llamadas manos libres<br \/>\ncon VoiceAware<\/p>\n<div>Cuando realizas llamadas est\u00e9reo manos libres sobre la marcha, VoiceAware te permite equilibrar la cantidad de tu propia voz que escuchas mientras hablas con los dem\u00e1s.<\/div>\n<\/div>\n<\/div>\n<div class=\"pt32 pb32 col-lg-3\">\n<p class=\"lead\"><img decoding=\"async\" class=\"d-block mx-auto\" title=\"\" src=\"data:image\/png;base64,iVBORw0KGgoAAAANSUhEUgAAADcAAAA3CAYAAACo29JGAAAMTUlEQVRo3s2aaZBdRRWAv77LW2bmzQwMQUhkSYIRDASNcaBUMFgRgkAgKWNRSsBiEYIYYkQ0UkYkQAgGFXEpgkph6Q9FETVVsgQECmQLOwkxK0kmGSZDSObty73d\/ujb8+68vJm3zKCeqluv3r19+56vT3ef06dbMAbSf+7x4b8iuABUxW9lOSrKDik3bs3GUeklmnmpAqaynuFA7OBXAf4w5SphRwXaMFwFmMXBLX4kMAGYCnwYOBY4HHBC3\/OAfUAPsCG4dgVXZf2yWcCG4EJgxhJe8L8T+AxwOnAa8CGgFXDrqLYE5IEdwJPA08ATwDvBcztoPNkoYE24Kl0w3JpHAHOBi4CPAi1VqpAM31XD4zMM+zrwF+APwJYQpB8uWAu0UTjzATsAuhb4WOh5JUQ9PWOkd7YAvwRWA+lGAUf8eEU3tIKKJwGr0BYzyqng+ViJ6RmmzieBbwEvUmXCGQ5wWLgKMFPZbOAXwETK48Cq1UhjBLkf+CZwb0ivEQEPUqqKzzIVXA7ciR5Xkurj5f2Qyp6xDFheD+BIXSms+NXA3SGw99Na1fQIT2I3AbeHwIdlqAWnArCfhT4wlmOrETHfV+jxd1twf9APVs7sQxQNPbSDly4AfhyANg9mOyDGxNAmaAD4NrA4pO9BMvjFEJhpoROBR9G+rHkwpVDpJCLeAm4ElGqqmspaA91zwPmBng5BUGHGnlUBZiwUB+4YNRggbIfYWfOxDh+PKuRB1KhKiHoaIKznKnTI51XyVH7J\/L8UOJPyrFgHhRiquG2jsmmin5tHYumdxOdeikCBksN3USHAK2k4KWt90fjdacB1wb0h+lpVCk8Evl7RSrVFSpRXDGqyoFDAPvJo4nMuBiD22fNxps5A5bPVrScEKpcl8qnZtC1chnVIF0i\/1lg1Dy8Buiv1tUJd0jTVF9HRfP3dUUpESxvOByeFFE0T\/eSZ2EcfR\/b+1WDZRGeeB44zVGkhdPl8juhps2lf+hOcaaeAsOv5spkfutB+eJCj\/9zjB5U3tBMCuAZF0TL\/CtpvXI37kY+jsmlEogPn5FOQ+\/vJ3ruK4gv\/xD3xE1gtCfC9MhgB2Olnk\/j2j\/F3bSN16yLk3t16lq1v\/IGOnk4O36u0zBmUA+HaVhMCVSrintRNbM4l2OOPIT7vUkRbO1gO9rgJqEwKq+sDKCmx2joQ8VY9nozFchmip3+exLfuwO\/dRWrFIrytGyAaq3dmNf74KPQ8McSsBA9dYCYVIU2teoVtE\/\/ilajUAfL\/+AOR7jOIdH8WlTpA8blHsT84iUN+9QixWXMpvvI0KnkAHFdbLJUkNvNcEt\/5CbJvtwbbthHR0tqsy5gNHBLoLxzK\/XZ8YLn6xHZQyfeIzjyPyPTTyP7+p2T\/dA\/utG5a5l1G8V+PkHvwPmT\/O1hHTULu3UPx2UdRvgeuixrYT3TWPBI33IXfs53k8oV4OzaXLducTAeOQQfZwgk9mIL2F3UYTID0EbFWomecD4Uc+YfvR77bR\/6h+2m97HrcaadSfPEJcg\/\/EUolsG1ErAUcF5U8QPRz82j\/7l34e3YysOxS\/J7tiHibnmyal1bg48CrMHRcTQdiRv1acCqbwTl2CtFPnUV+7QP4fbsRsTjF59Yi39tL7Kz54HuI1nZE+yF6HNo2KpMiOmuuBuvdRfK7F+Pv2oZoGRWYceoucEpwT4VjteNDhWqLkjjHTQXLIv\/438ArYbV14G1+g9K\/X8edOgOrswtKRf0JX6JyGWKzLtBgPdtJLl2A17MN0doO\/qgsRohjorkRttyEikLDi5TgujhTZyCT+\/H7dg0Gx8r38Te\/gYi34Ew8HlUs6G5cyBGbNY\/E9T\/C276Rge9fjrd7OyLRWXYNYyPtQEfYcjGqJ3eGaSMFwsLq7ELt70dl0joqEQIE+Pv6QAhtESWhkCc6ay5tS27H2\/oWqZu\/hr\/tLYTtoHKZoXUHLmIUkkA79UHLxYFo3a8LAb6P\/04P9jFTcCZMROWzyNQAwnZxppwEtoPc3z8IlrhuFf72jaRWLsbbsQnnhI8RO\/ci7MPH6xkUdFgmJUjVDKB5oQVoA71MaFws3SaFxx8kPmcBHbfeR\/7JNah0EmfyCUS6z6Dw9MMUX32W+JwFJL75Q7ytG0jedi3+25uwOrtILF6BM2UapZdmcWDpxXoWLWSxojGUL1FFDxGJNuPvbCAShmusmaRExOJ4W9Yz8J2LiF+4kPjs+eBGkQf2kfvTajK\/u4v45y8MLPZvksuvRvb1DPoxEQk6SiSKsCxUPoszeSptV92AKhRI\/\/ImZF+PdviNAfro3OcgXAYoNASoFFgWxdeeo7ThZb0YFRb4PvLdXmJnX6hjxR2bGVh2Gf6urRCJ6XGWz5FcfrX2heuehEgU0gO4J87APfmTALjPPUb+wXsR7YfWO+GYFsgCSQMnArBso\/YHEJEYSB+VToICVcgRm7OAxJLbNdgNX8Hv6yFy6iysrg9QeukpZHoAf89OvJ1bwbK0Fd0opfXrKL3yDKpUovT684hoSzO+Lw0cCFsOoNfo25gFZTBTWlDMa7DFK\/C2rCf5gyvxe7bhnPgJ2m+4C5HoJHP3zeT+\/GuItyAsC6u9A1Uqgu\/jbdvIwPKFCAUyl0FEY42EYsZyqQBOhFN0b9FM5jhIC6hinujZF5JYvILShpdJ3nQV\/t7dOjLxSshsJtBABKv0DO60U2i\/5T7arlmOOHQcwrKgWESmB3RvKDY0UozeWw1o2HLr0LstccoJmFpkWuFCnvg5X6Lt2lsorV9H6vYlOhyLt2qXsfttUisXY3UdQem1ZyEaRyX3EOmeiTPpBJxJJ5Bf+wDFnm2IRCfRGafjnNRNfu2DyN4d9SSWjFE84AWjXBhuC3rbaCJ1iXbYKpsmft6CAOwlUiuXIPfqODMcUpXeXAdK6fuWjWhrp\/DEGqzDjkT29+JtfhPcKFZHF63XLMeecCz2EUeTuuP68vqvtqSAl8wfh3Is2QM8Rnm5XhsskyI+JwB76xVSty3C39urAYaMFYFwI6hcJkjztSKicbzNb5C6NUjX2DYiEtU5lmIeAJk6gPI9hBupr73hFeBtY82wn\/PQuymXUXNVoLti7PxLaFt0M96m17Uf29d3MFiQ0bLHH0Pr1TeCVyL9s2XId\/vAiegJyfeD6MRDZVIM3PhVrCOOwt+6AWGbCb0uX\/cwwVouDGfkqYB+OiMliKQE2yHykel4G19l4KaFyP49iNZE9ejeKxGZ8Rki0z+tu8vkqRT6diNsGxyXli9cgTXuSHIP\/AZ\/z9vI\/l783p0INxpEQzXHm0BvOa8NP3BCBQB2An8N4EawnEAIQfruW0B6yHRSr8eGW7bYLqU31wXjTuLt2IRwHPA87GOn0HLJEt1m2TSZe1YgojGEYyaRmhYzcA8BL4d5BAxmaE26YTKwBr2+M7uoVQHxSroK163tj7wSItGJ8kqQz+qwyvewOg+j7bpV2IeOI\/PbH1F85lGI1J12N71rH3AO8LzhGLdm4xBXYApuRW8w\/pTyxsPBY1CpwURPXY7WjSCT+xHC0o2hFFg2cn8\/qZXfwGptw+\/dpfOa9ceSpuB9AdiQwWkNU3g1euYceSSrID1elxpKh2qVPitINPl7doBtN7LUkehetR69X0BVuNCOpHGGBeBraHMPOQsyKlGyemM4roZuoCbK6f9F6NDRbLsNypBmqtif84HzgL+FWup\/tfEYlvCW9dfRG6ODpxzCW8dDlA09MBPJ39EWNGXHxoJjA3ZbACaoOL5RFa5KRRZ6crn+\/wDQdEWBPniwNLg\/2Psa2fAPO5kfAteg13zhven\/FpSxmARuobxdPGJj13sOxYBcAKxEZ6dBh2zN5WHqE5+ytd5BH9O4pxKs4UM2VQBNK04BfgDMpzyQzXGKsRJzbNE03CPA9ygvZ2qCmULDSoWLMM58E\/Dl4HoqAAwfTawrZqoCoyq+46B92FXoTf0XKE8mdY37Zk7thbtpB3A2+oDbqVUUlqF3qgGZZ5WNvB74OTrO3RMyxBCoUZ\/aGwYyfNANdJ6wG7gCfebyMILEaJ2SA95DLzTvRp+3NAkr45xrHmRrGm4EyMpuEgE+jd5tmQwcGlytoXcywEAAtAOd4vgnOnNlxFiz6ZOyo53pwuPLgBaBx4PLSEcFXBqdW6wcm+HF26j96ZgdTqtyNtO0vMfwE4w5JixpsuuNJP8BCNLmERZYKC0AAAAASUVORK5CYII=\" data-filename=\"icon_JBL_IP67_Waterproof_&amp;_Dustproof.png\" data-original-title=\"\" aria-describedby=\"tooltip304626\" \/><\/p>\n<div><span>\u00a0Resistente al agua y al polvo<\/span><\/p>\n<div>Desde la playa hasta el sendero para bicicletas, los auriculares con certificaci\u00f3n IP54 y el estuche de carga IPX2 son resistentes al agua y al polvo para disfrutar\u00a0de experiencias durante todo el d\u00eda.<\/div>\n<\/div>\n<\/div>\n<div class=\"pt32 pb32 col-lg-3\">\n<p class=\"lead\"><img decoding=\"async\" class=\"d-block mx-auto\" src=\"data:image\/png;base64,iVBORw0KGgoAAAANSUhEUgAAADcAAAA3CAYAAACo29JGAAANgUlEQVRo3tWae7BdVX3HP7+1H+dxH+EmkHdC3kgkUJKAFjBjQSUUhxkiOpXGYK3YUkfHapmJZSzWYhVEKR2LQ9XyFOzwsBZTCIGGDAhiqNEaxZhoTCCQ5CY3N8l9nMfea\/WPtdY5+5x77rn38ir+Zvacfdbee63fd\/0e67fW7ydMkI5cvDj7NwQMkLr\/JwAzgLOBM4FTgZPcb969K8ARYK+7fgr8L\/Bz4GXgWKZvgMQP1rNh54R4lVcAyH+nMqDOBi4G3gGsAoKJThpQArYAm4HHgedcewBoNzE1Gg\/QMcE1AVNuIE\/vBf4COBfocW1ekirTf6txTObXNE3IIeBJ4DbgoUwfkh1\/LIBqAjMbZjp+G7AJ+J4D2ANUqUsyzIAbbQL9M+WA+UmpACcCl7r+NwLL3HNNXV3HpJYDt1DDEKv7k4DPAZ\/OfJs4BicyUWORbgJSBb4IXI9VX89PjVpJcQS4NsBWArcAZ2UYaCeZ14K8yvqJexL4K2A7Vtpp9uVmgO1mWzLAPgA85oAlmW9fT2CeB89jFeuwNgLvccCCdjy0A6cckA8C92JVssoEdP41psjxMxP4gePLAxx1ZoAR6uhF\/kHgbupuf3wuXsRe\/n40Msb5TGPvx0eeDw38KfBdmlTUq2fYAphXxUuAuxywZlfdGhCA1pAkmCQBndrL6BbvKwhCUAoJQggCUKoOenTynlVhl4o9wDO0sEFpAueBnYa1sWnjklgQQLkMJoU4Tzh\/LuHSM1AzF6LmnoZ0TrYMi9QYN0cPovduJ933G5Kf\/4T0pQNQLYGEkMtBmjIGeb52Au\/CRjs1gD0bdjbYj7exAtYrTsPaWNR2CBVgBo4RTJ9OfN75xBetRc1dVpdCO1p5vgVaKaF3\/ZjK5u9TfXoL6f6XkY5uK\/X2EqwCi4GbgPc5YOIki2Sk5hs\/C\/zjmMBErNZXB4nfeSH5D\/01as5pOG7Ru7eTvrQXfXQQ0\/cSpv9ATXJqzlIkl0dN6UHNPBk1e2mtW\/3Cdkp33UTliY0QdTijGFVN\/cIeAB8G7iATRXlwHtgy4EdAse2Mi7huK+Qvv5L82r+1Ix3aQ2Xz\/STbtpK+uAt9cD\/m+ACoyNqXi5tNpYQEguqZhDppJmrGPKKzziFevQ5yXQCU7v4ipXu+BSp23LUFKMA+7FL1sscTrF8yxaukceJdTn2BHgWcgrRM4YqryF\/+WQCqj9\/F0D9fQ2XzI6Qv7IFSAlER6ZyEFItIroDk3dXZjRS7IFXo\/qOke3aR\/PRZqj\/aSDCpE3XyUsLTVyFhlWTb06Darj4+3pzk\/j\/q8QTrl0zxYjzbqWOc+WgkKYUZHCB3wbso\/OUNgFB56BsM3Xwdpv8oxEUkzoNyY2p3mczl2wQkDJFcHgjQhw5RfepRxBwnPGMV4Wnnog\/8muRXv0Si9qbv+D0FuyYfBSRYv2SKD4j\/Hng79Yi+tTomKcH0EylefTPSNYXqo3cydPMXIIghih2Aca9Zbq2z70sUgQRUtz6FKgaEb\/1Dwrf8AcmPH8b0D1ivPDqwFOhw9xuBSGEdxwLgj8ZkRAWY0gD591+JmrGIdMdzDP3LddYugsBK49WQ1qBACl2U7r6F9FfPIpNnk7vkw5jyIKhxxRCrgE6g6iV0ngOYMNqaJgKVCsGcWYRnrgKg\/MDX0QNDEMevHlgNoIEwQA+UKD9wCwDhincSzJkNlUq7iMeb13JgtW8Au9mEpt1uIziFqZQJZs1HTZ+N6e+l+twzSKEIacJrSmmKFIpUnnkS3fsiavZCggWnYsrD7dZPr5pgzQsFzMJG29AuElEClRIydQFEXaQ7t2IGK68tqAYykBjSXzwFREjPbKiW28eqdWGtBHoUMB17gDO6IwkC647jADV1qp3c3dudP329dj22X71\/t2VhxnSkkAcJ2knPPzgLmBpiw5dR+rfRvRkchPIwUghRPSfYeT1yyMWL2HWvNuGm\/q33hK2Y8TZaC5Z1o1G4hVsfOmD\/dnZAWsIc2g\/FLiSXaxWeCdZvFIHpIbCkYaqywJIUdIVo+QqCxSsx+3+BKZUsb737AQNaYyoVt2c2SBQ6+6zY+zDEDA83Lg8qQOIYjHHPQOKoxSQYzNE+e1caJnfpOognk\/xkE8muXUiuw5pL49LjcSwLgZNbqkSaIsWYwhWfIX7P5ZCfRLLlHvQxd6wYBphUE5zYTbBoEaICiHOke3ZjykOEp7yVdO8L6H17ic55OxLGNeb10T6S7duRfJ7ozLOQKCL59Q70kWPWBLLMeq0oDZJb83HUzIWYw+uoPH4fw3d+A7Q026H\/syDEnjQ1Sk4AUjo+9QXCd1xWUyOTJsjkqfWXRNn4cu3fECxeAckAg\/\/wcSQWiutvo\/zgtyh950sUP\/1PSMcJ6CO9SKEDKXZQuv1Gyhtup\/DJG1Cd3Qx+\/s9IDx5GwrAJnBP2STPsWgfIlLnkPvAZJF9k6JYvQ5RvFThMUsCchqYgwBw\/Tu6P11hgxtmHUkgQIH6WjEHCgPRAH9Wn\/gtQpL\/dSfV\/foh0ujAvzIPWSPc09OH9HPvIKsr3fA1UnuicC1EndEJQhHx3Gyfhxit0ILmCvXdLT3zJVcSrzscMtVwiksYWEdAG6cwRX7jWgUhHH1hrJF+k8th\/YI4foPLEg+iDhyF0K4rfgesE0gQJFLr3RfcotfbinjFWxJbdzaug5kzi934EUQktvLYoYDALzpTLhAsWoqacWAc86oAGAkXa28\/wrddQ3fwQ0tXdYhdtjd6UhuseLkkxQ0OW0XGtJk0vOb7UtNkE8+Zbp9YoBFHALs8qIlAto2YtRnqmte60eYA0JZw9k9xFVxC\/+31QKTUuDSKYpIJMmUHxk9eSu+wqzMBhhv\/1WkwaImLGllo7yHGMdHS1OpZIQ6BvxBc6ra9hbXsWTLVKsPgUgqUr0b0vQayamBUwGglipGc+MnkO6ATJdyJKRg4zvkOiRvm01q69CvhdTXLGQBihD+3DHD9Sax6VtEbyBSr\/vYnjV17A0E2fAx3RkCsxGokL6AO7Gbj6Ukr\/9nmkexqFj16DRAZMxpVrgxkcwAwOjDsQN5USZnggq5Ke4V+G2NxYDZzk8qS7nkcfPkgwaXp7CSqBaoXw9NOJz1+D7t1H6f7bGfGB0RBEqJnzakyYJLG7CaPr9jO5m8K6T4BOKP3nPaS7fze6zTu+TN9h0t2\/RXK1AyX\/wR4FvIBNGYUYY1AKfaxEdcv3xhQcIpg0JZg5m\/jiPyc69yIoD9qtCdlxrGqagQF7BOg79sd9OrWRikqJV3+IePVaVHeX262Pkv1ydl15+A5M4k9J0Nj48nngoAJ6qSf6NDpFOrooPXg7ybZNjZtQYzA1W3COQBT6eL+F0DmZcNESglN9rsQZuU4hiAjmzkLNXWjfjXJWakkCUQfByYuIlp8HUQEzNJixOVOXVK3NqnL1iX+nvPH7SLHoefS6vBV4OQSOY7OZq\/HHZGIgDRn66noKH+snWvV++0kYIZE7YlGBs6c8yc9+RmXTncTvXkfH9Q8g3VMxfXupPHYvMmkKiEFNm0fnl+5DemYAUH32EcxgFSnmASh84iv2mAKxQbHfdbtfiSL33E5a5eHbGP7mjRDkss7H3zwLaH+0dw7wMNCNPyoTgWoVFEQr3kZ4+nLM4f32AHbJGVQefZDkN3sgDK0bVkKw6C2EC+aj+\/tIduzAHO6FfBE1eSqEMQSRXbCrw+i+g6A16qSZFkDgwi6dgkkxfb2Y4WHCRfOIL1xD8vw2gvmngk6oPr2FZOcOezpdD5y9Sh50gtomRy5e7LfnjwEXYLcM9ixNKUg1plpGlDhp2Z0AYVhfz0Rs7Fmt1ByEqBCiKNNu6s5DAncYJJhK2THXqHISxW7b5FRXuRSB1hiMVWtp2BF4vh8ALsNyWMuY3OfA1U9P\/fFbLl\/Xe4CwaZvhHEPtvbHaM321fJYdSxTEuYaxZYQNYhzfKfbUGcD40y8BbqW+LIwcqBlMu\/davT+RZ839t3q\/NT2BLRBQQOpXPu9vv5KZid8n8vxen\/3vwXkXejewgXrG5\/eBfMHBHdgKixq4bH7OO5YzscUuXdQ90JuVfI5uH\/Y470WPo2fDzgbGfSpoG3B1ZgberCrqs6sG+JQDlq2VGSEVL6lbga\/TIhX7JiKfifoycD8tTKlVwt\/n6kJsTvxPmEiy\/40hz8+9wOVNfNcS\/g1RaQuAAdbJeIBvRO1JO\/IFbgG2imEtTanibKFNg1pmHvgOUteBL4fws\/b\/Qd4rBsC3gXXUJ3wEsBHgmsiLPnUd3eDafaL9jSRf3JMAfwd81LU1VxE20HgK22oiB9YANwLzaUwtvx6q2lz3tR3rxR\/JjFfz5OMqbGsD0OeeZwDXYussPXlVfbU26asToG4GCTZyugm79xxXxV5bcKOAzHa8DLgGW2nkTkvR1BOYkrnagfFXSj0fD\/bI8QfAdVipNY8\/ZjHpKykDbtbzlcDHsBHCshbMe2\/WClhz1V2KrXn+IdZp+EB+wlWy4wbXAmCrAX3h9gpsfmwJ1jbHktxubInTM+7aii3w9hM5IkoabyH3K7KPFpJs9qBd2NLgbmzF+inYaiRfEFMFdgD92Gr0I9jjDk8xVv0mJKlm+j+n\/HCXorStrQAAAABJRU5ErkJggg==\" data-filename=\"My JBL Headphones.png\" \/><\/p>\n<div><span>\u00a0Compatible con la\u00a0aplicaci\u00f3n JBL\u00a0headphones<\/span><\/p>\n<div>\nEscucha todo el d\u00eda a tu manera. A\u00f1ade tu sonido preferido con la aplicaci\u00f3n especifica y transforma el JBL Vibe Beam en tu compa\u00f1ero de audio ideal.<\/div>\n<\/div>\n<\/div>\n","protected":false},"excerpt":{"rendered":"<p>&#8211; Sonido est\u00e9reo de alta definici\u00f3n<br \/>\n&#8211; Tecnolog\u00eda Smart Ambient<br \/>\n&#8211; Manos libres con VoiceAware<br \/>\n&#8211; Versi\u00f3n BT 5.2<br \/>\n&#8211; Auriculares con protecci\u00f3n IP54<br \/>\n&#8211; Estuche de carga protecci\u00f3n IPX2<br \/>\n&#8211; Resistente al agua<br \/>\n&#8211; Frecuencia din\u00e1mica 20 Hz &#8211; 20 kHz<br \/>\n&#8211; 8 hrs y hasta 32 hrs con estuche de carga<br \/>\n&#8211; Tiempo de carga 2 horas<br \/>\n&#8211; Tiempo de uso m\u00e1ximo 8 horas<br \/>\n&#8211; Micr\u00f3fono integrado<\/p>\n","protected":false},"featured_media":5778,"comment_status":"open","ping_status":"closed","template":"","meta":{"om_disable_all_campaigns":false,"_mi_skip_tracking":false,"site-sidebar-layout":"default","site-content-layout":"default","ast-global-header-display":"","ast-main-header-display":"","ast-hfb-above-header-display":"","ast-hfb-below-header-display":"","ast-hfb-mobile-header-display":"","site-post-title":"","ast-breadcrumbs-content":"","ast-featured-img":"","footer-sml-layout":"","theme-transparent-header-meta":"default","adv-header-id-meta":"","stick-header-meta":"","header-above-stick-meta":"","header-main-stick-meta":"","header-below-stick-meta":""},"product_cat":[69],"product_tag":[],"class_list":["post-5777","product","type-product","status-publish","has-post-thumbnail","hentry","product_cat-audifonos-headsets","desktop-align-left","tablet-align-left","mobile-align-left"],"aioseo_notices":[],"_links":{"self":[{"href":"https:\/\/tecnomerch.com\/index.php\/wp-json\/wp\/v2\/product\/5777","targetHints":{"allow":["GET"]}}],"collection":[{"href":"https:\/\/tecnomerch.com\/index.php\/wp-json\/wp\/v2\/product"}],"about":[{"href":"https:\/\/tecnomerch.com\/index.php\/wp-json\/wp\/v2\/types\/product"}],"replies":[{"embeddable":true,"href":"https:\/\/tecnomerch.com\/index.php\/wp-json\/wp\/v2\/comments?post=5777"}],"version-history":[{"count":2,"href":"https:\/\/tecnomerch.com\/index.php\/wp-json\/wp\/v2\/product\/5777\/revisions"}],"predecessor-version":[{"id":5780,"href":"https:\/\/tecnomerch.com\/index.php\/wp-json\/wp\/v2\/product\/5777\/revisions\/5780"}],"wp:featuredmedia":[{"embeddable":true,"href":"https:\/\/tecnomerch.com\/index.php\/wp-json\/wp\/v2\/media\/5778"}],"wp:attachment":[{"href":"https:\/\/tecnomerch.com\/index.php\/wp-json\/wp\/v2\/media?parent=5777"}],"wp:term":[{"taxonomy":"product_cat","embeddable":true,"href":"https:\/\/tecnomerch.com\/index.php\/wp-json\/wp\/v2\/product_cat?post=5777"},{"taxonomy":"product_tag","embeddable":true,"href":"https:\/\/tecnomerch.com\/index.php\/wp-json\/wp\/v2\/product_tag?post=5777"}],"curies":[{"name":"wp","href":"https:\/\/api.w.org\/{rel}","templated":true}]}}