{"id":5774,"date":"2023-12-04T00:53:49","date_gmt":"2023-12-04T00:53:49","guid":{"rendered":"https:\/\/tecnomerch.com\/?post_type=product&#038;p=5774"},"modified":"2023-12-04T00:53:50","modified_gmt":"2023-12-04T00:53:50","slug":"audifonos-bluetooth-jbl-tune-beam-in-ear-con-microfono-negro","status":"publish","type":"product","link":"https:\/\/tecnomerch.com\/index.php\/product\/audifonos-bluetooth-jbl-tune-beam-in-ear-con-microfono-negro\/","title":{"rendered":"Aud\u00edfonos Bluetooth JBL Tune Beam in-ear con Micr\u00f3fono Negro"},"content":{"rendered":"<section class=\"pt32\">\n<div class=\"container te_max_width_3_blocks\">\n<div class=\"row\">\n<section class=\"col-md-4 px-lg-4 te_menu_flip_box\">\n<div>\n<section class=\"te_service_icon te_menu_flip_box_inner pb48\"><span class=\"te_three_blocks_icon bg-white rounded-circle text-center te_span_icon_block\"><img decoding=\"async\" class=\"img-fluid o_we_custom_image\" src=\"https:\/\/www.mytec.com.gt\/web\/image\/1770636\/icon_JBL_Battery_Generic.png?access_token=2808f47c-09d2-48b2-aa1c-3dfe73389aff\" \/><\/span><\/section>\n<section class=\"text-center pt-4\">\n<section>\n<h4 class=\"te_three_blocks_heading mt-4 mb-4\">Hasta 48 horas de duraci\u00f3n de la bater\u00eda<\/h4>\n<\/section>\n<section class=\"pb48\">\n<p class=\"p-4 pt0 te_three_blocks_content\">Nunca pierdas el ritmo con 48 (12+36) horas de duraci\u00f3n de la bater\u00eda o 10 horas, m\u00e1s 30 horas en el caso de que la cancelaci\u00f3n de ruido est\u00e9 activada.\u00a0\u00bfNecesitas un impulso?\u00a0\u00a0Carga r\u00e1pida por solo 15 minutos para obtener 4 horas de reproducci\u00f3n.<\/p>\n<\/section>\n<\/section>\n<\/div>\n<\/section>\n<section class=\"col-md-4 px-lg-4 te_menu_flip_box mb0\">\n<div>\n<section class=\"te_service_icon te_menu_flip_box_inner pb48\"><span class=\"te_three_blocks_icon bg-white rounded-circle text-center te_span_icon_block\"><img decoding=\"async\" class=\"img-fluid o_we_custom_image\" src=\"https:\/\/www.mytec.com.gt\/web\/image\/1770638\/icon_JBL_Water-proof.png?access_token=cd6cd0ab-f92d-4895-91db-d663639b2743\" \/><\/span><\/section>\n<section class=\"text-center pt-4\">\n<section>\n<h4 class=\"te_three_blocks_heading mt-4 mb-4\">Resistente al agua y al polvo<\/h4>\n<\/section>\n<section class=\"pt32 pb104\">\n<p class=\"p-4 pt0 te_three_blocks_content\">No se deje intimidar por el mal tiempo.\u00a0Gracias a la resistencia al agua IP54 y al polvo, no hay entrenamiento ni aguacero que el Tune Beam no pueda soportar.<\/p>\n<\/section>\n<\/section>\n<\/div>\n<\/section>\n<section class=\"col-md-4 px-lg-4 te_menu_flip_box mb0\">\n<div>\n<section class=\"te_service_icon te_menu_flip_box_inner pb48\"><span class=\"te_three_blocks_icon bg-white rounded-circle text-center te_span_icon_block\"><img decoding=\"async\" class=\"img-fluid o_we_custom_image\" src=\"https:\/\/www.mytec.com.gt\/web\/image\/1770640\/icon_JBL_Comfort_Fit.png?access_token=86d96627-2ec7-4f93-8a01-f762d7ceb0a6\" \/><\/span><\/section>\n<section class=\"text-center pt-4\">\n<section>\n<h4 class=\"te_three_blocks_heading mt-4 mb-4\">Ajuste y comodidad durante todo el d\u00eda.<\/h4>\n<\/section>\n<section>\n<p class=\"p-4 pt0 te_three_blocks_content\">El dise\u00f1o de Beam con barra cerrada garantiza un buen sellado de aislamiento de los ruidos externos para un excelente rendimiento de sonido y un ajuste seguro y c\u00f3modo.\u00a0\u00a0El dise\u00f1o de tubo ovalado se adapta perfectamente a la ergonom\u00eda de su o\u00eddo, lo que garantiza un ajuste c\u00f3modo, un bloqueo natural de los ruidos externos y una mejor calidad de sonido.<\/p>\n<\/section>\n<\/section>\n<\/div>\n<\/section>\n<\/div>\n<\/div>\n<\/section>\n<section>\n<div class=\"container te_max_width_3_blocks\">\n<div class=\"row\">\n<section class=\"col-md-4 px-lg-4 te_menu_flip_box\">\n<div>\n<section class=\"te_service_icon te_menu_flip_box_inner pb48\"><span class=\"te_three_blocks_icon bg-white rounded-circle text-center te_span_icon_block\"><img decoding=\"async\" class=\"img-fluid o_we_custom_image\" title=\"\" src=\"https:\/\/www.mytec.com.gt\/web\/image\/1770645\/My%20JBL%20Headphones.png?access_token=586ba5f9-2f32-488c-9601-b0b8f0d60b89\" data-original-title=\"\" aria-describedby=\"tooltip274451\" \/><\/span><\/section>\n<section class=\"text-center pt-4\">\n<section>\n<h4 class=\"te_three_blocks_heading mt-4 mb-4\">Aplicaci\u00f3n de auriculares JBL<\/h4>\n<\/section>\n<section class=\"pb112\">\n<p class=\"p-4 pt0 te_three_blocks_content\">La aplicaci\u00f3n JBL Headphones te permite disfrutar de tu m\u00fasica a tu manera.\u00a0Personaliza tu experiencia auditiva y los gestos de control t\u00e1ctil, encuentra tus auriculares, controla el ruido ambiental y los modos Smart Audio &amp; Video.\u00a0Descarga la aplicaci\u00f3n gratis y descubre cu\u00e1nto m\u00e1s puedes hacer.<\/p>\n<\/section>\n<\/section>\n<\/div>\n<\/section>\n<section class=\"col-md-4 px-lg-4 te_menu_flip_box mb0 bg-white-75 oe_custom_bg\">\n<div>\n<section class=\"text-center pt-4 oe_custom_bg\">\n<section class=\"pb104 pt144 oe_custom_bg\">\n<p class=\"p-4 pt0 te_three_blocks_content\">\n<\/section>\n<\/section>\n<\/div>\n<\/section>\n<section class=\"col-md-4 px-lg-4 te_menu_flip_box mb0\">\n<div>\n<section class=\"te_service_icon te_menu_flip_box_inner pb48\"><span class=\"te_three_blocks_icon bg-white rounded-circle text-center te_span_icon_block\"><img decoding=\"async\" class=\"img-fluid o_we_custom_image\" src=\"https:\/\/www.mytec.com.gt\/web\/image\/1770647\/JBL_Microphone-Icon.png?access_token=75b37e25-9900-49fd-9fdf-324b641414e4\" \/><\/span><\/section>\n<section class=\"text-center pt-4\">\n<section>\n<h4 class=\"te_three_blocks_heading mt-4 mb-4\">Tecnolog\u00eda de 4 micr\u00f3fonos para llamadas n\u00edtidas y claras<\/h4>\n<\/section>\n<section>\n<p class=\"p-4 pt0 te_three_blocks_content\">Disfruta de llamadas manos libres sin complicaciones en est\u00e9reo.\u00a0Los Tune Beam est\u00e1n equipados con micr\u00f3fonos duales, por lo que siempre se le escuchar\u00e1 con perfecta claridad.\u00a0Nunca dude en tomar o hacer una llamada de nuevo.\u00a0Y con VoiceAware, puede elegir cu\u00e1nto escuchar de su propia voz controlando la cantidad de entrada de micr\u00f3fono enrutada de vuelta a sus auriculares.<\/p>\n<\/section>\n<\/section>\n<\/div>\n<\/section>\n<\/div>\n<\/div>\n<\/section>\n","protected":false},"excerpt":{"rendered":"<p>&#8211; Sonido JBL Pure Bass<br \/>\n&#8211; Tecnolog\u00eda for crisp<br \/>\n&#8211; Manos libres con VoiceAware<br \/>\n&#8211; Versi\u00f3n BT 5.3<br \/>\n&#8211; Auriculares con protecci\u00f3n IP54<br \/>\n&#8211; Resistente al agua<br \/>\n&#8211; Frecuencia din\u00e1mica 20 Hz &#8211; 20 kHz<br \/>\n&#8211; 10 hrs y hasta 48 hrs con estuche de carga<br \/>\n&#8211; Tiempo de carga 2 horas<br \/>\n&#8211; Micr\u00f3fono integrado<\/p>\n","protected":false},"featured_media":5775,"comment_status":"open","ping_status":"closed","template":"","meta":{"om_disable_all_campaigns":false,"_mi_skip_tracking":false,"site-sidebar-layout":"default","site-content-layout":"default","ast-global-header-display":"","ast-main-header-display":"","ast-hfb-above-header-display":"","ast-hfb-below-header-display":"","ast-hfb-mobile-header-display":"","site-post-title":"","ast-breadcrumbs-content":"","ast-featured-img":"","footer-sml-layout":"","theme-transparent-header-meta":"default","adv-header-id-meta":"","stick-header-meta":"","header-above-stick-meta":"","header-main-stick-meta":"","header-below-stick-meta":""},"product_cat":[69],"product_tag":[],"class_list":["post-5774","product","type-product","status-publish","has-post-thumbnail","hentry","product_cat-audifonos-headsets","desktop-align-left","tablet-align-left","mobile-align-left"],"aioseo_notices":[],"_links":{"self":[{"href":"https:\/\/tecnomerch.com\/index.php\/wp-json\/wp\/v2\/product\/5774","targetHints":{"allow":["GET"]}}],"collection":[{"href":"https:\/\/tecnomerch.com\/index.php\/wp-json\/wp\/v2\/product"}],"about":[{"href":"https:\/\/tecnomerch.com\/index.php\/wp-json\/wp\/v2\/types\/product"}],"replies":[{"embeddable":true,"href":"https:\/\/tecnomerch.com\/index.php\/wp-json\/wp\/v2\/comments?post=5774"}],"version-history":[{"count":1,"href":"https:\/\/tecnomerch.com\/index.php\/wp-json\/wp\/v2\/product\/5774\/revisions"}],"predecessor-version":[{"id":5776,"href":"https:\/\/tecnomerch.com\/index.php\/wp-json\/wp\/v2\/product\/5774\/revisions\/5776"}],"wp:featuredmedia":[{"embeddable":true,"href":"https:\/\/tecnomerch.com\/index.php\/wp-json\/wp\/v2\/media\/5775"}],"wp:attachment":[{"href":"https:\/\/tecnomerch.com\/index.php\/wp-json\/wp\/v2\/media?parent=5774"}],"wp:term":[{"taxonomy":"product_cat","embeddable":true,"href":"https:\/\/tecnomerch.com\/index.php\/wp-json\/wp\/v2\/product_cat?post=5774"},{"taxonomy":"product_tag","embeddable":true,"href":"https:\/\/tecnomerch.com\/index.php\/wp-json\/wp\/v2\/product_tag?post=5774"}],"curies":[{"name":"wp","href":"https:\/\/api.w.org\/{rel}","templated":true}]}}