{"id":5771,"date":"2023-12-04T00:52:41","date_gmt":"2023-12-04T00:52:41","guid":{"rendered":"https:\/\/tecnomerch.com\/?post_type=product&#038;p=5771"},"modified":"2023-12-04T00:52:41","modified_gmt":"2023-12-04T00:52:41","slug":"audifonos-gaming-tipo-headset-checkpoint-naruto-hx-300-usb-con-microfono-edicion-akatsuki","status":"publish","type":"product","link":"https:\/\/tecnomerch.com\/index.php\/product\/audifonos-gaming-tipo-headset-checkpoint-naruto-hx-300-usb-con-microfono-edicion-akatsuki\/","title":{"rendered":"Aud\u00edfonos Gaming Tipo Headset CheckPoint Naruto HX-300 USB con Micr\u00f3fono Edici\u00f3n Akatsuki"},"content":{"rendered":"<h2><b>ESPECIFICACIONES<\/b><\/h2>\n<p style=\"font-weight: 400;\"><b>Auricular<\/b><\/p>\n<p style=\"font-weight: 400;\">Controlador: 50\u202fmm<\/p>\n<p style=\"font-weight: 400;\">Frecuencia: 20\u202fHz~20 KHz<\/p>\n<p style=\"font-weight: 400;\">Sensibilidad: 88\u202fdB<\/p>\n<p style=\"font-weight: 400;\">Bater\u00eda inal\u00e1mbrica: 3.7\u202fV\/980 mAh de litio<\/p>\n<p style=\"font-weight: 400;\">Puertos:<\/p>\n<p style=\"font-weight: 400;\">Micro USB a USB<\/p>\n<p style=\"font-weight: 400;\">Audio 3.5\u202fmm<\/p>\n<p style=\"font-weight: 400;\">Micr\u00f3fono<\/p>\n<p style=\"font-weight: 400;\">Tipo: Desmontable<\/p>\n<p style=\"font-weight: 400;\">Frecuencia: 100-20 Khz<\/p>\n<p style=\"font-weight: 400;\">Sensibilidad: -36 dBV\/Pa<\/p>\n<p style=\"font-weight: 400;\">\n<p style=\"font-weight: 400;\"><b>Compatibilidad<\/b><\/p>\n<p style=\"font-weight: 400;\">\u00a0Windows XP, 7, 8 y Windows 10<\/p>\n","protected":false},"excerpt":{"rendered":"<p>&#8211; Sonido envolvente virtual 7.1<br \/>\n&#8211; Ajustable y c\u00f3modo<br \/>\n&#8211; Diadema<br \/>\n&#8211; Micr\u00f3fono desmontable<br \/>\n&#8211; C\u00f3modas almohadillas para colocar sobre las orejas<br \/>\n&#8211; Conexi\u00f3n por cable incluida<br \/>\n&#8211; Ligeros<br \/>\n&#8211; Controladores de 50 mm de alta calidad<\/p>\n","protected":false},"featured_media":5772,"comment_status":"open","ping_status":"closed","template":"","meta":{"om_disable_all_campaigns":false,"_mi_skip_tracking":false,"site-sidebar-layout":"default","site-content-layout":"default","ast-global-header-display":"","ast-main-header-display":"","ast-hfb-above-header-display":"","ast-hfb-below-header-display":"","ast-hfb-mobile-header-display":"","site-post-title":"","ast-breadcrumbs-content":"","ast-featured-img":"","footer-sml-layout":"","theme-transparent-header-meta":"default","adv-header-id-meta":"","stick-header-meta":"","header-above-stick-meta":"","header-main-stick-meta":"","header-below-stick-meta":""},"product_cat":[69],"product_tag":[],"class_list":["post-5771","product","type-product","status-publish","has-post-thumbnail","hentry","product_cat-audifonos-headsets","desktop-align-left","tablet-align-left","mobile-align-left"],"aioseo_notices":[],"_links":{"self":[{"href":"https:\/\/tecnomerch.com\/index.php\/wp-json\/wp\/v2\/product\/5771","targetHints":{"allow":["GET"]}}],"collection":[{"href":"https:\/\/tecnomerch.com\/index.php\/wp-json\/wp\/v2\/product"}],"about":[{"href":"https:\/\/tecnomerch.com\/index.php\/wp-json\/wp\/v2\/types\/product"}],"replies":[{"embeddable":true,"href":"https:\/\/tecnomerch.com\/index.php\/wp-json\/wp\/v2\/comments?post=5771"}],"version-history":[{"count":1,"href":"https:\/\/tecnomerch.com\/index.php\/wp-json\/wp\/v2\/product\/5771\/revisions"}],"predecessor-version":[{"id":5773,"href":"https:\/\/tecnomerch.com\/index.php\/wp-json\/wp\/v2\/product\/5771\/revisions\/5773"}],"wp:featuredmedia":[{"embeddable":true,"href":"https:\/\/tecnomerch.com\/index.php\/wp-json\/wp\/v2\/media\/5772"}],"wp:attachment":[{"href":"https:\/\/tecnomerch.com\/index.php\/wp-json\/wp\/v2\/media?parent=5771"}],"wp:term":[{"taxonomy":"product_cat","embeddable":true,"href":"https:\/\/tecnomerch.com\/index.php\/wp-json\/wp\/v2\/product_cat?post=5771"},{"taxonomy":"product_tag","embeddable":true,"href":"https:\/\/tecnomerch.com\/index.php\/wp-json\/wp\/v2\/product_tag?post=5771"}],"curies":[{"name":"wp","href":"https:\/\/api.w.org\/{rel}","templated":true}]}}