{"id":5757,"date":"2023-12-04T00:48:10","date_gmt":"2023-12-04T00:48:10","guid":{"rendered":"https:\/\/tecnomerch.com\/?post_type=product&#038;p=5757"},"modified":"2023-12-04T00:48:10","modified_gmt":"2023-12-04T00:48:10","slug":"audifonos-bluetooth-smart-touch-klip-xtreme-zoundbuds-in-ear-con-microfono-negro","status":"publish","type":"product","link":"https:\/\/tecnomerch.com\/index.php\/product\/audifonos-bluetooth-smart-touch-klip-xtreme-zoundbuds-in-ear-con-microfono-negro\/","title":{"rendered":"Aud\u00edfonos Bluetooth Smart Touch Klip Xtreme ZoundBuds In-ear con Micr\u00f3fono Negro"},"content":{"rendered":"<section class=\"s_text_block oe_img_bg oe_custom_bg pt24 pb256\">\n<div class=\"container\">\n<div class=\"row\">\n<div class=\"col-lg-12  pt32 pb248\">\n<p class=\"lead\"><span>STUCHE DE CARGA INAL\u00c1MBRICA<\/span><\/p>\n<p class=\"lead\"><span>Aprovecha las ventajas de la verdadera funci\u00f3n inal\u00e1mbrica cuando lo utilizas con una base de carga compatible o disfruta del modo de carga r\u00e1pida mediante una conexi\u00f3n con cable USB Tipo-C<\/span><\/p>\n<\/div>\n<\/div>\n<\/div>\n<\/section>\n<section class=\"s_text_block oe_img_bg oe_custom_bg pt152 pb64\">\n<div class=\"container\">\n<div class=\"row\">\n<div class=\"pt32 pb32 col-lg-6\">\n<p class=\"lead\"><span><b>M\u00daSICA PARA UN D\u00cdA COMPLETO Y HASTA M\u00c1S<\/b><\/span><\/p>\n<p class=\"lead\"><span>Deja de estar revisando cu\u00e1nto te queda de bater\u00eda cada rato. Estos aud\u00edfonos brindan 21 horas de reproducci\u00f3n, son perfectos para viajar o cuando vas de un lado al otro<\/span><\/p>\n<\/div>\n<\/div>\n<\/div>\n<\/section>\n<section class=\"s_text_block oe_img_bg oe_custom_bg pb88\">\n<div class=\"container\">\n<div class=\"row\">\n<div class=\"pb32 col-lg-5 offset-lg-7 pt120\">\n<p class=\"lead\"><span><b>CONTROL CON MANOS LIBRES CON LA COMPATIBILIDAD DE COMANDOS POR VOZ<\/b><\/span><\/p>\n<p class=\"lead\"><span>Enuncia comandos de voz a Google o Siri para contestar una llamada, cambiar de canci\u00f3n y m\u00e1s<\/span><\/p>\n<\/div>\n<\/div>\n<\/div>\n<\/section>\n<section class=\"s_text_block oe_img_bg oe_custom_bg pb200\">\n<div class=\"container\">\n<div class=\"row\">\n<div class=\"pb32 col-lg-7 pt256\">\n<p class=\"lead\"><span>SMART TOUCH<\/span><\/p>\n<p class=\"lead\"><span>Controla todas las funciones con tan solo un toque gracias a su dise\u00f1o de bot\u00f3n t\u00e1ctil<\/span><\/p>\n<\/div>\n<\/div>\n<\/div>\n<\/section>\n<section class=\"s_text_block oe_img_bg oe_custom_bg pb192\">\n<div class=\"container\">\n<div class=\"row\">\n<div class=\"pb32 col-lg-6 pt240\">\n<p class=\"lead\"><span><b>SIGUEN TU RITMO<\/b><\/span><\/p>\n<p class=\"lead\"><span>Ll\u00e9valos contigo siempre, con su clasificaci\u00f3n IPX4 de resistencia al agua y al sudor van con tu ritmo de vida<\/span><\/p>\n<\/div>\n<\/div>\n<\/div>\n<\/section>\n","protected":false},"excerpt":{"rendered":"<p>&#8211; TWS con sonido Est\u00e9reo<br \/>\n&#8211; M\u00e1xima potencia de salida RMS 10mW<br \/>\n&#8211; Frecuencia: 20Hz-20kHz<br \/>\n&#8211; Sensibilidad: 97dB\u00b13dB<br \/>\n&#8211; Conexi\u00f3n Bluetooth\u00ae v5.1<br \/>\n&#8211; Alcance inal\u00e1mbrico de hasta 15m<br \/>\n&#8211; IPX4 resistentes al agua<br \/>\n&#8211; Micr\u00f3fono Omnidireccional incorporado<br \/>\n&#8211; Compatible con Google Assistant y Siri<br \/>\n&#8211; Tecnolog\u00eda de cancelaci\u00f3n de ruido ambiental (ENC)<br \/>\n&#8211; Bot\u00f3n t\u00e1ctil<br \/>\n&#8211; Bater\u00eda de cada aud\u00edfono 50mAh<br \/>\n&#8211; Bater\u00eda de estuche de 360mAh<br \/>\n&#8211; Reproducci\u00f3n de hasta 7 horas (solo aud\u00edfonos)<br \/>\n&#8211; Reproducci\u00f3n de hasta 21 horas con estuche<br \/>\n&#8211; Conexi\u00f3n de carga Tipo C<\/p>\n","protected":false},"featured_media":5758,"comment_status":"open","ping_status":"closed","template":"","meta":{"om_disable_all_campaigns":false,"_mi_skip_tracking":false,"site-sidebar-layout":"default","site-content-layout":"default","ast-global-header-display":"","ast-main-header-display":"","ast-hfb-above-header-display":"","ast-hfb-below-header-display":"","ast-hfb-mobile-header-display":"","site-post-title":"","ast-breadcrumbs-content":"","ast-featured-img":"","footer-sml-layout":"","theme-transparent-header-meta":"default","adv-header-id-meta":"","stick-header-meta":"","header-above-stick-meta":"","header-main-stick-meta":"","header-below-stick-meta":""},"product_cat":[69],"product_tag":[],"class_list":["post-5757","product","type-product","status-publish","has-post-thumbnail","hentry","product_cat-audifonos-headsets","desktop-align-left","tablet-align-left","mobile-align-left"],"aioseo_notices":[],"_links":{"self":[{"href":"https:\/\/tecnomerch.com\/index.php\/wp-json\/wp\/v2\/product\/5757","targetHints":{"allow":["GET"]}}],"collection":[{"href":"https:\/\/tecnomerch.com\/index.php\/wp-json\/wp\/v2\/product"}],"about":[{"href":"https:\/\/tecnomerch.com\/index.php\/wp-json\/wp\/v2\/types\/product"}],"replies":[{"embeddable":true,"href":"https:\/\/tecnomerch.com\/index.php\/wp-json\/wp\/v2\/comments?post=5757"}],"version-history":[{"count":2,"href":"https:\/\/tecnomerch.com\/index.php\/wp-json\/wp\/v2\/product\/5757\/revisions"}],"predecessor-version":[{"id":5760,"href":"https:\/\/tecnomerch.com\/index.php\/wp-json\/wp\/v2\/product\/5757\/revisions\/5760"}],"wp:featuredmedia":[{"embeddable":true,"href":"https:\/\/tecnomerch.com\/index.php\/wp-json\/wp\/v2\/media\/5758"}],"wp:attachment":[{"href":"https:\/\/tecnomerch.com\/index.php\/wp-json\/wp\/v2\/media?parent=5757"}],"wp:term":[{"taxonomy":"product_cat","embeddable":true,"href":"https:\/\/tecnomerch.com\/index.php\/wp-json\/wp\/v2\/product_cat?post=5757"},{"taxonomy":"product_tag","embeddable":true,"href":"https:\/\/tecnomerch.com\/index.php\/wp-json\/wp\/v2\/product_tag?post=5757"}],"curies":[{"name":"wp","href":"https:\/\/api.w.org\/{rel}","templated":true}]}}