{"id":5754,"date":"2023-12-04T00:47:03","date_gmt":"2023-12-04T00:47:03","guid":{"rendered":"https:\/\/tecnomerch.com\/?post_type=product&#038;p=5754"},"modified":"2023-12-04T00:47:03","modified_gmt":"2023-12-04T00:47:03","slug":"audifonos-bluetooth-klip-xtreme-zoundbuds-in-ear-con-microfono-azul","status":"publish","type":"product","link":"https:\/\/tecnomerch.com\/index.php\/product\/audifonos-bluetooth-klip-xtreme-zoundbuds-in-ear-con-microfono-azul\/","title":{"rendered":"Aud\u00edfonos Bluetooth Klip Xtreme ZoundBuds In-ear con Micr\u00f3fono Azul"},"content":{"rendered":"<section class=\"s_text_block bg-delta oe_img_bg oe_custom_bg pt24 pb256\">\n<div class=\"container\">\n<div class=\"row\">\n<div class=\"pt32 col-lg-12 pb256\">\n<p class=\"lead\"><span><b>ESTUCHE DE CARGA INAL\u00c1MBRICA<\/b><\/span><\/p>\n<p class=\"lead\"><span>Aprovecha las ventajas de la verdadera funci\u00f3n inal\u00e1mbrica cuando lo utilizas con una base de carga compatible o disfruta del modo de carga r\u00e1pida mediante una conexi\u00f3n con cable USB Tipo-C<\/span><\/p>\n<\/div>\n<\/div>\n<\/div>\n<\/section>\n<section class=\"s_text_block bg-delta oe_img_bg oe_custom_bg pb152 pt120\">\n<div class=\"container\">\n<div class=\"row\">\n<div class=\"pt32 pb32 col-lg-6\">\n<p class=\"lead\"><span><b>M\u00daSICA PARA UN<br \/>\nD\u00cdA COMPLETO Y<br \/>\nHASTA M\u00c1S<\/b><\/span><\/p>\n<p class=\"lead\"><span><br \/>\nDeja de estar revisando cu\u00e1nto te queda<br \/>\nde bater\u00eda cada rato. Estos aud\u00edfonos<br \/>\nbrindan 21 horas de reproducci\u00f3n, son<br \/>\nperfectos para viajar o cuando vas de un<br \/>\nlado al otro<\/span><\/p>\n<\/div>\n<div class=\"pt32 pb32 col-lg-6\">\n<p class=\"lead\">\n<\/div>\n<\/div>\n<\/div>\n<\/section>\n<section class=\"s_text_block bg-delta oe_img_bg pt120 oe_custom_bg pb160\">\n<div class=\"container\">\n<div class=\"row\">\n<div class=\"pt32 pb32 col-lg-7\">\n<p class=\"lead\">\n<\/div>\n<div class=\"pt32 pb32 col-lg-5\">\n<p class=\"lead\"><b>CONTROL CON<br \/>\nMANOS LIBRES<br \/>\nCON LA<br \/>\nCOMPATIBILIDAD<br \/>\nDE COMANDOS<br \/>\nPOR VOZ<\/b><\/p>\n<p class=\"lead\">\nEnuncia comandos de voz a Google o Siri para contestar una llamada, cambiar de canci\u00f3n y m\u00e1s<\/p>\n<\/div>\n<\/div>\n<\/div>\n<\/section>\n<section class=\"s_text_block bg-delta oe_img_bg pb152 oe_custom_bg pt200\">\n<div class=\"container\">\n<div class=\"row\">\n<div class=\"pt32 pb32 col-lg-6\">\n<p class=\"lead\"><b>SMART TOUCH<\/b><\/p>\n<p class=\"lead\">\nControla todas las funciones con tan solo<br \/>\nun toque gracias a su dise\u00f1o de bot\u00f3n<br \/>\nt\u00e1ctil<\/p>\n<\/div>\n<div class=\"pt32 pb32 col-lg-6\">\n<p class=\"lead\">\n<\/div>\n<\/div>\n<\/div>\n<\/section>\n<section class=\"s_text_block bg-delta oe_img_bg oe_custom_bg pt160 pb240\">\n<div class=\"container\">\n<div class=\"row\">\n<div class=\"pt32 pb32 col-lg-6\">\n<p class=\"lead\"><b>SIGUEN TU RITMO<\/p>\n<p><\/b><\/p>\n<p class=\"lead\">Ll\u00e9valos contigo siempre, con su<br \/>\nclasificaci\u00f3n IPX4 de resistencia al agua y al<br \/>\nsudor van con tu ritmo de vida<\/p>\n<\/div>\n<div class=\"pt32 pb32 col-lg-6\">\n<p class=\"lead\">\n<\/div>\n<\/div>\n<\/div>\n<\/section>\n","protected":false},"excerpt":{"rendered":"<p>&#8211; TWS con sonido Est\u00e9reo<br \/>\n&#8211; M\u00e1xima potencia de salida RMS 10mW<br \/>\n&#8211; Frecuencia: 20Hz-20kHz<br \/>\n&#8211; Sensibilidad: 97dB\u00b13dB<br \/>\n&#8211; Conexi\u00f3n Bluetooth\u00ae v5.1<br \/>\n&#8211; Alcance inal\u00e1mbrico de hasta 15m<br \/>\n&#8211; IPX4 resistentes al agua<br \/>\n&#8211; Micr\u00f3fono Omnidireccional incorporado<br \/>\n&#8211; Compatible con Google Assistant y Siri<br \/>\n&#8211; Tecnolog\u00eda de cancelaci\u00f3n de ruido ambiental (ENC)<br \/>\n&#8211; Bot\u00f3n t\u00e1ctil<br \/>\n&#8211; Bater\u00eda de cada aud\u00edfono 50mAh<br \/>\n&#8211; Bater\u00eda de estuche de 360mAh<br \/>\n&#8211; Reproducci\u00f3n de hasta 7 horas (solo aud\u00edfonos)<br \/>\n&#8211; Reproducci\u00f3n de hasta 21 horas con estuche<br \/>\n&#8211; Conexi\u00f3n de carga Tipo C<\/p>\n","protected":false},"featured_media":5755,"comment_status":"open","ping_status":"closed","template":"","meta":{"om_disable_all_campaigns":false,"_mi_skip_tracking":false,"site-sidebar-layout":"default","site-content-layout":"default","ast-global-header-display":"","ast-main-header-display":"","ast-hfb-above-header-display":"","ast-hfb-below-header-display":"","ast-hfb-mobile-header-display":"","site-post-title":"","ast-breadcrumbs-content":"","ast-featured-img":"","footer-sml-layout":"","theme-transparent-header-meta":"default","adv-header-id-meta":"","stick-header-meta":"","header-above-stick-meta":"","header-main-stick-meta":"","header-below-stick-meta":""},"product_cat":[69],"product_tag":[],"class_list":["post-5754","product","type-product","status-publish","has-post-thumbnail","hentry","product_cat-audifonos-headsets","desktop-align-left","tablet-align-left","mobile-align-left"],"aioseo_notices":[],"_links":{"self":[{"href":"https:\/\/tecnomerch.com\/index.php\/wp-json\/wp\/v2\/product\/5754","targetHints":{"allow":["GET"]}}],"collection":[{"href":"https:\/\/tecnomerch.com\/index.php\/wp-json\/wp\/v2\/product"}],"about":[{"href":"https:\/\/tecnomerch.com\/index.php\/wp-json\/wp\/v2\/types\/product"}],"replies":[{"embeddable":true,"href":"https:\/\/tecnomerch.com\/index.php\/wp-json\/wp\/v2\/comments?post=5754"}],"version-history":[{"count":1,"href":"https:\/\/tecnomerch.com\/index.php\/wp-json\/wp\/v2\/product\/5754\/revisions"}],"predecessor-version":[{"id":5756,"href":"https:\/\/tecnomerch.com\/index.php\/wp-json\/wp\/v2\/product\/5754\/revisions\/5756"}],"wp:featuredmedia":[{"embeddable":true,"href":"https:\/\/tecnomerch.com\/index.php\/wp-json\/wp\/v2\/media\/5755"}],"wp:attachment":[{"href":"https:\/\/tecnomerch.com\/index.php\/wp-json\/wp\/v2\/media?parent=5754"}],"wp:term":[{"taxonomy":"product_cat","embeddable":true,"href":"https:\/\/tecnomerch.com\/index.php\/wp-json\/wp\/v2\/product_cat?post=5754"},{"taxonomy":"product_tag","embeddable":true,"href":"https:\/\/tecnomerch.com\/index.php\/wp-json\/wp\/v2\/product_tag?post=5754"}],"curies":[{"name":"wp","href":"https:\/\/api.w.org\/{rel}","templated":true}]}}