{"id":5743,"date":"2023-12-04T00:33:13","date_gmt":"2023-12-04T00:33:13","guid":{"rendered":"https:\/\/tecnomerch.com\/?post_type=product&#038;p=5743"},"modified":"2023-12-04T00:33:13","modified_gmt":"2023-12-04T00:33:13","slug":"audifonos-bluetooth-jbl-endurance-peak-3-in-ear-con-microfono-negro","status":"publish","type":"product","link":"https:\/\/tecnomerch.com\/index.php\/product\/audifonos-bluetooth-jbl-endurance-peak-3-in-ear-con-microfono-negro\/","title":{"rendered":"Aud\u00edfonos Bluetooth JBL Endurance Peak 3 in-ear con Micr\u00f3fono Negro"},"content":{"rendered":"<section class=\"col-md-4 px-lg-4 te_menu_flip_box col-lg-3\">\n<div>\n<section class=\"te_service_icon te_menu_flip_box_inner pb48\"><span class=\"te_three_blocks_icon bg-white rounded-circle text-center te_span_icon_block\"><img decoding=\"async\" class=\"img-fluid o_we_custom_image\" src=\"https:\/\/www.mytec.com.gt\/web\/image\/1897629\/Ambient-Aware.png?access_token=0d7dc404-7b5b-4e45-8b7e-37500575c679\" \/><\/span><\/section>\n<section class=\"text-center pt-4 pb136\">\n<section>\n<h4 class=\"te_three_blocks_heading mt-4 mb-4\"><span class=\"text-delta\">Consciente del ambiente y\u00a0<\/span><span class=\"text-delta\">conversaci\u00f3n<\/span><\/h4>\n<\/section>\n<section>\n<p class=\"p-4 pt0 te_three_blocks_content\">Ya sea que est\u00e9s saliendo a correr o en la zona del gimnasio, TalkThru hace que sea f\u00e1cil hacer y escuchar llamadas en cualquier lugar. Y con Ambient Aware, puedes permanecer alerta a tu entorno sin quitarte los auriculares.<\/p>\n<\/section>\n<\/section>\n<\/div>\n<\/section>\n<section class=\"col-md-4 px-lg-4 te_menu_flip_box mb0 col-lg-3\">\n<div>\n<section class=\"te_service_icon te_menu_flip_box_inner pb48\"><span class=\"te_three_blocks_icon bg-white rounded-circle text-center te_span_icon_block\"><img decoding=\"async\" class=\"img-fluid o_we_custom_image\" src=\"https:\/\/www.mytec.com.gt\/web\/image\/1897631\/Llamadas.png?access_token=fa598924-7aae-475f-b5d3-ce07254e200a\" \/><\/span><\/section>\n<section class=\"text-center pt-4\">\n<section>\n<h4 class=\"te_three_blocks_heading mt-4 mb-4\"><span class=\"text-delta\">Llamadas claras y n\u00edtidas\u00a0<\/span><span class=\"text-delta\">con 4 micr\u00f3fonos<\/span><\/h4>\n<\/section>\n<section class=\"pb24\">\n<p class=\"p-4 pt0 te_three_blocks_content\">Incluso en un sendero para bicicletas con mucho viento, su voz se escuchar\u00e1 gracias a los micr\u00f3fonos duales con formaci\u00f3n de haz en cada o\u00eddo que ayudan a garantizar una comunicaci\u00f3n clara.\u00a0\u00a0Y con VoiceAware, puedes elegir qu\u00e9 parte de tu propia voz escuchar controlando la cantidad de entrada de micr\u00f3fono enviada a tus auriculares.<\/p>\n<\/section>\n<\/section>\n<\/div>\n<\/section>\n<section class=\"col-md-4 px-lg-4 te_menu_flip_box mb0 col-lg-3\">\n<div>\n<section class=\"te_service_icon te_menu_flip_box_inner pb48\"><span class=\"te_three_blocks_icon bg-white rounded-circle text-center te_span_icon_block\"><img decoding=\"async\" class=\"img-fluid o_we_custom_image\" src=\"https:\/\/www.mytec.com.gt\/web\/image\/1897681\/Pluma.png?access_token=f86a0492-8f27-440e-8492-906e126d97bf\" \/><\/span><\/section>\n<section class=\"text-center pt-4\">\n<section>\n<h4 class=\"te_three_blocks_heading mt-4 mb-4\"><span class=\"text-delta\">Dise\u00f1o Powerhook\u2122 para un ajuste ergon\u00f3mico<\/span><\/h4>\n<\/section>\n<section>\n<p class=\"p-4 pt0 te_three_blocks_content\">El JBL Endurance Peak 3 se ajusta para adaptarse c\u00f3modamente con un potenciador de gancho para la oreja TwistLock\u2122 flexible que garantiza que sus auriculares no se caigan, incluso durante sus momentos m\u00e1s activos.<br \/>\nY cuando te los quites, los auriculares se apagar\u00e1n autom\u00e1ticamente incluso si no los vuelves a colocar en el estuche de carga.<\/p>\n<\/section>\n<\/section>\n<\/div>\n<\/section>\n<section class=\"col-md-4 px-lg-4 te_menu_flip_box mb0 col-lg-3\">\n<div>\n<section class=\"te_service_icon te_menu_flip_box_inner pb48\"><span class=\"te_three_blocks_icon bg-white rounded-circle text-center te_span_icon_block\"><img decoding=\"async\" class=\"img-fluid o_we_custom_image\" src=\"https:\/\/www.mytec.com.gt\/web\/image\/1897683\/Ubl.png?access_token=a5edbc72-355d-4563-b4b9-6d93aa27d8b7\" \/><\/span><\/section>\n<section class=\"text-center pt-4\">\n<section>\n<h4 class=\"te_three_blocks_heading mt-4 mb-4\"><span class=\"text-delta\">Aplicaci\u00f3n JBL<br \/>\nAuriculares<\/span><\/h4>\n<\/section>\n<section class=\"pb240\">\n<p class=\"p-4 pt0 te_three_blocks_content\">Personalice la configuraci\u00f3n de sus auriculares para adaptarlos a sus necesidades con la aplicaci\u00f3n JBL dedicada.<\/p>\n<\/section>\n<\/section>\n<\/div>\n<\/section>\n","protected":false},"excerpt":{"rendered":"<p>&#8211; Sonido JBL Pure Bass<br \/>\n&#8211; Manos libres con VoiceAware<br \/>\n&#8211; Dise\u00f1o Ergon\u00f3mico<br \/>\n&#8211; Versi\u00f3n BT 5.2<br \/>\n&#8211; Auriculares con protecci\u00f3n IP68<br \/>\n&#8211; Resistente al agua<br \/>\n&#8211; Sensibilidad del driver a 1 kHz\/1 (dB) 102 dB SPL a 1 kHz<br \/>\n&#8211; Frecuencia din\u00e1mica 20 Hz &#8211; 20 kHz<br \/>\n&#8211; 10 hrs y hasta 40 hrs con estuche de carga<br \/>\n&#8211; Tiempo de carga 2 horas<br \/>\n&#8211; Carga r\u00e1pida<br \/>\n&#8211; Micr\u00f3fono integrado<\/p>\n","protected":false},"featured_media":5744,"comment_status":"open","ping_status":"closed","template":"","meta":{"om_disable_all_campaigns":false,"_mi_skip_tracking":false,"site-sidebar-layout":"default","site-content-layout":"default","ast-global-header-display":"","ast-main-header-display":"","ast-hfb-above-header-display":"","ast-hfb-below-header-display":"","ast-hfb-mobile-header-display":"","site-post-title":"","ast-breadcrumbs-content":"","ast-featured-img":"","footer-sml-layout":"","theme-transparent-header-meta":"default","adv-header-id-meta":"","stick-header-meta":"","header-above-stick-meta":"","header-main-stick-meta":"","header-below-stick-meta":""},"product_cat":[69],"product_tag":[],"class_list":["post-5743","product","type-product","status-publish","has-post-thumbnail","hentry","product_cat-audifonos-headsets","desktop-align-left","tablet-align-left","mobile-align-left"],"aioseo_notices":[],"_links":{"self":[{"href":"https:\/\/tecnomerch.com\/index.php\/wp-json\/wp\/v2\/product\/5743","targetHints":{"allow":["GET"]}}],"collection":[{"href":"https:\/\/tecnomerch.com\/index.php\/wp-json\/wp\/v2\/product"}],"about":[{"href":"https:\/\/tecnomerch.com\/index.php\/wp-json\/wp\/v2\/types\/product"}],"replies":[{"embeddable":true,"href":"https:\/\/tecnomerch.com\/index.php\/wp-json\/wp\/v2\/comments?post=5743"}],"version-history":[{"count":1,"href":"https:\/\/tecnomerch.com\/index.php\/wp-json\/wp\/v2\/product\/5743\/revisions"}],"predecessor-version":[{"id":5745,"href":"https:\/\/tecnomerch.com\/index.php\/wp-json\/wp\/v2\/product\/5743\/revisions\/5745"}],"wp:featuredmedia":[{"embeddable":true,"href":"https:\/\/tecnomerch.com\/index.php\/wp-json\/wp\/v2\/media\/5744"}],"wp:attachment":[{"href":"https:\/\/tecnomerch.com\/index.php\/wp-json\/wp\/v2\/media?parent=5743"}],"wp:term":[{"taxonomy":"product_cat","embeddable":true,"href":"https:\/\/tecnomerch.com\/index.php\/wp-json\/wp\/v2\/product_cat?post=5743"},{"taxonomy":"product_tag","embeddable":true,"href":"https:\/\/tecnomerch.com\/index.php\/wp-json\/wp\/v2\/product_tag?post=5743"}],"curies":[{"name":"wp","href":"https:\/\/api.w.org\/{rel}","templated":true}]}}