{"id":5729,"date":"2023-12-02T06:28:15","date_gmt":"2023-12-02T06:28:15","guid":{"rendered":"https:\/\/tecnomerch.com\/?post_type=product&#038;p=5729"},"modified":"2023-12-02T06:28:15","modified_gmt":"2023-12-02T06:28:15","slug":"audifonos-bluetooth-jbl-vibe-flex-in-ear-con-microfono-blanco","status":"publish","type":"product","link":"https:\/\/tecnomerch.com\/index.php\/product\/audifonos-bluetooth-jbl-vibe-flex-in-ear-con-microfono-blanco\/","title":{"rendered":"Aud\u00edfonos Bluetooth JBL Vibe Flex in-ear con Micr\u00f3fono Blanco"},"content":{"rendered":"<div class=\"col-md-4  text-center te_menu_flip_box  col-lg-3\">\n<div class=\"te_menu_flip_box_inner\"><img decoding=\"async\" class=\"img-fluid o_we_custom_image\" src=\"https:\/\/www.mytec.com.gt\/web\/image\/1885222\/Ambient-Aware.png?access_token=55a3c3a6-5164-4a60-8a8a-5abc7dc07b09\" \/><\/div>\n<div>\n<p class=\"mt8 te_features_discreption\"><span class=\"text-delta\">Mantente consciente\u00a0<\/span><br \/>\n<span class=\"text-delta\">de tu entorno<\/span><\/p>\n<p class=\"te_features_discreption mt8\"><span class=\"text-delta\">Ve acualquier parte y escucha todo con la tecnolog\u00eda Smart Ambient. Cuando necesites hacer una pausa para un chat r\u00e1pido, TalkThru te permite escucharte al instante a ti mismo y a quienes te rodean sin quitarte los auriculares. O usa Ambient Aware para mantener la m\u00fasica en reproducci\u00f3n mientras te mantienes al tanto de lo que te rodea.<\/span><\/p>\n<\/div>\n<\/div>\n<div class=\"col-md-4  text-center te_menu_flip_box  col-lg-3\">\n<div class=\"te_menu_flip_box_inner\"><img decoding=\"async\" class=\"img-fluid o_we_custom_image\" src=\"https:\/\/www.mytec.com.gt\/web\/image\/1885226\/icon_JBL_IP67_Waterproof_&amp;_Dustproof.png?access_token=20b111a3-6b36-47a3-a3ee-2b748d04c507\" \/><\/div>\n<div>\n<p class=\"mt8 te_features_discreption\"><span style=\"color: #000000;\">Resistente al agua y al<br \/>\npolvo<\/span><\/p>\n<p class=\"te_features_discreption mt8\"><span class=\"text-delta\">Desde la playa hasta el sendero para bicicletas, los auriculares con certificaci\u00f3n IP54 y el estuche de carga IPX2 son resistentes al agua y al polvo para disfrutar de experiencias durante todo el d\u00eda.<\/span><\/p>\n<\/div>\n<\/div>\n<div class=\"col-md-4  text-center te_menu_flip_box  col-lg-3\">\n<div class=\"te_menu_flip_box_inner\"><img decoding=\"async\" class=\"img-fluid o_we_custom_image\" src=\"https:\/\/www.mytec.com.gt\/web\/image\/1885228\/icon_JBL_Works_with_Voice_Control.png?access_token=490e54ce-68cd-4485-92c0-5ac5e4b0e453\" \/><\/div>\n<div>\n<p class=\"mt8 te_features_discreption\"><span style=\"color: #000000;\">Llamadas manos<br \/>\nlibres con VoiceAware<\/span><\/p>\n<p class=\"te_features_discreption mt8\"><span class=\"text-delta\">Cuando realizas llamadas est\u00e9reo manos libres sobre la marcha, VoiceAware te permite equilibrar la cantidad de tu propia voz que escuchas mientras hablas con los dem\u00e1s.<\/span><\/p>\n<\/div>\n<\/div>\n<div class=\"col-md-4  text-center te_menu_flip_box  col-lg-3\">\n<div class=\"te_menu_flip_box_inner\"><img decoding=\"async\" class=\"img-fluid o_we_custom_image\" src=\"https:\/\/www.mytec.com.gt\/web\/image\/1885230\/My%20JBL%20Headphones.png?access_token=0d823036-7154-4922-8e1a-45efc427e8b1\" \/><\/div>\n<div>\n<p class=\"mt8 te_features_discreption\"><span style=\"color: #000000;\">Compatible con la aplicaci\u00f3n JBL headphones<\/span><\/p>\n<p class=\"te_features_discreption mt8\"><span class=\"text-delta\">Escucha todo el d\u00eda a tu manera. Disfruta de tu sonido preferido con la aplicaci\u00f3n especifica y transforma los JBL Vibe Buds en tu compa\u00f1ero de audio ideal.<\/span><\/p>\n<\/div>\n<\/div>\n","protected":false},"excerpt":{"rendered":"<p>&#8211; Sonido est\u00e9reo de alta definici\u00f3n<br \/>\n&#8211; Tecnolog\u00eda Smart Ambient<br \/>\n&#8211; Manos libres con VoiceAware<br \/>\n&#8211; Versi\u00f3n BT 5.2<br \/>\n&#8211; Auriculares con protecci\u00f3n IP54<br \/>\n&#8211; Estuche de carga protecci\u00f3n IPX2<br \/>\n&#8211; Resistente al agua<br \/>\n&#8211; Frecuencia din\u00e1mica 20 Hz &#8211; 20 kHz<br \/>\n&#8211; 8 hrs y hasta 32 hrs con estuche de carga<br \/>\n&#8211; Tiempo de carga 2 horas<br \/>\n&#8211; Tiempo de uso m\u00e1ximo 8 horas<br \/>\n&#8211; Micr\u00f3fono integrado<\/p>\n","protected":false},"featured_media":5730,"comment_status":"open","ping_status":"closed","template":"","meta":{"om_disable_all_campaigns":false,"_mi_skip_tracking":false,"site-sidebar-layout":"default","site-content-layout":"default","ast-global-header-display":"","ast-main-header-display":"","ast-hfb-above-header-display":"","ast-hfb-below-header-display":"","ast-hfb-mobile-header-display":"","site-post-title":"","ast-breadcrumbs-content":"","ast-featured-img":"","footer-sml-layout":"","theme-transparent-header-meta":"default","adv-header-id-meta":"","stick-header-meta":"","header-above-stick-meta":"","header-main-stick-meta":"","header-below-stick-meta":""},"product_cat":[69],"product_tag":[],"class_list":["post-5729","product","type-product","status-publish","has-post-thumbnail","hentry","product_cat-audifonos-headsets","desktop-align-left","tablet-align-left","mobile-align-left"],"aioseo_notices":[],"_links":{"self":[{"href":"https:\/\/tecnomerch.com\/index.php\/wp-json\/wp\/v2\/product\/5729","targetHints":{"allow":["GET"]}}],"collection":[{"href":"https:\/\/tecnomerch.com\/index.php\/wp-json\/wp\/v2\/product"}],"about":[{"href":"https:\/\/tecnomerch.com\/index.php\/wp-json\/wp\/v2\/types\/product"}],"replies":[{"embeddable":true,"href":"https:\/\/tecnomerch.com\/index.php\/wp-json\/wp\/v2\/comments?post=5729"}],"version-history":[{"count":2,"href":"https:\/\/tecnomerch.com\/index.php\/wp-json\/wp\/v2\/product\/5729\/revisions"}],"predecessor-version":[{"id":5732,"href":"https:\/\/tecnomerch.com\/index.php\/wp-json\/wp\/v2\/product\/5729\/revisions\/5732"}],"wp:featuredmedia":[{"embeddable":true,"href":"https:\/\/tecnomerch.com\/index.php\/wp-json\/wp\/v2\/media\/5730"}],"wp:attachment":[{"href":"https:\/\/tecnomerch.com\/index.php\/wp-json\/wp\/v2\/media?parent=5729"}],"wp:term":[{"taxonomy":"product_cat","embeddable":true,"href":"https:\/\/tecnomerch.com\/index.php\/wp-json\/wp\/v2\/product_cat?post=5729"},{"taxonomy":"product_tag","embeddable":true,"href":"https:\/\/tecnomerch.com\/index.php\/wp-json\/wp\/v2\/product_tag?post=5729"}],"curies":[{"name":"wp","href":"https:\/\/api.w.org\/{rel}","templated":true}]}}