{"id":5721,"date":"2023-12-02T06:26:20","date_gmt":"2023-12-02T06:26:20","guid":{"rendered":"https:\/\/tecnomerch.com\/?post_type=product&#038;p=5721"},"modified":"2023-12-02T06:26:20","modified_gmt":"2023-12-02T06:26:20","slug":"audifonos-bluetooth-in-ear-molvu-chiltepe-negro","status":"publish","type":"product","link":"https:\/\/tecnomerch.com\/index.php\/product\/audifonos-bluetooth-in-ear-molvu-chiltepe-negro\/","title":{"rendered":"Aud\u00edfonos Bluetooth In-ear Molvu Chiltepe Negro"},"content":{"rendered":"<p class=\"lead o_default_snippet_text\"><span>10 razones que enamoran de los Chiltepes:<\/span><\/p>\n<ul>\n<li>\n<p class=\"lead\"><span>Excelente sonido con sus controladores de 10mm.<\/span><\/p>\n<\/li>\n<li>\n<p class=\"lead\"><span>Emparejamiento s\u00faper simple gracias a su conexi\u00f3n Bluetooth 5.2, solo abres la c\u00e1psula y conectan.<\/span><\/p>\n<\/li>\n<li>\n<p class=\"lead\"><span>Livianos (cada Chiltepe pesa 5.1gr incluyendo almohadilla), compactos y f\u00e1ciles de llevar a todos lados (la c\u00e1psula y los 2 Chiltepes juntos pesan 48.6gr).<\/span><\/p>\n<\/li>\n<li>\n<p class=\"lead o_default_snippet_text\"><span>Incluye 3 pares EXTRA de almohadillas de foam, s\u00faper c\u00f3modas (adicional a los 6 pares de silic\u00f3n).<\/span><\/p>\n<\/li>\n<li>\n<p class=\"lead o_default_snippet_text\"><span>Total de 4 micr\u00f3fonos para llamadas telef\u00f3nicas claras y profesionales.<\/span><\/p>\n<\/li>\n<li>\n<p class=\"lead o_default_snippet_text\"><span>Cancelaci\u00f3n activa de ruido (para concentrarte \u00fanicamente en lo que escuchas).<\/span><\/p>\n<\/li>\n<li>\n<p class=\"lead o_default_snippet_text\"><span>Amplificaci\u00f3n de audio ambiental (para escuchar todo lo que sucede alrededor).<\/span><\/p>\n<\/li>\n<li>\n<p class=\"lead o_default_snippet_text\"><span>Puedes usar solo 1 Chiltepe.<\/span><\/p>\n<\/li>\n<li>\n<p class=\"lead o_default_snippet_text\"><span>10mts de distancia entre tu celular y los Chiltepes.<\/span><\/p>\n<\/li>\n<li>\n<p class=\"lead\"><span>6 hrs de m\u00fasica \/ 5hrs de llamadas \/ hasta 12hrs con c\u00e1psula.<\/span><\/p>\n<\/li>\n<\/ul>\n","protected":false},"excerpt":{"rendered":"<p>&#8211; Auriculares deportivos y para uso diario<br \/>\n&#8211; Versi\u00f3n BT 5.2<br \/>\n&#8211; Distancia de funcionamiento: 10 m<br \/>\n&#8211; Cancelaci\u00f3n de ruido activa<br \/>\n&#8211; Estuche de carga puerto: USB-C<br \/>\n&#8211; 6 hrs de m\u00fasica \/ 5hrs de llamadas \/ hasta 20hrs con estuche de carga<br \/>\n&#8211; Control t\u00e1ctil integrado para reproducci\u00f3n de m\u00fasica y llamadas<br \/>\n&#8211; Bater\u00eda de pol\u00edmero de litio<br \/>\n&#8211; 2 Micr\u00f3fonos en cada auricular<\/p>\n","protected":false},"featured_media":5722,"comment_status":"open","ping_status":"closed","template":"","meta":{"om_disable_all_campaigns":false,"_mi_skip_tracking":false,"site-sidebar-layout":"default","site-content-layout":"default","ast-global-header-display":"","ast-main-header-display":"","ast-hfb-above-header-display":"","ast-hfb-below-header-display":"","ast-hfb-mobile-header-display":"","site-post-title":"","ast-breadcrumbs-content":"","ast-featured-img":"","footer-sml-layout":"","theme-transparent-header-meta":"default","adv-header-id-meta":"","stick-header-meta":"","header-above-stick-meta":"","header-main-stick-meta":"","header-below-stick-meta":""},"product_cat":[69],"product_tag":[],"class_list":["post-5721","product","type-product","status-publish","has-post-thumbnail","hentry","product_cat-audifonos-headsets","desktop-align-left","tablet-align-left","mobile-align-left"],"aioseo_notices":[],"_links":{"self":[{"href":"https:\/\/tecnomerch.com\/index.php\/wp-json\/wp\/v2\/product\/5721","targetHints":{"allow":["GET"]}}],"collection":[{"href":"https:\/\/tecnomerch.com\/index.php\/wp-json\/wp\/v2\/product"}],"about":[{"href":"https:\/\/tecnomerch.com\/index.php\/wp-json\/wp\/v2\/types\/product"}],"replies":[{"embeddable":true,"href":"https:\/\/tecnomerch.com\/index.php\/wp-json\/wp\/v2\/comments?post=5721"}],"version-history":[{"count":2,"href":"https:\/\/tecnomerch.com\/index.php\/wp-json\/wp\/v2\/product\/5721\/revisions"}],"predecessor-version":[{"id":5724,"href":"https:\/\/tecnomerch.com\/index.php\/wp-json\/wp\/v2\/product\/5721\/revisions\/5724"}],"wp:featuredmedia":[{"embeddable":true,"href":"https:\/\/tecnomerch.com\/index.php\/wp-json\/wp\/v2\/media\/5722"}],"wp:attachment":[{"href":"https:\/\/tecnomerch.com\/index.php\/wp-json\/wp\/v2\/media?parent=5721"}],"wp:term":[{"taxonomy":"product_cat","embeddable":true,"href":"https:\/\/tecnomerch.com\/index.php\/wp-json\/wp\/v2\/product_cat?post=5721"},{"taxonomy":"product_tag","embeddable":true,"href":"https:\/\/tecnomerch.com\/index.php\/wp-json\/wp\/v2\/product_tag?post=5721"}],"curies":[{"name":"wp","href":"https:\/\/api.w.org\/{rel}","templated":true}]}}