{"id":5700,"date":"2023-12-02T06:17:57","date_gmt":"2023-12-02T06:17:57","guid":{"rendered":"https:\/\/tecnomerch.com\/?post_type=product&#038;p=5700"},"modified":"2023-12-02T06:17:57","modified_gmt":"2023-12-02T06:17:57","slug":"audifonos-bluetooth-jbl-tune-buds-in-ear-con-microfono-blanco","status":"publish","type":"product","link":"https:\/\/tecnomerch.com\/index.php\/product\/audifonos-bluetooth-jbl-tune-buds-in-ear-con-microfono-blanco\/","title":{"rendered":"Aud\u00edfonos Bluetooth JBL Tune Buds in-ear con Micr\u00f3fono Blanco"},"content":{"rendered":"<section class=\"pt40\">\n<div class=\"container te_max_width_3_blocks\">\n<div class=\"row\">\n<section class=\"col-md-4 px-lg-4 te_menu_flip_box\">\n<div>\n<section class=\"te_service_icon te_menu_flip_box_inner pb48\"><span class=\"te_three_blocks_icon bg-white rounded-circle text-center te_span_icon_block\"><img decoding=\"async\" class=\"img-fluid o_we_custom_image\" src=\"https:\/\/www.mytec.com.gt\/web\/image\/1771268\/JBL_Microphone-Icon.png?access_token=6bf2680a-d280-4fca-bbce-099a3e8f5f37\" \/><\/span><\/section>\n<section class=\"text-center pt-4\">\n<section>\n<h4 class=\"te_three_blocks_heading mt-4 mb-4\">Tecnolog\u00eda de 4 micr\u00f3fonos para llamadas n\u00edtidas y claras<\/h4>\n<\/section>\n<section>\n<p class=\"p-4 pt0 te_three_blocks_content\">Disfruta de llamadas manos libres sin complicaciones en est\u00e9reo. Los Tune Buds est\u00e1n equipados con micr\u00f3fonos duales, por lo que siempre te escuchar\u00e1n con perfecta claridad. Nunca dude en tomar o hacer una llamada de nuevo. Y con VoiceAware, puede elegir cu\u00e1nto escuchar de su propia voz controlando la cantidad de entrada de micr\u00f3fono enrutada de vuelta a sus auriculares.<\/p>\n<\/section>\n<\/section>\n<\/div>\n<\/section>\n<section class=\"col-md-4 px-lg-4 te_menu_flip_box mb0\">\n<div>\n<section class=\"te_service_icon te_menu_flip_box_inner pb48\"><span class=\"te_three_blocks_icon bg-white rounded-circle text-center te_span_icon_block\"><img decoding=\"async\" class=\"img-fluid o_we_custom_image\" src=\"https:\/\/www.mytec.com.gt\/web\/image\/1771270\/icon_JBL_Battery_Generic.png?access_token=ab6e56d2-57e6-448f-a7a2-a7a97cb18960\" \/><\/span><\/section>\n<section class=\"text-center pt-4\">\n<section>\n<h4 class=\"te_three_blocks_heading mt-4 mb-4\">Hasta 48 horas de duraci\u00f3n de la bater\u00eda<\/h4>\n<\/section>\n<section class=\"pb136\">\n<p class=\"p-4 pt0 te_three_blocks_content\">Nunca pierdas el ritmo con 48 (12+36) horas de duraci\u00f3n de la bater\u00eda o 10 horas, m\u00e1s 30 horas en el caso de que la cancelaci\u00f3n de ruido est\u00e9 activada. Carga r\u00e1pida por solo 15 minutos para obtener 4 horas de reproducci\u00f3n.<\/p>\n<\/section>\n<\/section>\n<\/div>\n<\/section>\n<section class=\"col-md-4 px-lg-4 te_menu_flip_box mb0\">\n<div>\n<section class=\"te_service_icon te_menu_flip_box_inner pb48\"><span class=\"te_three_blocks_icon bg-white rounded-circle text-center te_span_icon_block\"><img decoding=\"async\" class=\"img-fluid o_we_custom_image\" src=\"https:\/\/www.mytec.com.gt\/web\/image\/1771272\/icon_JBL_Water-proof.png?access_token=ac4194a3-bc5f-4543-9355-2c4ca6919e6c\" \/><\/span><\/section>\n<section class=\"text-center pt-4\">\n<section>\n<h4 class=\"te_three_blocks_heading mt-4 mb-4\">Resistente al agua y al polvo<\/h4>\n<\/section>\n<section class=\"pt40 pb152\">\n<p class=\"p-4 pt0 te_three_blocks_content\">No se deje intimidar por el mal tiempo. Gracias a la resistencia al agua IP54 y al polvo, no hay entrenamiento ni aguacero que los Tune Buds no puedan soportar.<\/p>\n<\/section>\n<\/section>\n<\/div>\n<\/section>\n<\/div>\n<\/div>\n<\/section>\n<section class=\"pt40\">\n<div class=\"container te_max_width_3_blocks\">\n<div class=\"row\">\n<section class=\"col-md-4 px-lg-4 te_menu_flip_box\">\n<div>\n<section class=\"te_service_icon te_menu_flip_box_inner pb48\"><span class=\"te_three_blocks_icon bg-white rounded-circle text-center te_span_icon_block\"><img decoding=\"async\" class=\"img-fluid o_we_custom_image\" src=\"https:\/\/www.mytec.com.gt\/web\/image\/1771276\/icon_JBL_Comfort_Fit.png?access_token=c983a93c-9843-4511-8316-c0ddeeb8a101\" \/><\/span><\/section>\n<section class=\"text-center pt-4\">\n<section>\n<h4 class=\"te_three_blocks_heading mt-4 mb-4\">Ajuste y comodidad durante todo el d\u00eda.<\/h4>\n<\/section>\n<section>\n<p class=\"p-4 pt0 te_three_blocks_content\">Nunca te quedes sin tu m\u00fasica. El dise\u00f1o del bot\u00f3n garantiza un aislamiento perfecto de los ruidos exteriores para unos graves potentes, un gran rendimiento de sonido y un ajuste c\u00f3modo y seguro. El dise\u00f1o de tubo ovalado se adapta perfectamente a la ergonom\u00eda de su o\u00eddo, lo que garantiza un ajuste c\u00f3modo, un bloqueo natural de los ruidos externos y una mejor calidad de sonido.<\/p>\n<\/section>\n<\/section>\n<\/div>\n<\/section>\n<section class=\"col-md-4 px-lg-4 te_menu_flip_box mb0\">\n<div>\n<section class=\"text-center pt-4 oe_custom_bg\">\n<section>\n<p class=\"p-4 pt0 te_three_blocks_content\">\n<\/section>\n<\/section>\n<\/div>\n<\/section>\n<section class=\"col-md-4 px-lg-4 te_menu_flip_box mb0\">\n<div>\n<section class=\"te_service_icon te_menu_flip_box_inner pb48\"><span class=\"te_three_blocks_icon bg-white rounded-circle text-center te_span_icon_block\"><img decoding=\"async\" class=\"img-fluid o_we_custom_image\" src=\"https:\/\/www.mytec.com.gt\/web\/image\/1771278\/My%20JBL%20Headphones.png?access_token=88085b6b-a3a3-4710-9c9e-d0f3b5df3807\" \/><\/span><\/section>\n<section class=\"text-center pt-4\">\n<section>\n<h4 class=\"te_three_blocks_heading mt-4 mb-4\">Aplicaci\u00f3n de auriculares JBL<\/h4>\n<\/section>\n<section class=\"pt24 pb56\">\n<p class=\"p-4 pt0 te_three_blocks_content\">La aplicaci\u00f3n JBL Headphones te permite disfrutar de tu m\u00fasica a tu manera. Personaliza tu experiencia auditiva y los gestos de control t\u00e1ctil, encuentra tus auriculares, controla el ruido ambiental y los modos Smart Audio &amp; Video. Descarga la aplicaci\u00f3n gratis y descubre cu\u00e1nto m\u00e1s puedes hacer.<\/p>\n<\/section>\n<\/section>\n<\/div>\n<\/section>\n<\/div>\n<\/div>\n<\/section>\n","protected":false},"excerpt":{"rendered":"<div class=\"o_not_editable\">\n<p class=\"te_prod_desc\">&#8211; Sonido JBL Pure Bass<br \/>\n&#8211; Tecnolog\u00eda for crisp<br \/>\n&#8211; Manos libres con VoiceAware<br \/>\n&#8211; Versi\u00f3n BT 5.3<br \/>\n&#8211; Auriculares con protecci\u00f3n IP54<br \/>\n&#8211; Resistente al agua<br \/>\n&#8211; Frecuencia din\u00e1mica 20 Hz &#8211; 20 kHz<br \/>\n&#8211; 10 hrs y hasta 48 hrs con estuche de carga<br \/>\n&#8211; Tiempo de carga 2 horas<br \/>\n&#8211; Micr\u00f3fono integrado<\/p>\n<\/div>\n<div class=\"timer_data\">\n<div class=\"timer_input\"><\/div>\n<\/div>\n<div class=\"te_display_end_date\"><\/div>\n<form action=\"https:\/\/www.mytec.com.gt\/shop\/cart\/update\" method=\"POST\">&nbsp;<\/p>\n<\/form>\n","protected":false},"featured_media":5701,"comment_status":"open","ping_status":"closed","template":"","meta":{"om_disable_all_campaigns":false,"_mi_skip_tracking":false,"site-sidebar-layout":"default","site-content-layout":"default","ast-global-header-display":"","ast-main-header-display":"","ast-hfb-above-header-display":"","ast-hfb-below-header-display":"","ast-hfb-mobile-header-display":"","site-post-title":"","ast-breadcrumbs-content":"","ast-featured-img":"","footer-sml-layout":"","theme-transparent-header-meta":"default","adv-header-id-meta":"","stick-header-meta":"","header-above-stick-meta":"","header-main-stick-meta":"","header-below-stick-meta":""},"product_cat":[69],"product_tag":[],"class_list":["post-5700","product","type-product","status-publish","has-post-thumbnail","hentry","product_cat-audifonos-headsets","desktop-align-left","tablet-align-left","mobile-align-left"],"aioseo_notices":[],"_links":{"self":[{"href":"https:\/\/tecnomerch.com\/index.php\/wp-json\/wp\/v2\/product\/5700","targetHints":{"allow":["GET"]}}],"collection":[{"href":"https:\/\/tecnomerch.com\/index.php\/wp-json\/wp\/v2\/product"}],"about":[{"href":"https:\/\/tecnomerch.com\/index.php\/wp-json\/wp\/v2\/types\/product"}],"replies":[{"embeddable":true,"href":"https:\/\/tecnomerch.com\/index.php\/wp-json\/wp\/v2\/comments?post=5700"}],"version-history":[{"count":2,"href":"https:\/\/tecnomerch.com\/index.php\/wp-json\/wp\/v2\/product\/5700\/revisions"}],"predecessor-version":[{"id":5703,"href":"https:\/\/tecnomerch.com\/index.php\/wp-json\/wp\/v2\/product\/5700\/revisions\/5703"}],"wp:featuredmedia":[{"embeddable":true,"href":"https:\/\/tecnomerch.com\/index.php\/wp-json\/wp\/v2\/media\/5701"}],"wp:attachment":[{"href":"https:\/\/tecnomerch.com\/index.php\/wp-json\/wp\/v2\/media?parent=5700"}],"wp:term":[{"taxonomy":"product_cat","embeddable":true,"href":"https:\/\/tecnomerch.com\/index.php\/wp-json\/wp\/v2\/product_cat?post=5700"},{"taxonomy":"product_tag","embeddable":true,"href":"https:\/\/tecnomerch.com\/index.php\/wp-json\/wp\/v2\/product_tag?post=5700"}],"curies":[{"name":"wp","href":"https:\/\/api.w.org\/{rel}","templated":true}]}}