{"id":5685,"date":"2023-12-02T06:13:46","date_gmt":"2023-12-02T06:13:46","guid":{"rendered":"https:\/\/tecnomerch.com\/?post_type=product&#038;p=5685"},"modified":"2023-12-02T06:13:46","modified_gmt":"2023-12-02T06:13:46","slug":"audifonos-in-ear-molvu-k2-bt-negro","status":"publish","type":"product","link":"https:\/\/tecnomerch.com\/index.php\/product\/audifonos-in-ear-molvu-k2-bt-negro\/","title":{"rendered":"Aud\u00edfonos In-Ear Molvu K2 BT Negro"},"content":{"rendered":"<p class=\"lead\"><span><b>CARACTERISTICAS<\/b><\/span><\/p>\n<ul>\n<li>\n<p class=\"lead\"><span>Emparejamiento f\u00e1cil gracias a su conexi\u00f3n Bluetooth 5.1, abres la c\u00e1psula y <\/span>\u00a0\u00a0\u00a0\u00a0<span>conectan.<\/span><\/p>\n<\/li>\n<\/ul>\n<ul>\n<li>\n<p class=\"lead\"><span>Livianos, compactos y f\u00e1ciles de llevar a todos lados.<\/span><\/p>\n<\/li>\n<\/ul>\n<ul>\n<li>\n<p class=\"lead\"><span>Micr\u00f3fonos en cada auricular, para llamadas telef\u00f3nicas claras y <\/span><span>profesionales.<\/span><\/p>\n<\/li>\n<\/ul>\n<ul>\n<li>\n<p class=\"lead\"><span>No usan almohadillas.<\/span><\/p>\n<\/li>\n<\/ul>\n<ul>\n<li>\n<p class=\"lead\"><span>Puedes usar solo 1 K2.<\/span><\/p>\n<\/li>\n<\/ul>\n<ul>\n<li>\n<p class=\"lead\"><span>10mts de distancia entre tu celular y los K2.<\/span><\/p>\n<\/li>\n<\/ul>\n<ul>\n<li>\n<p class=\"lead\"><span>5 hrs de m\u00fasica \/ 3hrs de llamadas \/ hasta 12hrs con c\u00e1psula.<\/span><\/p>\n<\/li>\n<\/ul>\n<ul>\n<li>\n<p class=\"lead\">\u00a0Procesador Jieli 6973D4<\/p>\n<\/li>\n<\/ul>\n<ul>\n<li>\n<p class=\"lead\">Micr\u00f3fono en cada auricular<\/p>\n<\/li>\n<\/ul>\n<ul>\n<li>\n<p class=\"lead\">Rango de frecuencia: 20Hz &#8211; 10KHz<\/p>\n<\/li>\n<\/ul>\n","protected":false},"excerpt":{"rendered":"<p>&#8211; Auriculares deportivos y para uso diario<br \/>\n&#8211; Versi\u00f3n BT 5.1<br \/>\n&#8211; Distancia de funcionamiento: 10 m<br \/>\n&#8211; Ciclos del estuche de carga: hasta 4<br \/>\n&#8211; Estuche de carga puerto: USB-C<br \/>\n&#8211; 5 hrs de m\u00fasica \/ 3hrs de llamadas \/ hasta 12hrs con estuche de carga<br \/>\n&#8211; Control t\u00e1ctil integrado para reproducci\u00f3n de m\u00fasica y llamadas<br \/>\n&#8211; Bater\u00eda de pol\u00edmero de litio<br \/>\n&#8211; Micr\u00f3fono en cada auricular<\/p>\n","protected":false},"featured_media":5686,"comment_status":"open","ping_status":"closed","template":"","meta":{"om_disable_all_campaigns":false,"_mi_skip_tracking":false,"site-sidebar-layout":"default","site-content-layout":"default","ast-global-header-display":"","ast-main-header-display":"","ast-hfb-above-header-display":"","ast-hfb-below-header-display":"","ast-hfb-mobile-header-display":"","site-post-title":"","ast-breadcrumbs-content":"","ast-featured-img":"","footer-sml-layout":"","theme-transparent-header-meta":"default","adv-header-id-meta":"","stick-header-meta":"","header-above-stick-meta":"","header-main-stick-meta":"","header-below-stick-meta":""},"product_cat":[69],"product_tag":[],"class_list":["post-5685","product","type-product","status-publish","has-post-thumbnail","hentry","product_cat-audifonos-headsets","desktop-align-left","tablet-align-left","mobile-align-left"],"aioseo_notices":[],"_links":{"self":[{"href":"https:\/\/tecnomerch.com\/index.php\/wp-json\/wp\/v2\/product\/5685","targetHints":{"allow":["GET"]}}],"collection":[{"href":"https:\/\/tecnomerch.com\/index.php\/wp-json\/wp\/v2\/product"}],"about":[{"href":"https:\/\/tecnomerch.com\/index.php\/wp-json\/wp\/v2\/types\/product"}],"replies":[{"embeddable":true,"href":"https:\/\/tecnomerch.com\/index.php\/wp-json\/wp\/v2\/comments?post=5685"}],"version-history":[{"count":1,"href":"https:\/\/tecnomerch.com\/index.php\/wp-json\/wp\/v2\/product\/5685\/revisions"}],"predecessor-version":[{"id":5687,"href":"https:\/\/tecnomerch.com\/index.php\/wp-json\/wp\/v2\/product\/5685\/revisions\/5687"}],"wp:featuredmedia":[{"embeddable":true,"href":"https:\/\/tecnomerch.com\/index.php\/wp-json\/wp\/v2\/media\/5686"}],"wp:attachment":[{"href":"https:\/\/tecnomerch.com\/index.php\/wp-json\/wp\/v2\/media?parent=5685"}],"wp:term":[{"taxonomy":"product_cat","embeddable":true,"href":"https:\/\/tecnomerch.com\/index.php\/wp-json\/wp\/v2\/product_cat?post=5685"},{"taxonomy":"product_tag","embeddable":true,"href":"https:\/\/tecnomerch.com\/index.php\/wp-json\/wp\/v2\/product_tag?post=5685"}],"curies":[{"name":"wp","href":"https:\/\/api.w.org\/{rel}","templated":true}]}}