{"id":5677,"date":"2023-12-02T06:12:06","date_gmt":"2023-12-02T06:12:06","guid":{"rendered":"https:\/\/tecnomerch.com\/?post_type=product&#038;p=5677"},"modified":"2023-12-02T06:12:06","modified_gmt":"2023-12-02T06:12:06","slug":"audifonos-argom-bluetooth-in-ear-skeipods-e55-con-microfono-verde","status":"publish","type":"product","link":"https:\/\/tecnomerch.com\/index.php\/product\/audifonos-argom-bluetooth-in-ear-skeipods-e55-con-microfono-verde\/","title":{"rendered":"Audifonos Argom Bluetooth In-ear SkeiPods E55 con Micr\u00f3fono Verde"},"content":{"rendered":"<p><span>Presentamos nuestros nuevos auriculares est\u00e9reo inal\u00e1mbricos Pro True: SkeiPods E55.\u00a0<\/span><span>Equipado con un chipset de alta gama y la \u00faltima tecnolog\u00eda inal\u00e1mbrica BT.\u00a0<\/span><span>Ahora puede llevar su audio mientras viaja con estos botones de audio de alta definici\u00f3n supremos.\u00a0<\/span><span>Dise\u00f1ado pensando en la movilidad;\u00a0<\/span><span>viene con un elegante estuche de carga que brinda hasta 15 horas adicionales.\u00a0<\/span><span>Esto significa que puede disfrutar de hasta 18 horas de audio mientras viaja.\u00a0<\/span><span>Para colmo, viene con excelentes accesorios como una correa para el cuello, una cubierta protectora de silicona para el estuche de carga y un mosquet\u00f3n.\u00a0<\/span><span>Tecnolog\u00eda de emparejamiento autom\u00e1tico para una configuraci\u00f3n sin problemas y hasta 10 metros de rango operativo inal\u00e1mbrico.\u00a0<\/span><\/p>\n","protected":false},"excerpt":{"rendered":"<p>&#8211; Auriculares TWS BT<br \/>\n&#8211; Resistente al agua IPx4<br \/>\n&#8211; Versi\u00f3n BT 5.3<br \/>\n&#8211; Distancia de funcionamiento: &gt;10 m<br \/>\n&#8211; Ciclos del estuche de carga: hasta 3<br \/>\n&#8211; Estuche de carga puerto: tipo C<br \/>\n&#8211; 3 horas de reproducci\u00f3n + 15 horas adicionales con el estuche de carga<br \/>\n&#8211; Control t\u00e1ctil integrado para reproducci\u00f3n de m\u00fasica y llamadas<br \/>\n&#8211; Funci\u00f3n de manos libres<\/p>\n","protected":false},"featured_media":5678,"comment_status":"open","ping_status":"closed","template":"","meta":{"om_disable_all_campaigns":false,"_mi_skip_tracking":false,"site-sidebar-layout":"default","site-content-layout":"default","ast-global-header-display":"","ast-main-header-display":"","ast-hfb-above-header-display":"","ast-hfb-below-header-display":"","ast-hfb-mobile-header-display":"","site-post-title":"","ast-breadcrumbs-content":"","ast-featured-img":"","footer-sml-layout":"","theme-transparent-header-meta":"default","adv-header-id-meta":"","stick-header-meta":"","header-above-stick-meta":"","header-main-stick-meta":"","header-below-stick-meta":""},"product_cat":[69],"product_tag":[],"class_list":["post-5677","product","type-product","status-publish","has-post-thumbnail","hentry","product_cat-audifonos-headsets","desktop-align-left","tablet-align-left","mobile-align-left"],"aioseo_notices":[],"_links":{"self":[{"href":"https:\/\/tecnomerch.com\/index.php\/wp-json\/wp\/v2\/product\/5677","targetHints":{"allow":["GET"]}}],"collection":[{"href":"https:\/\/tecnomerch.com\/index.php\/wp-json\/wp\/v2\/product"}],"about":[{"href":"https:\/\/tecnomerch.com\/index.php\/wp-json\/wp\/v2\/types\/product"}],"replies":[{"embeddable":true,"href":"https:\/\/tecnomerch.com\/index.php\/wp-json\/wp\/v2\/comments?post=5677"}],"version-history":[{"count":2,"href":"https:\/\/tecnomerch.com\/index.php\/wp-json\/wp\/v2\/product\/5677\/revisions"}],"predecessor-version":[{"id":5680,"href":"https:\/\/tecnomerch.com\/index.php\/wp-json\/wp\/v2\/product\/5677\/revisions\/5680"}],"wp:featuredmedia":[{"embeddable":true,"href":"https:\/\/tecnomerch.com\/index.php\/wp-json\/wp\/v2\/media\/5678"}],"wp:attachment":[{"href":"https:\/\/tecnomerch.com\/index.php\/wp-json\/wp\/v2\/media?parent=5677"}],"wp:term":[{"taxonomy":"product_cat","embeddable":true,"href":"https:\/\/tecnomerch.com\/index.php\/wp-json\/wp\/v2\/product_cat?post=5677"},{"taxonomy":"product_tag","embeddable":true,"href":"https:\/\/tecnomerch.com\/index.php\/wp-json\/wp\/v2\/product_tag?post=5677"}],"curies":[{"name":"wp","href":"https:\/\/api.w.org\/{rel}","templated":true}]}}